{"id":11047,"date":"2023-06-12T13:34:59","date_gmt":"2023-06-12T12:34:59","guid":{"rendered":"https:\/\/meeplendice.net\/?page_id=11047"},"modified":"2025-11-30T13:02:05","modified_gmt":"2025-11-30T11:02:05","slug":"unmatched-houdini-vs-le-genie","status":"publish","type":"page","link":"https:\/\/meeplendice.net\/?page_id=11047","title":{"rendered":"Unmatched : Houdini vs Le G\u00e9nie"},"content":{"rendered":"<div id=\"pl-11047\"  class=\"panel-layout\" ><div id=\"pg-11047-0\"  class=\"panel-grid panel-no-style\" ><div id=\"pgc-11047-0-0\"  class=\"panel-grid-cell\" ><div id=\"panel-11047-0-0-0\" class=\"so-panel widget widget_sow-editor panel-first-child panel-last-child\" data-index=\"0\" ><div\n\t\t\t\n\t\t\tclass=\"so-widget-sow-editor so-widget-sow-editor-base\"\n\t\t\t\n\t\t>\n<div class=\"siteorigin-widget-tinymce textwidget\">\n\t<p style=\"text-align: center;\"><strong>Nombre de joueurs :<\/strong><br \/>\n2 - 2<\/p>\n<\/div>\n<\/div><\/div><\/div><div id=\"pgc-11047-0-1\"  class=\"panel-grid-cell\" ><div id=\"panel-11047-0-1-0\" class=\"so-panel widget widget_sow-editor panel-first-child panel-last-child\" data-index=\"1\" ><div\n\t\t\t\n\t\t\tclass=\"so-widget-sow-editor so-widget-sow-editor-base\"\n\t\t\t\n\t\t>\n<div class=\"siteorigin-widget-tinymce textwidget\">\n\t<p style=\"text-align: center;\"><strong>Auteur(s) :<br \/>\n<\/strong><span class=\"data-siloing\" title=\"D\u00e9couvrez tous ces jeux\" data-siloing=\"https:\/\/www.philibertnet.com\/fr\/recherche?feature=31&amp;feature_value=Brian Neff\">Brian Neff<\/span><br \/>\n<span class=\"data-siloing\" title=\"Voir tous les jeux\" data-siloing=\"https:\/\/www.philibertnet.com\/fr\/recherche?feature=31&amp;feature_value=Rob Daviau\">Rob Daviau<br \/>\n<\/span><span class=\"data-siloing\" title=\"Voir tous les jeux\" data-siloing=\"https:\/\/www.philibertnet.com\/fr\/recherche?feature=31&amp;feature_value=Noah Cohen\">Noah Cohen<br \/>\n<\/span><span class=\"data-siloing\" title=\"Voir tous les jeux\" data-siloing=\"https:\/\/www.philibertnet.com\/fr\/recherche?feature=31&amp;feature_value=Justin D. Jacobson\">Justin D. Jacobson<\/span><\/p>\n<\/div>\n<\/div><\/div><\/div><div id=\"pgc-11047-0-2\"  class=\"panel-grid-cell\" ><div id=\"panel-11047-0-2-0\" class=\"so-panel widget widget_sow-editor panel-first-child panel-last-child\" data-index=\"2\" ><div\n\t\t\t\n\t\t\tclass=\"so-widget-sow-editor so-widget-sow-editor-base\"\n\t\t\t\n\t\t>\n<div class=\"siteorigin-widget-tinymce textwidget\">\n\t<p style=\"text-align: center;\"><strong>Illustrations :<br \/>\n<\/strong><span class=\"data-siloing\" title=\"D\u00e9couvrez tous ces jeux\" data-siloing=\"https:\/\/www.philibertnet.com\/fr\/recherche?feature=41&amp;feature_value=Jason D. Kingsley\">Jason D. Kingsley<br \/>\n<\/span><span class=\"data-siloing\" title=\"Voir tous les jeux\" data-siloing=\"https:\/\/www.philibertnet.com\/fr\/recherche?feature=41&amp;feature_value=Lindsay Daviau\">Lindsay Daviau<\/span><br \/>\n<span class=\"data-siloing\" title=\"Voir tous les jeux\" data-siloing=\"https:\/\/www.philibertnet.com\/fr\/recherche?feature=41&amp;feature_value=Jason Taylor\">Jason Taylor<br \/>\nIan Reed<br \/>\n<\/span><\/p>\n<\/div>\n<\/div><\/div><\/div><div id=\"pgc-11047-0-3\"  class=\"panel-grid-cell\" ><div id=\"panel-11047-0-3-0\" class=\"so-panel widget widget_sow-editor panel-first-child panel-last-child\" data-index=\"3\" ><div\n\t\t\t\n\t\t\tclass=\"so-widget-sow-editor so-widget-sow-editor-base\"\n\t\t\t\n\t\t>\n<div class=\"siteorigin-widget-tinymce textwidget\">\n\t<p style=\"text-align: center;\"><strong>\u00c9dition :<\/strong><br \/>\nIello<br \/>\n2022<\/p>\n<\/div>\n<\/div><\/div><\/div><div id=\"pgc-11047-0-4\"  class=\"panel-grid-cell\" ><div id=\"panel-11047-0-4-0\" class=\"so-panel widget widget_sow-editor panel-first-child panel-last-child\" data-index=\"4\" ><div\n\t\t\t\n\t\t\tclass=\"so-widget-sow-editor so-widget-sow-editor-base\"\n\t\t\t\n\t\t>\n<div class=\"siteorigin-widget-tinymce textwidget\">\n\t<p style=\"text-align: center;\"><strong>Version :<\/strong><br \/>\nFran\u00e7aise<\/p>\n<\/div>\n<\/div><\/div><\/div><\/div><div id=\"pg-11047-1\"  class=\"panel-grid panel-no-style\" ><div id=\"pgc-11047-1-0\"  class=\"panel-grid-cell\" ><div id=\"panel-11047-1-0-0\" class=\"so-panel widget widget_sow-editor panel-first-child panel-last-child\" data-index=\"5\" ><div\n\t\t\t\n\t\t\tclass=\"so-widget-sow-editor so-widget-sow-editor-base\"\n\t\t\t\n\t\t>\n<div class=\"siteorigin-widget-tinymce textwidget\">\n\t<hr \/>\n<p><em>Unmatched : Houdini VS Le G\u00e9nie<\/em> vous permet d\u2019incarner Houdini ou encore le G\u00e9nie.<\/p>\n<ul>\n<li>Houdini - Acolytes Bess<br \/>\n<em>Assist\u00e9 de la fabuleuse Bess, il vous \u00e9merveillera en cr\u00e9ant cette atmosph\u00e8re propice aux illusions. Ensuite, tout ne sera qu'affaire de d\u00e9tournements et tours de passe-passe. C'est au moment o\u00f9 vous penserez avoir l'avantage que vous d\u00e9couvrirez la v\u00e9rit\u00e9 : cela faisait partie du num\u00e9ro !<\/em><em><br \/>\n<\/em><\/li>\n<\/ul>\n<p>&nbsp;<\/p>\n<ul>\n<li>Le G\u00e9nie<br \/>\n<em>Tout juste lib\u00e9r\u00e9 de la Lampe et fr\u00e9missant d'une col\u00e8re depuis trop longtemps contenue, il n'est plus question de bonnes volont\u00e9s. Prenez garde \u00e0 ce que vous lui demanderez, car \u00e0 la fin, le seul v\u0153u qu'il vous accordera sera la mort.<\/em><\/li>\n<\/ul>\n<\/div>\n<\/div><\/div><\/div><\/div><\/div>","protected":false},"excerpt":{"rendered":"<p>Nombre de joueurs : 2 &#8211; 2 Auteur(s) : Brian Neff Rob Daviau Noah Cohen Justin D. Jacobson Illustrations : Jason D. Kingsley Lindsay Daviau Jason Taylor Ian Reed \u00c9dition : Iello 2022 Version : Fran\u00e7aise Unmatched : Houdini VS Le G\u00e9nie vous permet d\u2019incarner Houdini ou encore le G\u00e9nie. Houdini &#8211; Acolytes Bess Assist\u00e9 de la fabuleuse Bess, il vous \u00e9merveillera en cr\u00e9ant cette atmosph\u00e8re propice aux illusions. Ensuite, tout ne sera qu&rsquo;affaire de d\u00e9tournements et tours de passe-passe. C&rsquo;est au moment o\u00f9 vous penserez avoir l&rsquo;avantage que vous d\u00e9couvrirez la v\u00e9rit\u00e9 : cela faisait partie du num\u00e9ro ! &nbsp; Le G\u00e9nie Tout juste lib\u00e9r\u00e9 de la Lampe et fr\u00e9missant d&rsquo;une col\u00e8re depuis trop longtemps contenue, il n&rsquo;est plus question de bonnes volont\u00e9s. Prenez garde \u00e0 ce que vous lui demanderez, car \u00e0 la fin, le seul v\u0153u qu&rsquo;il vous accordera sera la mort.<\/p>\n","protected":false},"author":2,"featured_media":12910,"parent":12879,"menu_order":3,"comment_status":"closed","ping_status":"closed","template":"","meta":{"footnotes":""},"class_list":["post-11047","page","type-page","status-publish","has-post-thumbnail","hentry"],"acf":[],"rttpg_featured_image_url":{"full":["https:\/\/meeplendice.net\/wp-content\/uploads\/2024\/11\/Unmatched_HouVSGen_ex.png",350,350,false],"landscape":["https:\/\/meeplendice.net\/wp-content\/uploads\/2024\/11\/Unmatched_HouVSGen_ex.png",350,350,false],"portraits":["https:\/\/meeplendice.net\/wp-content\/uploads\/2024\/11\/Unmatched_HouVSGen_ex.png",350,350,false],"thumbnail":["https:\/\/meeplendice.net\/wp-content\/uploads\/2024\/11\/Unmatched_HouVSGen_ex-150x150.png",150,150,true],"medium":["https:\/\/meeplendice.net\/wp-content\/uploads\/2024\/11\/Unmatched_HouVSGen_ex-300x300.png",300,300,true],"large":["https:\/\/meeplendice.net\/wp-content\/uploads\/2024\/11\/Unmatched_HouVSGen_ex.png",350,350,false],"ug_big":["https:\/\/meeplendice.net\/wp-content\/uploads\/2024\/11\/Unmatched_HouVSGen_ex.png",350,350,false],"1536x1536":["https:\/\/meeplendice.net\/wp-content\/uploads\/2024\/11\/Unmatched_HouVSGen_ex.png",350,350,false],"2048x2048":["https:\/\/meeplendice.net\/wp-content\/uploads\/2024\/11\/Unmatched_HouVSGen_ex.png",350,350,false],"ashe-slider-grid-thumbnail":["https:\/\/meeplendice.net\/wp-content\/uploads\/2024\/11\/Unmatched_HouVSGen_ex.png",350,350,false],"ashe-full-thumbnail":["https:\/\/meeplendice.net\/wp-content\/uploads\/2024\/11\/Unmatched_HouVSGen_ex.png",350,350,false],"ashe-grid-thumbnail":["https:\/\/meeplendice.net\/wp-content\/uploads\/2024\/11\/Unmatched_HouVSGen_ex-350x330.png",350,330,true],"ashe-list-thumbnail":["https:\/\/meeplendice.net\/wp-content\/uploads\/2024\/11\/Unmatched_HouVSGen_ex-300x300.png",300,300,true],"ashe-single-navigation":["https:\/\/meeplendice.net\/wp-content\/uploads\/2024\/11\/Unmatched_HouVSGen_ex-75x75.png",75,75,true],"mailpoet_newsletter_max":["https:\/\/meeplendice.net\/wp-content\/uploads\/2024\/11\/Unmatched_HouVSGen_ex.png",350,350,false],"rpwe-thumbnail":["https:\/\/meeplendice.net\/wp-content\/uploads\/2024\/11\/Unmatched_HouVSGen_ex-45x45.png",45,45,true],"sow-carousel-default":["https:\/\/meeplendice.net\/wp-content\/uploads\/2024\/11\/Unmatched_HouVSGen_ex-272x182.png",272,182,true],"rt_custom":["https:\/\/meeplendice.net\/wp-content\/uploads\/2024\/11\/Unmatched_HouVSGen_ex.png",350,350,false]},"rttpg_author":{"display_name":"Karnby","author_link":"https:\/\/meeplendice.net\/?author=2"},"rttpg_comment":0,"rttpg_category":null,"rttpg_excerpt":"Nombre de joueurs : 2 - 2 Auteur(s) : Brian Neff Rob Daviau Noah Cohen Justin D. Jacobson Illustrations : Jason D. Kingsley Lindsay Daviau Jason Taylor Ian Reed \u00c9dition : Iello 2022 Version : Fran\u00e7aise Unmatched : Houdini VS Le G\u00e9nie vous permet d\u2019incarner Houdini ou encore le G\u00e9nie. Houdini - Acolytes Bess Assist\u00e9\u2026","_links":{"self":[{"href":"https:\/\/meeplendice.net\/index.php?rest_route=\/wp\/v2\/pages\/11047","targetHints":{"allow":["GET"]}}],"collection":[{"href":"https:\/\/meeplendice.net\/index.php?rest_route=\/wp\/v2\/pages"}],"about":[{"href":"https:\/\/meeplendice.net\/index.php?rest_route=\/wp\/v2\/types\/page"}],"author":[{"embeddable":true,"href":"https:\/\/meeplendice.net\/index.php?rest_route=\/wp\/v2\/users\/2"}],"replies":[{"embeddable":true,"href":"https:\/\/meeplendice.net\/index.php?rest_route=%2Fwp%2Fv2%2Fcomments&post=11047"}],"version-history":[{"count":4,"href":"https:\/\/meeplendice.net\/index.php?rest_route=\/wp\/v2\/pages\/11047\/revisions"}],"predecessor-version":[{"id":13512,"href":"https:\/\/meeplendice.net\/index.php?rest_route=\/wp\/v2\/pages\/11047\/revisions\/13512"}],"up":[{"embeddable":true,"href":"https:\/\/meeplendice.net\/index.php?rest_route=\/wp\/v2\/pages\/12879"}],"wp:featuredmedia":[{"embeddable":true,"href":"https:\/\/meeplendice.net\/index.php?rest_route=\/wp\/v2\/media\/12910"}],"wp:attachment":[{"href":"https:\/\/meeplendice.net\/index.php?rest_route=%2Fwp%2Fv2%2Fmedia&parent=11047"}],"curies":[{"name":"wp","href":"https:\/\/api.w.org\/{rel}","templated":true}]}}