{"id":11051,"date":"2023-06-12T14:45:21","date_gmt":"2023-06-12T13:45:21","guid":{"rendered":"https:\/\/meeplendice.net\/?page_id=11051"},"modified":"2023-06-12T14:46:38","modified_gmt":"2023-06-12T13:46:38","slug":"twilight-inscription","status":"publish","type":"page","link":"https:\/\/meeplendice.net\/?page_id=11051","title":{"rendered":"Twilight Inscription"},"content":{"rendered":"<div id=\"pl-11051\"  class=\"panel-layout\" ><div id=\"pg-11051-0\"  class=\"panel-grid panel-no-style\" ><div id=\"pgc-11051-0-0\"  class=\"panel-grid-cell\" ><div id=\"panel-11051-0-0-0\" class=\"so-panel widget widget_sow-editor panel-first-child panel-last-child\" data-index=\"0\" ><div\n\t\t\t\n\t\t\tclass=\"so-widget-sow-editor so-widget-sow-editor-base\"\n\t\t\t\n\t\t>\n<div class=\"siteorigin-widget-tinymce textwidget\">\n\t<p style=\"text-align: center;\"><strong>Nombre de joueurs :<\/strong><br \/>\n1 - 8<\/p>\n<\/div>\n<\/div><\/div><\/div><div id=\"pgc-11051-0-1\"  class=\"panel-grid-cell\" ><div id=\"panel-11051-0-1-0\" class=\"so-panel widget widget_sow-editor panel-first-child panel-last-child\" data-index=\"1\" ><div\n\t\t\t\n\t\t\tclass=\"so-widget-sow-editor so-widget-sow-editor-base\"\n\t\t\t\n\t\t>\n<div class=\"siteorigin-widget-tinymce textwidget\">\n\t<p style=\"text-align: center;\"><strong>Dur\u00e9e moyenne :<\/strong><br \/>\n120 min<\/p>\n<\/div>\n<\/div><\/div><\/div><div id=\"pgc-11051-0-2\"  class=\"panel-grid-cell\" ><div id=\"panel-11051-0-2-0\" class=\"so-panel widget widget_sow-editor panel-first-child panel-last-child\" data-index=\"2\" ><div\n\t\t\t\n\t\t\tclass=\"so-widget-sow-editor so-widget-sow-editor-base\"\n\t\t\t\n\t\t>\n<div class=\"siteorigin-widget-tinymce textwidget\">\n\t<p style=\"text-align: center;\"><strong>Age :<\/strong><br \/>\n14 ans et plus<\/p>\n<\/div>\n<\/div><\/div><\/div><\/div><div id=\"pg-11051-1\"  class=\"panel-grid panel-no-style\" ><div id=\"pgc-11051-1-0\"  class=\"panel-grid-cell\" ><div id=\"panel-11051-1-0-0\" class=\"so-panel widget widget_sow-editor panel-first-child panel-last-child\" data-index=\"3\" ><div\n\t\t\t\n\t\t\tclass=\"so-widget-sow-editor so-widget-sow-editor-base\"\n\t\t\t\n\t\t>\n<div class=\"siteorigin-widget-tinymce textwidget\">\n\t<p style=\"text-align: center;\"><strong>Auteur(s) :<br \/>\n<\/strong><span class=\"data-siloing\" title=\"D\u00e9couvrez tous ces jeux\" data-siloing=\"https:\/\/www.philibertnet.com\/fr\/recherche?feature=31&amp;feature_value=Th\u00e9o Riviere\">James Kniffen<\/span><\/p>\n<\/div>\n<\/div><\/div><\/div><div id=\"pgc-11051-1-1\"  class=\"panel-grid-cell\" ><div id=\"panel-11051-1-1-0\" class=\"so-panel widget widget_sow-editor panel-first-child panel-last-child\" data-index=\"4\" ><div\n\t\t\t\n\t\t\tclass=\"so-widget-sow-editor so-widget-sow-editor-base\"\n\t\t\t\n\t\t>\n<div class=\"siteorigin-widget-tinymce textwidget\">\n\t<p style=\"text-align: center;\"><strong>Illustrations :<\/strong><br \/>\n<span class=\"data-siloing\" title=\"D\u00e9couvrez tous ces jeux\" data-siloing=\"https:\/\/www.philibertnet.com\/fr\/recherche?feature=41&amp;feature_value=Anders Fin\u00e9r\">Anders Fin\u00e9r<br \/>\n<\/span><span class=\"data-siloing\" title=\"Voir tous les jeux\" data-siloing=\"https:\/\/www.philibertnet.com\/fr\/recherche?feature=41&amp;feature_value=Stephen Somers\">Stephen Somers<br \/>\n<\/span><span class=\"data-siloing\" title=\"Voir tous les jeux\" data-siloing=\"https:\/\/www.philibertnet.com\/fr\/recherche?feature=41&amp;feature_value=Tomasz Jedruszek\">Tomasz Jedruszek<br \/>\n<\/span><span class=\"data-siloing\" title=\"Voir tous les jeux\" data-siloing=\"https:\/\/www.philibertnet.com\/fr\/recherche?feature=41&amp;feature_value=Alex Kim\">Alex Kim<\/span><\/p>\n<\/div>\n<\/div><\/div><\/div><div id=\"pgc-11051-1-2\"  class=\"panel-grid-cell\" ><div id=\"panel-11051-1-2-0\" class=\"so-panel widget widget_sow-editor panel-first-child panel-last-child\" data-index=\"5\" ><div\n\t\t\t\n\t\t\tclass=\"so-widget-sow-editor so-widget-sow-editor-base\"\n\t\t\t\n\t\t>\n<div class=\"siteorigin-widget-tinymce textwidget\">\n\t<p style=\"text-align: center;\"><strong>\u00c9dition :<\/strong><br \/>\n<span class=\"data-siloing\" data-siloing=\"\n\n                                                            https:\/\/www.philibertnet.com\/fr\/36_fantasy-flight-games\n\n                            \">Fantasy Flight Games<\/span><br \/>\n2022<\/p>\n<\/div>\n<\/div><\/div><\/div><div id=\"pgc-11051-1-3\"  class=\"panel-grid-cell\" ><div id=\"panel-11051-1-3-0\" class=\"so-panel widget widget_sow-editor panel-first-child panel-last-child\" data-index=\"6\" ><div\n\t\t\t\n\t\t\tclass=\"so-widget-sow-editor so-widget-sow-editor-base\"\n\t\t\t\n\t\t>\n<div class=\"siteorigin-widget-tinymce textwidget\">\n\t<p style=\"text-align: center;\"><strong>Version :<\/strong><br \/>\nFran\u00e7aise<\/p>\n<\/div>\n<\/div><\/div><\/div><\/div><div id=\"pg-11051-2\"  class=\"panel-grid panel-no-style\" ><div id=\"pgc-11051-2-0\"  class=\"panel-grid-cell\" ><div id=\"panel-11051-2-0-0\" class=\"so-panel widget widget_sow-editor panel-first-child panel-last-child\" data-index=\"7\" ><div\n\t\t\t\n\t\t\tclass=\"so-widget-sow-editor so-widget-sow-editor-base\"\n\t\t\t\n\t\t>\n<div class=\"siteorigin-widget-tinymce textwidget\">\n\t<hr \/>\n<p><em>L'Empire Lazax a \u00e9t\u00e9 r\u00e9duit en cendres, rejet\u00e9 par ses sujets. Sa chute entra\u00eena des trag\u00e9dies, mais aussi de mesquins conflits, plongeant la galaxie dans une p\u00e9riode de r\u00e9gression et de d\u00e9sespoir g\u00e9n\u00e9ralis\u00e9. Durant les Ann\u00e9es Sombres qui suivirent, les factions de la galaxie se retir\u00e8rent et reprirent leurs forces.<br \/>\nD\u00e9sormais, lorsqu'elles regardent vers les \u00e9toiles, elles y voient une opportunit\u00e9. Une chance de r\u00e9cup\u00e9rer ce qui a \u00e9t\u00e9 perdu. Une chance de red\u00e9finir la civilisation galactique. Une chance de laisser leur marque dans l'histoire.<\/em><\/p>\n<p>Dans <em>Twilight Inscription<\/em>, chaque joueur prend le contr\u00f4le d'une faction majeur de l'univers de <em>Twilight Imperium<\/em> qui cherche \u00e0 s'\u00e9tendre \u00e0 travers la galaxie. Gr\u00e2ce \u00e0 sa sup\u00e9riorit\u00e9 technologique, \u00e0 sa puissance militaire et \u00e0 sa ferveur industrielle, chaque faction compte devenir la force dominante au sein de la galaxie.<\/p>\n<p><em>Twilight Inscription<\/em> est un jeu de roll &amp; write comp\u00e9titif pour 1 \u00e0 8 joueurs. Chacun disposera de fiches sur lesquelles il \u00e9crira avec un feutre effa\u00e7able \u00e0 sec. Tout au long de la partie, les joueurs marquent leurs fiches de diverses mani\u00e8res, dans le but de gagner le plus de points de victoire possible.<br \/>\nLe joueur qui aura accumul\u00e9 le plus de points de victoire \u00e0 la fin de la partie sera le vainqueur !<\/p>\n<\/div>\n<\/div><\/div><\/div><\/div><div id=\"pg-11051-3\"  class=\"panel-grid panel-no-style\" ><div id=\"pgc-11051-3-0\"  class=\"panel-grid-cell\" ><div id=\"panel-11051-3-0-0\" class=\"so-panel widget widget_sow-editor panel-first-child panel-last-child\" data-index=\"8\" ><div\n\t\t\t\n\t\t\tclass=\"so-widget-sow-editor so-widget-sow-editor-base\"\n\t\t\t\n\t\t>\n<div class=\"siteorigin-widget-tinymce textwidget\">\n\t<hr \/>\n<h3 style=\"text-align: center;\">En vid\u00e9o<\/h3>\n<p><a href=\"https:\/\/www.youtube.com\/watch?v=uHshhaqF6qY&amp;ab_channel=Jeuxencarton\" target=\"_blank\" rel=\"noopener\"><img loading=\"lazy\" decoding=\"async\" class=\"alignnone size-full wp-image-9090\" src=\"https:\/\/meeplendice.net\/wp-content\/uploads\/2022\/01\/Link_CJ_v2.png\" alt=\"\" width=\"200\" height=\"170\" \/><\/a><\/p>\n<\/div>\n<\/div><\/div><\/div><\/div><div id=\"pg-11051-4\"  class=\"panel-grid panel-no-style\" ><div id=\"pgc-11051-4-0\"  class=\"panel-grid-cell\" ><div id=\"panel-11051-4-0-0\" class=\"so-panel widget widget_sow-editor panel-first-child panel-last-child\" data-index=\"9\" ><div\n\t\t\t\n\t\t\tclass=\"so-widget-sow-editor so-widget-sow-editor-base\"\n\t\t\t\n\t\t>\n<div class=\"siteorigin-widget-tinymce textwidget\">\n\t<hr \/>\n<h3 style=\"text-align: center;\">Pour aller plus loin<\/h3>\n<\/div>\n<\/div><\/div><\/div><\/div><\/div>","protected":false},"excerpt":{"rendered":"<p>Nombre de joueurs : 1 &#8211; 8 Dur\u00e9e moyenne : 120 min Age : 14 ans et plus Auteur(s) : James Kniffen Illustrations : Anders Fin\u00e9r Stephen Somers Tomasz Jedruszek Alex Kim \u00c9dition : Fantasy Flight Games 2022 Version : Fran\u00e7aise<\/p>\n","protected":false},"author":2,"featured_media":10560,"parent":0,"menu_order":0,"comment_status":"closed","ping_status":"closed","template":"","meta":{"footnotes":""},"class_list":["post-11051","page","type-page","status-publish","has-post-thumbnail","hentry"],"acf":[],"rttpg_featured_image_url":{"full":["https:\/\/meeplendice.net\/wp-content\/uploads\/2023\/01\/Twilight_Inscription.png",350,350,false],"landscape":["https:\/\/meeplendice.net\/wp-content\/uploads\/2023\/01\/Twilight_Inscription.png",350,350,false],"portraits":["https:\/\/meeplendice.net\/wp-content\/uploads\/2023\/01\/Twilight_Inscription.png",350,350,false],"thumbnail":["https:\/\/meeplendice.net\/wp-content\/uploads\/2023\/01\/Twilight_Inscription-150x150.png",150,150,true],"medium":["https:\/\/meeplendice.net\/wp-content\/uploads\/2023\/01\/Twilight_Inscription-300x300.png",300,300,true],"large":["https:\/\/meeplendice.net\/wp-content\/uploads\/2023\/01\/Twilight_Inscription.png",350,350,false],"ug_big":["https:\/\/meeplendice.net\/wp-content\/uploads\/2023\/01\/Twilight_Inscription.png",350,350,false],"1536x1536":["https:\/\/meeplendice.net\/wp-content\/uploads\/2023\/01\/Twilight_Inscription.png",350,350,false],"2048x2048":["https:\/\/meeplendice.net\/wp-content\/uploads\/2023\/01\/Twilight_Inscription.png",350,350,false],"ashe-slider-grid-thumbnail":["https:\/\/meeplendice.net\/wp-content\/uploads\/2023\/01\/Twilight_Inscription.png",350,350,false],"ashe-full-thumbnail":["https:\/\/meeplendice.net\/wp-content\/uploads\/2023\/01\/Twilight_Inscription.png",350,350,false],"ashe-grid-thumbnail":["https:\/\/meeplendice.net\/wp-content\/uploads\/2023\/01\/Twilight_Inscription-350x330.png",350,330,true],"ashe-list-thumbnail":["https:\/\/meeplendice.net\/wp-content\/uploads\/2023\/01\/Twilight_Inscription-300x300.png",300,300,true],"ashe-single-navigation":["https:\/\/meeplendice.net\/wp-content\/uploads\/2023\/01\/Twilight_Inscription-75x75.png",75,75,true],"mailpoet_newsletter_max":["https:\/\/meeplendice.net\/wp-content\/uploads\/2023\/01\/Twilight_Inscription.png",350,350,false],"rpwe-thumbnail":["https:\/\/meeplendice.net\/wp-content\/uploads\/2023\/01\/Twilight_Inscription-45x45.png",45,45,true],"sow-carousel-default":["https:\/\/meeplendice.net\/wp-content\/uploads\/2023\/01\/Twilight_Inscription-272x182.png",272,182,true],"rt_custom":["https:\/\/meeplendice.net\/wp-content\/uploads\/2023\/01\/Twilight_Inscription.png",350,350,false]},"rttpg_author":{"display_name":"Karnby","author_link":"https:\/\/meeplendice.net\/?author=2"},"rttpg_comment":0,"rttpg_category":null,"rttpg_excerpt":"Nombre de joueurs : 1 - 8 Dur\u00e9e moyenne : 120 min Age : 14 ans et plus Auteur(s) : James Kniffen Illustrations : Anders Fin\u00e9r Stephen Somers Tomasz Jedruszek Alex Kim \u00c9dition : Fantasy Flight Games 2022 Version : Fran\u00e7aise","_links":{"self":[{"href":"https:\/\/meeplendice.net\/index.php?rest_route=\/wp\/v2\/pages\/11051","targetHints":{"allow":["GET"]}}],"collection":[{"href":"https:\/\/meeplendice.net\/index.php?rest_route=\/wp\/v2\/pages"}],"about":[{"href":"https:\/\/meeplendice.net\/index.php?rest_route=\/wp\/v2\/types\/page"}],"author":[{"embeddable":true,"href":"https:\/\/meeplendice.net\/index.php?rest_route=\/wp\/v2\/users\/2"}],"replies":[{"embeddable":true,"href":"https:\/\/meeplendice.net\/index.php?rest_route=%2Fwp%2Fv2%2Fcomments&post=11051"}],"version-history":[{"count":2,"href":"https:\/\/meeplendice.net\/index.php?rest_route=\/wp\/v2\/pages\/11051\/revisions"}],"predecessor-version":[{"id":11053,"href":"https:\/\/meeplendice.net\/index.php?rest_route=\/wp\/v2\/pages\/11051\/revisions\/11053"}],"wp:featuredmedia":[{"embeddable":true,"href":"https:\/\/meeplendice.net\/index.php?rest_route=\/wp\/v2\/media\/10560"}],"wp:attachment":[{"href":"https:\/\/meeplendice.net\/index.php?rest_route=%2Fwp%2Fv2%2Fmedia&parent=11051"}],"curies":[{"name":"wp","href":"https:\/\/api.w.org\/{rel}","templated":true}]}}