{"id":11055,"date":"2023-06-13T09:03:20","date_gmt":"2023-06-13T08:03:20","guid":{"rendered":"https:\/\/meeplendice.net\/?page_id=11055"},"modified":"2023-06-13T09:23:15","modified_gmt":"2023-06-13T08:23:15","slug":"sub-terra-ii","status":"publish","type":"page","link":"https:\/\/meeplendice.net\/?page_id=11055","title":{"rendered":"Sub Terra II : Au bord de l&rsquo;enfer"},"content":{"rendered":"<div id=\"pl-11055\"  class=\"panel-layout\" ><div id=\"pg-11055-0\"  class=\"panel-grid panel-no-style\" ><div id=\"pgc-11055-0-0\"  class=\"panel-grid-cell\" ><div id=\"panel-11055-0-0-0\" class=\"so-panel widget widget_sow-editor panel-first-child panel-last-child\" data-index=\"0\" ><div\n\t\t\t\n\t\t\tclass=\"so-widget-sow-editor so-widget-sow-editor-base\"\n\t\t\t\n\t\t>\n<div class=\"siteorigin-widget-tinymce textwidget\">\n\t<p style=\"text-align: center;\"><strong>Nombre de joueurs :<\/strong><br \/>\n1 - 6<\/p>\n<\/div>\n<\/div><\/div><\/div><div id=\"pgc-11055-0-1\"  class=\"panel-grid-cell\" ><div id=\"panel-11055-0-1-0\" class=\"so-panel widget widget_sow-editor panel-first-child panel-last-child\" data-index=\"1\" ><div\n\t\t\t\n\t\t\tclass=\"so-widget-sow-editor so-widget-sow-editor-base\"\n\t\t\t\n\t\t>\n<div class=\"siteorigin-widget-tinymce textwidget\">\n\t<p style=\"text-align: center;\"><strong>Dur\u00e9e moyenne :<\/strong><br \/>\n60 min<\/p>\n<\/div>\n<\/div><\/div><\/div><div id=\"pgc-11055-0-2\"  class=\"panel-grid-cell\" ><div id=\"panel-11055-0-2-0\" class=\"so-panel widget widget_sow-editor panel-first-child panel-last-child\" data-index=\"2\" ><div\n\t\t\t\n\t\t\tclass=\"so-widget-sow-editor so-widget-sow-editor-base\"\n\t\t\t\n\t\t>\n<div class=\"siteorigin-widget-tinymce textwidget\">\n\t<p style=\"text-align: center;\"><strong>Age :<\/strong><br \/>\n14 ans et plus<\/p>\n<\/div>\n<\/div><\/div><\/div><\/div><div id=\"pg-11055-1\"  class=\"panel-grid panel-no-style\" ><div id=\"pgc-11055-1-0\"  class=\"panel-grid-cell\" ><div id=\"panel-11055-1-0-0\" class=\"so-panel widget widget_sow-editor panel-first-child panel-last-child\" data-index=\"3\" ><div\n\t\t\t\n\t\t\tclass=\"so-widget-sow-editor so-widget-sow-editor-base\"\n\t\t\t\n\t\t>\n<div class=\"siteorigin-widget-tinymce textwidget\">\n\t<p style=\"text-align: center;\"><strong>Auteur(s) :<br \/>\n<\/strong>Tim Pinder<\/p>\n<\/div>\n<\/div><\/div><\/div><div id=\"pgc-11055-1-1\"  class=\"panel-grid-cell\" ><div id=\"panel-11055-1-1-0\" class=\"so-panel widget widget_sow-editor panel-first-child panel-last-child\" data-index=\"4\" ><div\n\t\t\t\n\t\t\tclass=\"so-widget-sow-editor so-widget-sow-editor-base\"\n\t\t\t\n\t\t>\n<div class=\"siteorigin-widget-tinymce textwidget\">\n\t<p style=\"text-align: center;\"><strong>Illustrations :<\/strong><br \/>\nDiana Franco Campos<\/p>\n<\/div>\n<\/div><\/div><\/div><div id=\"pgc-11055-1-2\"  class=\"panel-grid-cell\" ><div id=\"panel-11055-1-2-0\" class=\"so-panel widget widget_sow-editor panel-first-child panel-last-child\" data-index=\"5\" ><div\n\t\t\t\n\t\t\tclass=\"so-widget-sow-editor so-widget-sow-editor-base\"\n\t\t\t\n\t\t>\n<div class=\"siteorigin-widget-tinymce textwidget\">\n\t<p style=\"text-align: center;\"><strong>\u00c9dition :<\/strong><br \/>\nNuts! Publishing<br \/>\n2021<\/p>\n<\/div>\n<\/div><\/div><\/div><div id=\"pgc-11055-1-3\"  class=\"panel-grid-cell\" ><div id=\"panel-11055-1-3-0\" class=\"so-panel widget widget_sow-editor panel-first-child panel-last-child\" data-index=\"6\" ><div\n\t\t\t\n\t\t\tclass=\"so-widget-sow-editor so-widget-sow-editor-base\"\n\t\t\t\n\t\t>\n<div class=\"siteorigin-widget-tinymce textwidget\">\n\t<p style=\"text-align: center;\"><strong>Version :<\/strong><br \/>\nFran\u00e7aise<\/p>\n<\/div>\n<\/div><\/div><\/div><\/div><div id=\"pg-11055-2\"  class=\"panel-grid panel-no-style\" ><div id=\"pgc-11055-2-0\"  class=\"panel-grid-cell\" ><div id=\"panel-11055-2-0-0\" class=\"so-panel widget widget_sow-editor panel-first-child panel-last-child\" data-index=\"7\" ><div\n\t\t\t\n\t\t\tclass=\"so-widget-sow-editor so-widget-sow-editor-base\"\n\t\t\t\n\t\t>\n<div class=\"siteorigin-widget-tinymce textwidget\">\n\t<hr \/>\n<p><em>Sub Terra II : Au bord de l'enfer<\/em> est un jeu d'aventure coop\u00e9ratif. Seul, ou accompagn\u00e9 de 5 amis au maximum, explorez le tempe situ\u00e9 au c\u0153ur d'un volcan en d\u00e9couvrant peu \u00e0 peu ses tuiles, dans le but d'en voler le l\u00e9gendaire artefact. Pour y parvenir, vous devez trouver le chemin qui m\u00e8ne au sanctuaire, r\u00e9v\u00e9ler ses secrets et r\u00e9ussir \u00e0 vous \u00e9chapper en rebroussant chemin.<\/p>\n<p>Le danger est omnipr\u00e9sent. Vous devez \u0153uvrer en \u00e9quipe pour \u00e9viter les pi\u00e8ges mortels, braver la lave en fusion et d\u00e9faire les myst\u00e9rieux gardiens du temple. Restez group\u00e9s pour mettre vos comp\u00e9tences en commun ou s\u00e9parez-vous pour couvrir plus de terrain.<\/p>\n<p>Mais prenez garde ! Le volcan s'\u00e9veille et le temps commence \u00e0 vous manquer !<\/p>\n<\/div>\n<\/div><\/div><\/div><\/div><div id=\"pg-11055-3\"  class=\"panel-grid panel-no-style\" ><div id=\"pgc-11055-3-0\"  class=\"panel-grid-cell\" ><div id=\"panel-11055-3-0-0\" class=\"so-panel widget widget_sow-editor panel-first-child panel-last-child\" data-index=\"8\" ><div\n\t\t\t\n\t\t\tclass=\"so-widget-sow-editor so-widget-sow-editor-base\"\n\t\t\t\n\t\t>\n<div class=\"siteorigin-widget-tinymce textwidget\">\n\t<hr \/>\n<h3 style=\"text-align: center;\">En vid\u00e9o<\/h3>\n<p><a href=\"https:\/\/www.youtube.com\/watch?v=-psB1C3Pcew&amp;ab_channel=TUJOUESOUQUOI%21%21%21\" target=\"_blank\" rel=\"noopener\"><img loading=\"lazy\" decoding=\"async\" class=\"alignnone size-full wp-image-9090\" src=\"https:\/\/meeplendice.net\/wp-content\/uploads\/2022\/01\/Link_CJ_v2.png\" alt=\"\" width=\"200\" height=\"170\" \/><\/a><\/p>\n<\/div>\n<\/div><\/div><\/div><\/div><div id=\"pg-11055-4\"  class=\"panel-grid panel-no-style\" ><div id=\"pgc-11055-4-0\"  class=\"panel-grid-cell\" ><div id=\"panel-11055-4-0-0\" class=\"so-panel widget widget_sow-editor panel-first-child panel-last-child\" data-index=\"9\" ><div\n\t\t\t\n\t\t\tclass=\"so-widget-sow-editor so-widget-sow-editor-base\"\n\t\t\t\n\t\t>\n<div class=\"siteorigin-widget-tinymce textwidget\">\n\t<hr \/>\n<h3 style=\"text-align: center;\">Extension(s)<\/h3>\n<p>&nbsp;<\/p>\n<style type='text\/css' media='all'>#rt-tpg-container-3230066695 .read-more a{border-radius:px;}#rt-tpg-container-3230066695 .rt-img-holder img.rt-img-responsive,#rt-tpg-container-3230066695 .rt-img-holder,\n\t\t\t\t\t#rt-tpg-container-3230066695 .rt-post-overlay .post-img,\n\t\t\t\t\t#rt-tpg-container-3230066695 .post-sm .post-img,\n\t\t\t\t\t#rt-tpg-container-3230066695 .rt-post-grid .post-img,\n\t\t\t\t\t#rt-tpg-container-3230066695 .post-img img {border-radius:px;}#rt-tpg-container-3230066695 .layout9 .rt-holder h2.entry-title,\n\t\t\t\t\t#rt-tpg-container-3230066695 .layout9 .rt-holder h3.entry-title,\n\t\t\t\t\t#rt-tpg-container-3230066695 .layout9 .rt-holder h4.entry-title,\n\t\t\t\t\t#rt-tpg-container-3230066695 .layout9 .rt-holder h2.entry-title a,\n\t\t\t\t\t#rt-tpg-container-3230066695 .layout9 .rt-holder h3.entry-title a,\n\t\t\t\t\t#rt-tpg-container-3230066695 .layout9 .rt-holder h4.entry-title a,\n\t\t\t\t\t#rt-tpg-container-3230066695 .rt-holder .rt-woo-info h2 a,\n\t\t\t\t\t#rt-tpg-container-3230066695 .rt-holder .rt-woo-info h3 a,\n\t\t\t\t\t#rt-tpg-container-3230066695 .rt-holder .rt-woo-info h4 a,\n\t\t\t\t\t#rt-tpg-container-3230066695 .post-content .post-title,\n\t\t\t\t\t#rt-tpg-container-3230066695 .rt-post-grid .post-title,\n\t\t\t\t\t#rt-tpg-container-3230066695 .rt-post-grid .post-title a,\n\t\t\t\t\t#rt-tpg-container-3230066695 .post-content .post-title a,\n\t\t\t\t\t#rt-tpg-container-3230066695 .rt-holder .rt-woo-info h2,\n\t\t\t\t\t#rt-tpg-container-3230066695 .rt-holder .rt-woo-info h3,\n\t\t\t\t\t#rt-tpg-container-3230066695 .rt-holder .rt-woo-info h4{font-size:16px;line-height:26px;font-weight:normal;text-align:center;}#rt-tpg-container-3230066695 .post-grid-lg-style-1 .post-title,\n\t\t\t\t\t\t#rt-tpg-container-3230066695 .post-grid-lg-style-1 .post-title a,\n\t\t\t\t\t\t#rt-tpg-container-3230066695 .big-layout .post-title,\n\t\t\t\t\t\t#rt-tpg-container-3230066695 .big-layout .post-title a,\n\t\t\t\t\t\t#rt-tpg-container-3230066695 .post-grid-lg-style-1 .post-title,\n\t\t\t\t\t\t#rt-tpg-container-3230066695 .post-grid-lg-style-1 .post-title a {font-size:24px;line-height:34px;}<\/style><div class='rt-container-fluid rt-tpg-container tpg-shortcode-main-wrapper ' id='rt-tpg-container-3230066695'   data-layout='layout9' data-grid-style='even' data-desktop-col='3'  data-tab-col='2'  data-mobile-col='1' data-sc-id='11063'><div data-title='Loading ...' class='rt-row rt-content-loader   layout9 tpg-even '><div class=\"rt-col-md-4 rt-col-sm-6 rt-col-xs-12 even-grid-item rt-grid-item img_zoom_in\" data-id=\"11061\"><div class=\"rt-holder\"><div class='overlay'><a data-id='11061' class=' tpg-single-popup' href='https:\/\/meeplendice.net\/?page_id=11061'><img loading=\"lazy\" decoding=\"async\" width=\"350\" height=\"350\" src=\"https:\/\/meeplendice.net\/wp-content\/uploads\/2023\/06\/Subterra2_Arima_ext.png\" class=\"rt-img-responsive \" alt=\"\" \/><\/a><\/div><div class='post-info'><h2 class=\"entry-title\"><a data-id=\"11061\" class=\" tpg-single-popup\" href=\"https:\/\/meeplendice.net\/?page_id=11061\">La Lumi\u00e8re d\u2019Arima<\/a><\/h2><div class='post-meta-user '><\/div><\/div><\/div><\/div><div class=\"rt-col-md-4 rt-col-sm-6 rt-col-xs-12 even-grid-item rt-grid-item img_zoom_in\" data-id=\"11066\"><div class=\"rt-holder\"><div class='overlay'><a data-id='11066' class=' tpg-single-popup' href='https:\/\/meeplendice.net\/?page_id=11066'><img loading=\"lazy\" decoding=\"async\" width=\"350\" height=\"350\" src=\"https:\/\/meeplendice.net\/wp-content\/uploads\/2023\/06\/Subterra2_Arima_fig.png\" class=\"rt-img-responsive \" alt=\"\" \/><\/a><\/div><div class='post-info'><h2 class=\"entry-title\"><a data-id=\"11066\" class=\" tpg-single-popup\" href=\"https:\/\/meeplendice.net\/?page_id=11066\">La Lumi\u00e8re d\u2019Arima &#8211; Pack de figurines<\/a><\/h2><div class='post-meta-user '><\/div><\/div><\/div><\/div><div class=\"rt-col-md-4 rt-col-sm-6 rt-col-xs-12 even-grid-item rt-grid-item img_zoom_in\" data-id=\"11069\"><div class=\"rt-holder\"><div class='overlay'><a data-id='11069' class=' tpg-single-popup' href='https:\/\/meeplendice.net\/?page_id=11069'><img loading=\"lazy\" decoding=\"async\" width=\"350\" height=\"350\" src=\"https:\/\/meeplendice.net\/wp-content\/uploads\/2023\/06\/Subterra2_Typhaon_ext.png\" class=\"rt-img-responsive \" alt=\"\" \/><\/a><\/div><div class='post-info'><h2 class=\"entry-title\"><a data-id=\"11069\" class=\" tpg-single-popup\" href=\"https:\/\/meeplendice.net\/?page_id=11069\">L\u2019\u00e9veil de Typhaon<\/a><\/h2><div class='post-meta-user '><\/div><\/div><\/div><\/div><\/div><div class='rt-pagination-wrap' data-total-pages='2' data-posts-per-page='3' data-type='pagination_ajax'  ><div class='rt-page-numbers'><\/div><\/div><\/div>\n<\/div>\n<\/div><\/div><\/div><\/div><div id=\"pg-11055-5\"  class=\"panel-grid panel-no-style\" ><div id=\"pgc-11055-5-0\"  class=\"panel-grid-cell\" ><div id=\"panel-11055-5-0-0\" class=\"so-panel widget widget_sow-editor panel-first-child panel-last-child\" data-index=\"10\" ><div\n\t\t\t\n\t\t\tclass=\"so-widget-sow-editor so-widget-sow-editor-base\"\n\t\t\t\n\t\t>\n<div class=\"siteorigin-widget-tinymce textwidget\">\n\t<hr \/>\n<h3 style=\"text-align: center;\">Pour aller plus loin<\/h3>\n<\/div>\n<\/div><\/div><\/div><\/div><\/div>","protected":false},"excerpt":{"rendered":"<p>Nombre de joueurs : 1 &#8211; 6 Dur\u00e9e moyenne : 60 min Age : 14 ans et plus Auteur(s) : Tim Pinder Illustrations : Diana Franco Campos \u00c9dition : Nuts! Publishing 2021 Version : Fran\u00e7aise<\/p>\n","protected":false},"author":2,"featured_media":10840,"parent":0,"menu_order":0,"comment_status":"closed","ping_status":"closed","template":"","meta":{"footnotes":""},"class_list":["post-11055","page","type-page","status-publish","has-post-thumbnail","hentry"],"acf":[],"rttpg_featured_image_url":{"full":["https:\/\/meeplendice.net\/wp-content\/uploads\/2023\/06\/Subterra2.png",350,350,false],"landscape":["https:\/\/meeplendice.net\/wp-content\/uploads\/2023\/06\/Subterra2.png",350,350,false],"portraits":["https:\/\/meeplendice.net\/wp-content\/uploads\/2023\/06\/Subterra2.png",350,350,false],"thumbnail":["https:\/\/meeplendice.net\/wp-content\/uploads\/2023\/06\/Subterra2-150x150.png",150,150,true],"medium":["https:\/\/meeplendice.net\/wp-content\/uploads\/2023\/06\/Subterra2-300x300.png",300,300,true],"large":["https:\/\/meeplendice.net\/wp-content\/uploads\/2023\/06\/Subterra2.png",350,350,false],"ug_big":["https:\/\/meeplendice.net\/wp-content\/uploads\/2023\/06\/Subterra2.png",350,350,false],"1536x1536":["https:\/\/meeplendice.net\/wp-content\/uploads\/2023\/06\/Subterra2.png",350,350,false],"2048x2048":["https:\/\/meeplendice.net\/wp-content\/uploads\/2023\/06\/Subterra2.png",350,350,false],"ashe-slider-grid-thumbnail":["https:\/\/meeplendice.net\/wp-content\/uploads\/2023\/06\/Subterra2.png",350,350,false],"ashe-full-thumbnail":["https:\/\/meeplendice.net\/wp-content\/uploads\/2023\/06\/Subterra2.png",350,350,false],"ashe-grid-thumbnail":["https:\/\/meeplendice.net\/wp-content\/uploads\/2023\/06\/Subterra2-350x330.png",350,330,true],"ashe-list-thumbnail":["https:\/\/meeplendice.net\/wp-content\/uploads\/2023\/06\/Subterra2-300x300.png",300,300,true],"ashe-single-navigation":["https:\/\/meeplendice.net\/wp-content\/uploads\/2023\/06\/Subterra2-75x75.png",75,75,true],"mailpoet_newsletter_max":["https:\/\/meeplendice.net\/wp-content\/uploads\/2023\/06\/Subterra2.png",350,350,false],"rpwe-thumbnail":["https:\/\/meeplendice.net\/wp-content\/uploads\/2023\/06\/Subterra2-45x45.png",45,45,true],"sow-carousel-default":["https:\/\/meeplendice.net\/wp-content\/uploads\/2023\/06\/Subterra2-272x182.png",272,182,true],"rt_custom":["https:\/\/meeplendice.net\/wp-content\/uploads\/2023\/06\/Subterra2.png",350,350,false]},"rttpg_author":{"display_name":"Karnby","author_link":"https:\/\/meeplendice.net\/?author=2"},"rttpg_comment":0,"rttpg_category":null,"rttpg_excerpt":"Nombre de joueurs : 1 - 6 Dur\u00e9e moyenne : 60 min Age : 14 ans et plus Auteur(s) : Tim Pinder Illustrations : Diana Franco Campos \u00c9dition : Nuts! Publishing 2021 Version : Fran\u00e7aise","_links":{"self":[{"href":"https:\/\/meeplendice.net\/index.php?rest_route=\/wp\/v2\/pages\/11055","targetHints":{"allow":["GET"]}}],"collection":[{"href":"https:\/\/meeplendice.net\/index.php?rest_route=\/wp\/v2\/pages"}],"about":[{"href":"https:\/\/meeplendice.net\/index.php?rest_route=\/wp\/v2\/types\/page"}],"author":[{"embeddable":true,"href":"https:\/\/meeplendice.net\/index.php?rest_route=\/wp\/v2\/users\/2"}],"replies":[{"embeddable":true,"href":"https:\/\/meeplendice.net\/index.php?rest_route=%2Fwp%2Fv2%2Fcomments&post=11055"}],"version-history":[{"count":6,"href":"https:\/\/meeplendice.net\/index.php?rest_route=\/wp\/v2\/pages\/11055\/revisions"}],"predecessor-version":[{"id":11057,"href":"https:\/\/meeplendice.net\/index.php?rest_route=\/wp\/v2\/pages\/11055\/revisions\/11057"}],"wp:featuredmedia":[{"embeddable":true,"href":"https:\/\/meeplendice.net\/index.php?rest_route=\/wp\/v2\/media\/10840"}],"wp:attachment":[{"href":"https:\/\/meeplendice.net\/index.php?rest_route=%2Fwp%2Fv2%2Fmedia&parent=11055"}],"curies":[{"name":"wp","href":"https:\/\/api.w.org\/{rel}","templated":true}]}}