{"id":11061,"date":"2023-06-13T09:21:24","date_gmt":"2023-06-13T08:21:24","guid":{"rendered":"https:\/\/meeplendice.net\/?page_id=11061"},"modified":"2023-06-13T09:22:42","modified_gmt":"2023-06-13T08:22:42","slug":"la-lumiere-darima","status":"publish","type":"page","link":"https:\/\/meeplendice.net\/?page_id=11061","title":{"rendered":"La Lumi\u00e8re d\u2019Arima"},"content":{"rendered":"<p>Dans cette extension pour <em>Sub Terra II<\/em>, <em>la Lumi\u00e8re d&rsquo;Arima,<\/em> ma\u00eetrisez les arcanes du Cercle afin d&rsquo;introduire au c\u0153ur du volcan une puissante arche capable d&rsquo;\u00e9liminer d\u00e9finitivement le mal qui y r\u00e9side.<\/p>\n<p>Pourrez-vous sauver le monde des t\u00e9n\u00e8bres qui le menacent ?<\/p>\n","protected":false},"excerpt":{"rendered":"<p>Dans cette extension pour Sub Terra II, la Lumi\u00e8re d&rsquo;Arima, ma\u00eetrisez les arcanes du Cercle afin d&rsquo;introduire au c\u0153ur du volcan une puissante arche capable d&rsquo;\u00e9liminer d\u00e9finitivement le mal qui y r\u00e9side. Pourrez-vous sauver le monde des t\u00e9n\u00e8bres qui le menacent ?<\/p>\n","protected":false},"author":2,"featured_media":10857,"parent":11055,"menu_order":1,"comment_status":"closed","ping_status":"closed","template":"","meta":{"footnotes":""},"class_list":["post-11061","page","type-page","status-publish","has-post-thumbnail","hentry"],"acf":[],"rttpg_featured_image_url":{"full":["https:\/\/meeplendice.net\/wp-content\/uploads\/2023\/06\/Subterra2_Arima_ext.png",350,350,false],"landscape":["https:\/\/meeplendice.net\/wp-content\/uploads\/2023\/06\/Subterra2_Arima_ext.png",350,350,false],"portraits":["https:\/\/meeplendice.net\/wp-content\/uploads\/2023\/06\/Subterra2_Arima_ext.png",350,350,false],"thumbnail":["https:\/\/meeplendice.net\/wp-content\/uploads\/2023\/06\/Subterra2_Arima_ext-150x150.png",150,150,true],"medium":["https:\/\/meeplendice.net\/wp-content\/uploads\/2023\/06\/Subterra2_Arima_ext-300x300.png",300,300,true],"large":["https:\/\/meeplendice.net\/wp-content\/uploads\/2023\/06\/Subterra2_Arima_ext.png",350,350,false],"ug_big":["https:\/\/meeplendice.net\/wp-content\/uploads\/2023\/06\/Subterra2_Arima_ext.png",350,350,false],"1536x1536":["https:\/\/meeplendice.net\/wp-content\/uploads\/2023\/06\/Subterra2_Arima_ext.png",350,350,false],"2048x2048":["https:\/\/meeplendice.net\/wp-content\/uploads\/2023\/06\/Subterra2_Arima_ext.png",350,350,false],"ashe-slider-grid-thumbnail":["https:\/\/meeplendice.net\/wp-content\/uploads\/2023\/06\/Subterra2_Arima_ext.png",350,350,false],"ashe-full-thumbnail":["https:\/\/meeplendice.net\/wp-content\/uploads\/2023\/06\/Subterra2_Arima_ext.png",350,350,false],"ashe-grid-thumbnail":["https:\/\/meeplendice.net\/wp-content\/uploads\/2023\/06\/Subterra2_Arima_ext-350x330.png",350,330,true],"ashe-list-thumbnail":["https:\/\/meeplendice.net\/wp-content\/uploads\/2023\/06\/Subterra2_Arima_ext-300x300.png",300,300,true],"ashe-single-navigation":["https:\/\/meeplendice.net\/wp-content\/uploads\/2023\/06\/Subterra2_Arima_ext-75x75.png",75,75,true],"mailpoet_newsletter_max":["https:\/\/meeplendice.net\/wp-content\/uploads\/2023\/06\/Subterra2_Arima_ext.png",350,350,false],"rpwe-thumbnail":["https:\/\/meeplendice.net\/wp-content\/uploads\/2023\/06\/Subterra2_Arima_ext-45x45.png",45,45,true],"sow-carousel-default":["https:\/\/meeplendice.net\/wp-content\/uploads\/2023\/06\/Subterra2_Arima_ext-272x182.png",272,182,true],"rt_custom":["https:\/\/meeplendice.net\/wp-content\/uploads\/2023\/06\/Subterra2_Arima_ext.png",350,350,false]},"rttpg_author":{"display_name":"Karnby","author_link":"https:\/\/meeplendice.net\/?author=2"},"rttpg_comment":0,"rttpg_category":null,"rttpg_excerpt":"Dans cette extension pour Sub Terra II, la Lumi\u00e8re d&rsquo;Arima, ma\u00eetrisez les arcanes du Cercle afin d&rsquo;introduire au c\u0153ur du volcan une puissante arche capable d&rsquo;\u00e9liminer d\u00e9finitivement le mal qui y r\u00e9side. Pourrez-vous sauver le monde des t\u00e9n\u00e8bres qui le menacent ?","_links":{"self":[{"href":"https:\/\/meeplendice.net\/index.php?rest_route=\/wp\/v2\/pages\/11061","targetHints":{"allow":["GET"]}}],"collection":[{"href":"https:\/\/meeplendice.net\/index.php?rest_route=\/wp\/v2\/pages"}],"about":[{"href":"https:\/\/meeplendice.net\/index.php?rest_route=\/wp\/v2\/types\/page"}],"author":[{"embeddable":true,"href":"https:\/\/meeplendice.net\/index.php?rest_route=\/wp\/v2\/users\/2"}],"replies":[{"embeddable":true,"href":"https:\/\/meeplendice.net\/index.php?rest_route=%2Fwp%2Fv2%2Fcomments&post=11061"}],"version-history":[{"count":1,"href":"https:\/\/meeplendice.net\/index.php?rest_route=\/wp\/v2\/pages\/11061\/revisions"}],"predecessor-version":[{"id":11062,"href":"https:\/\/meeplendice.net\/index.php?rest_route=\/wp\/v2\/pages\/11061\/revisions\/11062"}],"up":[{"embeddable":true,"href":"https:\/\/meeplendice.net\/index.php?rest_route=\/wp\/v2\/pages\/11055"}],"wp:featuredmedia":[{"embeddable":true,"href":"https:\/\/meeplendice.net\/index.php?rest_route=\/wp\/v2\/media\/10857"}],"wp:attachment":[{"href":"https:\/\/meeplendice.net\/index.php?rest_route=%2Fwp%2Fv2%2Fmedia&parent=11061"}],"curies":[{"name":"wp","href":"https:\/\/api.w.org\/{rel}","templated":true}]}}