{"id":11069,"date":"2023-06-13T09:32:16","date_gmt":"2023-06-13T08:32:16","guid":{"rendered":"https:\/\/meeplendice.net\/?page_id=11069"},"modified":"2023-06-13T09:32:16","modified_gmt":"2023-06-13T08:32:16","slug":"leveil-de-typhaon","status":"publish","type":"page","link":"https:\/\/meeplendice.net\/?page_id=11069","title":{"rendered":"L\u2019\u00e9veil de Typhaon"},"content":{"rendered":"<p>Dans cette extension pour <em>Sub Terra II<\/em>, <em>l&rsquo;Eveil de Typhaon<\/em>, battez-vous aux c\u00f4t\u00e9s de la Facult\u00e9 contre Typhaon, le dieu du volcan et sa L\u00e9gion Cendr\u00e9e.<\/p>\n<p>Parviendez-vous \u00e0 les vaincre et \u00e0 sauver le monde ?<br \/>\nOu au contraire aiderez-vous Typhaon \u00e0 pr\u00e9cipiter la fin du monde ?<\/p>\n","protected":false},"excerpt":{"rendered":"<p>Dans cette extension pour Sub Terra II, l&rsquo;Eveil de Typhaon, battez-vous aux c\u00f4t\u00e9s de la Facult\u00e9 contre Typhaon, le dieu du volcan et sa L\u00e9gion Cendr\u00e9e. Parviendez-vous \u00e0 les vaincre et \u00e0 sauver le monde ? Ou au contraire aiderez-vous Typhaon \u00e0 pr\u00e9cipiter la fin du monde ?<\/p>\n","protected":false},"author":2,"featured_media":10855,"parent":11055,"menu_order":3,"comment_status":"closed","ping_status":"closed","template":"","meta":{"footnotes":""},"class_list":["post-11069","page","type-page","status-publish","has-post-thumbnail","hentry"],"acf":[],"rttpg_featured_image_url":{"full":["https:\/\/meeplendice.net\/wp-content\/uploads\/2023\/06\/Subterra2_Typhaon_ext.png",350,350,false],"landscape":["https:\/\/meeplendice.net\/wp-content\/uploads\/2023\/06\/Subterra2_Typhaon_ext.png",350,350,false],"portraits":["https:\/\/meeplendice.net\/wp-content\/uploads\/2023\/06\/Subterra2_Typhaon_ext.png",350,350,false],"thumbnail":["https:\/\/meeplendice.net\/wp-content\/uploads\/2023\/06\/Subterra2_Typhaon_ext-150x150.png",150,150,true],"medium":["https:\/\/meeplendice.net\/wp-content\/uploads\/2023\/06\/Subterra2_Typhaon_ext-300x300.png",300,300,true],"large":["https:\/\/meeplendice.net\/wp-content\/uploads\/2023\/06\/Subterra2_Typhaon_ext.png",350,350,false],"ug_big":["https:\/\/meeplendice.net\/wp-content\/uploads\/2023\/06\/Subterra2_Typhaon_ext.png",350,350,false],"1536x1536":["https:\/\/meeplendice.net\/wp-content\/uploads\/2023\/06\/Subterra2_Typhaon_ext.png",350,350,false],"2048x2048":["https:\/\/meeplendice.net\/wp-content\/uploads\/2023\/06\/Subterra2_Typhaon_ext.png",350,350,false],"ashe-slider-grid-thumbnail":["https:\/\/meeplendice.net\/wp-content\/uploads\/2023\/06\/Subterra2_Typhaon_ext.png",350,350,false],"ashe-full-thumbnail":["https:\/\/meeplendice.net\/wp-content\/uploads\/2023\/06\/Subterra2_Typhaon_ext.png",350,350,false],"ashe-grid-thumbnail":["https:\/\/meeplendice.net\/wp-content\/uploads\/2023\/06\/Subterra2_Typhaon_ext-350x330.png",350,330,true],"ashe-list-thumbnail":["https:\/\/meeplendice.net\/wp-content\/uploads\/2023\/06\/Subterra2_Typhaon_ext-300x300.png",300,300,true],"ashe-single-navigation":["https:\/\/meeplendice.net\/wp-content\/uploads\/2023\/06\/Subterra2_Typhaon_ext-75x75.png",75,75,true],"mailpoet_newsletter_max":["https:\/\/meeplendice.net\/wp-content\/uploads\/2023\/06\/Subterra2_Typhaon_ext.png",350,350,false],"rpwe-thumbnail":["https:\/\/meeplendice.net\/wp-content\/uploads\/2023\/06\/Subterra2_Typhaon_ext-45x45.png",45,45,true],"sow-carousel-default":["https:\/\/meeplendice.net\/wp-content\/uploads\/2023\/06\/Subterra2_Typhaon_ext-272x182.png",272,182,true],"rt_custom":["https:\/\/meeplendice.net\/wp-content\/uploads\/2023\/06\/Subterra2_Typhaon_ext.png",350,350,false]},"rttpg_author":{"display_name":"Karnby","author_link":"https:\/\/meeplendice.net\/?author=2"},"rttpg_comment":0,"rttpg_category":null,"rttpg_excerpt":"Dans cette extension pour Sub Terra II, l&rsquo;Eveil de Typhaon, battez-vous aux c\u00f4t\u00e9s de la Facult\u00e9 contre Typhaon, le dieu du volcan et sa L\u00e9gion Cendr\u00e9e. Parviendez-vous \u00e0 les vaincre et \u00e0 sauver le monde ? Ou au contraire aiderez-vous Typhaon \u00e0 pr\u00e9cipiter la fin du monde ?","_links":{"self":[{"href":"https:\/\/meeplendice.net\/index.php?rest_route=\/wp\/v2\/pages\/11069","targetHints":{"allow":["GET"]}}],"collection":[{"href":"https:\/\/meeplendice.net\/index.php?rest_route=\/wp\/v2\/pages"}],"about":[{"href":"https:\/\/meeplendice.net\/index.php?rest_route=\/wp\/v2\/types\/page"}],"author":[{"embeddable":true,"href":"https:\/\/meeplendice.net\/index.php?rest_route=\/wp\/v2\/users\/2"}],"replies":[{"embeddable":true,"href":"https:\/\/meeplendice.net\/index.php?rest_route=%2Fwp%2Fv2%2Fcomments&post=11069"}],"version-history":[{"count":2,"href":"https:\/\/meeplendice.net\/index.php?rest_route=\/wp\/v2\/pages\/11069\/revisions"}],"predecessor-version":[{"id":11071,"href":"https:\/\/meeplendice.net\/index.php?rest_route=\/wp\/v2\/pages\/11069\/revisions\/11071"}],"up":[{"embeddable":true,"href":"https:\/\/meeplendice.net\/index.php?rest_route=\/wp\/v2\/pages\/11055"}],"wp:featuredmedia":[{"embeddable":true,"href":"https:\/\/meeplendice.net\/index.php?rest_route=\/wp\/v2\/media\/10855"}],"wp:attachment":[{"href":"https:\/\/meeplendice.net\/index.php?rest_route=%2Fwp%2Fv2%2Fmedia&parent=11069"}],"curies":[{"name":"wp","href":"https:\/\/api.w.org\/{rel}","templated":true}]}}