{"id":11115,"date":"2023-08-04T22:44:54","date_gmt":"2023-08-04T21:44:54","guid":{"rendered":"https:\/\/meeplendice.net\/?page_id=11115"},"modified":"2023-08-04T22:44:54","modified_gmt":"2023-08-04T21:44:54","slug":"asie","status":"publish","type":"page","link":"https:\/\/meeplendice.net\/?page_id=11115","title":{"rendered":"Asie"},"content":{"rendered":"<p>D\u00e9couvrez, dans cette 3eme extension de <em>Wingspan<\/em>, de nouvelles esp\u00e8ces asiatiques pr\u00eates \u00e0 faire leur nid dans vos habitats. Le monde Nu\u00e9e in\u00e9dit vous permettra de jouer \u00e0 <em>Wingspan<\/em> jusqu\u2019\u00e0 7 joueurs. Vous trouverez \u00e9galement dans cette vois tout le contenu n\u00e9cessaire pour faire des parties \u00e0 1 ou 2 joueurs (mode solo ou duo), et ce m\u00eame si vous ne poss\u00e9dez pas le jeu de base.<\/p>\n","protected":false},"excerpt":{"rendered":"<p>D\u00e9couvrez, dans cette 3eme extension de Wingspan, de nouvelles esp\u00e8ces asiatiques pr\u00eates \u00e0 faire leur nid dans vos habitats. Le monde Nu\u00e9e in\u00e9dit vous permettra de jouer \u00e0 Wingspan jusqu\u2019\u00e0 7 joueurs. Vous trouverez \u00e9galement dans cette vois tout le contenu n\u00e9cessaire pour faire des parties \u00e0 1 ou 2 joueurs (mode solo ou duo), et ce m\u00eame si vous ne poss\u00e9dez pas le jeu de base.<\/p>\n","protected":false},"author":2,"featured_media":11116,"parent":10219,"menu_order":3,"comment_status":"closed","ping_status":"closed","template":"","meta":{"footnotes":""},"class_list":["post-11115","page","type-page","status-publish","has-post-thumbnail","hentry"],"acf":[],"rttpg_featured_image_url":{"full":["https:\/\/meeplendice.net\/wp-content\/uploads\/2023\/08\/Wingspan_Asie.png",350,350,false],"landscape":["https:\/\/meeplendice.net\/wp-content\/uploads\/2023\/08\/Wingspan_Asie.png",350,350,false],"portraits":["https:\/\/meeplendice.net\/wp-content\/uploads\/2023\/08\/Wingspan_Asie.png",350,350,false],"thumbnail":["https:\/\/meeplendice.net\/wp-content\/uploads\/2023\/08\/Wingspan_Asie-150x150.png",150,150,true],"medium":["https:\/\/meeplendice.net\/wp-content\/uploads\/2023\/08\/Wingspan_Asie-300x300.png",300,300,true],"large":["https:\/\/meeplendice.net\/wp-content\/uploads\/2023\/08\/Wingspan_Asie.png",350,350,false],"ug_big":["https:\/\/meeplendice.net\/wp-content\/uploads\/2023\/08\/Wingspan_Asie.png",350,350,false],"1536x1536":["https:\/\/meeplendice.net\/wp-content\/uploads\/2023\/08\/Wingspan_Asie.png",350,350,false],"2048x2048":["https:\/\/meeplendice.net\/wp-content\/uploads\/2023\/08\/Wingspan_Asie.png",350,350,false],"ashe-slider-grid-thumbnail":["https:\/\/meeplendice.net\/wp-content\/uploads\/2023\/08\/Wingspan_Asie.png",350,350,false],"ashe-full-thumbnail":["https:\/\/meeplendice.net\/wp-content\/uploads\/2023\/08\/Wingspan_Asie.png",350,350,false],"ashe-grid-thumbnail":["https:\/\/meeplendice.net\/wp-content\/uploads\/2023\/08\/Wingspan_Asie-350x330.png",350,330,true],"ashe-list-thumbnail":["https:\/\/meeplendice.net\/wp-content\/uploads\/2023\/08\/Wingspan_Asie-300x300.png",300,300,true],"ashe-single-navigation":["https:\/\/meeplendice.net\/wp-content\/uploads\/2023\/08\/Wingspan_Asie-75x75.png",75,75,true],"mailpoet_newsletter_max":["https:\/\/meeplendice.net\/wp-content\/uploads\/2023\/08\/Wingspan_Asie.png",350,350,false],"rpwe-thumbnail":["https:\/\/meeplendice.net\/wp-content\/uploads\/2023\/08\/Wingspan_Asie-45x45.png",45,45,true],"sow-carousel-default":["https:\/\/meeplendice.net\/wp-content\/uploads\/2023\/08\/Wingspan_Asie-272x182.png",272,182,true],"rt_custom":["https:\/\/meeplendice.net\/wp-content\/uploads\/2023\/08\/Wingspan_Asie.png",350,350,false]},"rttpg_author":{"display_name":"Karnby","author_link":"https:\/\/meeplendice.net\/?author=2"},"rttpg_comment":0,"rttpg_category":null,"rttpg_excerpt":"D\u00e9couvrez, dans cette 3eme extension de Wingspan, de nouvelles esp\u00e8ces asiatiques pr\u00eates \u00e0 faire leur nid dans vos habitats. Le monde Nu\u00e9e in\u00e9dit vous permettra de jouer \u00e0 Wingspan jusqu\u2019\u00e0 7 joueurs. Vous trouverez \u00e9galement dans cette vois tout le contenu n\u00e9cessaire pour faire des parties \u00e0 1 ou 2 joueurs (mode solo ou duo),\u2026","_links":{"self":[{"href":"https:\/\/meeplendice.net\/index.php?rest_route=\/wp\/v2\/pages\/11115","targetHints":{"allow":["GET"]}}],"collection":[{"href":"https:\/\/meeplendice.net\/index.php?rest_route=\/wp\/v2\/pages"}],"about":[{"href":"https:\/\/meeplendice.net\/index.php?rest_route=\/wp\/v2\/types\/page"}],"author":[{"embeddable":true,"href":"https:\/\/meeplendice.net\/index.php?rest_route=\/wp\/v2\/users\/2"}],"replies":[{"embeddable":true,"href":"https:\/\/meeplendice.net\/index.php?rest_route=%2Fwp%2Fv2%2Fcomments&post=11115"}],"version-history":[{"count":1,"href":"https:\/\/meeplendice.net\/index.php?rest_route=\/wp\/v2\/pages\/11115\/revisions"}],"predecessor-version":[{"id":11117,"href":"https:\/\/meeplendice.net\/index.php?rest_route=\/wp\/v2\/pages\/11115\/revisions\/11117"}],"up":[{"embeddable":true,"href":"https:\/\/meeplendice.net\/index.php?rest_route=\/wp\/v2\/pages\/10219"}],"wp:featuredmedia":[{"embeddable":true,"href":"https:\/\/meeplendice.net\/index.php?rest_route=\/wp\/v2\/media\/11116"}],"wp:attachment":[{"href":"https:\/\/meeplendice.net\/index.php?rest_route=%2Fwp%2Fv2%2Fmedia&parent=11115"}],"curies":[{"name":"wp","href":"https:\/\/api.w.org\/{rel}","templated":true}]}}