{"id":11169,"date":"2023-09-02T17:53:53","date_gmt":"2023-09-02T16:53:53","guid":{"rendered":"https:\/\/meeplendice.net\/?page_id=11169"},"modified":"2023-09-03T00:17:49","modified_gmt":"2023-09-02T23:17:49","slug":"archeos-society","status":"publish","type":"page","link":"https:\/\/meeplendice.net\/?page_id=11169","title":{"rendered":"Archeos Society"},"content":{"rendered":"<div id=\"pl-11169\"  class=\"panel-layout\" ><div id=\"pg-11169-0\"  class=\"panel-grid panel-no-style\" ><div id=\"pgc-11169-0-0\"  class=\"panel-grid-cell\" ><div id=\"panel-11169-0-0-0\" class=\"so-panel widget widget_sow-editor panel-first-child panel-last-child\" data-index=\"0\" ><div\n\t\t\t\n\t\t\tclass=\"so-widget-sow-editor so-widget-sow-editor-base\"\n\t\t\t\n\t\t>\n<div class=\"siteorigin-widget-tinymce textwidget\">\n\t<p style=\"text-align: center;\"><strong>Nombre de joueurs :<\/strong><br \/>\n2 - 6<\/p>\n<\/div>\n<\/div><\/div><\/div><div id=\"pgc-11169-0-1\"  class=\"panel-grid-cell\" ><div id=\"panel-11169-0-1-0\" class=\"so-panel widget widget_sow-editor panel-first-child panel-last-child\" data-index=\"1\" ><div\n\t\t\t\n\t\t\tclass=\"so-widget-sow-editor so-widget-sow-editor-base\"\n\t\t\t\n\t\t>\n<div class=\"siteorigin-widget-tinymce textwidget\">\n\t<p style=\"text-align: center;\"><strong>Dur\u00e9e moyenne :<\/strong><br \/>\n60 min<\/p>\n<\/div>\n<\/div><\/div><\/div><div id=\"pgc-11169-0-2\"  class=\"panel-grid-cell\" ><div id=\"panel-11169-0-2-0\" class=\"so-panel widget widget_sow-editor panel-first-child panel-last-child\" data-index=\"2\" ><div\n\t\t\t\n\t\t\tclass=\"so-widget-sow-editor so-widget-sow-editor-base\"\n\t\t\t\n\t\t>\n<div class=\"siteorigin-widget-tinymce textwidget\">\n\t<p style=\"text-align: center;\"><strong>Age :<\/strong><br \/>\n12 ans et plus<\/p>\n<\/div>\n<\/div><\/div><\/div><\/div><div id=\"pg-11169-1\"  class=\"panel-grid panel-no-style\" ><div id=\"pgc-11169-1-0\"  class=\"panel-grid-cell\" ><div id=\"panel-11169-1-0-0\" class=\"so-panel widget widget_sow-editor panel-first-child panel-last-child\" data-index=\"3\" ><div\n\t\t\t\n\t\t\tclass=\"so-widget-sow-editor so-widget-sow-editor-base\"\n\t\t\t\n\t\t>\n<div class=\"siteorigin-widget-tinymce textwidget\">\n\t<p style=\"text-align: center;\"><strong>Auteur(s) :<br \/>\n<\/strong><span class=\"data-siloing\" title=\"Voir tous les jeux\" data-siloing=\"https:\/\/www.philibertnet.com\/fr\/recherche?feature=31&amp;feature_value=Corentin Lebrat\"><span class=\"data-siloing\" title=\"D\u00e9couvrez tous ces jeux\" data-siloing=\"https:\/\/www.philibertnet.com\/fr\/recherche?feature=31&amp;feature_value=Paolo Mori\">Paolo Mori<\/span><\/span><\/p>\n<\/div>\n<\/div><\/div><\/div><div id=\"pgc-11169-1-1\"  class=\"panel-grid-cell\" ><div id=\"panel-11169-1-1-0\" class=\"so-panel widget widget_sow-editor panel-first-child panel-last-child\" data-index=\"4\" ><div\n\t\t\t\n\t\t\tclass=\"so-widget-sow-editor so-widget-sow-editor-base\"\n\t\t\t\n\t\t>\n<div class=\"siteorigin-widget-tinymce textwidget\">\n\t<p style=\"text-align: center;\"><strong>Illustrations :<\/strong><br \/>\n<span class=\"data-siloing\" title=\"D\u00e9couvrez tous ces jeux\" data-siloing=\"https:\/\/www.philibertnet.com\/fr\/recherche?feature=41&amp;feature_value=John McCambridge\">John McCambridge<\/span><\/p>\n<\/div>\n<\/div><\/div><\/div><div id=\"pgc-11169-1-2\"  class=\"panel-grid-cell\" ><div id=\"panel-11169-1-2-0\" class=\"so-panel widget widget_sow-editor panel-first-child panel-last-child\" data-index=\"5\" ><div\n\t\t\t\n\t\t\tclass=\"so-widget-sow-editor so-widget-sow-editor-base\"\n\t\t\t\n\t\t>\n<div class=\"siteorigin-widget-tinymce textwidget\">\n\t<p style=\"text-align: center;\"><strong>\u00c9dition :<\/strong><br \/>\n<span class=\"data-siloing\" data-siloing=\"\n\n                                                            https:\/\/www.philibertnet.com\/fr\/1012_space-cowboys\n\n                            \">Space Cowboys <\/span><br \/>\n2023<\/p>\n<\/div>\n<\/div><\/div><\/div><div id=\"pgc-11169-1-3\"  class=\"panel-grid-cell\" ><div id=\"panel-11169-1-3-0\" class=\"so-panel widget widget_sow-editor panel-first-child panel-last-child\" data-index=\"6\" ><div\n\t\t\t\n\t\t\tclass=\"so-widget-sow-editor so-widget-sow-editor-base\"\n\t\t\t\n\t\t>\n<div class=\"siteorigin-widget-tinymce textwidget\">\n\t<p style=\"text-align: center;\"><strong>Version :<\/strong><br \/>\nFran\u00e7aise<\/p>\n<\/div>\n<\/div><\/div><\/div><\/div><div id=\"pg-11169-2\"  class=\"panel-grid panel-no-style\" ><div id=\"pgc-11169-2-0\"  class=\"panel-grid-cell\" ><div id=\"panel-11169-2-0-0\" class=\"so-panel widget widget_sow-editor panel-first-child panel-last-child\" data-index=\"7\" ><div\n\t\t\t\n\t\t\tclass=\"so-widget-sow-editor so-widget-sow-editor-base\"\n\t\t\t\n\t\t>\n<div class=\"siteorigin-widget-tinymce textwidget\">\n\t<hr \/>\n<p><em>L'exp\u00e9dition n'a d\u00e9but\u00e9 qu'il y a trois jours, et l'endroit est beaucoup plus riche en artefacts et secrets anciens que nous ne l'avions initialement imagin\u00e9. Plusieurs sites d'excavation ont \u00e9t\u00e9 d\u00e9gag\u00e9s, mais chacun est difficile d'acc\u00e8s. Pour que cette exp\u00e9dition sans pr\u00e9c\u00e9dent soit couronn\u00e9e de succ\u00e8s, nous aurons besoin des \u00e9l\u00e9ments les plus brillants de l'Archeos Society. Faisons appel \u00e0 tous nos membres : linguistes, botanistes, professeurs, \u00e9tudiants. Nous avons des concurrents sur place, toute aide sera donc bienvenue ! Certes, nous serons beaux joueurs avec nos rivaux, mais ne vous m\u00e9prenez pas ; c'est nous qui ferons les plus grandes d\u00e9couvertes et d\u00e9tendrons le prestige de l'Archeos Society <\/em><\/p>\n<p><em>- W.A .<\/em><\/p>\n<p>Embarquez pour une course arch\u00e9ologique autour du monde !<\/p>\n<ul>\n<li>Explorez des sites mythiques ! Montez de petites exp\u00e9ditions et progressez rapidement ou composez des \u00e9quipes nombreuses, plus efficaces mais plus longue \u00e0 r\u00e9unir.<\/li>\n<li>A chaque tour, recrutez un explorateur ou lancez une exp\u00e9dition en assemblant vos cartes par couleur ou par m\u00e9tier. Choississez bien votre d'\u00e9quipe : il d\u00e9finit le site de l'exp\u00e9dition et offre une capacit\u00e9 sp\u00e9ciale !<\/li>\n<li>Attention lors vous lancez une exp\u00e9dition, les autres cartes de votre main seront remises \u00e0 la disposition de vos adversaires.<\/li>\n<\/ul>\n<p>G\u00e9rez vos recrutements avec soin, surveillez l'avanc\u00e9e de vos concurrents et accumulez les d\u00e9couvertes pour remporter la victoire !<\/p>\n<\/div>\n<\/div><\/div><\/div><\/div><div id=\"pg-11169-3\"  class=\"panel-grid panel-no-style\" ><div id=\"pgc-11169-3-0\"  class=\"panel-grid-cell\" ><div id=\"panel-11169-3-0-0\" class=\"so-panel widget widget_sow-editor panel-first-child panel-last-child\" data-index=\"8\" ><div\n\t\t\t\n\t\t\tclass=\"so-widget-sow-editor so-widget-sow-editor-base\"\n\t\t\t\n\t\t>\n<div class=\"siteorigin-widget-tinymce textwidget\">\n\t<hr \/>\n<h3 style=\"text-align: center;\">En vid\u00e9o<\/h3>\n<p><a href=\"https:\/\/www.youtube.com\/watch?v=HsTTZhj04jI&amp;ab_channel=UnMondedejeux\" target=\"_blank\" rel=\"noopener\"><img loading=\"lazy\" decoding=\"async\" class=\"alignnone size-full wp-image-9090\" src=\"https:\/\/meeplendice.net\/wp-content\/uploads\/2022\/01\/Link_CJ_v2.png\" alt=\"\" width=\"200\" height=\"170\" \/><\/a><\/p>\n<\/div>\n<\/div><\/div><\/div><\/div><div id=\"pg-11169-4\"  class=\"panel-grid panel-no-style\" ><div id=\"pgc-11169-4-0\"  class=\"panel-grid-cell\" ><div id=\"panel-11169-4-0-0\" class=\"so-panel widget widget_sow-editor panel-first-child panel-last-child\" data-index=\"9\" ><div\n\t\t\t\n\t\t\tclass=\"so-widget-sow-editor so-widget-sow-editor-base\"\n\t\t\t\n\t\t>\n<div class=\"siteorigin-widget-tinymce textwidget\">\n\t<hr \/>\n<h3 style=\"text-align: center;\">Pour aller plus loin<\/h3>\n<\/div>\n<\/div><\/div><\/div><\/div><\/div>","protected":false},"excerpt":{"rendered":"<p>Nombre de joueurs : 2 &#8211; 6 Dur\u00e9e moyenne : 60 min Age : 12 ans et plus Auteur(s) : Paolo Mori Illustrations : John McCambridge \u00c9dition : Space Cowboys 2023 Version : Fran\u00e7aise<\/p>\n","protected":false},"author":2,"featured_media":11144,"parent":0,"menu_order":0,"comment_status":"closed","ping_status":"closed","template":"","meta":{"footnotes":""},"class_list":["post-11169","page","type-page","status-publish","has-post-thumbnail","hentry"],"acf":[],"rttpg_featured_image_url":{"full":["https:\/\/meeplendice.net\/wp-content\/uploads\/2023\/09\/Archeossociety.png",350,350,false],"landscape":["https:\/\/meeplendice.net\/wp-content\/uploads\/2023\/09\/Archeossociety.png",350,350,false],"portraits":["https:\/\/meeplendice.net\/wp-content\/uploads\/2023\/09\/Archeossociety.png",350,350,false],"thumbnail":["https:\/\/meeplendice.net\/wp-content\/uploads\/2023\/09\/Archeossociety-150x150.png",150,150,true],"medium":["https:\/\/meeplendice.net\/wp-content\/uploads\/2023\/09\/Archeossociety-300x300.png",300,300,true],"large":["https:\/\/meeplendice.net\/wp-content\/uploads\/2023\/09\/Archeossociety.png",350,350,false],"ug_big":["https:\/\/meeplendice.net\/wp-content\/uploads\/2023\/09\/Archeossociety.png",350,350,false],"1536x1536":["https:\/\/meeplendice.net\/wp-content\/uploads\/2023\/09\/Archeossociety.png",350,350,false],"2048x2048":["https:\/\/meeplendice.net\/wp-content\/uploads\/2023\/09\/Archeossociety.png",350,350,false],"ashe-slider-grid-thumbnail":["https:\/\/meeplendice.net\/wp-content\/uploads\/2023\/09\/Archeossociety.png",350,350,false],"ashe-full-thumbnail":["https:\/\/meeplendice.net\/wp-content\/uploads\/2023\/09\/Archeossociety.png",350,350,false],"ashe-grid-thumbnail":["https:\/\/meeplendice.net\/wp-content\/uploads\/2023\/09\/Archeossociety-350x330.png",350,330,true],"ashe-list-thumbnail":["https:\/\/meeplendice.net\/wp-content\/uploads\/2023\/09\/Archeossociety-300x300.png",300,300,true],"ashe-single-navigation":["https:\/\/meeplendice.net\/wp-content\/uploads\/2023\/09\/Archeossociety-75x75.png",75,75,true],"mailpoet_newsletter_max":["https:\/\/meeplendice.net\/wp-content\/uploads\/2023\/09\/Archeossociety.png",350,350,false],"rpwe-thumbnail":["https:\/\/meeplendice.net\/wp-content\/uploads\/2023\/09\/Archeossociety-45x45.png",45,45,true],"sow-carousel-default":["https:\/\/meeplendice.net\/wp-content\/uploads\/2023\/09\/Archeossociety-272x182.png",272,182,true],"rt_custom":["https:\/\/meeplendice.net\/wp-content\/uploads\/2023\/09\/Archeossociety.png",350,350,false]},"rttpg_author":{"display_name":"Karnby","author_link":"https:\/\/meeplendice.net\/?author=2"},"rttpg_comment":0,"rttpg_category":null,"rttpg_excerpt":"Nombre de joueurs : 2 - 6 Dur\u00e9e moyenne : 60 min Age : 12 ans et plus Auteur(s) : Paolo Mori Illustrations : John McCambridge \u00c9dition : Space Cowboys 2023 Version : Fran\u00e7aise","_links":{"self":[{"href":"https:\/\/meeplendice.net\/index.php?rest_route=\/wp\/v2\/pages\/11169","targetHints":{"allow":["GET"]}}],"collection":[{"href":"https:\/\/meeplendice.net\/index.php?rest_route=\/wp\/v2\/pages"}],"about":[{"href":"https:\/\/meeplendice.net\/index.php?rest_route=\/wp\/v2\/types\/page"}],"author":[{"embeddable":true,"href":"https:\/\/meeplendice.net\/index.php?rest_route=\/wp\/v2\/users\/2"}],"replies":[{"embeddable":true,"href":"https:\/\/meeplendice.net\/index.php?rest_route=%2Fwp%2Fv2%2Fcomments&post=11169"}],"version-history":[{"count":2,"href":"https:\/\/meeplendice.net\/index.php?rest_route=\/wp\/v2\/pages\/11169\/revisions"}],"predecessor-version":[{"id":11247,"href":"https:\/\/meeplendice.net\/index.php?rest_route=\/wp\/v2\/pages\/11169\/revisions\/11247"}],"wp:featuredmedia":[{"embeddable":true,"href":"https:\/\/meeplendice.net\/index.php?rest_route=\/wp\/v2\/media\/11144"}],"wp:attachment":[{"href":"https:\/\/meeplendice.net\/index.php?rest_route=%2Fwp%2Fv2%2Fmedia&parent=11169"}],"curies":[{"name":"wp","href":"https:\/\/api.w.org\/{rel}","templated":true}]}}