{"id":11171,"date":"2023-09-02T17:55:07","date_gmt":"2023-09-02T16:55:07","guid":{"rendered":"https:\/\/meeplendice.net\/?page_id=11171"},"modified":"2023-10-07T15:04:57","modified_gmt":"2023-10-07T14:04:57","slug":"arkeis-2","status":"publish","type":"page","link":"https:\/\/meeplendice.net\/?page_id=11171","title":{"rendered":"Arkeis"},"content":{"rendered":"<div id=\"pl-11171\"  class=\"panel-layout\" ><div id=\"pg-11171-0\"  class=\"panel-grid panel-no-style\" ><div id=\"pgc-11171-0-0\"  class=\"panel-grid-cell\" ><div id=\"panel-11171-0-0-0\" class=\"so-panel widget widget_sow-editor panel-first-child panel-last-child\" data-index=\"0\" ><div\n\t\t\t\n\t\t\tclass=\"so-widget-sow-editor so-widget-sow-editor-base\"\n\t\t\t\n\t\t>\n<div class=\"siteorigin-widget-tinymce textwidget\">\n\t<p style=\"text-align: center;\"><strong>Nombre de joueurs :<\/strong><br \/>\n1 - 5<\/p>\n<\/div>\n<\/div><\/div><\/div><div id=\"pgc-11171-0-1\"  class=\"panel-grid-cell\" ><div id=\"panel-11171-0-1-0\" class=\"so-panel widget widget_sow-editor panel-first-child panel-last-child\" data-index=\"1\" ><div\n\t\t\t\n\t\t\tclass=\"so-widget-sow-editor so-widget-sow-editor-base\"\n\t\t\t\n\t\t>\n<div class=\"siteorigin-widget-tinymce textwidget\">\n\t<p style=\"text-align: center;\"><strong>Dur\u00e9e moyenne :<\/strong><br \/>\n60 min<\/p>\n<\/div>\n<\/div><\/div><\/div><div id=\"pgc-11171-0-2\"  class=\"panel-grid-cell\" ><div id=\"panel-11171-0-2-0\" class=\"so-panel widget widget_sow-editor panel-first-child panel-last-child\" data-index=\"2\" ><div\n\t\t\t\n\t\t\tclass=\"so-widget-sow-editor so-widget-sow-editor-base\"\n\t\t\t\n\t\t>\n<div class=\"siteorigin-widget-tinymce textwidget\">\n\t<p style=\"text-align: center;\"><strong>Age :<\/strong><br \/>\n10 ans et plus<\/p>\n<\/div>\n<\/div><\/div><\/div><\/div><div id=\"pg-11171-1\"  class=\"panel-grid panel-no-style\" ><div id=\"pgc-11171-1-0\"  class=\"panel-grid-cell\" ><div id=\"panel-11171-1-0-0\" class=\"so-panel widget widget_sow-editor panel-first-child panel-last-child\" data-index=\"3\" ><div\n\t\t\t\n\t\t\tclass=\"so-widget-sow-editor so-widget-sow-editor-base\"\n\t\t\t\n\t\t>\n<div class=\"siteorigin-widget-tinymce textwidget\">\n\t<p style=\"text-align: center;\"><strong>Auteur(s) :<br \/>\n<\/strong><span class=\"data-siloing\" title=\"D\u00e9couvrez tous ces jeux\" data-siloing=\"https:\/\/www.philibertnet.com\/fr\/recherche?feature=31&amp;feature_value=Th\u00e9o Riviere\">Th\u00e9o Riviere<br \/>\n<\/span><span class=\"data-siloing\" title=\"Voir tous les jeux\" data-siloing=\"https:\/\/www.philibertnet.com\/fr\/recherche?feature=31&amp;feature_value=Antoine Bauza\">Antoine Bauza<br \/>\n<\/span><span class=\"data-siloing\" title=\"Voir tous les jeux\" data-siloing=\"https:\/\/www.philibertnet.com\/fr\/recherche?feature=31&amp;feature_value=Ludovic Maublanc\">Ludovic Maublanc<br \/>\n<\/span><span class=\"data-siloing\" title=\"Voir tous les jeux\" data-siloing=\"https:\/\/www.philibertnet.com\/fr\/recherche?feature=31&amp;feature_value=Corentin Lebrat\">Corentin Lebrat<\/span><\/p>\n<\/div>\n<\/div><\/div><\/div><div id=\"pgc-11171-1-1\"  class=\"panel-grid-cell\" ><div id=\"panel-11171-1-1-0\" class=\"so-panel widget widget_sow-editor panel-first-child panel-last-child\" data-index=\"4\" ><div\n\t\t\t\n\t\t\tclass=\"so-widget-sow-editor so-widget-sow-editor-base\"\n\t\t\t\n\t\t>\n<div class=\"siteorigin-widget-tinymce textwidget\">\n\t<p style=\"text-align: center;\"><strong>Illustrations :<br \/>\n<\/strong>Aurore Folny<\/p>\n<\/div>\n<\/div><\/div><\/div><div id=\"pgc-11171-1-2\"  class=\"panel-grid-cell\" ><div id=\"panel-11171-1-2-0\" class=\"so-panel widget widget_sow-editor panel-first-child panel-last-child\" data-index=\"5\" ><div\n\t\t\t\n\t\t\tclass=\"so-widget-sow-editor so-widget-sow-editor-base\"\n\t\t\t\n\t\t>\n<div class=\"siteorigin-widget-tinymce textwidget\">\n\t<p style=\"text-align: center;\"><strong>\u00c9dition :<\/strong><br \/>\nAnkama<br \/>\n2022<\/p>\n<\/div>\n<\/div><\/div><\/div><div id=\"pgc-11171-1-3\"  class=\"panel-grid-cell\" ><div id=\"panel-11171-1-3-0\" class=\"so-panel widget widget_sow-editor panel-first-child panel-last-child\" data-index=\"6\" ><div\n\t\t\t\n\t\t\tclass=\"so-widget-sow-editor so-widget-sow-editor-base\"\n\t\t\t\n\t\t>\n<div class=\"siteorigin-widget-tinymce textwidget\">\n\t<p style=\"text-align: center;\"><strong>Version :<\/strong><br \/>\nFran\u00e7aise<\/p>\n<\/div>\n<\/div><\/div><\/div><\/div><div id=\"pg-11171-2\"  class=\"panel-grid panel-no-style\" ><div id=\"pgc-11171-2-0\"  class=\"panel-grid-cell\" ><div id=\"panel-11171-2-0-0\" class=\"so-panel widget widget_sow-editor panel-first-child panel-last-child\" data-index=\"7\" ><div\n\t\t\t\n\t\t\tclass=\"so-widget-sow-editor so-widget-sow-editor-base\"\n\t\t\t\n\t\t>\n<div class=\"siteorigin-widget-tinymce textwidget\">\n\t<hr \/>\n<p><em>L'Histoire est pleine de secrets...<\/em><\/p>\n<p><em>Le d\u00e9sert fr\u00e9mit d'une rumeur... L'echo d'anciennes proph\u00e9ties r\u00e9sonne dans les temples oubli\u00e9s, d'inexplicables \u00e9v\u00e9nements se multiplient. De folles th\u00e9ories apparaissent, une antique civilisation se r\u00e9veille t'elle ? Bien d\u00e9cid\u00e9s \u00e0 d\u00e9couvrir la v\u00e9rit\u00e9, un groupe d'intr\u00e9pides arch\u00e9ologues et aventuriers embarquent pour l\u2019\u00c9gypte et ses myst\u00e8res. Mais certains secrets doivent-ils rester cach\u00e9s ?<\/em><\/p>\n<p><em>Arkeis <\/em>est un jeu narratif et coop\u00e9ratif utilisant des figurines, dans lequel les joueurs explorent d'anciennes ruines \u00e9gyptiennes et tentent de percer les secrets d'une civilisation oubli\u00e9e.<\/p>\n<p><em>Arkeis<\/em> propose une campagne immersive divis\u00e9e en sc\u00e9narios prenant place dans de magnifique d\u00e9cors en volume. Affrontez d'incroyables adversaires, faites \u00e9voluer vos explorateurs en d\u00e9bloquant de nouvelles comp\u00e9tences, sauvegardez vos avanc\u00e9es, am\u00e9liorez votre campement dans le journal d'exp\u00e9dition et d\u00e9couvrez les secrets d'une civilisation oubli\u00e9e dans une exp\u00e9rience narrative unique.<\/p>\n<\/div>\n<\/div><\/div><\/div><\/div><div id=\"pg-11171-3\"  class=\"panel-grid panel-no-style\" ><div id=\"pgc-11171-3-0\"  class=\"panel-grid-cell\" ><div id=\"panel-11171-3-0-0\" class=\"so-panel widget widget_sow-editor panel-first-child panel-last-child\" data-index=\"8\" ><div\n\t\t\t\n\t\t\tclass=\"so-widget-sow-editor so-widget-sow-editor-base\"\n\t\t\t\n\t\t>\n<div class=\"siteorigin-widget-tinymce textwidget\">\n\t<hr \/>\n<h3 style=\"text-align: center;\">En vid\u00e9o<\/h3>\n<\/div>\n<\/div><\/div><\/div><\/div><div id=\"pg-11171-4\"  class=\"panel-grid panel-no-style\" ><div id=\"pgc-11171-4-0\"  class=\"panel-grid-cell\" ><div id=\"panel-11171-4-0-0\" class=\"so-panel widget widget_sow-editor panel-first-child panel-last-child\" data-index=\"9\" ><div\n\t\t\t\n\t\t\tclass=\"so-widget-sow-editor so-widget-sow-editor-base\"\n\t\t\t\n\t\t>\n<div class=\"siteorigin-widget-tinymce textwidget\">\n\t<hr \/>\n<h3 style=\"text-align: center;\">Extension(s)<\/h3>\n<p style=\"text-align: center;\"><style type='text\/css' media='all'>#rt-tpg-container-3348131308 .read-more a{border-radius:px;}#rt-tpg-container-3348131308 .rt-img-holder img.rt-img-responsive,#rt-tpg-container-3348131308 .rt-img-holder,\n\t\t\t\t\t#rt-tpg-container-3348131308 .rt-post-overlay .post-img,\n\t\t\t\t\t#rt-tpg-container-3348131308 .post-sm .post-img,\n\t\t\t\t\t#rt-tpg-container-3348131308 .rt-post-grid .post-img,\n\t\t\t\t\t#rt-tpg-container-3348131308 .post-img img {border-radius:px;}#rt-tpg-container-3348131308 .layout9 .rt-holder h2.entry-title,\n\t\t\t\t\t#rt-tpg-container-3348131308 .layout9 .rt-holder h3.entry-title,\n\t\t\t\t\t#rt-tpg-container-3348131308 .layout9 .rt-holder h4.entry-title,\n\t\t\t\t\t#rt-tpg-container-3348131308 .layout9 .rt-holder h2.entry-title a,\n\t\t\t\t\t#rt-tpg-container-3348131308 .layout9 .rt-holder h3.entry-title a,\n\t\t\t\t\t#rt-tpg-container-3348131308 .layout9 .rt-holder h4.entry-title a,\n\t\t\t\t\t#rt-tpg-container-3348131308 .rt-holder .rt-woo-info h2 a,\n\t\t\t\t\t#rt-tpg-container-3348131308 .rt-holder .rt-woo-info h3 a,\n\t\t\t\t\t#rt-tpg-container-3348131308 .rt-holder .rt-woo-info h4 a,\n\t\t\t\t\t#rt-tpg-container-3348131308 .post-content .post-title,\n\t\t\t\t\t#rt-tpg-container-3348131308 .rt-post-grid .post-title,\n\t\t\t\t\t#rt-tpg-container-3348131308 .rt-post-grid .post-title a,\n\t\t\t\t\t#rt-tpg-container-3348131308 .post-content .post-title a,\n\t\t\t\t\t#rt-tpg-container-3348131308 .rt-holder .rt-woo-info h2,\n\t\t\t\t\t#rt-tpg-container-3348131308 .rt-holder .rt-woo-info h3,\n\t\t\t\t\t#rt-tpg-container-3348131308 .rt-holder .rt-woo-info h4{font-size:16px;line-height:26px;font-weight:normal;text-align:center;}#rt-tpg-container-3348131308 .post-grid-lg-style-1 .post-title,\n\t\t\t\t\t\t#rt-tpg-container-3348131308 .post-grid-lg-style-1 .post-title a,\n\t\t\t\t\t\t#rt-tpg-container-3348131308 .big-layout .post-title,\n\t\t\t\t\t\t#rt-tpg-container-3348131308 .big-layout .post-title a,\n\t\t\t\t\t\t#rt-tpg-container-3348131308 .post-grid-lg-style-1 .post-title,\n\t\t\t\t\t\t#rt-tpg-container-3348131308 .post-grid-lg-style-1 .post-title a {font-size:24px;line-height:34px;}<\/style><div class='rt-container-fluid rt-tpg-container tpg-shortcode-main-wrapper ' id='rt-tpg-container-3348131308'   data-layout='layout9' data-grid-style='masonry' data-desktop-col='3'  data-tab-col='2'  data-mobile-col='1' data-sc-id='11275'><div data-title='Loading ...' class='rt-row rt-content-loader   layout9 tpg-masonry '><div class=\"rt-col-md-4 rt-col-sm-6 rt-col-xs-12 masonry-grid-item rt-grid-item img_zoom_in\" data-id=\"11194\"><div class=\"rt-holder\"><div class='overlay'><a data-id='11194' class=' tpg-single-popup' href='https:\/\/meeplendice.net\/?page_id=11194'><img loading=\"lazy\" decoding=\"async\" width=\"350\" height=\"350\" src=\"https:\/\/meeplendice.net\/wp-content\/uploads\/2023\/09\/Arkeis_surface.png\" class=\"rt-img-responsive \" alt=\"\" \/><\/a><\/div><div class='post-info'><h3 class=\"entry-title\"><a data-id=\"11194\" class=\" tpg-single-popup\" href=\"https:\/\/meeplendice.net\/?page_id=11194\">Menace sous la Surface<\/a><\/h3><div class='post-meta-user '><\/div><\/div><\/div><\/div><div class=\"rt-col-md-4 rt-col-sm-6 rt-col-xs-12 masonry-grid-item rt-grid-item img_zoom_in\" data-id=\"11196\"><div class=\"rt-holder\"><div class='overlay'><a data-id='11196' class=' tpg-single-popup' href='https:\/\/meeplendice.net\/?page_id=11196'><img loading=\"lazy\" decoding=\"async\" width=\"350\" height=\"350\" src=\"https:\/\/meeplendice.net\/wp-content\/uploads\/2023\/09\/Arkeis_Sphinx.png\" class=\"rt-img-responsive \" alt=\"\" \/><\/a><\/div><div class='post-info'><h3 class=\"entry-title\"><a data-id=\"11196\" class=\" tpg-single-popup\" href=\"https:\/\/meeplendice.net\/?page_id=11196\">Le Pi\u00e8ge du Sphinx<\/a><\/h3><div class='post-meta-user '><\/div><\/div><\/div><\/div><div class=\"rt-col-md-4 rt-col-sm-6 rt-col-xs-12 masonry-grid-item rt-grid-item img_zoom_in\" data-id=\"11198\"><div class=\"rt-holder\"><div class='overlay'><a data-id='11198' class=' tpg-single-popup' href='https:\/\/meeplendice.net\/?page_id=11198'><img loading=\"lazy\" decoding=\"async\" width=\"350\" height=\"350\" src=\"https:\/\/meeplendice.net\/wp-content\/uploads\/2023\/09\/Arkeis_Culte.png\" class=\"rt-img-responsive \" alt=\"\" \/><\/a><\/div><div class='post-info'><h3 class=\"entry-title\"><a data-id=\"11198\" class=\" tpg-single-popup\" href=\"https:\/\/meeplendice.net\/?page_id=11198\">Le Joyau du Culte<\/a><\/h3><div class='post-meta-user '><\/div><\/div><\/div><\/div><\/div><div class='rt-pagination-wrap' data-total-pages='1' data-posts-per-page='3' data-type='pagination_ajax'  ><div class='rt-page-numbers'><\/div><\/div><\/div><\/p>\n<\/div>\n<\/div><\/div><\/div><\/div><div id=\"pg-11171-5\"  class=\"panel-grid panel-no-style\" ><div id=\"pgc-11171-5-0\"  class=\"panel-grid-cell\" ><div id=\"panel-11171-5-0-0\" class=\"so-panel widget widget_sow-editor panel-first-child panel-last-child\" data-index=\"10\" ><div\n\t\t\t\n\t\t\tclass=\"so-widget-sow-editor so-widget-sow-editor-base\"\n\t\t\t\n\t\t>\n<div class=\"siteorigin-widget-tinymce textwidget\">\n\t<hr \/>\n<h3 style=\"text-align: center;\">Pour aller plus loin<\/h3>\n<\/div>\n<\/div><\/div><\/div><\/div><\/div>","protected":false},"excerpt":{"rendered":"<p>Nombre de joueurs : 1 &#8211; 5 Dur\u00e9e moyenne : 60 min Age : 10 ans et plus Auteur(s) : Th\u00e9o Riviere Antoine Bauza Ludovic Maublanc Corentin Lebrat Illustrations : Aurore Folny \u00c9dition : Ankama 2022 Version : Fran\u00e7aise<\/p>\n","protected":false},"author":2,"featured_media":11146,"parent":0,"menu_order":0,"comment_status":"closed","ping_status":"closed","template":"","meta":{"footnotes":""},"class_list":["post-11171","page","type-page","status-publish","has-post-thumbnail","hentry"],"acf":[],"rttpg_featured_image_url":{"full":["https:\/\/meeplendice.net\/wp-content\/uploads\/2023\/09\/Arkeis.png",350,350,false],"landscape":["https:\/\/meeplendice.net\/wp-content\/uploads\/2023\/09\/Arkeis.png",350,350,false],"portraits":["https:\/\/meeplendice.net\/wp-content\/uploads\/2023\/09\/Arkeis.png",350,350,false],"thumbnail":["https:\/\/meeplendice.net\/wp-content\/uploads\/2023\/09\/Arkeis-150x150.png",150,150,true],"medium":["https:\/\/meeplendice.net\/wp-content\/uploads\/2023\/09\/Arkeis-300x300.png",300,300,true],"large":["https:\/\/meeplendice.net\/wp-content\/uploads\/2023\/09\/Arkeis.png",350,350,false],"ug_big":["https:\/\/meeplendice.net\/wp-content\/uploads\/2023\/09\/Arkeis.png",350,350,false],"1536x1536":["https:\/\/meeplendice.net\/wp-content\/uploads\/2023\/09\/Arkeis.png",350,350,false],"2048x2048":["https:\/\/meeplendice.net\/wp-content\/uploads\/2023\/09\/Arkeis.png",350,350,false],"ashe-slider-grid-thumbnail":["https:\/\/meeplendice.net\/wp-content\/uploads\/2023\/09\/Arkeis.png",350,350,false],"ashe-full-thumbnail":["https:\/\/meeplendice.net\/wp-content\/uploads\/2023\/09\/Arkeis.png",350,350,false],"ashe-grid-thumbnail":["https:\/\/meeplendice.net\/wp-content\/uploads\/2023\/09\/Arkeis-350x330.png",350,330,true],"ashe-list-thumbnail":["https:\/\/meeplendice.net\/wp-content\/uploads\/2023\/09\/Arkeis-300x300.png",300,300,true],"ashe-single-navigation":["https:\/\/meeplendice.net\/wp-content\/uploads\/2023\/09\/Arkeis-75x75.png",75,75,true],"mailpoet_newsletter_max":["https:\/\/meeplendice.net\/wp-content\/uploads\/2023\/09\/Arkeis.png",350,350,false],"rpwe-thumbnail":["https:\/\/meeplendice.net\/wp-content\/uploads\/2023\/09\/Arkeis-45x45.png",45,45,true],"sow-carousel-default":["https:\/\/meeplendice.net\/wp-content\/uploads\/2023\/09\/Arkeis-272x182.png",272,182,true],"rt_custom":["https:\/\/meeplendice.net\/wp-content\/uploads\/2023\/09\/Arkeis.png",350,350,false]},"rttpg_author":{"display_name":"Karnby","author_link":"https:\/\/meeplendice.net\/?author=2"},"rttpg_comment":0,"rttpg_category":null,"rttpg_excerpt":"Nombre de joueurs : 1 - 5 Dur\u00e9e moyenne : 60 min Age : 10 ans et plus Auteur(s) : Th\u00e9o Riviere Antoine Bauza Ludovic Maublanc Corentin Lebrat Illustrations : Aurore Folny \u00c9dition : Ankama 2022 Version : Fran\u00e7aise","_links":{"self":[{"href":"https:\/\/meeplendice.net\/index.php?rest_route=\/wp\/v2\/pages\/11171","targetHints":{"allow":["GET"]}}],"collection":[{"href":"https:\/\/meeplendice.net\/index.php?rest_route=\/wp\/v2\/pages"}],"about":[{"href":"https:\/\/meeplendice.net\/index.php?rest_route=\/wp\/v2\/types\/page"}],"author":[{"embeddable":true,"href":"https:\/\/meeplendice.net\/index.php?rest_route=\/wp\/v2\/users\/2"}],"replies":[{"embeddable":true,"href":"https:\/\/meeplendice.net\/index.php?rest_route=%2Fwp%2Fv2%2Fcomments&post=11171"}],"version-history":[{"count":6,"href":"https:\/\/meeplendice.net\/index.php?rest_route=\/wp\/v2\/pages\/11171\/revisions"}],"predecessor-version":[{"id":11276,"href":"https:\/\/meeplendice.net\/index.php?rest_route=\/wp\/v2\/pages\/11171\/revisions\/11276"}],"wp:featuredmedia":[{"embeddable":true,"href":"https:\/\/meeplendice.net\/index.php?rest_route=\/wp\/v2\/media\/11146"}],"wp:attachment":[{"href":"https:\/\/meeplendice.net\/index.php?rest_route=%2Fwp%2Fv2%2Fmedia&parent=11171"}],"curies":[{"name":"wp","href":"https:\/\/api.w.org\/{rel}","templated":true}]}}