{"id":11173,"date":"2023-09-02T17:55:51","date_gmt":"2023-09-02T16:55:51","guid":{"rendered":"https:\/\/meeplendice.net\/?page_id=11173"},"modified":"2023-09-02T23:18:04","modified_gmt":"2023-09-02T22:18:04","slug":"pacte-avec-le-diable","status":"publish","type":"page","link":"https:\/\/meeplendice.net\/?page_id=11173","title":{"rendered":"Pacte avec le Diable"},"content":{"rendered":"<div id=\"pl-11173\"  class=\"panel-layout\" ><div id=\"pg-11173-0\"  class=\"panel-grid panel-no-style\" ><div id=\"pgc-11173-0-0\"  class=\"panel-grid-cell\" ><div id=\"panel-11173-0-0-0\" class=\"so-panel widget widget_sow-editor panel-first-child panel-last-child\" data-index=\"0\" ><div\n\t\t\t\n\t\t\tclass=\"so-widget-sow-editor so-widget-sow-editor-base\"\n\t\t\t\n\t\t>\n<div class=\"siteorigin-widget-tinymce textwidget\">\n\t<p style=\"text-align: center;\"><strong>Nombre de joueurs :<\/strong><br \/>\n4 - 4<\/p>\n<\/div>\n<\/div><\/div><\/div><div id=\"pgc-11173-0-1\"  class=\"panel-grid-cell\" ><div id=\"panel-11173-0-1-0\" class=\"so-panel widget widget_sow-editor panel-first-child panel-last-child\" data-index=\"1\" ><div\n\t\t\t\n\t\t\tclass=\"so-widget-sow-editor so-widget-sow-editor-base\"\n\t\t\t\n\t\t>\n<div class=\"siteorigin-widget-tinymce textwidget\">\n\t<p style=\"text-align: center;\"><strong>Dur\u00e9e moyenne :<\/strong><br \/>\n120 min<\/p>\n<\/div>\n<\/div><\/div><\/div><div id=\"pgc-11173-0-2\"  class=\"panel-grid-cell\" ><div id=\"panel-11173-0-2-0\" class=\"so-panel widget widget_sow-editor panel-first-child panel-last-child\" data-index=\"2\" ><div\n\t\t\t\n\t\t\tclass=\"so-widget-sow-editor so-widget-sow-editor-base\"\n\t\t\t\n\t\t>\n<div class=\"siteorigin-widget-tinymce textwidget\">\n\t<p style=\"text-align: center;\"><strong>Age :<\/strong><br \/>\n14 ans et plus<\/p>\n<\/div>\n<\/div><\/div><\/div><\/div><div id=\"pg-11173-1\"  class=\"panel-grid panel-no-style\" ><div id=\"pgc-11173-1-0\"  class=\"panel-grid-cell\" ><div id=\"panel-11173-1-0-0\" class=\"so-panel widget widget_sow-editor panel-first-child panel-last-child\" data-index=\"3\" ><div\n\t\t\t\n\t\t\tclass=\"so-widget-sow-editor so-widget-sow-editor-base\"\n\t\t\t\n\t\t>\n<div class=\"siteorigin-widget-tinymce textwidget\">\n\t<p style=\"text-align: center;\"><strong>Auteur(s) :<br \/>\n<\/strong><span class=\"data-siloing\" title=\"D\u00e9couvrez tous ces jeux\" data-siloing=\"https:\/\/www.philibertnet.com\/fr\/recherche?feature=31&amp;feature_value=Mat\u00fa\u0161 Kotry\">Mat\u00fa\u0161 Kotry<\/span><\/p>\n<\/div>\n<\/div><\/div><\/div><div id=\"pgc-11173-1-1\"  class=\"panel-grid-cell\" ><div id=\"panel-11173-1-1-0\" class=\"so-panel widget widget_sow-editor panel-first-child panel-last-child\" data-index=\"4\" ><div\n\t\t\t\n\t\t\tclass=\"so-widget-sow-editor so-widget-sow-editor-base\"\n\t\t\t\n\t\t>\n<div class=\"siteorigin-widget-tinymce textwidget\">\n\t<p style=\"text-align: center;\"><strong>Illustrations :<\/strong><br \/>\n<span class=\"data-siloing\" title=\"D\u00e9couvrez tous ces jeux\" data-siloing=\"https:\/\/www.philibertnet.com\/fr\/recherche?feature=41&amp;feature_value=Martin \u201cSkam\u201d Krej\u010d\u00ed\"><span class=\"data-siloing\" title=\"Voir tous les jeux\" data-siloing=\"https:\/\/www.philibertnet.com\/fr\/recherche?feature=41&amp;feature_value=David Cochard\">David Cochard<\/span><br \/>\n<span class=\"data-siloing\" title=\"Voir tous les jeux\" data-siloing=\"https:\/\/www.philibertnet.com\/fr\/recherche?feature=41&amp;feature_value=\u0160t\u011bp\u00e1n Dra\u0161\u0165\u00e1k\">\u0160t\u011bp\u00e1n Dra\u0161\u0165\u00e1k<\/span><br \/>\nMartin \"Skam\" Krej\u010d\u00ed<br \/>\nJan \"Arenoth\" Vohlidal<br \/>\nLadislava Pechov<span class=\"data-siloing\" title=\"Voir tous les jeux\" data-siloing=\"https:\/\/www.philibertnet.com\/fr\/recherche?feature=41&amp;feature_value=\u0160t\u011bp\u00e1n Dra\u0161\u0165\u00e1k\">\u00e1<\/span><br \/>\nD<span class=\"data-siloing\" title=\"Voir tous les jeux\" data-siloing=\"https:\/\/www.philibertnet.com\/fr\/recherche?feature=41&amp;feature_value=\u0160t\u011bp\u00e1n Dra\u0161\u0165\u00e1k\">\u00e1<\/span>vid Jablonovsky<\/span><span class=\"data-siloing\" title=\"Voir tous les jeux\" data-siloing=\"https:\/\/www.philibertnet.com\/fr\/recherche?feature=41&amp;feature_value=\u0160t\u011bp\u00e1n Dra\u0161\u0165\u00e1k\"><br \/>\n<\/span><\/p>\n<\/div>\n<\/div><\/div><\/div><div id=\"pgc-11173-1-2\"  class=\"panel-grid-cell\" ><div id=\"panel-11173-1-2-0\" class=\"so-panel widget widget_sow-editor panel-first-child panel-last-child\" data-index=\"5\" ><div\n\t\t\t\n\t\t\tclass=\"so-widget-sow-editor so-widget-sow-editor-base\"\n\t\t\t\n\t\t>\n<div class=\"siteorigin-widget-tinymce textwidget\">\n\t<p style=\"text-align: center;\"><strong>\u00c9dition :<\/strong><br \/>\nIello<br \/>\n2023<\/p>\n<\/div>\n<\/div><\/div><\/div><div id=\"pgc-11173-1-3\"  class=\"panel-grid-cell\" ><div id=\"panel-11173-1-3-0\" class=\"so-panel widget widget_sow-editor panel-first-child panel-last-child\" data-index=\"6\" ><div\n\t\t\t\n\t\t\tclass=\"so-widget-sow-editor so-widget-sow-editor-base\"\n\t\t\t\n\t\t>\n<div class=\"siteorigin-widget-tinymce textwidget\">\n\t<p style=\"text-align: center;\"><strong>Version :<\/strong><br \/>\nFran\u00e7aise<\/p>\n<\/div>\n<\/div><\/div><\/div><\/div><div id=\"pg-11173-2\"  class=\"panel-grid panel-no-style\" ><div id=\"pgc-11173-2-0\"  class=\"panel-grid-cell\" ><div id=\"panel-11173-2-0-0\" class=\"so-panel widget widget_sow-editor panel-first-child panel-last-child\" data-index=\"7\" ><div\n\t\t\t\n\t\t\tclass=\"so-widget-sow-editor so-widget-sow-editor-base\"\n\t\t\t\n\t\t>\n<div class=\"siteorigin-widget-tinymce textwidget\">\n\t<hr \/>\n<div><em>Une spectaculaire cit\u00e9 m\u00e9di\u00e9vale attend votre construction, mais les pr\u00eats soigneusement g\u00e9r\u00e9s seront-ils suffisants pour devancer vos rivaux ? Ne pr\u00e9f\u00e9reriez-vous pas disposer d'une richesse inou\u00efe pour construire des b\u00e2timents importants et dynamiser la ville imm\u00e9diatement ? Quel est le prix d'une telle extravagance, me direz-vous ? Oh rien de plus qu'un morceau de votre \u00e2me...<\/em><\/div>\n<div><em>Faites attention, cependant. D'autres pourraient remarquer que ce pr\u00e9cieux morceau de soi vous manque. D'ailleurs, certains cherchent \u00e0 punir une telle impudence ! Risque ou r\u00e9compense, c'est \u00e0 vous de choisir.<\/em><\/div>\n<div><\/div>\n<div>Pacte avec le Diable est un jeu \u00e0 r\u00f4le cach\u00e9s pour 4 joueurs exactement. 3 des joueurs sont en possession d'une \u00e2me mortelle, et le 4eme joueur - le diable - veut absolument mettre la main dessus.<\/div>\n<p>Le m\u00e9canisme d'\u00e9change pilot\u00e9 par application permet de garder vos transactions secr\u00e8tes.<\/p>\n<p>Faites des \u00e9changes judicieux pour obtenir les ressources n\u00e9cessaires \u00e0 l'am\u00e9lioration de votre royaume.<\/p>\n<p>Allez-vous mettre votre \u00e2me \u00e0 nu devant l'Inquisition, ou pr\u00e9f\u00e8rerez-vous la vendre pour ensuite acheter votre pardon ?<\/p>\n<p>Dans ce jeu fait d'emb\u00fbches et de tentations, le gagnant sera celui qui saura faire ls meilleures affaires.<\/p>\n<\/div>\n<\/div><\/div><\/div><\/div><div id=\"pg-11173-3\"  class=\"panel-grid panel-no-style\" ><div id=\"pgc-11173-3-0\"  class=\"panel-grid-cell\" ><div id=\"panel-11173-3-0-0\" class=\"so-panel widget widget_sow-editor panel-first-child panel-last-child\" data-index=\"8\" ><div\n\t\t\t\n\t\t\tclass=\"so-widget-sow-editor so-widget-sow-editor-base\"\n\t\t\t\n\t\t>\n<div class=\"siteorigin-widget-tinymce textwidget\">\n\t<hr \/>\n<h3 style=\"text-align: center;\">En vid\u00e9o<\/h3>\n<p><a href=\"https:\/\/www.youtube.com\/watch?v=5DBXKAzetZg&amp;t=8s&amp;ab_channel=IELLO_France\" target=\"_blank\" rel=\"noopener\"><img loading=\"lazy\" decoding=\"async\" class=\"alignnone size-full wp-image-9090\" src=\"https:\/\/meeplendice.net\/wp-content\/uploads\/2022\/01\/Link_CJ_v2.png\" alt=\"\" width=\"200\" height=\"170\" \/><\/a><\/p>\n<\/div>\n<\/div><\/div><\/div><\/div><div id=\"pg-11173-4\"  class=\"panel-grid panel-no-style\" ><div id=\"pgc-11173-4-0\"  class=\"panel-grid-cell\" ><div id=\"panel-11173-4-0-0\" class=\"so-panel widget widget_sow-editor panel-first-child panel-last-child\" data-index=\"9\" ><div\n\t\t\t\n\t\t\tclass=\"so-widget-sow-editor so-widget-sow-editor-base\"\n\t\t\t\n\t\t>\n<div class=\"siteorigin-widget-tinymce textwidget\">\n\t<hr \/>\n<h3 style=\"text-align: center;\">Pour aller plus loin<\/h3>\n<\/div>\n<\/div><\/div><\/div><\/div><\/div>","protected":false},"excerpt":{"rendered":"<p>Nombre de joueurs : 4 &#8211; 4 Dur\u00e9e moyenne : 120 min Age : 14 ans et plus Auteur(s) : Mat\u00fa\u0161 Kotry Illustrations : David Cochard \u0160t\u011bp\u00e1n Dra\u0161\u0165\u00e1k Martin \u00ab\u00a0Skam\u00a0\u00bb Krej\u010d\u00ed Jan \u00ab\u00a0Arenoth\u00a0\u00bb Vohlidal Ladislava Pechov\u00e1 D\u00e1vid Jablonovsky \u00c9dition : Iello 2023 Version : Fran\u00e7aise<\/p>\n","protected":false},"author":2,"featured_media":11143,"parent":0,"menu_order":0,"comment_status":"closed","ping_status":"closed","template":"","meta":{"footnotes":""},"class_list":["post-11173","page","type-page","status-publish","has-post-thumbnail","hentry"],"acf":[],"rttpg_featured_image_url":{"full":["https:\/\/meeplendice.net\/wp-content\/uploads\/2023\/09\/Pactediable.png",350,350,false],"landscape":["https:\/\/meeplendice.net\/wp-content\/uploads\/2023\/09\/Pactediable.png",350,350,false],"portraits":["https:\/\/meeplendice.net\/wp-content\/uploads\/2023\/09\/Pactediable.png",350,350,false],"thumbnail":["https:\/\/meeplendice.net\/wp-content\/uploads\/2023\/09\/Pactediable-150x150.png",150,150,true],"medium":["https:\/\/meeplendice.net\/wp-content\/uploads\/2023\/09\/Pactediable-300x300.png",300,300,true],"large":["https:\/\/meeplendice.net\/wp-content\/uploads\/2023\/09\/Pactediable.png",350,350,false],"ug_big":["https:\/\/meeplendice.net\/wp-content\/uploads\/2023\/09\/Pactediable.png",350,350,false],"1536x1536":["https:\/\/meeplendice.net\/wp-content\/uploads\/2023\/09\/Pactediable.png",350,350,false],"2048x2048":["https:\/\/meeplendice.net\/wp-content\/uploads\/2023\/09\/Pactediable.png",350,350,false],"ashe-slider-grid-thumbnail":["https:\/\/meeplendice.net\/wp-content\/uploads\/2023\/09\/Pactediable.png",350,350,false],"ashe-full-thumbnail":["https:\/\/meeplendice.net\/wp-content\/uploads\/2023\/09\/Pactediable.png",350,350,false],"ashe-grid-thumbnail":["https:\/\/meeplendice.net\/wp-content\/uploads\/2023\/09\/Pactediable-350x330.png",350,330,true],"ashe-list-thumbnail":["https:\/\/meeplendice.net\/wp-content\/uploads\/2023\/09\/Pactediable-300x300.png",300,300,true],"ashe-single-navigation":["https:\/\/meeplendice.net\/wp-content\/uploads\/2023\/09\/Pactediable-75x75.png",75,75,true],"mailpoet_newsletter_max":["https:\/\/meeplendice.net\/wp-content\/uploads\/2023\/09\/Pactediable.png",350,350,false],"rpwe-thumbnail":["https:\/\/meeplendice.net\/wp-content\/uploads\/2023\/09\/Pactediable-45x45.png",45,45,true],"sow-carousel-default":["https:\/\/meeplendice.net\/wp-content\/uploads\/2023\/09\/Pactediable-272x182.png",272,182,true],"rt_custom":["https:\/\/meeplendice.net\/wp-content\/uploads\/2023\/09\/Pactediable.png",350,350,false]},"rttpg_author":{"display_name":"Karnby","author_link":"https:\/\/meeplendice.net\/?author=2"},"rttpg_comment":0,"rttpg_category":null,"rttpg_excerpt":"Nombre de joueurs : 4 - 4 Dur\u00e9e moyenne : 120 min Age : 14 ans et plus Auteur(s) : Mat\u00fa\u0161 Kotry Illustrations : David Cochard \u0160t\u011bp\u00e1n Dra\u0161\u0165\u00e1k Martin \"Skam\" Krej\u010d\u00ed Jan \"Arenoth\" Vohlidal Ladislava Pechov\u00e1 D\u00e1vid Jablonovsky \u00c9dition : Iello 2023 Version : Fran\u00e7aise","_links":{"self":[{"href":"https:\/\/meeplendice.net\/index.php?rest_route=\/wp\/v2\/pages\/11173","targetHints":{"allow":["GET"]}}],"collection":[{"href":"https:\/\/meeplendice.net\/index.php?rest_route=\/wp\/v2\/pages"}],"about":[{"href":"https:\/\/meeplendice.net\/index.php?rest_route=\/wp\/v2\/types\/page"}],"author":[{"embeddable":true,"href":"https:\/\/meeplendice.net\/index.php?rest_route=\/wp\/v2\/users\/2"}],"replies":[{"embeddable":true,"href":"https:\/\/meeplendice.net\/index.php?rest_route=%2Fwp%2Fv2%2Fcomments&post=11173"}],"version-history":[{"count":6,"href":"https:\/\/meeplendice.net\/index.php?rest_route=\/wp\/v2\/pages\/11173\/revisions"}],"predecessor-version":[{"id":11233,"href":"https:\/\/meeplendice.net\/index.php?rest_route=\/wp\/v2\/pages\/11173\/revisions\/11233"}],"wp:featuredmedia":[{"embeddable":true,"href":"https:\/\/meeplendice.net\/index.php?rest_route=\/wp\/v2\/media\/11143"}],"wp:attachment":[{"href":"https:\/\/meeplendice.net\/index.php?rest_route=%2Fwp%2Fv2%2Fmedia&parent=11173"}],"curies":[{"name":"wp","href":"https:\/\/api.w.org\/{rel}","templated":true}]}}