{"id":11177,"date":"2023-09-02T17:57:09","date_gmt":"2023-09-02T16:57:09","guid":{"rendered":"https:\/\/meeplendice.net\/?page_id=11177"},"modified":"2023-09-02T22:19:41","modified_gmt":"2023-09-02T21:19:41","slug":"eriantys-2","status":"publish","type":"page","link":"https:\/\/meeplendice.net\/?page_id=11177","title":{"rendered":"Eriantys"},"content":{"rendered":"<div id=\"pl-11177\"  class=\"panel-layout\" ><div id=\"pg-11177-0\"  class=\"panel-grid panel-no-style\" ><div id=\"pgc-11177-0-0\"  class=\"panel-grid-cell\" ><div id=\"panel-11177-0-0-0\" class=\"so-panel widget widget_sow-editor panel-first-child panel-last-child\" data-index=\"0\" ><div\n\t\t\t\n\t\t\tclass=\"so-widget-sow-editor so-widget-sow-editor-base\"\n\t\t\t\n\t\t>\n<div class=\"siteorigin-widget-tinymce textwidget\">\n\t<p style=\"text-align: center;\"><strong>Nombre de joueurs :<\/strong><br \/>\n2 - 4<\/p>\n<\/div>\n<\/div><\/div><\/div><div id=\"pgc-11177-0-1\"  class=\"panel-grid-cell\" ><div id=\"panel-11177-0-1-0\" class=\"so-panel widget widget_sow-editor panel-first-child panel-last-child\" data-index=\"1\" ><div\n\t\t\t\n\t\t\tclass=\"so-widget-sow-editor so-widget-sow-editor-base\"\n\t\t\t\n\t\t>\n<div class=\"siteorigin-widget-tinymce textwidget\">\n\t<p style=\"text-align: center;\"><strong>Dur\u00e9e moyenne :<\/strong><br \/>\n30 min<\/p>\n<\/div>\n<\/div><\/div><\/div><div id=\"pgc-11177-0-2\"  class=\"panel-grid-cell\" ><div id=\"panel-11177-0-2-0\" class=\"so-panel widget widget_sow-editor panel-first-child panel-last-child\" data-index=\"2\" ><div\n\t\t\t\n\t\t\tclass=\"so-widget-sow-editor so-widget-sow-editor-base\"\n\t\t\t\n\t\t>\n<div class=\"siteorigin-widget-tinymce textwidget\">\n\t<p style=\"text-align: center;\"><strong>Age :<\/strong><br \/>\n8 ans et plus<\/p>\n<\/div>\n<\/div><\/div><\/div><\/div><div id=\"pg-11177-1\"  class=\"panel-grid panel-no-style\" ><div id=\"pgc-11177-1-0\"  class=\"panel-grid-cell\" ><div id=\"panel-11177-1-0-0\" class=\"so-panel widget widget_sow-editor panel-first-child panel-last-child\" data-index=\"3\" ><div\n\t\t\t\n\t\t\tclass=\"so-widget-sow-editor so-widget-sow-editor-base\"\n\t\t\t\n\t\t>\n<div class=\"siteorigin-widget-tinymce textwidget\">\n\t<p style=\"text-align: center;\"><strong>Auteur(s) :<br \/>\n<\/strong><span class=\"data-siloing\" title=\"D\u00e9couvrez tous ces jeux\" data-siloing=\"https:\/\/www.philibertnet.com\/fr\/recherche?feature=31&amp;feature_value=Leo Colovini\">Leo Colovini<\/span><\/p>\n<\/div>\n<\/div><\/div><\/div><div id=\"pgc-11177-1-1\"  class=\"panel-grid-cell\" ><div id=\"panel-11177-1-1-0\" class=\"so-panel widget widget_sow-editor panel-first-child panel-last-child\" data-index=\"4\" ><div\n\t\t\t\n\t\t\tclass=\"so-widget-sow-editor so-widget-sow-editor-base\"\n\t\t\t\n\t\t>\n<div class=\"siteorigin-widget-tinymce textwidget\">\n\t<p style=\"text-align: center;\"><strong>Illustrations :<\/strong><br \/>\n<span class=\"data-siloing\" title=\"D\u00e9couvrez tous ces jeux\" data-siloing=\"https:\/\/www.philibertnet.com\/fr\/recherche?feature=41&amp;feature_value=Alessandro Costa\">Alessandro Costa Kapakkione<\/span><\/p>\n<\/div>\n<\/div><\/div><\/div><div id=\"pgc-11177-1-2\"  class=\"panel-grid-cell\" ><div id=\"panel-11177-1-2-0\" class=\"so-panel widget widget_sow-editor panel-first-child panel-last-child\" data-index=\"5\" ><div\n\t\t\t\n\t\t\tclass=\"so-widget-sow-editor so-widget-sow-editor-base\"\n\t\t\t\n\t\t>\n<div class=\"siteorigin-widget-tinymce textwidget\">\n\t<p style=\"text-align: center;\"><strong>\u00c9dition :<\/strong><br \/>\nIello<br \/>\n2022<\/p>\n<\/div>\n<\/div><\/div><\/div><div id=\"pgc-11177-1-3\"  class=\"panel-grid-cell\" ><div id=\"panel-11177-1-3-0\" class=\"so-panel widget widget_sow-editor panel-first-child panel-last-child\" data-index=\"6\" ><div\n\t\t\t\n\t\t\tclass=\"so-widget-sow-editor so-widget-sow-editor-base\"\n\t\t\t\n\t\t>\n<div class=\"siteorigin-widget-tinymce textwidget\">\n\t<p style=\"text-align: center;\"><strong>Version :<\/strong><br \/>\nFran\u00e7aise<\/p>\n<\/div>\n<\/div><\/div><\/div><\/div><div id=\"pg-11177-2\"  class=\"panel-grid panel-no-style\" ><div id=\"pgc-11177-2-0\"  class=\"panel-grid-cell\" ><div id=\"panel-11177-2-0-0\" class=\"so-panel widget widget_sow-editor panel-first-child panel-last-child\" data-index=\"7\" ><div\n\t\t\t\n\t\t\tclass=\"so-widget-sow-editor so-widget-sow-editor-base\"\n\t\t\t\n\t\t>\n<div class=\"siteorigin-widget-tinymce textwidget\">\n\t<hr \/>\n<p><em>Au c\u0153ur de la blancheur duveteuse, il y a tout un monde constitu\u00e9 de petites \u00eeles flottantes cach\u00e9es entre les cumulus. Celles-ci abritent de grandes \u00e9coles pour les jeunes cr\u00e9atures magiques des cinq royaumes : les mignons petits dragons rouges, les f\u00e9es toutes roses particuli\u00e8rement maladroites, les gnomes jaunes souvent rancuniers, les petites licornes bleues et les grenouilles vertes qui r\u00eavent de devenir princes. Tous se pressent aux portes des \u00e9coles dans l'espoir d'\u00eatre admis dans la grande salle commune et de pouvoir enfin profiter de l'enseignement des plus c\u00e9l\u00e8bres professeurs de leur royaume.<br \/>\nPrenez la t\u00eate de l'une des quatre grandes \u00e9coles d'Eriantys et d\u00e9fiez les autres sorciers afin d'accroitre votre renomm\u00e9e !<\/em><\/p>\n<div>Dans <em>Eriantys<\/em>, un jeu plein de strat\u00e9gie, de tactique et de rebondissements, vous dirigez l'une de ces quatre grandes \u00e9coles et entrez en comp\u00e9tition avec d'autres sorciers pour accro\u00eetre votre renomm\u00e9e ! Planifiez soigneusement vos mouvements et essayez de contr\u00f4ler ceux de vos adversaires. \u00c0 votre tour, jouez une carte, placez trois \u00e9l\u00e8ves et faites avancer M\u00e8re Nature d'un certain nombre de pas sur les \u00eeles. L'\u00eele sur laquelle m\u00e8re nature atterrit est \u00e9valu\u00e9e, et celui qui la contr\u00f4le peut \u00e9riger une de ses propres tours, et \u00e9ventuellement prendre le contr\u00f4le \u00e0 un adversaire. De plus, les \u00eeles adjacentes contr\u00f4l\u00e9es par le m\u00eame joueur peuvent fusionner avec celle-ci.<\/div>\n<div><\/div>\n<div>Le jeu se termine s'il ne reste que trois \u00eeles, si les \u00e9l\u00e8ves sont \u00e9puis\u00e9s ou si un joueur construit toutes ses tours. \u00c0 ce moment-l\u00e0, le joueur qui a construit le plus de tours gagne.<\/div>\n<div><\/div>\n<div>Avec trois modes de jeu diff\u00e9rents, dont le jeu en \u00e9quipe, <em>Eriantys<\/em> propose toujours des jeux diff\u00e9rents et int\u00e9ressants. En outre, si vous jouez avec la version expert, vous pouvez utiliser les comp\u00e9tences fantastiques des personnages sp\u00e9ciaux ; chacun d'entre eux ajoute de nombreuses possibilit\u00e9s, enrichissant le plaisir et la beaut\u00e9 du d\u00e9fi.<\/div>\n<p>.<\/p>\n<\/div>\n<\/div><\/div><\/div><\/div><div id=\"pg-11177-3\"  class=\"panel-grid panel-no-style\" ><div id=\"pgc-11177-3-0\"  class=\"panel-grid-cell\" ><div id=\"panel-11177-3-0-0\" class=\"so-panel widget widget_sow-editor panel-first-child panel-last-child\" data-index=\"8\" ><div\n\t\t\t\n\t\t\tclass=\"so-widget-sow-editor so-widget-sow-editor-base\"\n\t\t\t\n\t\t>\n<div class=\"siteorigin-widget-tinymce textwidget\">\n\t<hr \/>\n<h3 style=\"text-align: center;\">En vid\u00e9o<\/h3>\n<p><a href=\"https:\/\/www.youtube.com\/watch?v=D697mVk_ZtA&amp;embeds_referring_euri=https%3A%2F%2Fwww.philibertnet.com%2F&amp;source_ve_path=OTY3MTQ&amp;feature=emb_imp_woyt&amp;ab_channel=IELLO_France\" target=\"_blank\" rel=\"noopener\"><img loading=\"lazy\" decoding=\"async\" class=\"alignnone size-full wp-image-9090\" src=\"https:\/\/meeplendice.net\/wp-content\/uploads\/2022\/01\/Link_CJ_v2.png\" alt=\"\" width=\"200\" height=\"170\" \/><\/a><\/p>\n<\/div>\n<\/div><\/div><\/div><\/div><div id=\"pg-11177-4\"  class=\"panel-grid panel-no-style\" ><div id=\"pgc-11177-4-0\"  class=\"panel-grid-cell\" ><div id=\"panel-11177-4-0-0\" class=\"so-panel widget widget_sow-editor panel-first-child panel-last-child\" data-index=\"9\" ><div\n\t\t\t\n\t\t\tclass=\"so-widget-sow-editor so-widget-sow-editor-base\"\n\t\t\t\n\t\t>\n<div class=\"siteorigin-widget-tinymce textwidget\">\n\t<hr \/>\n<h3 style=\"text-align: center;\">Pour aller plus loin<\/h3>\n<\/div>\n<\/div><\/div><\/div><\/div><\/div>","protected":false},"excerpt":{"rendered":"<p>Nombre de joueurs : 2 &#8211; 4 Dur\u00e9e moyenne : 30 min Age : 8 ans et plus Auteur(s) : Leo Colovini Illustrations : Alessandro Costa Kapakkione \u00c9dition : Iello 2022 Version : Fran\u00e7aise<\/p>\n","protected":false},"author":2,"featured_media":11141,"parent":0,"menu_order":0,"comment_status":"closed","ping_status":"closed","template":"","meta":{"footnotes":""},"class_list":["post-11177","page","type-page","status-publish","has-post-thumbnail","hentry"],"acf":[],"rttpg_featured_image_url":{"full":["https:\/\/meeplendice.net\/wp-content\/uploads\/2023\/09\/Eriantys.png",350,350,false],"landscape":["https:\/\/meeplendice.net\/wp-content\/uploads\/2023\/09\/Eriantys.png",350,350,false],"portraits":["https:\/\/meeplendice.net\/wp-content\/uploads\/2023\/09\/Eriantys.png",350,350,false],"thumbnail":["https:\/\/meeplendice.net\/wp-content\/uploads\/2023\/09\/Eriantys-150x150.png",150,150,true],"medium":["https:\/\/meeplendice.net\/wp-content\/uploads\/2023\/09\/Eriantys-300x300.png",300,300,true],"large":["https:\/\/meeplendice.net\/wp-content\/uploads\/2023\/09\/Eriantys.png",350,350,false],"ug_big":["https:\/\/meeplendice.net\/wp-content\/uploads\/2023\/09\/Eriantys.png",350,350,false],"1536x1536":["https:\/\/meeplendice.net\/wp-content\/uploads\/2023\/09\/Eriantys.png",350,350,false],"2048x2048":["https:\/\/meeplendice.net\/wp-content\/uploads\/2023\/09\/Eriantys.png",350,350,false],"ashe-slider-grid-thumbnail":["https:\/\/meeplendice.net\/wp-content\/uploads\/2023\/09\/Eriantys.png",350,350,false],"ashe-full-thumbnail":["https:\/\/meeplendice.net\/wp-content\/uploads\/2023\/09\/Eriantys.png",350,350,false],"ashe-grid-thumbnail":["https:\/\/meeplendice.net\/wp-content\/uploads\/2023\/09\/Eriantys-350x330.png",350,330,true],"ashe-list-thumbnail":["https:\/\/meeplendice.net\/wp-content\/uploads\/2023\/09\/Eriantys-300x300.png",300,300,true],"ashe-single-navigation":["https:\/\/meeplendice.net\/wp-content\/uploads\/2023\/09\/Eriantys-75x75.png",75,75,true],"mailpoet_newsletter_max":["https:\/\/meeplendice.net\/wp-content\/uploads\/2023\/09\/Eriantys.png",350,350,false],"rpwe-thumbnail":["https:\/\/meeplendice.net\/wp-content\/uploads\/2023\/09\/Eriantys-45x45.png",45,45,true],"sow-carousel-default":["https:\/\/meeplendice.net\/wp-content\/uploads\/2023\/09\/Eriantys-272x182.png",272,182,true],"rt_custom":["https:\/\/meeplendice.net\/wp-content\/uploads\/2023\/09\/Eriantys.png",350,350,false]},"rttpg_author":{"display_name":"Karnby","author_link":"https:\/\/meeplendice.net\/?author=2"},"rttpg_comment":0,"rttpg_category":null,"rttpg_excerpt":"Nombre de joueurs : 2 - 4 Dur\u00e9e moyenne : 30 min Age : 8 ans et plus Auteur(s) : Leo Colovini Illustrations : Alessandro Costa Kapakkione \u00c9dition : Iello 2022 Version : Fran\u00e7aise","_links":{"self":[{"href":"https:\/\/meeplendice.net\/index.php?rest_route=\/wp\/v2\/pages\/11177","targetHints":{"allow":["GET"]}}],"collection":[{"href":"https:\/\/meeplendice.net\/index.php?rest_route=\/wp\/v2\/pages"}],"about":[{"href":"https:\/\/meeplendice.net\/index.php?rest_route=\/wp\/v2\/types\/page"}],"author":[{"embeddable":true,"href":"https:\/\/meeplendice.net\/index.php?rest_route=\/wp\/v2\/users\/2"}],"replies":[{"embeddable":true,"href":"https:\/\/meeplendice.net\/index.php?rest_route=%2Fwp%2Fv2%2Fcomments&post=11177"}],"version-history":[{"count":3,"href":"https:\/\/meeplendice.net\/index.php?rest_route=\/wp\/v2\/pages\/11177\/revisions"}],"predecessor-version":[{"id":11213,"href":"https:\/\/meeplendice.net\/index.php?rest_route=\/wp\/v2\/pages\/11177\/revisions\/11213"}],"wp:featuredmedia":[{"embeddable":true,"href":"https:\/\/meeplendice.net\/index.php?rest_route=\/wp\/v2\/media\/11141"}],"wp:attachment":[{"href":"https:\/\/meeplendice.net\/index.php?rest_route=%2Fwp%2Fv2%2Fmedia&parent=11177"}],"curies":[{"name":"wp","href":"https:\/\/api.w.org\/{rel}","templated":true}]}}