{"id":11179,"date":"2023-09-02T17:58:00","date_gmt":"2023-09-02T16:58:00","guid":{"rendered":"https:\/\/meeplendice.net\/?page_id=11179"},"modified":"2023-09-02T22:07:53","modified_gmt":"2023-09-02T21:07:53","slug":"tisseurs-de-reves","status":"publish","type":"page","link":"https:\/\/meeplendice.net\/?page_id=11179","title":{"rendered":"Tisseurs de r\u00eaves"},"content":{"rendered":"<div id=\"pl-11179\"  class=\"panel-layout\" ><div id=\"pg-11179-0\"  class=\"panel-grid panel-no-style\" ><div id=\"pgc-11179-0-0\"  class=\"panel-grid-cell\" ><div id=\"panel-11179-0-0-0\" class=\"so-panel widget widget_sow-editor panel-first-child panel-last-child\" data-index=\"0\" ><div\n\t\t\t\n\t\t\tclass=\"so-widget-sow-editor so-widget-sow-editor-base\"\n\t\t\t\n\t\t>\n<div class=\"siteorigin-widget-tinymce textwidget\">\n\t<p style=\"text-align: center;\"><strong>Nombre de joueurs :<\/strong><br \/>\n2 - 4<\/p>\n<\/div>\n<\/div><\/div><\/div><div id=\"pgc-11179-0-1\"  class=\"panel-grid-cell\" ><div id=\"panel-11179-0-1-0\" class=\"so-panel widget widget_sow-editor panel-first-child panel-last-child\" data-index=\"1\" ><div\n\t\t\t\n\t\t\tclass=\"so-widget-sow-editor so-widget-sow-editor-base\"\n\t\t\t\n\t\t>\n<div class=\"siteorigin-widget-tinymce textwidget\">\n\t<p style=\"text-align: center;\"><strong>Dur\u00e9e moyenne :<\/strong><br \/>\n45 min<\/p>\n<\/div>\n<\/div><\/div><\/div><div id=\"pgc-11179-0-2\"  class=\"panel-grid-cell\" ><div id=\"panel-11179-0-2-0\" class=\"so-panel widget widget_sow-editor panel-first-child panel-last-child\" data-index=\"2\" ><div\n\t\t\t\n\t\t\tclass=\"so-widget-sow-editor so-widget-sow-editor-base\"\n\t\t\t\n\t\t>\n<div class=\"siteorigin-widget-tinymce textwidget\">\n\t<p style=\"text-align: center;\"><strong>Age :<\/strong><br \/>\n10 ans et plus<\/p>\n<\/div>\n<\/div><\/div><\/div><\/div><div id=\"pg-11179-1\"  class=\"panel-grid panel-no-style\" ><div id=\"pgc-11179-1-0\"  class=\"panel-grid-cell\" ><div id=\"panel-11179-1-0-0\" class=\"so-panel widget widget_sow-editor panel-first-child panel-last-child\" data-index=\"3\" ><div\n\t\t\t\n\t\t\tclass=\"so-widget-sow-editor so-widget-sow-editor-base\"\n\t\t\t\n\t\t>\n<div class=\"siteorigin-widget-tinymce textwidget\">\n\t<p style=\"text-align: center;\"><strong>Auteur(s) :<br \/>\n<\/strong><span class=\"data-siloing\" title=\"D\u00e9couvrez tous ces jeux\" data-siloing=\"https:\/\/www.philibertnet.com\/fr\/recherche?feature=31&amp;feature_value=Konstantin Domashev\">Konstantin Domashev<\/span><\/p>\n<\/div>\n<\/div><\/div><\/div><div id=\"pgc-11179-1-1\"  class=\"panel-grid-cell\" ><div id=\"panel-11179-1-1-0\" class=\"so-panel widget widget_sow-editor panel-first-child panel-last-child\" data-index=\"4\" ><div\n\t\t\t\n\t\t\tclass=\"so-widget-sow-editor so-widget-sow-editor-base\"\n\t\t\t\n\t\t>\n<div class=\"siteorigin-widget-tinymce textwidget\">\n\t<p style=\"text-align: center;\"><strong>Illustrations :<\/strong><br \/>\n<span class=\"data-siloing\" title=\"D\u00e9couvrez tous ces jeux\" data-siloing=\"https:\/\/www.philibertnet.com\/fr\/recherche?feature=41&amp;feature_value=Faina Khamidullina\">Faina Khamidullina<\/span><\/p>\n<\/div>\n<\/div><\/div><\/div><div id=\"pgc-11179-1-2\"  class=\"panel-grid-cell\" ><div id=\"panel-11179-1-2-0\" class=\"so-panel widget widget_sow-editor panel-first-child panel-last-child\" data-index=\"5\" ><div\n\t\t\t\n\t\t\tclass=\"so-widget-sow-editor so-widget-sow-editor-base\"\n\t\t\t\n\t\t>\n<div class=\"siteorigin-widget-tinymce textwidget\">\n\t<p style=\"text-align: center;\"><strong>\u00c9dition :<\/strong><br \/>\n<span class=\"data-siloing\" data-siloing=\"\n\n                                                            https:\/\/www.philibertnet.com\/fr\/1411_don-t-panic-games\n\n                            \">Don't Panic Games <\/span><br \/>\n2022<\/p>\n<\/div>\n<\/div><\/div><\/div><div id=\"pgc-11179-1-3\"  class=\"panel-grid-cell\" ><div id=\"panel-11179-1-3-0\" class=\"so-panel widget widget_sow-editor panel-first-child panel-last-child\" data-index=\"6\" ><div\n\t\t\t\n\t\t\tclass=\"so-widget-sow-editor so-widget-sow-editor-base\"\n\t\t\t\n\t\t>\n<div class=\"siteorigin-widget-tinymce textwidget\">\n\t<p style=\"text-align: center;\"><strong>Version :<\/strong><br \/>\nFran\u00e7aise<\/p>\n<\/div>\n<\/div><\/div><\/div><\/div><div id=\"pg-11179-2\"  class=\"panel-grid panel-no-style\" ><div id=\"pgc-11179-2-0\"  class=\"panel-grid-cell\" ><div id=\"panel-11179-2-0-0\" class=\"so-panel widget widget_sow-editor panel-first-child panel-last-child\" data-index=\"7\" ><div\n\t\t\t\n\t\t\tclass=\"so-widget-sow-editor so-widget-sow-editor-base\"\n\t\t\t\n\t\t>\n<div class=\"siteorigin-widget-tinymce textwidget\">\n\t<hr \/>\n<p><em>\"Un r\u00eave sans \u00e9toiles est un r\u00eave oubli\u00e9e.\" - Paul Eluard.<\/em><\/p>\n<p><em>Le Marchand de sable a disparu et plus personne ne peut r\u00eaver. Avec l'aide des Tisseurs de R\u00eaves, vous allez devoir cr\u00e9er vous-m\u00eame les r\u00eaves en son absence et prouver que vous $\u00eates le meilleur de ses assistants !<\/em><\/p>\n<p>Le Marchand de Sable a disparu, laissant ainsi nos nuits sans songes. Aidez les Tisseurs de r\u00eaves \u00e0 les reconstruire au mieux, et r\u00e9tablir ainsi l\u2019\u00e9quilibre nocturne :<\/p>\n<div>\n<ul>\n<li>R\u00e9cup\u00e9rez les \u00e9l\u00e9ments oniriques et agencez-les selon leurs attributs dans votre zone de jeu, chaque nouvelle strate multiplie vos points.<\/li>\n<li>G\u00eanez vos adversaires en d\u00e9pla\u00e7ant astucieusement les Tisseurs tout en g\u00e9rant vos ressources pour optimiser votre score final !<\/li>\n<\/ul>\n<\/div>\n<\/div>\n<\/div><\/div><\/div><\/div><div id=\"pg-11179-3\"  class=\"panel-grid panel-no-style\" ><div id=\"pgc-11179-3-0\"  class=\"panel-grid-cell\" ><div id=\"panel-11179-3-0-0\" class=\"so-panel widget widget_sow-editor panel-first-child panel-last-child\" data-index=\"8\" ><div\n\t\t\t\n\t\t\tclass=\"so-widget-sow-editor so-widget-sow-editor-base\"\n\t\t\t\n\t\t>\n<div class=\"siteorigin-widget-tinymce textwidget\">\n\t<hr \/>\n<h3 style=\"text-align: center;\">En vid\u00e9o<\/h3>\n<p><a href=\"https:\/\/www.youtube.com\/watch?v=c1DNQNN7DQw&amp;ab_channel=expliquemoica\" target=\"_blank\" rel=\"noopener\"><img loading=\"lazy\" decoding=\"async\" class=\"alignnone size-full wp-image-9090\" src=\"https:\/\/meeplendice.net\/wp-content\/uploads\/2022\/01\/Link_CJ_v2.png\" alt=\"\" width=\"200\" height=\"170\" \/><\/a><\/p>\n<\/div>\n<\/div><\/div><\/div><\/div><div id=\"pg-11179-4\"  class=\"panel-grid panel-no-style\" ><div id=\"pgc-11179-4-0\"  class=\"panel-grid-cell\" ><div id=\"panel-11179-4-0-0\" class=\"so-panel widget widget_sow-editor panel-first-child panel-last-child\" data-index=\"9\" ><div\n\t\t\t\n\t\t\tclass=\"so-widget-sow-editor so-widget-sow-editor-base\"\n\t\t\t\n\t\t>\n<div class=\"siteorigin-widget-tinymce textwidget\">\n\t<hr \/>\n<h3 style=\"text-align: center;\">Pour aller plus loin<\/h3>\n<\/div>\n<\/div><\/div><\/div><\/div><\/div>","protected":false},"excerpt":{"rendered":"<p>Nombre de joueurs : 2 &#8211; 4 Dur\u00e9e moyenne : 45 min Age : 10 ans et plus Auteur(s) : Konstantin Domashev Illustrations : Faina Khamidullina \u00c9dition : Don&rsquo;t Panic Games 2022 Version : Fran\u00e7aise<\/p>\n","protected":false},"author":2,"featured_media":11151,"parent":0,"menu_order":0,"comment_status":"closed","ping_status":"closed","template":"","meta":{"footnotes":""},"class_list":["post-11179","page","type-page","status-publish","has-post-thumbnail","hentry"],"acf":[],"rttpg_featured_image_url":{"full":["https:\/\/meeplendice.net\/wp-content\/uploads\/2023\/09\/Tisseursdereves.png",350,350,false],"landscape":["https:\/\/meeplendice.net\/wp-content\/uploads\/2023\/09\/Tisseursdereves.png",350,350,false],"portraits":["https:\/\/meeplendice.net\/wp-content\/uploads\/2023\/09\/Tisseursdereves.png",350,350,false],"thumbnail":["https:\/\/meeplendice.net\/wp-content\/uploads\/2023\/09\/Tisseursdereves-150x150.png",150,150,true],"medium":["https:\/\/meeplendice.net\/wp-content\/uploads\/2023\/09\/Tisseursdereves-300x300.png",300,300,true],"large":["https:\/\/meeplendice.net\/wp-content\/uploads\/2023\/09\/Tisseursdereves.png",350,350,false],"ug_big":["https:\/\/meeplendice.net\/wp-content\/uploads\/2023\/09\/Tisseursdereves.png",350,350,false],"1536x1536":["https:\/\/meeplendice.net\/wp-content\/uploads\/2023\/09\/Tisseursdereves.png",350,350,false],"2048x2048":["https:\/\/meeplendice.net\/wp-content\/uploads\/2023\/09\/Tisseursdereves.png",350,350,false],"ashe-slider-grid-thumbnail":["https:\/\/meeplendice.net\/wp-content\/uploads\/2023\/09\/Tisseursdereves.png",350,350,false],"ashe-full-thumbnail":["https:\/\/meeplendice.net\/wp-content\/uploads\/2023\/09\/Tisseursdereves.png",350,350,false],"ashe-grid-thumbnail":["https:\/\/meeplendice.net\/wp-content\/uploads\/2023\/09\/Tisseursdereves-350x330.png",350,330,true],"ashe-list-thumbnail":["https:\/\/meeplendice.net\/wp-content\/uploads\/2023\/09\/Tisseursdereves-300x300.png",300,300,true],"ashe-single-navigation":["https:\/\/meeplendice.net\/wp-content\/uploads\/2023\/09\/Tisseursdereves-75x75.png",75,75,true],"mailpoet_newsletter_max":["https:\/\/meeplendice.net\/wp-content\/uploads\/2023\/09\/Tisseursdereves.png",350,350,false],"rpwe-thumbnail":["https:\/\/meeplendice.net\/wp-content\/uploads\/2023\/09\/Tisseursdereves-45x45.png",45,45,true],"sow-carousel-default":["https:\/\/meeplendice.net\/wp-content\/uploads\/2023\/09\/Tisseursdereves-272x182.png",272,182,true],"rt_custom":["https:\/\/meeplendice.net\/wp-content\/uploads\/2023\/09\/Tisseursdereves.png",350,350,false]},"rttpg_author":{"display_name":"Karnby","author_link":"https:\/\/meeplendice.net\/?author=2"},"rttpg_comment":0,"rttpg_category":null,"rttpg_excerpt":"Nombre de joueurs : 2 - 4 Dur\u00e9e moyenne : 45 min Age : 10 ans et plus Auteur(s) : Konstantin Domashev Illustrations : Faina Khamidullina \u00c9dition : Don't Panic Games 2022 Version : Fran\u00e7aise","_links":{"self":[{"href":"https:\/\/meeplendice.net\/index.php?rest_route=\/wp\/v2\/pages\/11179","targetHints":{"allow":["GET"]}}],"collection":[{"href":"https:\/\/meeplendice.net\/index.php?rest_route=\/wp\/v2\/pages"}],"about":[{"href":"https:\/\/meeplendice.net\/index.php?rest_route=\/wp\/v2\/types\/page"}],"author":[{"embeddable":true,"href":"https:\/\/meeplendice.net\/index.php?rest_route=\/wp\/v2\/users\/2"}],"replies":[{"embeddable":true,"href":"https:\/\/meeplendice.net\/index.php?rest_route=%2Fwp%2Fv2%2Fcomments&post=11179"}],"version-history":[{"count":2,"href":"https:\/\/meeplendice.net\/index.php?rest_route=\/wp\/v2\/pages\/11179\/revisions"}],"predecessor-version":[{"id":11209,"href":"https:\/\/meeplendice.net\/index.php?rest_route=\/wp\/v2\/pages\/11179\/revisions\/11209"}],"wp:featuredmedia":[{"embeddable":true,"href":"https:\/\/meeplendice.net\/index.php?rest_route=\/wp\/v2\/media\/11151"}],"wp:attachment":[{"href":"https:\/\/meeplendice.net\/index.php?rest_route=%2Fwp%2Fv2%2Fmedia&parent=11179"}],"curies":[{"name":"wp","href":"https:\/\/api.w.org\/{rel}","templated":true}]}}