{"id":11182,"date":"2023-09-02T18:11:15","date_gmt":"2023-09-02T17:11:15","guid":{"rendered":"https:\/\/meeplendice.net\/?page_id=11182"},"modified":"2023-09-02T23:36:25","modified_gmt":"2023-09-02T22:36:25","slug":"bestioles-en-guerre-bobards-petards-et-mouchards","status":"publish","type":"page","link":"https:\/\/meeplendice.net\/?page_id=11182","title":{"rendered":"Bestioles en Guerre &#8211; Bobards, P\u00e9tards et Mouchards"},"content":{"rendered":"<div id=\"pl-11182\"  class=\"panel-layout\" ><div id=\"pg-11182-0\"  class=\"panel-grid panel-no-style\" ><div id=\"pgc-11182-0-0\"  class=\"panel-grid-cell\" ><div id=\"panel-11182-0-0-0\" class=\"so-panel widget widget_sow-editor panel-first-child panel-last-child\" data-index=\"0\" ><div\n\t\t\t\n\t\t\tclass=\"so-widget-sow-editor so-widget-sow-editor-base\"\n\t\t\t\n\t\t>\n<div class=\"siteorigin-widget-tinymce textwidget\">\n\t<p style=\"text-align: center;\"><strong>Nombre de joueurs :<\/strong><br \/>\n2 - 2<\/p>\n<\/div>\n<\/div><\/div><\/div><div id=\"pgc-11182-0-1\"  class=\"panel-grid-cell\" ><div id=\"panel-11182-0-1-0\" class=\"so-panel widget widget_sow-editor panel-first-child panel-last-child\" data-index=\"1\" ><div\n\t\t\t\n\t\t\tclass=\"so-widget-sow-editor so-widget-sow-editor-base\"\n\t\t\t\n\t\t>\n<div class=\"siteorigin-widget-tinymce textwidget\">\n\t<p style=\"text-align: center;\"><strong>Dur\u00e9e moyenne :<\/strong><br \/>\n20 min<\/p>\n<\/div>\n<\/div><\/div><\/div><div id=\"pgc-11182-0-2\"  class=\"panel-grid-cell\" ><div id=\"panel-11182-0-2-0\" class=\"so-panel widget widget_sow-editor panel-first-child panel-last-child\" data-index=\"2\" ><div\n\t\t\t\n\t\t\tclass=\"so-widget-sow-editor so-widget-sow-editor-base\"\n\t\t\t\n\t\t>\n<div class=\"siteorigin-widget-tinymce textwidget\">\n\t<p style=\"text-align: center;\"><strong>Age :<\/strong><br \/>\n10 ans et plus<\/p>\n<\/div>\n<\/div><\/div><\/div><\/div><div id=\"pg-11182-1\"  class=\"panel-grid panel-no-style\" ><div id=\"pgc-11182-1-0\"  class=\"panel-grid-cell\" ><div id=\"panel-11182-1-0-0\" class=\"so-panel widget widget_sow-editor panel-first-child panel-last-child\" data-index=\"3\" ><div\n\t\t\t\n\t\t\tclass=\"so-widget-sow-editor so-widget-sow-editor-base\"\n\t\t\t\n\t\t>\n<div class=\"siteorigin-widget-tinymce textwidget\">\n\t<p style=\"text-align: center;\"><strong>Auteur(s) :<br \/>\n<\/strong><span class=\"data-siloing\" title=\"Voir tous les jeux\" data-siloing=\"https:\/\/www.philibertnet.com\/fr\/recherche?feature=31&amp;feature_value=Corentin Lebrat\">Jon Perry<\/span><\/p>\n<\/div>\n<\/div><\/div><\/div><div id=\"pgc-11182-1-1\"  class=\"panel-grid-cell\" ><div id=\"panel-11182-1-1-0\" class=\"so-panel widget widget_sow-editor panel-first-child panel-last-child\" data-index=\"4\" ><div\n\t\t\t\n\t\t\tclass=\"so-widget-sow-editor so-widget-sow-editor-base\"\n\t\t\t\n\t\t>\n<div class=\"siteorigin-widget-tinymce textwidget\">\n\t<p style=\"text-align: center;\"><strong>Illustrations :<\/strong><br \/>\nDerek Laufman<\/p>\n<\/div>\n<\/div><\/div><\/div><div id=\"pgc-11182-1-2\"  class=\"panel-grid-cell\" ><div id=\"panel-11182-1-2-0\" class=\"so-panel widget widget_sow-editor panel-first-child panel-last-child\" data-index=\"5\" ><div\n\t\t\t\n\t\t\tclass=\"so-widget-sow-editor so-widget-sow-editor-base\"\n\t\t\t\n\t\t>\n<div class=\"siteorigin-widget-tinymce textwidget\">\n\t<p style=\"text-align: center;\"><strong>\u00c9dition :<\/strong><br \/>\nLucky Duck Games<br \/>\n2022<\/p>\n<\/div>\n<\/div><\/div><\/div><div id=\"pgc-11182-1-3\"  class=\"panel-grid-cell\" ><div id=\"panel-11182-1-3-0\" class=\"so-panel widget widget_sow-editor panel-first-child panel-last-child\" data-index=\"6\" ><div\n\t\t\t\n\t\t\tclass=\"so-widget-sow-editor so-widget-sow-editor-base\"\n\t\t\t\n\t\t>\n<div class=\"siteorigin-widget-tinymce textwidget\">\n\t<p style=\"text-align: center;\"><strong>Version :<\/strong><br \/>\nFran\u00e7aise<\/p>\n<\/div>\n<\/div><\/div><\/div><\/div><div id=\"pg-11182-2\"  class=\"panel-grid panel-no-style\" ><div id=\"pgc-11182-2-0\"  class=\"panel-grid-cell\" ><div id=\"panel-11182-2-0-0\" class=\"so-panel widget widget_sow-editor panel-first-child panel-last-child\" data-index=\"7\" ><div\n\t\t\t\n\t\t\tclass=\"so-widget-sow-editor so-widget-sow-editor-base\"\n\t\t\t\n\t\t>\n<div class=\"siteorigin-widget-tinymce textwidget\">\n\t<hr \/>\n<p><em>La guerre fait rage !<\/em><\/p>\n<p><em>Pourtant, certains combats doivent \u00eatre men\u00e9s loin des lignes de front. Recrutez les meilleurs espions, faites tourner les usines \u00e0 plein r\u00e9gime et prenez la main sur les n\u00e9gociations. Seul un dirigeant de g\u00e9nie pourra remporter la victoire !<\/em><\/p>\n<p>Dans Bestioles en Guerre, 2 strat\u00e8ges d\u00e9ploient habilement leurs cartes pour prendre le contr\u00f4le de th\u00e9\u00e2tres d'op\u00e9rations militaires au cours de plusieurs batailles.<br \/>\nObtenez le plus de Point de Victoire pour remporter la guerre !<\/p>\n<div>Jouable de mani\u00e8re autonome ou en combinaison avec <span class=\"ng-binding\">Air, Land &amp; Sea:<\/span>Bestioles en Guerre.<\/div>\n<div>\n<p>De nouvelles capacit\u00e9s de cartes pour une exp\u00e9rience de jeu in\u00e9dite.<\/p>\n<p>Des parties sans cesse renouvel\u00e9es gr\u00e2ce \u00e0 trois modes de jeu diff\u00e9rents !<\/p>\n<ul>\n<li>Mode Normal ind\u00e9pendant : utilisez uniquement les cartes d\u2019une m\u00eame bo\u00eete.<\/li>\n<li>Mode Standard : affrontez-vous dans 3 Th\u00e9\u00e2tres issus des deux bo\u00eetes de Bestioles en Guerre, en utilisant les cartes Bataille correspondantes.<\/li>\n<li>Mode \u00c9pique : d\u00e9ployez vos 10 cartes dans 5 Th\u00e9\u00e2tres lors de parties en 6 PV.<\/li>\n<\/ul>\n<\/div>\n<p>&nbsp;<\/p>\n<\/div>\n<\/div><\/div><\/div><\/div><div id=\"pg-11182-3\"  class=\"panel-grid panel-no-style\" ><div id=\"pgc-11182-3-0\"  class=\"panel-grid-cell\" ><div id=\"panel-11182-3-0-0\" class=\"so-panel widget widget_sow-editor panel-first-child panel-last-child\" data-index=\"8\" ><div\n\t\t\t\n\t\t\tclass=\"so-widget-sow-editor so-widget-sow-editor-base\"\n\t\t\t\n\t\t>\n<div class=\"siteorigin-widget-tinymce textwidget\">\n\t<hr \/>\n<h3 style=\"text-align: center;\">En vid\u00e9o<\/h3>\n<\/div>\n<\/div><\/div><\/div><\/div><div id=\"pg-11182-4\"  class=\"panel-grid panel-no-style\" ><div id=\"pgc-11182-4-0\"  class=\"panel-grid-cell\" ><div id=\"panel-11182-4-0-0\" class=\"so-panel widget widget_sow-editor panel-first-child panel-last-child\" data-index=\"9\" ><div\n\t\t\t\n\t\t\tclass=\"so-widget-sow-editor so-widget-sow-editor-base\"\n\t\t\t\n\t\t>\n<div class=\"siteorigin-widget-tinymce textwidget\">\n\t<hr \/>\n<h3 style=\"text-align: center;\">Pour aller plus loin<\/h3>\n<\/div>\n<\/div><\/div><\/div><\/div><\/div>","protected":false},"excerpt":{"rendered":"<p>Nombre de joueurs : 2 &#8211; 2 Dur\u00e9e moyenne : 20 min Age : 10 ans et plus Auteur(s) : Jon Perry Illustrations : Derek Laufman \u00c9dition : Lucky Duck Games 2022 Version : Fran\u00e7aise<\/p>\n","protected":false},"author":2,"featured_media":11150,"parent":0,"menu_order":0,"comment_status":"closed","ping_status":"closed","template":"","meta":{"footnotes":""},"class_list":["post-11182","page","type-page","status-publish","has-post-thumbnail","hentry"],"acf":[],"rttpg_featured_image_url":{"full":["https:\/\/meeplendice.net\/wp-content\/uploads\/2023\/09\/bestioles_guerre_bobards.png",350,350,false],"landscape":["https:\/\/meeplendice.net\/wp-content\/uploads\/2023\/09\/bestioles_guerre_bobards.png",350,350,false],"portraits":["https:\/\/meeplendice.net\/wp-content\/uploads\/2023\/09\/bestioles_guerre_bobards.png",350,350,false],"thumbnail":["https:\/\/meeplendice.net\/wp-content\/uploads\/2023\/09\/bestioles_guerre_bobards-150x150.png",150,150,true],"medium":["https:\/\/meeplendice.net\/wp-content\/uploads\/2023\/09\/bestioles_guerre_bobards-300x300.png",300,300,true],"large":["https:\/\/meeplendice.net\/wp-content\/uploads\/2023\/09\/bestioles_guerre_bobards.png",350,350,false],"ug_big":["https:\/\/meeplendice.net\/wp-content\/uploads\/2023\/09\/bestioles_guerre_bobards.png",350,350,false],"1536x1536":["https:\/\/meeplendice.net\/wp-content\/uploads\/2023\/09\/bestioles_guerre_bobards.png",350,350,false],"2048x2048":["https:\/\/meeplendice.net\/wp-content\/uploads\/2023\/09\/bestioles_guerre_bobards.png",350,350,false],"ashe-slider-grid-thumbnail":["https:\/\/meeplendice.net\/wp-content\/uploads\/2023\/09\/bestioles_guerre_bobards.png",350,350,false],"ashe-full-thumbnail":["https:\/\/meeplendice.net\/wp-content\/uploads\/2023\/09\/bestioles_guerre_bobards.png",350,350,false],"ashe-grid-thumbnail":["https:\/\/meeplendice.net\/wp-content\/uploads\/2023\/09\/bestioles_guerre_bobards-350x330.png",350,330,true],"ashe-list-thumbnail":["https:\/\/meeplendice.net\/wp-content\/uploads\/2023\/09\/bestioles_guerre_bobards-300x300.png",300,300,true],"ashe-single-navigation":["https:\/\/meeplendice.net\/wp-content\/uploads\/2023\/09\/bestioles_guerre_bobards-75x75.png",75,75,true],"mailpoet_newsletter_max":["https:\/\/meeplendice.net\/wp-content\/uploads\/2023\/09\/bestioles_guerre_bobards.png",350,350,false],"rpwe-thumbnail":["https:\/\/meeplendice.net\/wp-content\/uploads\/2023\/09\/bestioles_guerre_bobards-45x45.png",45,45,true],"sow-carousel-default":["https:\/\/meeplendice.net\/wp-content\/uploads\/2023\/09\/bestioles_guerre_bobards-272x182.png",272,182,true],"rt_custom":["https:\/\/meeplendice.net\/wp-content\/uploads\/2023\/09\/bestioles_guerre_bobards.png",350,350,false]},"rttpg_author":{"display_name":"Karnby","author_link":"https:\/\/meeplendice.net\/?author=2"},"rttpg_comment":0,"rttpg_category":null,"rttpg_excerpt":"Nombre de joueurs : 2 - 2 Dur\u00e9e moyenne : 20 min Age : 10 ans et plus Auteur(s) : Jon Perry Illustrations : Derek Laufman \u00c9dition : Lucky Duck Games 2022 Version : Fran\u00e7aise","_links":{"self":[{"href":"https:\/\/meeplendice.net\/index.php?rest_route=\/wp\/v2\/pages\/11182","targetHints":{"allow":["GET"]}}],"collection":[{"href":"https:\/\/meeplendice.net\/index.php?rest_route=\/wp\/v2\/pages"}],"about":[{"href":"https:\/\/meeplendice.net\/index.php?rest_route=\/wp\/v2\/types\/page"}],"author":[{"embeddable":true,"href":"https:\/\/meeplendice.net\/index.php?rest_route=\/wp\/v2\/users\/2"}],"replies":[{"embeddable":true,"href":"https:\/\/meeplendice.net\/index.php?rest_route=%2Fwp%2Fv2%2Fcomments&post=11182"}],"version-history":[{"count":4,"href":"https:\/\/meeplendice.net\/index.php?rest_route=\/wp\/v2\/pages\/11182\/revisions"}],"predecessor-version":[{"id":11237,"href":"https:\/\/meeplendice.net\/index.php?rest_route=\/wp\/v2\/pages\/11182\/revisions\/11237"}],"wp:featuredmedia":[{"embeddable":true,"href":"https:\/\/meeplendice.net\/index.php?rest_route=\/wp\/v2\/media\/11150"}],"wp:attachment":[{"href":"https:\/\/meeplendice.net\/index.php?rest_route=%2Fwp%2Fv2%2Fmedia&parent=11182"}],"curies":[{"name":"wp","href":"https:\/\/api.w.org\/{rel}","templated":true}]}}