{"id":11188,"date":"2023-09-02T18:42:57","date_gmt":"2023-09-02T17:42:57","guid":{"rendered":"https:\/\/meeplendice.net\/?page_id=11188"},"modified":"2025-12-16T12:50:30","modified_gmt":"2025-12-16T10:50:30","slug":"unlock-short-adventures-le-chat-de-m-schrodinger","status":"publish","type":"page","link":"https:\/\/meeplendice.net\/?page_id=11188","title":{"rendered":"Le Chat de M. Schr\u00f6dinger"},"content":{"rendered":"<div id=\"pl-11188\"  class=\"panel-layout\" ><div id=\"pg-11188-0\"  class=\"panel-grid panel-no-style\" ><div id=\"pgc-11188-0-0\"  class=\"panel-grid-cell\" ><div id=\"panel-11188-0-0-0\" class=\"so-panel widget widget_sow-editor panel-first-child panel-last-child\" data-index=\"0\" ><div\n\t\t\t\n\t\t\tclass=\"so-widget-sow-editor so-widget-sow-editor-base\"\n\t\t\t\n\t\t>\n<div class=\"siteorigin-widget-tinymce textwidget\">\n\t<p style=\"text-align: center;\"><strong>Auteur(s) :<br \/>\n<\/strong>Cyril Demaegd<br \/>\nGermain Winzenschtark<\/p>\n<\/div>\n<\/div><\/div><\/div><div id=\"pgc-11188-0-1\"  class=\"panel-grid-cell\" ><div id=\"panel-11188-0-1-0\" class=\"so-panel widget widget_sow-editor panel-first-child panel-last-child\" data-index=\"1\" ><div\n\t\t\t\n\t\t\tclass=\"so-widget-sow-editor so-widget-sow-editor-base\"\n\t\t\t\n\t\t>\n<div class=\"siteorigin-widget-tinymce textwidget\">\n\t<p style=\"text-align: center;\"><strong>Illustrations :<br \/>\n<\/strong>Pandaluna<\/p>\n<\/div>\n<\/div><\/div><\/div><div id=\"pgc-11188-0-2\"  class=\"panel-grid-cell\" ><div id=\"panel-11188-0-2-0\" class=\"so-panel widget widget_sow-editor panel-first-child panel-last-child\" data-index=\"2\" ><div\n\t\t\t\n\t\t\tclass=\"so-widget-sow-editor so-widget-sow-editor-base\"\n\t\t\t\n\t\t>\n<div class=\"siteorigin-widget-tinymce textwidget\">\n\t<p style=\"text-align: center;\"><strong>\u00c9dition :<\/strong><br \/>\nSpace Cowboys<br \/>\n2023<\/p>\n<\/div>\n<\/div><\/div><\/div><div id=\"pgc-11188-0-3\"  class=\"panel-grid-cell\" ><div id=\"panel-11188-0-3-0\" class=\"so-panel widget widget_sow-editor panel-first-child panel-last-child\" data-index=\"3\" ><div\n\t\t\t\n\t\t\tclass=\"so-widget-sow-editor so-widget-sow-editor-base\"\n\t\t\t\n\t\t>\n<div class=\"siteorigin-widget-tinymce textwidget\">\n\t<p style=\"text-align: center;\"><strong>Version :<\/strong><br \/>\nFran\u00e7aise<\/p>\n<\/div>\n<\/div><\/div><\/div><\/div><div id=\"pg-11188-1\"  class=\"panel-grid panel-no-style\" ><div id=\"pgc-11188-1-0\"  class=\"panel-grid-cell\" ><div id=\"panel-11188-1-0-0\" class=\"so-panel widget widget_sow-editor panel-first-child panel-last-child\" data-index=\"4\" ><div\n\t\t\t\n\t\t\tclass=\"so-widget-sow-editor so-widget-sow-editor-base\"\n\t\t\t\n\t\t>\n<div class=\"siteorigin-widget-tinymce textwidget\">\n\t<p>Les escape rooms sont des salles dont vous devez vous \u00e9chapper en moins de 60min. <em>Unlock!<\/em> vous fait vivre ces exp\u00e9riences chez vous, autour d'une table. Mais en version courte et avec une seule aventure !<\/p>\n<p><strong><em><img loading=\"lazy\" decoding=\"async\" class=\"size-full wp-image-13881 alignleft\" src=\"https:\/\/meeplendice.net\/wp-content\/uploads\/2025\/12\/Unlock_n02.png\" alt=\"\" width=\"100\" height=\"18\" \/>Le chat de M. Schr\u00f6dinger<br \/>\n<\/em><\/strong>Affrontez un univers compl\u00e8tement d\u00e9traqu\u00e9 et aidez M. Schr\u00f6dinger \u00e0 retrouver son chat !<\/p>\n<\/div>\n<\/div><\/div><\/div><\/div><\/div>","protected":false},"excerpt":{"rendered":"<p>Auteur(s) : Cyril Demaegd Germain Winzenschtark Illustrations : Pandaluna \u00c9dition : Space Cowboys 2023 Version : Fran\u00e7aise Les escape rooms sont des salles dont vous devez vous \u00e9chapper en moins de 60min. Unlock! vous fait vivre ces exp\u00e9riences chez vous, autour d&rsquo;une table. Mais en version courte et avec une seule aventure ! Le chat de M. Schr\u00f6dinger Affrontez un univers compl\u00e8tement d\u00e9traqu\u00e9 et aidez M. Schr\u00f6dinger \u00e0 retrouver son chat !<\/p>\n","protected":false},"author":2,"featured_media":13843,"parent":2446,"menu_order":9,"comment_status":"closed","ping_status":"closed","template":"","meta":{"footnotes":""},"class_list":["post-11188","page","type-page","status-publish","has-post-thumbnail","hentry"],"acf":[],"rttpg_featured_image_url":{"full":["https:\/\/meeplendice.net\/wp-content\/uploads\/2025\/12\/UnlockS_Chat.png",350,350,false],"landscape":["https:\/\/meeplendice.net\/wp-content\/uploads\/2025\/12\/UnlockS_Chat.png",350,350,false],"portraits":["https:\/\/meeplendice.net\/wp-content\/uploads\/2025\/12\/UnlockS_Chat.png",350,350,false],"thumbnail":["https:\/\/meeplendice.net\/wp-content\/uploads\/2025\/12\/UnlockS_Chat-150x150.png",150,150,true],"medium":["https:\/\/meeplendice.net\/wp-content\/uploads\/2025\/12\/UnlockS_Chat-300x300.png",300,300,true],"large":["https:\/\/meeplendice.net\/wp-content\/uploads\/2025\/12\/UnlockS_Chat.png",350,350,false],"ug_big":["https:\/\/meeplendice.net\/wp-content\/uploads\/2025\/12\/UnlockS_Chat.png",350,350,false],"1536x1536":["https:\/\/meeplendice.net\/wp-content\/uploads\/2025\/12\/UnlockS_Chat.png",350,350,false],"2048x2048":["https:\/\/meeplendice.net\/wp-content\/uploads\/2025\/12\/UnlockS_Chat.png",350,350,false],"ashe-slider-grid-thumbnail":["https:\/\/meeplendice.net\/wp-content\/uploads\/2025\/12\/UnlockS_Chat.png",350,350,false],"ashe-full-thumbnail":["https:\/\/meeplendice.net\/wp-content\/uploads\/2025\/12\/UnlockS_Chat.png",350,350,false],"ashe-grid-thumbnail":["https:\/\/meeplendice.net\/wp-content\/uploads\/2025\/12\/UnlockS_Chat-350x330.png",350,330,true],"ashe-list-thumbnail":["https:\/\/meeplendice.net\/wp-content\/uploads\/2025\/12\/UnlockS_Chat-300x300.png",300,300,true],"ashe-single-navigation":["https:\/\/meeplendice.net\/wp-content\/uploads\/2025\/12\/UnlockS_Chat-75x75.png",75,75,true],"mailpoet_newsletter_max":["https:\/\/meeplendice.net\/wp-content\/uploads\/2025\/12\/UnlockS_Chat.png",350,350,false],"rpwe-thumbnail":["https:\/\/meeplendice.net\/wp-content\/uploads\/2025\/12\/UnlockS_Chat-45x45.png",45,45,true],"sow-carousel-default":["https:\/\/meeplendice.net\/wp-content\/uploads\/2025\/12\/UnlockS_Chat-272x182.png",272,182,true],"rt_custom":["https:\/\/meeplendice.net\/wp-content\/uploads\/2025\/12\/UnlockS_Chat.png",350,350,false]},"rttpg_author":{"display_name":"Karnby","author_link":"https:\/\/meeplendice.net\/?author=2"},"rttpg_comment":0,"rttpg_category":null,"rttpg_excerpt":"Auteur(s) : Cyril Demaegd Germain Winzenschtark Illustrations : Pandaluna \u00c9dition : Space Cowboys 2023 Version : Fran\u00e7aise Les escape rooms sont des salles dont vous devez vous \u00e9chapper en moins de 60min. Unlock! vous fait vivre ces exp\u00e9riences chez vous, autour d'une table. Mais en version courte et avec une seule aventure ! Le chat\u2026","_links":{"self":[{"href":"https:\/\/meeplendice.net\/index.php?rest_route=\/wp\/v2\/pages\/11188","targetHints":{"allow":["GET"]}}],"collection":[{"href":"https:\/\/meeplendice.net\/index.php?rest_route=\/wp\/v2\/pages"}],"about":[{"href":"https:\/\/meeplendice.net\/index.php?rest_route=\/wp\/v2\/types\/page"}],"author":[{"embeddable":true,"href":"https:\/\/meeplendice.net\/index.php?rest_route=\/wp\/v2\/users\/2"}],"replies":[{"embeddable":true,"href":"https:\/\/meeplendice.net\/index.php?rest_route=%2Fwp%2Fv2%2Fcomments&post=11188"}],"version-history":[{"count":6,"href":"https:\/\/meeplendice.net\/index.php?rest_route=\/wp\/v2\/pages\/11188\/revisions"}],"predecessor-version":[{"id":13889,"href":"https:\/\/meeplendice.net\/index.php?rest_route=\/wp\/v2\/pages\/11188\/revisions\/13889"}],"up":[{"embeddable":true,"href":"https:\/\/meeplendice.net\/index.php?rest_route=\/wp\/v2\/pages\/2446"}],"wp:featuredmedia":[{"embeddable":true,"href":"https:\/\/meeplendice.net\/index.php?rest_route=\/wp\/v2\/media\/13843"}],"wp:attachment":[{"href":"https:\/\/meeplendice.net\/index.php?rest_route=%2Fwp%2Fv2%2Fmedia&parent=11188"}],"curies":[{"name":"wp","href":"https:\/\/api.w.org\/{rel}","templated":true}]}}