{"id":11194,"date":"2023-09-02T18:57:00","date_gmt":"2023-09-02T17:57:00","guid":{"rendered":"https:\/\/meeplendice.net\/?page_id=11194"},"modified":"2023-10-07T15:12:52","modified_gmt":"2023-10-07T14:12:52","slug":"menace-sous-la-surface","status":"publish","type":"page","link":"https:\/\/meeplendice.net\/?page_id=11194","title":{"rendered":"Menace sous la Surface"},"content":{"rendered":"<p>Vous \u00eates traqu\u00e9s ! Explorez des ruines enfouies sous le sable br\u00fblant du d\u00e9sert et tentez d\u2019\u00e9chapper \u00e0 l\u2019implacable Ver des sables. Cette cr\u00e9ature g\u00e9ante d\u00e9vore tout sur son passage ! Vous devrez faire preuve de ruse et de courage pour survivre et en venir \u00e0 bout\u2026<\/p>\n<p>Cette extension du jeu <em>Arkeis<\/em> contient une aventure exclusive et la figurine du Ver des sables.<\/p>\n<p>&nbsp;<\/p>\n<p style=\"text-align: justify;\"><span id=\"result_box\" class=\"\" lang=\"fr\"><span class=\"\">\u00a0<\/span><\/span><\/p>\n","protected":false},"excerpt":{"rendered":"<p>Vous \u00eates traqu\u00e9s ! Explorez des ruines enfouies sous le sable br\u00fblant du d\u00e9sert et tentez d\u2019\u00e9chapper \u00e0 l\u2019implacable Ver des sables. Cette cr\u00e9ature g\u00e9ante d\u00e9vore tout sur son passage ! Vous devrez faire preuve de ruse et de courage pour survivre et en venir \u00e0 bout\u2026 Cette extension du jeu Arkeis contient une aventure exclusive et la figurine du Ver des sables. &nbsp; \u00a0<\/p>\n","protected":false},"author":2,"featured_media":11153,"parent":11171,"menu_order":1,"comment_status":"closed","ping_status":"closed","template":"","meta":{"footnotes":""},"class_list":["post-11194","page","type-page","status-publish","has-post-thumbnail","hentry"],"acf":[],"rttpg_featured_image_url":{"full":["https:\/\/meeplendice.net\/wp-content\/uploads\/2023\/09\/Arkeis_surface.png",350,350,false],"landscape":["https:\/\/meeplendice.net\/wp-content\/uploads\/2023\/09\/Arkeis_surface.png",350,350,false],"portraits":["https:\/\/meeplendice.net\/wp-content\/uploads\/2023\/09\/Arkeis_surface.png",350,350,false],"thumbnail":["https:\/\/meeplendice.net\/wp-content\/uploads\/2023\/09\/Arkeis_surface-150x150.png",150,150,true],"medium":["https:\/\/meeplendice.net\/wp-content\/uploads\/2023\/09\/Arkeis_surface-300x300.png",300,300,true],"large":["https:\/\/meeplendice.net\/wp-content\/uploads\/2023\/09\/Arkeis_surface.png",350,350,false],"ug_big":["https:\/\/meeplendice.net\/wp-content\/uploads\/2023\/09\/Arkeis_surface.png",350,350,false],"1536x1536":["https:\/\/meeplendice.net\/wp-content\/uploads\/2023\/09\/Arkeis_surface.png",350,350,false],"2048x2048":["https:\/\/meeplendice.net\/wp-content\/uploads\/2023\/09\/Arkeis_surface.png",350,350,false],"ashe-slider-grid-thumbnail":["https:\/\/meeplendice.net\/wp-content\/uploads\/2023\/09\/Arkeis_surface.png",350,350,false],"ashe-full-thumbnail":["https:\/\/meeplendice.net\/wp-content\/uploads\/2023\/09\/Arkeis_surface.png",350,350,false],"ashe-grid-thumbnail":["https:\/\/meeplendice.net\/wp-content\/uploads\/2023\/09\/Arkeis_surface-350x330.png",350,330,true],"ashe-list-thumbnail":["https:\/\/meeplendice.net\/wp-content\/uploads\/2023\/09\/Arkeis_surface-300x300.png",300,300,true],"ashe-single-navigation":["https:\/\/meeplendice.net\/wp-content\/uploads\/2023\/09\/Arkeis_surface-75x75.png",75,75,true],"mailpoet_newsletter_max":["https:\/\/meeplendice.net\/wp-content\/uploads\/2023\/09\/Arkeis_surface.png",350,350,false],"rpwe-thumbnail":["https:\/\/meeplendice.net\/wp-content\/uploads\/2023\/09\/Arkeis_surface-45x45.png",45,45,true],"sow-carousel-default":["https:\/\/meeplendice.net\/wp-content\/uploads\/2023\/09\/Arkeis_surface-272x182.png",272,182,true],"rt_custom":["https:\/\/meeplendice.net\/wp-content\/uploads\/2023\/09\/Arkeis_surface.png",350,350,false]},"rttpg_author":{"display_name":"Karnby","author_link":"https:\/\/meeplendice.net\/?author=2"},"rttpg_comment":0,"rttpg_category":null,"rttpg_excerpt":"Vous \u00eates traqu\u00e9s ! Explorez des ruines enfouies sous le sable br\u00fblant du d\u00e9sert et tentez d\u2019\u00e9chapper \u00e0 l\u2019implacable Ver des sables. Cette cr\u00e9ature g\u00e9ante d\u00e9vore tout sur son passage ! Vous devrez faire preuve de ruse et de courage pour survivre et en venir \u00e0 bout\u2026 Cette extension du jeu Arkeis contient une aventure\u2026","_links":{"self":[{"href":"https:\/\/meeplendice.net\/index.php?rest_route=\/wp\/v2\/pages\/11194","targetHints":{"allow":["GET"]}}],"collection":[{"href":"https:\/\/meeplendice.net\/index.php?rest_route=\/wp\/v2\/pages"}],"about":[{"href":"https:\/\/meeplendice.net\/index.php?rest_route=\/wp\/v2\/types\/page"}],"author":[{"embeddable":true,"href":"https:\/\/meeplendice.net\/index.php?rest_route=\/wp\/v2\/users\/2"}],"replies":[{"embeddable":true,"href":"https:\/\/meeplendice.net\/index.php?rest_route=%2Fwp%2Fv2%2Fcomments&post=11194"}],"version-history":[{"count":2,"href":"https:\/\/meeplendice.net\/index.php?rest_route=\/wp\/v2\/pages\/11194\/revisions"}],"predecessor-version":[{"id":11277,"href":"https:\/\/meeplendice.net\/index.php?rest_route=\/wp\/v2\/pages\/11194\/revisions\/11277"}],"up":[{"embeddable":true,"href":"https:\/\/meeplendice.net\/index.php?rest_route=\/wp\/v2\/pages\/11171"}],"wp:featuredmedia":[{"embeddable":true,"href":"https:\/\/meeplendice.net\/index.php?rest_route=\/wp\/v2\/media\/11153"}],"wp:attachment":[{"href":"https:\/\/meeplendice.net\/index.php?rest_route=%2Fwp%2Fv2%2Fmedia&parent=11194"}],"curies":[{"name":"wp","href":"https:\/\/api.w.org\/{rel}","templated":true}]}}