{"id":11196,"date":"2023-09-02T18:58:01","date_gmt":"2023-09-02T17:58:01","guid":{"rendered":"https:\/\/meeplendice.net\/?page_id=11196"},"modified":"2023-12-24T16:10:53","modified_gmt":"2023-12-24T15:10:53","slug":"le-piege-du-sphynx","status":"publish","type":"page","link":"https:\/\/meeplendice.net\/?page_id=11196","title":{"rendered":"Le Pi\u00e8ge du Sphinx"},"content":{"rendered":"<p style=\"text-align: justify;\"><span id=\"result_box\" lang=\"fr\">Berc\u00e9 par la douce lumi\u00e8re de votre feu de camp, vous vous \u00e9veillez face au Sphinx dans un espace lugubre d\u00e9fiant le r\u00e9el&#8230; Affrontez cette monstrueuse apparition et tentez de vous lib\u00e9rer de son emprise pour vous \u00e9chapper de ce cauchemar sains et saufs !<br \/>\n<\/span><\/p>\n<p style=\"text-align: justify;\">Cette extension du jeu <em>Arkeis<\/em> contient une aventure exclusive.<\/p>\n<p style=\"text-align: justify;\"><span id=\"result_box\" class=\"\" lang=\"fr\"><span class=\"\">\u00a0<\/span><\/span><\/p>\n","protected":false},"excerpt":{"rendered":"<p>Berc\u00e9 par la douce lumi\u00e8re de votre feu de camp, vous vous \u00e9veillez face au Sphinx dans un espace lugubre d\u00e9fiant le r\u00e9el&#8230; Affrontez cette monstrueuse apparition et tentez de vous lib\u00e9rer de son emprise pour vous \u00e9chapper de ce cauchemar sains et saufs ! Cette extension du jeu Arkeis contient une aventure exclusive. \u00a0<\/p>\n","protected":false},"author":2,"featured_media":11155,"parent":11171,"menu_order":2,"comment_status":"closed","ping_status":"closed","template":"","meta":{"footnotes":""},"class_list":["post-11196","page","type-page","status-publish","has-post-thumbnail","hentry"],"acf":[],"rttpg_featured_image_url":{"full":["https:\/\/meeplendice.net\/wp-content\/uploads\/2023\/09\/Arkeis_Sphinx.png",350,350,false],"landscape":["https:\/\/meeplendice.net\/wp-content\/uploads\/2023\/09\/Arkeis_Sphinx.png",350,350,false],"portraits":["https:\/\/meeplendice.net\/wp-content\/uploads\/2023\/09\/Arkeis_Sphinx.png",350,350,false],"thumbnail":["https:\/\/meeplendice.net\/wp-content\/uploads\/2023\/09\/Arkeis_Sphinx-150x150.png",150,150,true],"medium":["https:\/\/meeplendice.net\/wp-content\/uploads\/2023\/09\/Arkeis_Sphinx-300x300.png",300,300,true],"large":["https:\/\/meeplendice.net\/wp-content\/uploads\/2023\/09\/Arkeis_Sphinx.png",350,350,false],"ug_big":["https:\/\/meeplendice.net\/wp-content\/uploads\/2023\/09\/Arkeis_Sphinx.png",350,350,false],"1536x1536":["https:\/\/meeplendice.net\/wp-content\/uploads\/2023\/09\/Arkeis_Sphinx.png",350,350,false],"2048x2048":["https:\/\/meeplendice.net\/wp-content\/uploads\/2023\/09\/Arkeis_Sphinx.png",350,350,false],"ashe-slider-grid-thumbnail":["https:\/\/meeplendice.net\/wp-content\/uploads\/2023\/09\/Arkeis_Sphinx.png",350,350,false],"ashe-full-thumbnail":["https:\/\/meeplendice.net\/wp-content\/uploads\/2023\/09\/Arkeis_Sphinx.png",350,350,false],"ashe-grid-thumbnail":["https:\/\/meeplendice.net\/wp-content\/uploads\/2023\/09\/Arkeis_Sphinx-350x330.png",350,330,true],"ashe-list-thumbnail":["https:\/\/meeplendice.net\/wp-content\/uploads\/2023\/09\/Arkeis_Sphinx-300x300.png",300,300,true],"ashe-single-navigation":["https:\/\/meeplendice.net\/wp-content\/uploads\/2023\/09\/Arkeis_Sphinx-75x75.png",75,75,true],"mailpoet_newsletter_max":["https:\/\/meeplendice.net\/wp-content\/uploads\/2023\/09\/Arkeis_Sphinx.png",350,350,false],"rpwe-thumbnail":["https:\/\/meeplendice.net\/wp-content\/uploads\/2023\/09\/Arkeis_Sphinx-45x45.png",45,45,true],"sow-carousel-default":["https:\/\/meeplendice.net\/wp-content\/uploads\/2023\/09\/Arkeis_Sphinx-272x182.png",272,182,true],"rt_custom":["https:\/\/meeplendice.net\/wp-content\/uploads\/2023\/09\/Arkeis_Sphinx.png",350,350,false]},"rttpg_author":{"display_name":"Karnby","author_link":"https:\/\/meeplendice.net\/?author=2"},"rttpg_comment":0,"rttpg_category":null,"rttpg_excerpt":"Berc\u00e9 par la douce lumi\u00e8re de votre feu de camp, vous vous \u00e9veillez face au Sphinx dans un espace lugubre d\u00e9fiant le r\u00e9el&#8230; Affrontez cette monstrueuse apparition et tentez de vous lib\u00e9rer de son emprise pour vous \u00e9chapper de ce cauchemar sains et saufs ! Cette extension du jeu Arkeis contient une aventure exclusive. \u00a0","_links":{"self":[{"href":"https:\/\/meeplendice.net\/index.php?rest_route=\/wp\/v2\/pages\/11196","targetHints":{"allow":["GET"]}}],"collection":[{"href":"https:\/\/meeplendice.net\/index.php?rest_route=\/wp\/v2\/pages"}],"about":[{"href":"https:\/\/meeplendice.net\/index.php?rest_route=\/wp\/v2\/types\/page"}],"author":[{"embeddable":true,"href":"https:\/\/meeplendice.net\/index.php?rest_route=\/wp\/v2\/users\/2"}],"replies":[{"embeddable":true,"href":"https:\/\/meeplendice.net\/index.php?rest_route=%2Fwp%2Fv2%2Fcomments&post=11196"}],"version-history":[{"count":3,"href":"https:\/\/meeplendice.net\/index.php?rest_route=\/wp\/v2\/pages\/11196\/revisions"}],"predecessor-version":[{"id":11273,"href":"https:\/\/meeplendice.net\/index.php?rest_route=\/wp\/v2\/pages\/11196\/revisions\/11273"}],"up":[{"embeddable":true,"href":"https:\/\/meeplendice.net\/index.php?rest_route=\/wp\/v2\/pages\/11171"}],"wp:featuredmedia":[{"embeddable":true,"href":"https:\/\/meeplendice.net\/index.php?rest_route=\/wp\/v2\/media\/11155"}],"wp:attachment":[{"href":"https:\/\/meeplendice.net\/index.php?rest_route=%2Fwp%2Fv2%2Fmedia&parent=11196"}],"curies":[{"name":"wp","href":"https:\/\/api.w.org\/{rel}","templated":true}]}}