{"id":11198,"date":"2023-09-02T18:58:46","date_gmt":"2023-09-02T17:58:46","guid":{"rendered":"https:\/\/meeplendice.net\/?page_id=11198"},"modified":"2023-10-07T15:13:37","modified_gmt":"2023-10-07T14:13:37","slug":"le-joyau-du-culte","status":"publish","type":"page","link":"https:\/\/meeplendice.net\/?page_id=11198","title":{"rendered":"Le Joyau du Culte"},"content":{"rendered":"<p>Un lien myst\u00e9rieux lie Meema au culte qui hante le d\u00e9sert&#8230; Mais la t\u00e9m\u00e9raire jeune femme a d\u00e9cid\u00e9 de s\u2019enfuir et de lutter contre ces fanatiques ! Suivez sa piste, aidez-la \u00e0 se d\u00e9faire de ses ge\u00f4liers et affrontez les sombres z\u00e9lotes \u00e0 ses c\u00f4t\u00e9s.<\/p>\n<p>Cette extension du jeu <em>Arkeis<\/em> contient une aventure exclusive ainsi que Meema, un nouveau personnage jouable.<\/p>\n<p>&nbsp;<\/p>\n<p style=\"text-align: justify;\"><span id=\"result_box\" class=\"\" lang=\"fr\"><span class=\"\">\u00a0<\/span><\/span><\/p>\n","protected":false},"excerpt":{"rendered":"<p>Un lien myst\u00e9rieux lie Meema au culte qui hante le d\u00e9sert&#8230; Mais la t\u00e9m\u00e9raire jeune femme a d\u00e9cid\u00e9 de s\u2019enfuir et de lutter contre ces fanatiques ! Suivez sa piste, aidez-la \u00e0 se d\u00e9faire de ses ge\u00f4liers et affrontez les sombres z\u00e9lotes \u00e0 ses c\u00f4t\u00e9s. Cette extension du jeu Arkeis contient une aventure exclusive ainsi que Meema, un nouveau personnage jouable. &nbsp; \u00a0<\/p>\n","protected":false},"author":2,"featured_media":11154,"parent":11171,"menu_order":3,"comment_status":"closed","ping_status":"closed","template":"","meta":{"footnotes":""},"class_list":["post-11198","page","type-page","status-publish","has-post-thumbnail","hentry"],"acf":[],"rttpg_featured_image_url":{"full":["https:\/\/meeplendice.net\/wp-content\/uploads\/2023\/09\/Arkeis_Culte.png",350,350,false],"landscape":["https:\/\/meeplendice.net\/wp-content\/uploads\/2023\/09\/Arkeis_Culte.png",350,350,false],"portraits":["https:\/\/meeplendice.net\/wp-content\/uploads\/2023\/09\/Arkeis_Culte.png",350,350,false],"thumbnail":["https:\/\/meeplendice.net\/wp-content\/uploads\/2023\/09\/Arkeis_Culte-150x150.png",150,150,true],"medium":["https:\/\/meeplendice.net\/wp-content\/uploads\/2023\/09\/Arkeis_Culte-300x300.png",300,300,true],"large":["https:\/\/meeplendice.net\/wp-content\/uploads\/2023\/09\/Arkeis_Culte.png",350,350,false],"ug_big":["https:\/\/meeplendice.net\/wp-content\/uploads\/2023\/09\/Arkeis_Culte.png",350,350,false],"1536x1536":["https:\/\/meeplendice.net\/wp-content\/uploads\/2023\/09\/Arkeis_Culte.png",350,350,false],"2048x2048":["https:\/\/meeplendice.net\/wp-content\/uploads\/2023\/09\/Arkeis_Culte.png",350,350,false],"ashe-slider-grid-thumbnail":["https:\/\/meeplendice.net\/wp-content\/uploads\/2023\/09\/Arkeis_Culte.png",350,350,false],"ashe-full-thumbnail":["https:\/\/meeplendice.net\/wp-content\/uploads\/2023\/09\/Arkeis_Culte.png",350,350,false],"ashe-grid-thumbnail":["https:\/\/meeplendice.net\/wp-content\/uploads\/2023\/09\/Arkeis_Culte-350x330.png",350,330,true],"ashe-list-thumbnail":["https:\/\/meeplendice.net\/wp-content\/uploads\/2023\/09\/Arkeis_Culte-300x300.png",300,300,true],"ashe-single-navigation":["https:\/\/meeplendice.net\/wp-content\/uploads\/2023\/09\/Arkeis_Culte-75x75.png",75,75,true],"mailpoet_newsletter_max":["https:\/\/meeplendice.net\/wp-content\/uploads\/2023\/09\/Arkeis_Culte.png",350,350,false],"rpwe-thumbnail":["https:\/\/meeplendice.net\/wp-content\/uploads\/2023\/09\/Arkeis_Culte-45x45.png",45,45,true],"sow-carousel-default":["https:\/\/meeplendice.net\/wp-content\/uploads\/2023\/09\/Arkeis_Culte-272x182.png",272,182,true],"rt_custom":["https:\/\/meeplendice.net\/wp-content\/uploads\/2023\/09\/Arkeis_Culte.png",350,350,false]},"rttpg_author":{"display_name":"Karnby","author_link":"https:\/\/meeplendice.net\/?author=2"},"rttpg_comment":0,"rttpg_category":null,"rttpg_excerpt":"Un lien myst\u00e9rieux lie Meema au culte qui hante le d\u00e9sert&#8230; Mais la t\u00e9m\u00e9raire jeune femme a d\u00e9cid\u00e9 de s\u2019enfuir et de lutter contre ces fanatiques ! Suivez sa piste, aidez-la \u00e0 se d\u00e9faire de ses ge\u00f4liers et affrontez les sombres z\u00e9lotes \u00e0 ses c\u00f4t\u00e9s. Cette extension du jeu Arkeis contient une aventure exclusive ainsi\u2026","_links":{"self":[{"href":"https:\/\/meeplendice.net\/index.php?rest_route=\/wp\/v2\/pages\/11198","targetHints":{"allow":["GET"]}}],"collection":[{"href":"https:\/\/meeplendice.net\/index.php?rest_route=\/wp\/v2\/pages"}],"about":[{"href":"https:\/\/meeplendice.net\/index.php?rest_route=\/wp\/v2\/types\/page"}],"author":[{"embeddable":true,"href":"https:\/\/meeplendice.net\/index.php?rest_route=\/wp\/v2\/users\/2"}],"replies":[{"embeddable":true,"href":"https:\/\/meeplendice.net\/index.php?rest_route=%2Fwp%2Fv2%2Fcomments&post=11198"}],"version-history":[{"count":2,"href":"https:\/\/meeplendice.net\/index.php?rest_route=\/wp\/v2\/pages\/11198\/revisions"}],"predecessor-version":[{"id":11278,"href":"https:\/\/meeplendice.net\/index.php?rest_route=\/wp\/v2\/pages\/11198\/revisions\/11278"}],"up":[{"embeddable":true,"href":"https:\/\/meeplendice.net\/index.php?rest_route=\/wp\/v2\/pages\/11171"}],"wp:featuredmedia":[{"embeddable":true,"href":"https:\/\/meeplendice.net\/index.php?rest_route=\/wp\/v2\/media\/11154"}],"wp:attachment":[{"href":"https:\/\/meeplendice.net\/index.php?rest_route=%2Fwp%2Fv2%2Fmedia&parent=11198"}],"curies":[{"name":"wp","href":"https:\/\/api.w.org\/{rel}","templated":true}]}}