{"id":11200,"date":"2023-09-02T18:59:28","date_gmt":"2023-09-02T17:59:28","guid":{"rendered":"https:\/\/meeplendice.net\/?page_id=11200"},"modified":"2023-09-03T00:01:13","modified_gmt":"2023-09-02T23:01:13","slug":"au-fils-de-leau","status":"publish","type":"page","link":"https:\/\/meeplendice.net\/?page_id=11200","title":{"rendered":"Au fils de l&rsquo;eau"},"content":{"rendered":"<p>Avec l&rsquo;extension <em>Au fil de l&rsquo;eau<\/em>, embarquez dans un nouveau voyage le long des rives de lacs, rivi\u00e8res et ruisseaux.<br \/>\nA bord de votre kayak, d\u00e9couvrez d&rsquo;incroyables d\u00e9cors aquatiques et photographiez de nouveaux animaux et plantes. Laissez libre court \u00e0 votre inspiration dans des paysages \u00e0 couper le souffle, mais n&rsquo;oubliez pas de ramasser un petit souvenir !<\/p>\n<p>Face \u00e0 vos adversaires en lice pour le titre du meilleur observateur, saurez-vous saisir les opportunit\u00e9s in\u00e9dites et emprunter les nouveaux chemins propos\u00e9s par cette extension .<\/p>\n","protected":false},"excerpt":{"rendered":"<p>Avec l&rsquo;extension Au fil de l&rsquo;eau, embarquez dans un nouveau voyage le long des rives de lacs, rivi\u00e8res et ruisseaux. A bord de votre kayak, d\u00e9couvrez d&rsquo;incroyables d\u00e9cors aquatiques et photographiez de nouveaux animaux et plantes. Laissez libre court \u00e0 votre inspiration dans des paysages \u00e0 couper le souffle, mais n&rsquo;oubliez pas de ramasser un petit souvenir ! Face \u00e0 vos adversaires en lice pour le titre du meilleur observateur, saurez-vous saisir les opportunit\u00e9s in\u00e9dites et emprunter les nouveaux chemins propos\u00e9s par cette extension .<\/p>\n","protected":false},"author":2,"featured_media":11152,"parent":11167,"menu_order":1,"comment_status":"closed","ping_status":"closed","template":"","meta":{"footnotes":""},"class_list":["post-11200","page","type-page","status-publish","has-post-thumbnail","hentry"],"acf":[],"rttpg_featured_image_url":{"full":["https:\/\/meeplendice.net\/wp-content\/uploads\/2023\/09\/Meadow_Fileau.png",350,350,false],"landscape":["https:\/\/meeplendice.net\/wp-content\/uploads\/2023\/09\/Meadow_Fileau.png",350,350,false],"portraits":["https:\/\/meeplendice.net\/wp-content\/uploads\/2023\/09\/Meadow_Fileau.png",350,350,false],"thumbnail":["https:\/\/meeplendice.net\/wp-content\/uploads\/2023\/09\/Meadow_Fileau-150x150.png",150,150,true],"medium":["https:\/\/meeplendice.net\/wp-content\/uploads\/2023\/09\/Meadow_Fileau-300x300.png",300,300,true],"large":["https:\/\/meeplendice.net\/wp-content\/uploads\/2023\/09\/Meadow_Fileau.png",350,350,false],"ug_big":["https:\/\/meeplendice.net\/wp-content\/uploads\/2023\/09\/Meadow_Fileau.png",350,350,false],"1536x1536":["https:\/\/meeplendice.net\/wp-content\/uploads\/2023\/09\/Meadow_Fileau.png",350,350,false],"2048x2048":["https:\/\/meeplendice.net\/wp-content\/uploads\/2023\/09\/Meadow_Fileau.png",350,350,false],"ashe-slider-grid-thumbnail":["https:\/\/meeplendice.net\/wp-content\/uploads\/2023\/09\/Meadow_Fileau.png",350,350,false],"ashe-full-thumbnail":["https:\/\/meeplendice.net\/wp-content\/uploads\/2023\/09\/Meadow_Fileau.png",350,350,false],"ashe-grid-thumbnail":["https:\/\/meeplendice.net\/wp-content\/uploads\/2023\/09\/Meadow_Fileau-350x330.png",350,330,true],"ashe-list-thumbnail":["https:\/\/meeplendice.net\/wp-content\/uploads\/2023\/09\/Meadow_Fileau-300x300.png",300,300,true],"ashe-single-navigation":["https:\/\/meeplendice.net\/wp-content\/uploads\/2023\/09\/Meadow_Fileau-75x75.png",75,75,true],"mailpoet_newsletter_max":["https:\/\/meeplendice.net\/wp-content\/uploads\/2023\/09\/Meadow_Fileau.png",350,350,false],"rpwe-thumbnail":["https:\/\/meeplendice.net\/wp-content\/uploads\/2023\/09\/Meadow_Fileau-45x45.png",45,45,true],"sow-carousel-default":["https:\/\/meeplendice.net\/wp-content\/uploads\/2023\/09\/Meadow_Fileau-272x182.png",272,182,true],"rt_custom":["https:\/\/meeplendice.net\/wp-content\/uploads\/2023\/09\/Meadow_Fileau.png",350,350,false]},"rttpg_author":{"display_name":"Karnby","author_link":"https:\/\/meeplendice.net\/?author=2"},"rttpg_comment":0,"rttpg_category":null,"rttpg_excerpt":"Avec l&rsquo;extension Au fil de l&rsquo;eau, embarquez dans un nouveau voyage le long des rives de lacs, rivi\u00e8res et ruisseaux. A bord de votre kayak, d\u00e9couvrez d&rsquo;incroyables d\u00e9cors aquatiques et photographiez de nouveaux animaux et plantes. Laissez libre court \u00e0 votre inspiration dans des paysages \u00e0 couper le souffle, mais n&rsquo;oubliez pas de ramasser un\u2026","_links":{"self":[{"href":"https:\/\/meeplendice.net\/index.php?rest_route=\/wp\/v2\/pages\/11200","targetHints":{"allow":["GET"]}}],"collection":[{"href":"https:\/\/meeplendice.net\/index.php?rest_route=\/wp\/v2\/pages"}],"about":[{"href":"https:\/\/meeplendice.net\/index.php?rest_route=\/wp\/v2\/types\/page"}],"author":[{"embeddable":true,"href":"https:\/\/meeplendice.net\/index.php?rest_route=\/wp\/v2\/users\/2"}],"replies":[{"embeddable":true,"href":"https:\/\/meeplendice.net\/index.php?rest_route=%2Fwp%2Fv2%2Fcomments&post=11200"}],"version-history":[{"count":4,"href":"https:\/\/meeplendice.net\/index.php?rest_route=\/wp\/v2\/pages\/11200\/revisions"}],"predecessor-version":[{"id":11246,"href":"https:\/\/meeplendice.net\/index.php?rest_route=\/wp\/v2\/pages\/11200\/revisions\/11246"}],"up":[{"embeddable":true,"href":"https:\/\/meeplendice.net\/index.php?rest_route=\/wp\/v2\/pages\/11167"}],"wp:featuredmedia":[{"embeddable":true,"href":"https:\/\/meeplendice.net\/index.php?rest_route=\/wp\/v2\/media\/11152"}],"wp:attachment":[{"href":"https:\/\/meeplendice.net\/index.php?rest_route=%2Fwp%2Fv2%2Fmedia&parent=11200"}],"curies":[{"name":"wp","href":"https:\/\/api.w.org\/{rel}","templated":true}]}}