{"id":11249,"date":"2023-09-03T15:05:15","date_gmt":"2023-09-03T14:05:15","guid":{"rendered":"https:\/\/meeplendice.net\/?page_id=11249"},"modified":"2023-09-03T15:12:07","modified_gmt":"2023-09-03T14:12:07","slug":"mistwood","status":"publish","type":"page","link":"https:\/\/meeplendice.net\/?page_id=11249","title":{"rendered":"Mistwood"},"content":{"rendered":"<div>\n<p><em>Nombreux sont les secrets enfouis au c\u0153ur des branches entrem\u00eal\u00e9es de Mistwood, une sombre for\u00eat envahie par la brume. Les Moines de Mistwood consignent sans rel\u00e2che les r\u00e9cits des h\u00e9ros pass\u00e9s et pr\u00e9sents, tels que Corrin Longuequeue, le fondateur d&rsquo;Everdell, ou encore d&rsquo;autres figures l\u00e9gendaires de la vall\u00e9e \u00c9meraude. Saison apr\u00e8s saison, ces eccl\u00e9siastiques veillent sur les citoyens de la vall\u00e9e. <\/em><\/p>\n<\/div>\n<div><em>Aux tr\u00e9fonds des bois, cependant, une myst\u00e9rieuse menace \u00e9labore de sinistres complots, et tisse des plans machiav\u00e9liques, en attendant patiemment son heure. La vall\u00e9e survivra-t-elle \u00e0 la prise de pouvoir de l&rsquo;ing\u00e9nieuse araign\u00e9e Tissenuit et son arm\u00e9e d&rsquo;arachnides ?<\/em><\/div>\n<div><\/div>\n<p><em>Mistwood<\/em> apporte plusieurs modules d&rsquo;extension, jouables avec le jeu de base et ses autres extensions. <em>Mistwood<\/em> inclut \u00e9galement un nouveau mode exaltant pour 1 ou 2 joueurs : l&rsquo;Antre de Tissenuit.<\/p>\n","protected":false},"excerpt":{"rendered":"<p>Nombreux sont les secrets enfouis au c\u0153ur des branches entrem\u00eal\u00e9es de Mistwood, une sombre for\u00eat envahie par la brume. Les Moines de Mistwood consignent sans rel\u00e2che les r\u00e9cits des h\u00e9ros pass\u00e9s et pr\u00e9sents, tels que Corrin Longuequeue, le fondateur d&rsquo;Everdell, ou encore d&rsquo;autres figures l\u00e9gendaires de la vall\u00e9e \u00c9meraude. Saison apr\u00e8s saison, ces eccl\u00e9siastiques veillent sur les citoyens de la vall\u00e9e. Aux tr\u00e9fonds des bois, cependant, une myst\u00e9rieuse menace \u00e9labore de sinistres complots, et tisse des plans machiav\u00e9liques, en attendant patiemment son heure. La vall\u00e9e survivra-t-elle \u00e0 la prise de pouvoir de l&rsquo;ing\u00e9nieuse araign\u00e9e Tissenuit et son arm\u00e9e d&rsquo;arachnides ? Mistwood apporte plusieurs modules d&rsquo;extension, jouables avec le jeu de base et ses autres extensions. Mistwood inclut \u00e9galement un nouveau mode exaltant pour 1 ou 2 joueurs : l&rsquo;Antre de Tissenuit.<\/p>\n","protected":false},"author":2,"featured_media":11250,"parent":8568,"menu_order":4,"comment_status":"closed","ping_status":"closed","template":"","meta":{"footnotes":""},"class_list":["post-11249","page","type-page","status-publish","has-post-thumbnail","hentry"],"acf":[],"rttpg_featured_image_url":{"full":["https:\/\/meeplendice.net\/wp-content\/uploads\/2023\/09\/Everdell_Mistwood.png",350,350,false],"landscape":["https:\/\/meeplendice.net\/wp-content\/uploads\/2023\/09\/Everdell_Mistwood.png",350,350,false],"portraits":["https:\/\/meeplendice.net\/wp-content\/uploads\/2023\/09\/Everdell_Mistwood.png",350,350,false],"thumbnail":["https:\/\/meeplendice.net\/wp-content\/uploads\/2023\/09\/Everdell_Mistwood-150x150.png",150,150,true],"medium":["https:\/\/meeplendice.net\/wp-content\/uploads\/2023\/09\/Everdell_Mistwood-300x300.png",300,300,true],"large":["https:\/\/meeplendice.net\/wp-content\/uploads\/2023\/09\/Everdell_Mistwood.png",350,350,false],"ug_big":["https:\/\/meeplendice.net\/wp-content\/uploads\/2023\/09\/Everdell_Mistwood.png",350,350,false],"1536x1536":["https:\/\/meeplendice.net\/wp-content\/uploads\/2023\/09\/Everdell_Mistwood.png",350,350,false],"2048x2048":["https:\/\/meeplendice.net\/wp-content\/uploads\/2023\/09\/Everdell_Mistwood.png",350,350,false],"ashe-slider-grid-thumbnail":["https:\/\/meeplendice.net\/wp-content\/uploads\/2023\/09\/Everdell_Mistwood.png",350,350,false],"ashe-full-thumbnail":["https:\/\/meeplendice.net\/wp-content\/uploads\/2023\/09\/Everdell_Mistwood.png",350,350,false],"ashe-grid-thumbnail":["https:\/\/meeplendice.net\/wp-content\/uploads\/2023\/09\/Everdell_Mistwood-350x330.png",350,330,true],"ashe-list-thumbnail":["https:\/\/meeplendice.net\/wp-content\/uploads\/2023\/09\/Everdell_Mistwood-300x300.png",300,300,true],"ashe-single-navigation":["https:\/\/meeplendice.net\/wp-content\/uploads\/2023\/09\/Everdell_Mistwood-75x75.png",75,75,true],"mailpoet_newsletter_max":["https:\/\/meeplendice.net\/wp-content\/uploads\/2023\/09\/Everdell_Mistwood.png",350,350,false],"rpwe-thumbnail":["https:\/\/meeplendice.net\/wp-content\/uploads\/2023\/09\/Everdell_Mistwood-45x45.png",45,45,true],"sow-carousel-default":["https:\/\/meeplendice.net\/wp-content\/uploads\/2023\/09\/Everdell_Mistwood-272x182.png",272,182,true],"rt_custom":["https:\/\/meeplendice.net\/wp-content\/uploads\/2023\/09\/Everdell_Mistwood.png",350,350,false]},"rttpg_author":{"display_name":"Karnby","author_link":"https:\/\/meeplendice.net\/?author=2"},"rttpg_comment":0,"rttpg_category":null,"rttpg_excerpt":"Nombreux sont les secrets enfouis au c\u0153ur des branches entrem\u00eal\u00e9es de Mistwood, une sombre for\u00eat envahie par la brume. Les Moines de Mistwood consignent sans rel\u00e2che les r\u00e9cits des h\u00e9ros pass\u00e9s et pr\u00e9sents, tels que Corrin Longuequeue, le fondateur d&rsquo;Everdell, ou encore d&rsquo;autres figures l\u00e9gendaires de la vall\u00e9e \u00c9meraude. Saison apr\u00e8s saison, ces eccl\u00e9siastiques veillent\u2026","_links":{"self":[{"href":"https:\/\/meeplendice.net\/index.php?rest_route=\/wp\/v2\/pages\/11249","targetHints":{"allow":["GET"]}}],"collection":[{"href":"https:\/\/meeplendice.net\/index.php?rest_route=\/wp\/v2\/pages"}],"about":[{"href":"https:\/\/meeplendice.net\/index.php?rest_route=\/wp\/v2\/types\/page"}],"author":[{"embeddable":true,"href":"https:\/\/meeplendice.net\/index.php?rest_route=\/wp\/v2\/users\/2"}],"replies":[{"embeddable":true,"href":"https:\/\/meeplendice.net\/index.php?rest_route=%2Fwp%2Fv2%2Fcomments&post=11249"}],"version-history":[{"count":1,"href":"https:\/\/meeplendice.net\/index.php?rest_route=\/wp\/v2\/pages\/11249\/revisions"}],"predecessor-version":[{"id":11252,"href":"https:\/\/meeplendice.net\/index.php?rest_route=\/wp\/v2\/pages\/11249\/revisions\/11252"}],"up":[{"embeddable":true,"href":"https:\/\/meeplendice.net\/index.php?rest_route=\/wp\/v2\/pages\/8568"}],"wp:featuredmedia":[{"embeddable":true,"href":"https:\/\/meeplendice.net\/index.php?rest_route=\/wp\/v2\/media\/11250"}],"wp:attachment":[{"href":"https:\/\/meeplendice.net\/index.php?rest_route=%2Fwp%2Fv2%2Fmedia&parent=11249"}],"curies":[{"name":"wp","href":"https:\/\/api.w.org\/{rel}","templated":true}]}}