{"id":11253,"date":"2023-09-03T15:10:28","date_gmt":"2023-09-03T14:10:28","guid":{"rendered":"https:\/\/meeplendice.net\/?page_id=11253"},"modified":"2023-09-03T15:12:12","modified_gmt":"2023-09-03T14:12:12","slug":"newleaf","status":"publish","type":"page","link":"https:\/\/meeplendice.net\/?page_id=11253","title":{"rendered":"Newleaf"},"content":{"rendered":"<div>\n<p><em>De nouvelles cr\u00e9atures arrivent chaque jour \u00e0 la gare de Newleaf, la t\u00eate remplie d&rsquo;id\u00e9es novatrices ! En tant que premi\u00e8re ville officielle d&rsquo;Everdell, Newleaf est une destination tr\u00e8s attrayante qui ne manque pas de lieux \u00e0 explorer. Attirez les visiteurs en qu\u00eate de d\u00e9couverte dans votre ville, g\u00e9rez vos r\u00e9servations, voyagez plus loin avec les billets de train et construisez la ville la plus prosp\u00e8re connue \u00e0 Everdell.<\/em><\/p>\n<p>L&rsquo;extension<em> Newleaf <\/em>vous propose d&rsquo;ajouter 59 nouvelles cartes Cr\u00e9atures et Construction \u00e0 la pioche principale afin de multiplier les combinaisons possibles et de diversifier vos choix strat\u00e9giques. Ces cartes utilisent des jetons Occup\u00e9 dor\u00e9es et peuvent se combiner aux cartes du jeu de base pour des effets encore plus puissants.<\/p>\n<\/div>\n<p>D\u00e9couvrez de nouvelles fa\u00e7ons de marquer des points gr\u00e2ce aux cartes Visiteur et utilisez les billets et jetons R\u00e9servation \u00e0 bon escient.<\/p>\n<p>Pr\u00e9parez-vous \u00e0 vivre une partie d&rsquo;Everdell pleine de surprises et de rebondissement.<\/p>\n<p>Bienvenue \u00e0 Newleaf !<\/p>\n","protected":false},"excerpt":{"rendered":"<p>De nouvelles cr\u00e9atures arrivent chaque jour \u00e0 la gare de Newleaf, la t\u00eate remplie d&rsquo;id\u00e9es novatrices ! En tant que premi\u00e8re ville officielle d&rsquo;Everdell, Newleaf est une destination tr\u00e8s attrayante qui ne manque pas de lieux \u00e0 explorer. Attirez les visiteurs en qu\u00eate de d\u00e9couverte dans votre ville, g\u00e9rez vos r\u00e9servations, voyagez plus loin avec les billets de train et construisez la ville la plus prosp\u00e8re connue \u00e0 Everdell. L&rsquo;extension Newleaf vous propose d&rsquo;ajouter 59 nouvelles cartes Cr\u00e9atures et Construction \u00e0 la pioche principale afin de multiplier les combinaisons possibles et de diversifier vos choix strat\u00e9giques. Ces cartes utilisent des jetons Occup\u00e9 dor\u00e9es et peuvent se combiner aux cartes du jeu de base pour des effets encore plus puissants. D\u00e9couvrez de nouvelles fa\u00e7ons de marquer des points gr\u00e2ce aux cartes Visiteur et utilisez les billets et jetons R\u00e9servation \u00e0 bon escient. Pr\u00e9parez-vous \u00e0 vivre une partie d&rsquo;Everdell pleine de surprises et de rebondissement. Bienvenue \u00e0 Newleaf !<\/p>\n","protected":false},"author":2,"featured_media":11251,"parent":8568,"menu_order":5,"comment_status":"closed","ping_status":"closed","template":"","meta":{"footnotes":""},"class_list":["post-11253","page","type-page","status-publish","has-post-thumbnail","hentry"],"acf":[],"rttpg_featured_image_url":{"full":["https:\/\/meeplendice.net\/wp-content\/uploads\/2023\/09\/Everdell_Newleaf.png",350,350,false],"landscape":["https:\/\/meeplendice.net\/wp-content\/uploads\/2023\/09\/Everdell_Newleaf.png",350,350,false],"portraits":["https:\/\/meeplendice.net\/wp-content\/uploads\/2023\/09\/Everdell_Newleaf.png",350,350,false],"thumbnail":["https:\/\/meeplendice.net\/wp-content\/uploads\/2023\/09\/Everdell_Newleaf-150x150.png",150,150,true],"medium":["https:\/\/meeplendice.net\/wp-content\/uploads\/2023\/09\/Everdell_Newleaf-300x300.png",300,300,true],"large":["https:\/\/meeplendice.net\/wp-content\/uploads\/2023\/09\/Everdell_Newleaf.png",350,350,false],"ug_big":["https:\/\/meeplendice.net\/wp-content\/uploads\/2023\/09\/Everdell_Newleaf.png",350,350,false],"1536x1536":["https:\/\/meeplendice.net\/wp-content\/uploads\/2023\/09\/Everdell_Newleaf.png",350,350,false],"2048x2048":["https:\/\/meeplendice.net\/wp-content\/uploads\/2023\/09\/Everdell_Newleaf.png",350,350,false],"ashe-slider-grid-thumbnail":["https:\/\/meeplendice.net\/wp-content\/uploads\/2023\/09\/Everdell_Newleaf.png",350,350,false],"ashe-full-thumbnail":["https:\/\/meeplendice.net\/wp-content\/uploads\/2023\/09\/Everdell_Newleaf.png",350,350,false],"ashe-grid-thumbnail":["https:\/\/meeplendice.net\/wp-content\/uploads\/2023\/09\/Everdell_Newleaf-350x330.png",350,330,true],"ashe-list-thumbnail":["https:\/\/meeplendice.net\/wp-content\/uploads\/2023\/09\/Everdell_Newleaf-300x300.png",300,300,true],"ashe-single-navigation":["https:\/\/meeplendice.net\/wp-content\/uploads\/2023\/09\/Everdell_Newleaf-75x75.png",75,75,true],"mailpoet_newsletter_max":["https:\/\/meeplendice.net\/wp-content\/uploads\/2023\/09\/Everdell_Newleaf.png",350,350,false],"rpwe-thumbnail":["https:\/\/meeplendice.net\/wp-content\/uploads\/2023\/09\/Everdell_Newleaf-45x45.png",45,45,true],"sow-carousel-default":["https:\/\/meeplendice.net\/wp-content\/uploads\/2023\/09\/Everdell_Newleaf-272x182.png",272,182,true],"rt_custom":["https:\/\/meeplendice.net\/wp-content\/uploads\/2023\/09\/Everdell_Newleaf.png",350,350,false]},"rttpg_author":{"display_name":"Karnby","author_link":"https:\/\/meeplendice.net\/?author=2"},"rttpg_comment":0,"rttpg_category":null,"rttpg_excerpt":"De nouvelles cr\u00e9atures arrivent chaque jour \u00e0 la gare de Newleaf, la t\u00eate remplie d&rsquo;id\u00e9es novatrices ! En tant que premi\u00e8re ville officielle d&rsquo;Everdell, Newleaf est une destination tr\u00e8s attrayante qui ne manque pas de lieux \u00e0 explorer. Attirez les visiteurs en qu\u00eate de d\u00e9couverte dans votre ville, g\u00e9rez vos r\u00e9servations, voyagez plus loin avec\u2026","_links":{"self":[{"href":"https:\/\/meeplendice.net\/index.php?rest_route=\/wp\/v2\/pages\/11253","targetHints":{"allow":["GET"]}}],"collection":[{"href":"https:\/\/meeplendice.net\/index.php?rest_route=\/wp\/v2\/pages"}],"about":[{"href":"https:\/\/meeplendice.net\/index.php?rest_route=\/wp\/v2\/types\/page"}],"author":[{"embeddable":true,"href":"https:\/\/meeplendice.net\/index.php?rest_route=\/wp\/v2\/users\/2"}],"replies":[{"embeddable":true,"href":"https:\/\/meeplendice.net\/index.php?rest_route=%2Fwp%2Fv2%2Fcomments&post=11253"}],"version-history":[{"count":2,"href":"https:\/\/meeplendice.net\/index.php?rest_route=\/wp\/v2\/pages\/11253\/revisions"}],"predecessor-version":[{"id":11255,"href":"https:\/\/meeplendice.net\/index.php?rest_route=\/wp\/v2\/pages\/11253\/revisions\/11255"}],"up":[{"embeddable":true,"href":"https:\/\/meeplendice.net\/index.php?rest_route=\/wp\/v2\/pages\/8568"}],"wp:featuredmedia":[{"embeddable":true,"href":"https:\/\/meeplendice.net\/index.php?rest_route=\/wp\/v2\/media\/11251"}],"wp:attachment":[{"href":"https:\/\/meeplendice.net\/index.php?rest_route=%2Fwp%2Fv2%2Fmedia&parent=11253"}],"curies":[{"name":"wp","href":"https:\/\/api.w.org\/{rel}","templated":true}]}}