{"id":11288,"date":"2023-10-12T10:21:41","date_gmt":"2023-10-12T09:21:41","guid":{"rendered":"https:\/\/meeplendice.net\/?page_id=11288"},"modified":"2023-10-12T10:21:41","modified_gmt":"2023-10-12T09:21:41","slug":"metamorphoses-presages","status":"publish","type":"page","link":"https:\/\/meeplendice.net\/?page_id=11288","title":{"rendered":"M\u00e9tamorphoses &#038; Pr\u00e9sages"},"content":{"rendered":"<p><em>D\u2019\u00e9tranges rumeurs se r\u00e9pandent dans le village de Noctenburg. On rapporte la pr\u00e9sence d\u2019animaux dou\u00e9s de parole\u2026 Il est dit que certaines d\u2019entre eux peuvent m\u00eame prendre forme humaine. A moins que ce ne soit l\u2019inverse ? De biens sinistres pr\u00e9sages, en v\u00e9rit\u00e9 !<\/em><\/p>\n<p>Dans cette extension modulaire, d\u00e9couvrez de nouveaux pouvoirs en prenant forme animale et adaptez-vous aux sinistres pr\u00e9sages qui viennent perturber le village de Noctenburg.<\/p>\n<p>&nbsp;<\/p>\n<p style=\"text-align: justify;\"><span id=\"result_box\" class=\"\" lang=\"fr\"><span class=\"\">\u00a0<\/span><\/span><\/p>\n","protected":false},"excerpt":{"rendered":"<p>D\u2019\u00e9tranges rumeurs se r\u00e9pandent dans le village de Noctenburg. On rapporte la pr\u00e9sence d\u2019animaux dou\u00e9s de parole\u2026 Il est dit que certaines d\u2019entre eux peuvent m\u00eame prendre forme humaine. A moins que ce ne soit l\u2019inverse ? De biens sinistres pr\u00e9sages, en v\u00e9rit\u00e9 ! Dans cette extension modulaire, d\u00e9couvrez de nouveaux pouvoirs en prenant forme animale et adaptez-vous aux sinistres pr\u00e9sages qui viennent perturber le village de Noctenburg. &nbsp; \u00a0<\/p>\n","protected":false},"author":2,"featured_media":11284,"parent":11285,"menu_order":1,"comment_status":"closed","ping_status":"closed","template":"","meta":{"footnotes":""},"class_list":["post-11288","page","type-page","status-publish","has-post-thumbnail","hentry"],"acf":[],"rttpg_featured_image_url":{"full":["https:\/\/meeplendice.net\/wp-content\/uploads\/2023\/10\/Septima_MP.png",350,350,false],"landscape":["https:\/\/meeplendice.net\/wp-content\/uploads\/2023\/10\/Septima_MP.png",350,350,false],"portraits":["https:\/\/meeplendice.net\/wp-content\/uploads\/2023\/10\/Septima_MP.png",350,350,false],"thumbnail":["https:\/\/meeplendice.net\/wp-content\/uploads\/2023\/10\/Septima_MP-150x150.png",150,150,true],"medium":["https:\/\/meeplendice.net\/wp-content\/uploads\/2023\/10\/Septima_MP-300x300.png",300,300,true],"large":["https:\/\/meeplendice.net\/wp-content\/uploads\/2023\/10\/Septima_MP.png",350,350,false],"ug_big":["https:\/\/meeplendice.net\/wp-content\/uploads\/2023\/10\/Septima_MP.png",350,350,false],"1536x1536":["https:\/\/meeplendice.net\/wp-content\/uploads\/2023\/10\/Septima_MP.png",350,350,false],"2048x2048":["https:\/\/meeplendice.net\/wp-content\/uploads\/2023\/10\/Septima_MP.png",350,350,false],"ashe-slider-grid-thumbnail":["https:\/\/meeplendice.net\/wp-content\/uploads\/2023\/10\/Septima_MP.png",350,350,false],"ashe-full-thumbnail":["https:\/\/meeplendice.net\/wp-content\/uploads\/2023\/10\/Septima_MP.png",350,350,false],"ashe-grid-thumbnail":["https:\/\/meeplendice.net\/wp-content\/uploads\/2023\/10\/Septima_MP-350x330.png",350,330,true],"ashe-list-thumbnail":["https:\/\/meeplendice.net\/wp-content\/uploads\/2023\/10\/Septima_MP-300x300.png",300,300,true],"ashe-single-navigation":["https:\/\/meeplendice.net\/wp-content\/uploads\/2023\/10\/Septima_MP-75x75.png",75,75,true],"mailpoet_newsletter_max":["https:\/\/meeplendice.net\/wp-content\/uploads\/2023\/10\/Septima_MP.png",350,350,false],"rpwe-thumbnail":["https:\/\/meeplendice.net\/wp-content\/uploads\/2023\/10\/Septima_MP-45x45.png",45,45,true],"sow-carousel-default":["https:\/\/meeplendice.net\/wp-content\/uploads\/2023\/10\/Septima_MP-272x182.png",272,182,true],"rt_custom":["https:\/\/meeplendice.net\/wp-content\/uploads\/2023\/10\/Septima_MP.png",350,350,false]},"rttpg_author":{"display_name":"Karnby","author_link":"https:\/\/meeplendice.net\/?author=2"},"rttpg_comment":0,"rttpg_category":null,"rttpg_excerpt":"D\u2019\u00e9tranges rumeurs se r\u00e9pandent dans le village de Noctenburg. On rapporte la pr\u00e9sence d\u2019animaux dou\u00e9s de parole\u2026 Il est dit que certaines d\u2019entre eux peuvent m\u00eame prendre forme humaine. A moins que ce ne soit l\u2019inverse ? De biens sinistres pr\u00e9sages, en v\u00e9rit\u00e9 ! Dans cette extension modulaire, d\u00e9couvrez de nouveaux pouvoirs en prenant forme\u2026","_links":{"self":[{"href":"https:\/\/meeplendice.net\/index.php?rest_route=\/wp\/v2\/pages\/11288","targetHints":{"allow":["GET"]}}],"collection":[{"href":"https:\/\/meeplendice.net\/index.php?rest_route=\/wp\/v2\/pages"}],"about":[{"href":"https:\/\/meeplendice.net\/index.php?rest_route=\/wp\/v2\/types\/page"}],"author":[{"embeddable":true,"href":"https:\/\/meeplendice.net\/index.php?rest_route=\/wp\/v2\/users\/2"}],"replies":[{"embeddable":true,"href":"https:\/\/meeplendice.net\/index.php?rest_route=%2Fwp%2Fv2%2Fcomments&post=11288"}],"version-history":[{"count":1,"href":"https:\/\/meeplendice.net\/index.php?rest_route=\/wp\/v2\/pages\/11288\/revisions"}],"predecessor-version":[{"id":11289,"href":"https:\/\/meeplendice.net\/index.php?rest_route=\/wp\/v2\/pages\/11288\/revisions\/11289"}],"up":[{"embeddable":true,"href":"https:\/\/meeplendice.net\/index.php?rest_route=\/wp\/v2\/pages\/11285"}],"wp:featuredmedia":[{"embeddable":true,"href":"https:\/\/meeplendice.net\/index.php?rest_route=\/wp\/v2\/media\/11284"}],"wp:attachment":[{"href":"https:\/\/meeplendice.net\/index.php?rest_route=%2Fwp%2Fv2%2Fmedia&parent=11288"}],"curies":[{"name":"wp","href":"https:\/\/api.w.org\/{rel}","templated":true}]}}