{"id":11552,"date":"2023-10-30T22:04:06","date_gmt":"2023-10-30T21:04:06","guid":{"rendered":"https:\/\/meeplendice.net\/?page_id=11552"},"modified":"2024-10-10T15:39:50","modified_gmt":"2024-10-10T13:39:50","slug":"la-bete","status":"publish","type":"page","link":"https:\/\/meeplendice.net\/?page_id=11552","title":{"rendered":"La B\u00eate"},"content":{"rendered":"<div id=\"pl-11552\"  class=\"panel-layout\" ><div id=\"pg-11552-0\"  class=\"panel-grid panel-no-style\" ><div id=\"pgc-11552-0-0\"  class=\"panel-grid-cell\" ><div id=\"panel-11552-0-0-0\" class=\"so-panel widget widget_sow-editor panel-first-child panel-last-child\" data-index=\"0\" ><div\n\t\t\t\n\t\t\tclass=\"so-widget-sow-editor so-widget-sow-editor-base\"\n\t\t\t\n\t\t>\n<div class=\"siteorigin-widget-tinymce textwidget\">\n\t<p style=\"text-align: center;\"><strong>Nombre de joueurs :<\/strong><br \/>\n2 - 5<\/p>\n<\/div>\n<\/div><\/div><\/div><div id=\"pgc-11552-0-1\"  class=\"panel-grid-cell\" ><div id=\"panel-11552-0-1-0\" class=\"so-panel widget widget_sow-editor panel-first-child panel-last-child\" data-index=\"1\" ><div\n\t\t\t\n\t\t\tclass=\"so-widget-sow-editor so-widget-sow-editor-base\"\n\t\t\t\n\t\t>\n<div class=\"siteorigin-widget-tinymce textwidget\">\n\t<p style=\"text-align: center;\"><strong>Dur\u00e9e moyenne :<\/strong><br \/>\n60 min<\/p>\n<\/div>\n<\/div><\/div><\/div><div id=\"pgc-11552-0-2\"  class=\"panel-grid-cell\" ><div id=\"panel-11552-0-2-0\" class=\"so-panel widget widget_sow-editor panel-first-child panel-last-child\" data-index=\"2\" ><div\n\t\t\t\n\t\t\tclass=\"so-widget-sow-editor so-widget-sow-editor-base\"\n\t\t\t\n\t\t>\n<div class=\"siteorigin-widget-tinymce textwidget\">\n\t<p style=\"text-align: center;\"><strong>Age :<\/strong><br \/>\n12 ans et plus<\/p>\n<\/div>\n<\/div><\/div><\/div><\/div><div id=\"pg-11552-1\"  class=\"panel-grid panel-no-style\" ><div id=\"pgc-11552-1-0\"  class=\"panel-grid-cell\" ><div id=\"panel-11552-1-0-0\" class=\"so-panel widget widget_sow-editor panel-first-child panel-last-child\" data-index=\"3\" ><div\n\t\t\t\n\t\t\tclass=\"so-widget-sow-editor so-widget-sow-editor-base\"\n\t\t\t\n\t\t>\n<div class=\"siteorigin-widget-tinymce textwidget\">\n\t<p style=\"text-align: center;\"><strong>Auteur(s) :<br \/>\n<\/strong>Charlec<\/p>\n<\/div>\n<\/div><\/div><\/div><div id=\"pgc-11552-1-1\"  class=\"panel-grid-cell\" ><div id=\"panel-11552-1-1-0\" class=\"so-panel widget widget_sow-editor panel-first-child panel-last-child\" data-index=\"4\" ><div\n\t\t\t\n\t\t\tclass=\"so-widget-sow-editor so-widget-sow-editor-base\"\n\t\t\t\n\t\t>\n<div class=\"siteorigin-widget-tinymce textwidget\">\n\t<p style=\"text-align: center;\"><strong>Illustrations :<\/strong><br \/>\nAnn<br \/>\nSeb<\/p>\n<\/div>\n<\/div><\/div><\/div><div id=\"pgc-11552-1-2\"  class=\"panel-grid-cell\" ><div id=\"panel-11552-1-2-0\" class=\"so-panel widget widget_sow-editor panel-first-child panel-last-child\" data-index=\"5\" ><div\n\t\t\t\n\t\t\tclass=\"so-widget-sow-editor so-widget-sow-editor-base\"\n\t\t\t\n\t\t>\n<div class=\"siteorigin-widget-tinymce textwidget\">\n\t<p style=\"text-align: center;\"><strong>\u00c9dition :<\/strong><br \/>\n<span class=\"data-siloing\" data-siloing=\"\n\n                                                            https:\/\/www.philibertnet.com\/fr\/2388_multivers\n\n                            \">Multivers<\/span><br \/>\n2022<\/p>\n<\/div>\n<\/div><\/div><\/div><div id=\"pgc-11552-1-3\"  class=\"panel-grid-cell\" ><div id=\"panel-11552-1-3-0\" class=\"so-panel widget widget_sow-editor panel-first-child panel-last-child\" data-index=\"6\" ><div\n\t\t\t\n\t\t\tclass=\"so-widget-sow-editor so-widget-sow-editor-base\"\n\t\t\t\n\t\t>\n<div class=\"siteorigin-widget-tinymce textwidget\">\n\t<p style=\"text-align: center;\"><strong>Version :<\/strong><br \/>\nFran\u00e7aise<\/p>\n<\/div>\n<\/div><\/div><\/div><\/div><div id=\"pg-11552-2\"  class=\"panel-grid panel-no-style\" ><div id=\"pgc-11552-2-0\"  class=\"panel-grid-cell\" ><div id=\"panel-11552-2-0-0\" class=\"so-panel widget widget_sow-editor panel-first-child panel-last-child\" data-index=\"7\" ><div\n\t\t\t\n\t\t\tclass=\"so-widget-sow-editor so-widget-sow-editor-base\"\n\t\t\t\n\t\t>\n<div class=\"siteorigin-widget-tinymce textwidget\">\n\t<hr \/>\n<p><em>C\u2019est en l\u2019an 1764 que la b\u00eate apparut sur nos terres et les fit siennes. Un an plus tard, sa renomm\u00e9e d\u00e9passait les fronti\u00e8res de notre province et l\u2019on commen\u00e7ait a\u0300 penser que nul mortel n\u2019en viendrait jamais a\u0300 bout. Sous ses assauts, le pays de G\u00e9vaudan s\u2019enfon\u00e7ait peu a\u0300 peu dans les t\u00e9n\u00e8bres.<\/em><\/p>\n<p style=\"text-align: right;\"><em>- Le Pacte des Loups (2001), \u00e9crit par St\u00e9phane Cabel &amp; Christophe Gans<\/em><\/p>\n<p><em>La Be\u0302te<\/em> est un jeu asyme\u0301trique opposant un joueur endossant le ro\u0302le de la Be\u0302te du Ge\u0301vaudan a\u0300 un ou plusieurs joueurs incarnant les Enque\u0302teurs historiques dans la Loz\u00e8re de la France du XVIII\u00e8me si\u00e8cle.<\/p>\n<p>Pour gagner, la B\u00eate doit faire au moins 25 victimes avant la fin du jeu qui se d\u00e9roule saison apr\u00e8s saison pendant 3 ans (12 tours).<br \/>\nLe ou les enqu\u00eateurs doivent soit l'en emp\u00eacher, soit la d\u00e9masquer en identifiant son identit\u00e9 secr\u00e8te.<\/p>\n<\/div>\n<\/div><\/div><\/div><\/div><div id=\"pg-11552-3\"  class=\"panel-grid panel-no-style\" ><div id=\"pgc-11552-3-0\"  class=\"panel-grid-cell\" ><div id=\"panel-11552-3-0-0\" class=\"so-panel widget widget_sow-editor panel-first-child panel-last-child\" data-index=\"8\" ><div\n\t\t\t\n\t\t\tclass=\"so-widget-sow-editor so-widget-sow-editor-base\"\n\t\t\t\n\t\t>\n<div class=\"siteorigin-widget-tinymce textwidget\">\n\t<hr \/>\n<h3 style=\"text-align: center;\">En vid\u00e9o<\/h3>\n<p><a href=\"https:\/\/www.youtube.com\/watch?v=lJk7rXL5lkM&amp;ab_channel=Videoregles.Net\" target=\"_blank\" rel=\"noopener\"><img loading=\"lazy\" decoding=\"async\" class=\"alignnone size-full wp-image-9090\" src=\"https:\/\/meeplendice.net\/wp-content\/uploads\/2022\/01\/Link_CJ_v2.png\" alt=\"\" width=\"200\" height=\"170\" \/><\/a><\/p>\n<\/div>\n<\/div><\/div><\/div><\/div><div id=\"pg-11552-4\"  class=\"panel-grid panel-no-style\" ><div id=\"pgc-11552-4-0\"  class=\"panel-grid-cell\" ><div id=\"panel-11552-4-0-0\" class=\"so-panel widget widget_sow-editor panel-first-child panel-last-child\" data-index=\"9\" ><div\n\t\t\t\n\t\t\tclass=\"so-widget-sow-editor so-widget-sow-editor-base\"\n\t\t\t\n\t\t>\n<div class=\"siteorigin-widget-tinymce textwidget\">\n\t<hr \/>\n<h3 style=\"text-align: center;\">Extension(s)<\/h3>\n<style type='text\/css' media='all'>#rt-tpg-container-1007201090 .read-more a{border-radius:px;}#rt-tpg-container-1007201090 .rt-img-holder img.rt-img-responsive,#rt-tpg-container-1007201090 .rt-img-holder,\n\t\t\t\t\t#rt-tpg-container-1007201090 .rt-post-overlay .post-img,\n\t\t\t\t\t#rt-tpg-container-1007201090 .post-sm .post-img,\n\t\t\t\t\t#rt-tpg-container-1007201090 .rt-post-grid .post-img,\n\t\t\t\t\t#rt-tpg-container-1007201090 .post-img img {border-radius:px;}#rt-tpg-container-1007201090 .layout9 .rt-holder h2.entry-title,\n\t\t\t\t\t#rt-tpg-container-1007201090 .layout9 .rt-holder h3.entry-title,\n\t\t\t\t\t#rt-tpg-container-1007201090 .layout9 .rt-holder h4.entry-title,\n\t\t\t\t\t#rt-tpg-container-1007201090 .layout9 .rt-holder h2.entry-title a,\n\t\t\t\t\t#rt-tpg-container-1007201090 .layout9 .rt-holder h3.entry-title a,\n\t\t\t\t\t#rt-tpg-container-1007201090 .layout9 .rt-holder h4.entry-title a,\n\t\t\t\t\t#rt-tpg-container-1007201090 .rt-holder .rt-woo-info h2 a,\n\t\t\t\t\t#rt-tpg-container-1007201090 .rt-holder .rt-woo-info h3 a,\n\t\t\t\t\t#rt-tpg-container-1007201090 .rt-holder .rt-woo-info h4 a,\n\t\t\t\t\t#rt-tpg-container-1007201090 .post-content .post-title,\n\t\t\t\t\t#rt-tpg-container-1007201090 .rt-post-grid .post-title,\n\t\t\t\t\t#rt-tpg-container-1007201090 .rt-post-grid .post-title a,\n\t\t\t\t\t#rt-tpg-container-1007201090 .post-content .post-title a,\n\t\t\t\t\t#rt-tpg-container-1007201090 .rt-holder .rt-woo-info h2,\n\t\t\t\t\t#rt-tpg-container-1007201090 .rt-holder .rt-woo-info h3,\n\t\t\t\t\t#rt-tpg-container-1007201090 .rt-holder .rt-woo-info h4{font-size:16px;line-height:26px;font-weight:normal;text-align:center;}#rt-tpg-container-1007201090 .post-grid-lg-style-1 .post-title,\n\t\t\t\t\t\t#rt-tpg-container-1007201090 .post-grid-lg-style-1 .post-title a,\n\t\t\t\t\t\t#rt-tpg-container-1007201090 .big-layout .post-title,\n\t\t\t\t\t\t#rt-tpg-container-1007201090 .big-layout .post-title a,\n\t\t\t\t\t\t#rt-tpg-container-1007201090 .post-grid-lg-style-1 .post-title,\n\t\t\t\t\t\t#rt-tpg-container-1007201090 .post-grid-lg-style-1 .post-title a {font-size:24px;line-height:34px;}<\/style><div class='rt-container-fluid rt-tpg-container tpg-shortcode-main-wrapper ' id='rt-tpg-container-1007201090'   data-layout='layout9' data-grid-style='masonry' data-desktop-col='3'  data-tab-col='2'  data-mobile-col='1' data-sc-id='12805'><div data-title='Loading ...' class='rt-row rt-content-loader   layout9 tpg-masonry '><div class=\"rt-col-md-4 rt-col-sm-6 rt-col-xs-12 masonry-grid-item rt-grid-item img_zoom_in\" data-id=\"12801\"><div class=\"rt-holder\"><div class='overlay'><a data-id='12801' class=' tpg-single-popup' href='https:\/\/meeplendice.net\/?page_id=12801'><img loading=\"lazy\" decoding=\"async\" width=\"350\" height=\"350\" src=\"https:\/\/meeplendice.net\/wp-content\/uploads\/2024\/10\/La_bete_hurlement.png\" class=\"rt-img-responsive \" alt=\"\" \/><\/a><\/div><div class='post-info'><h3 class=\"entry-title\"><a data-id=\"12801\" class=\" tpg-single-popup\" href=\"https:\/\/meeplendice.net\/?page_id=12801\">Hurlements !<\/a><\/h3><div class='post-meta-user '><\/div><\/div><\/div><\/div><\/div><div class='rt-pagination-wrap' data-total-pages='1' data-posts-per-page='3' data-type='pagination_ajax'  ><div class='rt-page-numbers'><\/div><\/div><\/div>\n<\/div>\n<\/div><\/div><\/div><\/div><div id=\"pg-11552-5\"  class=\"panel-grid panel-no-style\" ><div id=\"pgc-11552-5-0\"  class=\"panel-grid-cell\" ><div id=\"panel-11552-5-0-0\" class=\"so-panel widget widget_sow-editor panel-first-child panel-last-child\" data-index=\"10\" ><div\n\t\t\t\n\t\t\tclass=\"so-widget-sow-editor so-widget-sow-editor-base\"\n\t\t\t\n\t\t>\n<div class=\"siteorigin-widget-tinymce textwidget\">\n\t<hr \/>\n<h3 style=\"text-align: center;\">Pour aller plus loin<\/h3>\n<\/div>\n<\/div><\/div><\/div><\/div><\/div>","protected":false},"excerpt":{"rendered":"<p>Nombre de joueurs : 2 &#8211; 5 Dur\u00e9e moyenne : 60 min Age : 12 ans et plus Auteur(s) : Charlec Illustrations : Ann Seb \u00c9dition : Multivers 2022 Version : Fran\u00e7aise<\/p>\n","protected":false},"author":2,"featured_media":11553,"parent":0,"menu_order":0,"comment_status":"closed","ping_status":"closed","template":"","meta":{"footnotes":""},"class_list":["post-11552","page","type-page","status-publish","has-post-thumbnail","hentry"],"acf":[],"rttpg_featured_image_url":{"full":["https:\/\/meeplendice.net\/wp-content\/uploads\/2023\/10\/La_bete.png",350,350,false],"landscape":["https:\/\/meeplendice.net\/wp-content\/uploads\/2023\/10\/La_bete.png",350,350,false],"portraits":["https:\/\/meeplendice.net\/wp-content\/uploads\/2023\/10\/La_bete.png",350,350,false],"thumbnail":["https:\/\/meeplendice.net\/wp-content\/uploads\/2023\/10\/La_bete-150x150.png",150,150,true],"medium":["https:\/\/meeplendice.net\/wp-content\/uploads\/2023\/10\/La_bete-300x300.png",300,300,true],"large":["https:\/\/meeplendice.net\/wp-content\/uploads\/2023\/10\/La_bete.png",350,350,false],"ug_big":["https:\/\/meeplendice.net\/wp-content\/uploads\/2023\/10\/La_bete.png",350,350,false],"1536x1536":["https:\/\/meeplendice.net\/wp-content\/uploads\/2023\/10\/La_bete.png",350,350,false],"2048x2048":["https:\/\/meeplendice.net\/wp-content\/uploads\/2023\/10\/La_bete.png",350,350,false],"ashe-slider-grid-thumbnail":["https:\/\/meeplendice.net\/wp-content\/uploads\/2023\/10\/La_bete.png",350,350,false],"ashe-full-thumbnail":["https:\/\/meeplendice.net\/wp-content\/uploads\/2023\/10\/La_bete.png",350,350,false],"ashe-grid-thumbnail":["https:\/\/meeplendice.net\/wp-content\/uploads\/2023\/10\/La_bete-350x330.png",350,330,true],"ashe-list-thumbnail":["https:\/\/meeplendice.net\/wp-content\/uploads\/2023\/10\/La_bete-300x300.png",300,300,true],"ashe-single-navigation":["https:\/\/meeplendice.net\/wp-content\/uploads\/2023\/10\/La_bete-75x75.png",75,75,true],"mailpoet_newsletter_max":["https:\/\/meeplendice.net\/wp-content\/uploads\/2023\/10\/La_bete.png",350,350,false],"rpwe-thumbnail":["https:\/\/meeplendice.net\/wp-content\/uploads\/2023\/10\/La_bete-45x45.png",45,45,true],"sow-carousel-default":["https:\/\/meeplendice.net\/wp-content\/uploads\/2023\/10\/La_bete-272x182.png",272,182,true],"rt_custom":["https:\/\/meeplendice.net\/wp-content\/uploads\/2023\/10\/La_bete.png",350,350,false]},"rttpg_author":{"display_name":"Karnby","author_link":"https:\/\/meeplendice.net\/?author=2"},"rttpg_comment":0,"rttpg_category":null,"rttpg_excerpt":"Nombre de joueurs : 2 - 5 Dur\u00e9e moyenne : 60 min Age : 12 ans et plus Auteur(s) : Charlec Illustrations : Ann Seb \u00c9dition : Multivers 2022 Version : Fran\u00e7aise","_links":{"self":[{"href":"https:\/\/meeplendice.net\/index.php?rest_route=\/wp\/v2\/pages\/11552","targetHints":{"allow":["GET"]}}],"collection":[{"href":"https:\/\/meeplendice.net\/index.php?rest_route=\/wp\/v2\/pages"}],"about":[{"href":"https:\/\/meeplendice.net\/index.php?rest_route=\/wp\/v2\/types\/page"}],"author":[{"embeddable":true,"href":"https:\/\/meeplendice.net\/index.php?rest_route=\/wp\/v2\/users\/2"}],"replies":[{"embeddable":true,"href":"https:\/\/meeplendice.net\/index.php?rest_route=%2Fwp%2Fv2%2Fcomments&post=11552"}],"version-history":[{"count":5,"href":"https:\/\/meeplendice.net\/index.php?rest_route=\/wp\/v2\/pages\/11552\/revisions"}],"predecessor-version":[{"id":12806,"href":"https:\/\/meeplendice.net\/index.php?rest_route=\/wp\/v2\/pages\/11552\/revisions\/12806"}],"wp:featuredmedia":[{"embeddable":true,"href":"https:\/\/meeplendice.net\/index.php?rest_route=\/wp\/v2\/media\/11553"}],"wp:attachment":[{"href":"https:\/\/meeplendice.net\/index.php?rest_route=%2Fwp%2Fv2%2Fmedia&parent=11552"}],"curies":[{"name":"wp","href":"https:\/\/api.w.org\/{rel}","templated":true}]}}