{"id":11607,"date":"2023-12-05T16:46:49","date_gmt":"2023-12-05T15:46:49","guid":{"rendered":"https:\/\/meeplendice.net\/?page_id=11607"},"modified":"2023-12-28T19:53:51","modified_gmt":"2023-12-28T18:53:51","slug":"cluedo-harry-potter","status":"publish","type":"page","link":"https:\/\/meeplendice.net\/?page_id=11607","title":{"rendered":"Cluedo Harry Potter"},"content":{"rendered":"<div id=\"pl-11607\"  class=\"panel-layout\" ><div id=\"pg-11607-0\"  class=\"panel-grid panel-no-style\" ><div id=\"pgc-11607-0-0\"  class=\"panel-grid-cell\" ><div id=\"panel-11607-0-0-0\" class=\"so-panel widget widget_sow-editor panel-first-child panel-last-child\" data-index=\"0\" ><div\n\t\t\t\n\t\t\tclass=\"so-widget-sow-editor so-widget-sow-editor-base\"\n\t\t\t\n\t\t>\n<div class=\"siteorigin-widget-tinymce textwidget\">\n\t<p style=\"text-align: center;\"><strong>Nombre de joueurs :<\/strong><br \/>\n3 - 5<\/p>\n<\/div>\n<\/div><\/div><\/div><div id=\"pgc-11607-0-1\"  class=\"panel-grid-cell\" ><div id=\"panel-11607-0-1-0\" class=\"so-panel widget widget_sow-editor panel-first-child panel-last-child\" data-index=\"1\" ><div\n\t\t\t\n\t\t\tclass=\"so-widget-sow-editor so-widget-sow-editor-base\"\n\t\t\t\n\t\t>\n<div class=\"siteorigin-widget-tinymce textwidget\">\n\t<p style=\"text-align: center;\"><strong>Dur\u00e9e moyenne :<\/strong><br \/>\n30 min<\/p>\n<\/div>\n<\/div><\/div><\/div><div id=\"pgc-11607-0-2\"  class=\"panel-grid-cell\" ><div id=\"panel-11607-0-2-0\" class=\"so-panel widget widget_sow-editor panel-first-child panel-last-child\" data-index=\"2\" ><div\n\t\t\t\n\t\t\tclass=\"so-widget-sow-editor so-widget-sow-editor-base\"\n\t\t\t\n\t\t>\n<div class=\"siteorigin-widget-tinymce textwidget\">\n\t<p style=\"text-align: center;\"><strong>Age :<\/strong><br \/>\n8 ans et plus<\/p>\n<\/div>\n<\/div><\/div><\/div><\/div><div id=\"pg-11607-1\"  class=\"panel-grid panel-no-style\" ><div id=\"pgc-11607-1-0\"  class=\"panel-grid-cell\" ><div id=\"panel-11607-1-0-0\" class=\"so-panel widget widget_sow-editor panel-first-child panel-last-child\" data-index=\"3\" ><div\n\t\t\t\n\t\t\tclass=\"so-widget-sow-editor so-widget-sow-editor-base\"\n\t\t\t\n\t\t>\n<div class=\"siteorigin-widget-tinymce textwidget\">\n\t<p style=\"text-align: center;\"><strong>Auteur(s) :<br \/>\n<\/strong>Anthony Ernest Pratt<br \/>\nElva Pratt<\/p>\n<\/div>\n<\/div><\/div><\/div><div id=\"pgc-11607-1-1\"  class=\"panel-grid-cell\" ><div id=\"panel-11607-1-1-0\" class=\"so-panel widget widget_sow-editor panel-first-child panel-last-child\" data-index=\"4\" ><div\n\t\t\t\n\t\t\tclass=\"so-widget-sow-editor so-widget-sow-editor-base\"\n\t\t\t\n\t\t>\n<div class=\"siteorigin-widget-tinymce textwidget\">\n\t<p style=\"text-align: center;\"><strong>Illustrations :<br \/>\n<\/strong>Wizarding World<\/p>\n<\/div>\n<\/div><\/div><\/div><div id=\"pgc-11607-1-2\"  class=\"panel-grid-cell\" ><div id=\"panel-11607-1-2-0\" class=\"so-panel widget widget_sow-editor panel-first-child panel-last-child\" data-index=\"5\" ><div\n\t\t\t\n\t\t\tclass=\"so-widget-sow-editor so-widget-sow-editor-base\"\n\t\t\t\n\t\t>\n<div class=\"siteorigin-widget-tinymce textwidget\">\n\t<p style=\"text-align: center;\"><strong>\u00c9dition :<\/strong><br \/>\nHasbro Gaming<br \/>\n2020<\/p>\n<\/div>\n<\/div><\/div><\/div><div id=\"pgc-11607-1-3\"  class=\"panel-grid-cell\" ><div id=\"panel-11607-1-3-0\" class=\"so-panel widget widget_sow-editor panel-first-child panel-last-child\" data-index=\"6\" ><div\n\t\t\t\n\t\t\tclass=\"so-widget-sow-editor so-widget-sow-editor-base\"\n\t\t\t\n\t\t>\n<div class=\"siteorigin-widget-tinymce textwidget\">\n\t<p style=\"text-align: center;\"><strong>Version :<\/strong><br \/>\nFran\u00e7aise<\/p>\n<\/div>\n<\/div><\/div><\/div><\/div><div id=\"pg-11607-2\"  class=\"panel-grid panel-no-style\" ><div id=\"pgc-11607-2-0\"  class=\"panel-grid-cell\" ><div id=\"panel-11607-2-0-0\" class=\"so-panel widget widget_sow-editor panel-first-child panel-last-child\" data-index=\"7\" ><div\n\t\t\t\n\t\t\tclass=\"so-widget-sow-editor so-widget-sow-editor-base\"\n\t\t\t\n\t\t>\n<div class=\"siteorigin-widget-tinymce textwidget\">\n\t<hr \/>\n<p><em>De la magie noire \u00e0 Poudlard !<\/em><\/p>\n<p><em>Un camarade de classe a apparemment disparu du c\u00e9l\u00e8bre coll\u00e8ge Pourdlard, \u00e9cole de sorcellerie, et c'est \u00e0 vous de r\u00e9soudre la myst\u00e9rieuse disparition.<br \/>\nVous incarnez Harry, Ron, Hermione, Ginny, Luna ou Neville pour tenter de d\u00e9couvrir QUI a commis le crime, QUEL sortil\u00e8ge ou objet a \u00e9t\u00e9 utilis\u00e9, et OU l'\u00e9l\u00e8ve a \u00e9t\u00e9 attaqu\u00e9. Etait-ce Drago Malefoy avec le Somnif\u00e8re dans la Voli\u00e8re ?<\/em><\/p>\n<p>D\u00e9placez-vous dans Poudlard en \u00e9mettant des hypoth\u00e8ses... mais attention ! Le ch\u00e2teau contient des portes secr\u00e8tes et des escaliers mobiles, et les roues du plateau feront constamment changer le d\u00e9cors en r\u00e9v\u00e9lant des passages secrets au m\u00eame la marque des T\u00e9n\u00e8bres !<em><br \/>\nSi elle apparait, restez sur vos gardes, les forces obscures sont s\u00fbrement \u00e0 l\u2019\u0153uvre.<\/em><\/p>\n<p>Piochez des cartes Aide, qui vous fourniront des sortil\u00e8ges, des all\u00e9s et des objets pour vous prot\u00e9ger contre les forces obscures et vous emp\u00eacher de perdre des points de maison. Si vous perdez tous vos points de maison, vous \u00eates \u00e9limin\u00e9 de la partie !<\/p>\n<\/div>\n<\/div><\/div><\/div><\/div><div id=\"pg-11607-3\"  class=\"panel-grid panel-no-style\" ><div id=\"pgc-11607-3-0\"  class=\"panel-grid-cell\" ><div id=\"panel-11607-3-0-0\" class=\"so-panel widget widget_sow-editor panel-first-child panel-last-child\" data-index=\"8\" ><div\n\t\t\t\n\t\t\tclass=\"so-widget-sow-editor so-widget-sow-editor-base\"\n\t\t\t\n\t\t>\n<div class=\"siteorigin-widget-tinymce textwidget\">\n\t<hr \/>\n<h3 style=\"text-align: center;\">En vid\u00e9o<\/h3>\n<\/div>\n<\/div><\/div><\/div><\/div><div id=\"pg-11607-4\"  class=\"panel-grid panel-no-style\" ><div id=\"pgc-11607-4-0\"  class=\"panel-grid-cell\" ><div id=\"panel-11607-4-0-0\" class=\"so-panel widget widget_sow-editor panel-first-child panel-last-child\" data-index=\"9\" ><div\n\t\t\t\n\t\t\tclass=\"so-widget-sow-editor so-widget-sow-editor-base\"\n\t\t\t\n\t\t>\n<div class=\"siteorigin-widget-tinymce textwidget\">\n\t<hr \/>\n<h3 style=\"text-align: center;\">Pour aller plus loin<\/h3>\n<\/div>\n<\/div><\/div><\/div><\/div><\/div>","protected":false},"excerpt":{"rendered":"<p>Nombre de joueurs : 3 &#8211; 5 Dur\u00e9e moyenne : 30 min Age : 8 ans et plus Auteur(s) : Anthony Ernest Pratt Elva Pratt Illustrations : Wizarding World \u00c9dition : Hasbro Gaming 2020 Version : Fran\u00e7aise<\/p>\n","protected":false},"author":2,"featured_media":11582,"parent":0,"menu_order":0,"comment_status":"closed","ping_status":"closed","template":"","meta":{"footnotes":""},"class_list":["post-11607","page","type-page","status-publish","has-post-thumbnail","hentry"],"acf":[],"rttpg_featured_image_url":{"full":["https:\/\/meeplendice.net\/wp-content\/uploads\/2023\/12\/HP_Cluedo.png",350,350,false],"landscape":["https:\/\/meeplendice.net\/wp-content\/uploads\/2023\/12\/HP_Cluedo.png",350,350,false],"portraits":["https:\/\/meeplendice.net\/wp-content\/uploads\/2023\/12\/HP_Cluedo.png",350,350,false],"thumbnail":["https:\/\/meeplendice.net\/wp-content\/uploads\/2023\/12\/HP_Cluedo-150x150.png",150,150,true],"medium":["https:\/\/meeplendice.net\/wp-content\/uploads\/2023\/12\/HP_Cluedo-300x300.png",300,300,true],"large":["https:\/\/meeplendice.net\/wp-content\/uploads\/2023\/12\/HP_Cluedo.png",350,350,false],"ug_big":["https:\/\/meeplendice.net\/wp-content\/uploads\/2023\/12\/HP_Cluedo.png",350,350,false],"1536x1536":["https:\/\/meeplendice.net\/wp-content\/uploads\/2023\/12\/HP_Cluedo.png",350,350,false],"2048x2048":["https:\/\/meeplendice.net\/wp-content\/uploads\/2023\/12\/HP_Cluedo.png",350,350,false],"ashe-slider-grid-thumbnail":["https:\/\/meeplendice.net\/wp-content\/uploads\/2023\/12\/HP_Cluedo.png",350,350,false],"ashe-full-thumbnail":["https:\/\/meeplendice.net\/wp-content\/uploads\/2023\/12\/HP_Cluedo.png",350,350,false],"ashe-grid-thumbnail":["https:\/\/meeplendice.net\/wp-content\/uploads\/2023\/12\/HP_Cluedo-350x330.png",350,330,true],"ashe-list-thumbnail":["https:\/\/meeplendice.net\/wp-content\/uploads\/2023\/12\/HP_Cluedo-300x300.png",300,300,true],"ashe-single-navigation":["https:\/\/meeplendice.net\/wp-content\/uploads\/2023\/12\/HP_Cluedo-75x75.png",75,75,true],"mailpoet_newsletter_max":["https:\/\/meeplendice.net\/wp-content\/uploads\/2023\/12\/HP_Cluedo.png",350,350,false],"rpwe-thumbnail":["https:\/\/meeplendice.net\/wp-content\/uploads\/2023\/12\/HP_Cluedo-45x45.png",45,45,true],"sow-carousel-default":["https:\/\/meeplendice.net\/wp-content\/uploads\/2023\/12\/HP_Cluedo-272x182.png",272,182,true],"rt_custom":["https:\/\/meeplendice.net\/wp-content\/uploads\/2023\/12\/HP_Cluedo.png",350,350,false]},"rttpg_author":{"display_name":"Karnby","author_link":"https:\/\/meeplendice.net\/?author=2"},"rttpg_comment":0,"rttpg_category":null,"rttpg_excerpt":"Nombre de joueurs : 3 - 5 Dur\u00e9e moyenne : 30 min Age : 8 ans et plus Auteur(s) : Anthony Ernest Pratt Elva Pratt Illustrations : Wizarding World \u00c9dition : Hasbro Gaming 2020 Version : Fran\u00e7aise","_links":{"self":[{"href":"https:\/\/meeplendice.net\/index.php?rest_route=\/wp\/v2\/pages\/11607","targetHints":{"allow":["GET"]}}],"collection":[{"href":"https:\/\/meeplendice.net\/index.php?rest_route=\/wp\/v2\/pages"}],"about":[{"href":"https:\/\/meeplendice.net\/index.php?rest_route=\/wp\/v2\/types\/page"}],"author":[{"embeddable":true,"href":"https:\/\/meeplendice.net\/index.php?rest_route=\/wp\/v2\/users\/2"}],"replies":[{"embeddable":true,"href":"https:\/\/meeplendice.net\/index.php?rest_route=%2Fwp%2Fv2%2Fcomments&post=11607"}],"version-history":[{"count":4,"href":"https:\/\/meeplendice.net\/index.php?rest_route=\/wp\/v2\/pages\/11607\/revisions"}],"predecessor-version":[{"id":11785,"href":"https:\/\/meeplendice.net\/index.php?rest_route=\/wp\/v2\/pages\/11607\/revisions\/11785"}],"wp:featuredmedia":[{"embeddable":true,"href":"https:\/\/meeplendice.net\/index.php?rest_route=\/wp\/v2\/media\/11582"}],"wp:attachment":[{"href":"https:\/\/meeplendice.net\/index.php?rest_route=%2Fwp%2Fv2%2Fmedia&parent=11607"}],"curies":[{"name":"wp","href":"https:\/\/api.w.org\/{rel}","templated":true}]}}