{"id":11611,"date":"2023-12-05T16:50:19","date_gmt":"2023-12-05T15:50:19","guid":{"rendered":"https:\/\/meeplendice.net\/?page_id=11611"},"modified":"2025-11-30T16:44:58","modified_gmt":"2025-11-30T14:44:58","slug":"le-chateau-blanc","status":"publish","type":"page","link":"https:\/\/meeplendice.net\/?page_id=11611","title":{"rendered":"Le Ch\u00e2teau Blanc"},"content":{"rendered":"<div id=\"pl-11611\"  class=\"panel-layout\" ><div id=\"pg-11611-0\"  class=\"panel-grid panel-no-style\" ><div id=\"pgc-11611-0-0\"  class=\"panel-grid-cell\" ><div id=\"panel-11611-0-0-0\" class=\"so-panel widget widget_sow-editor panel-first-child panel-last-child\" data-index=\"0\" ><div\n\t\t\t\n\t\t\tclass=\"so-widget-sow-editor so-widget-sow-editor-base\"\n\t\t\t\n\t\t>\n<div class=\"siteorigin-widget-tinymce textwidget\">\n\t<p style=\"text-align: center;\"><strong>Nombre de joueurs :<\/strong><br \/>\n1 - 4<\/p>\n<\/div>\n<\/div><\/div><\/div><div id=\"pgc-11611-0-1\"  class=\"panel-grid-cell\" ><div id=\"panel-11611-0-1-0\" class=\"so-panel widget widget_sow-editor panel-first-child panel-last-child\" data-index=\"1\" ><div\n\t\t\t\n\t\t\tclass=\"so-widget-sow-editor so-widget-sow-editor-base\"\n\t\t\t\n\t\t>\n<div class=\"siteorigin-widget-tinymce textwidget\">\n\t<p style=\"text-align: center;\"><strong>Dur\u00e9e moyenne :<\/strong><br \/>\n80 min<\/p>\n<\/div>\n<\/div><\/div><\/div><div id=\"pgc-11611-0-2\"  class=\"panel-grid-cell\" ><div id=\"panel-11611-0-2-0\" class=\"so-panel widget widget_sow-editor panel-first-child panel-last-child\" data-index=\"2\" ><div\n\t\t\t\n\t\t\tclass=\"so-widget-sow-editor so-widget-sow-editor-base\"\n\t\t\t\n\t\t>\n<div class=\"siteorigin-widget-tinymce textwidget\">\n\t<p style=\"text-align: center;\"><strong>Age :<\/strong><br \/>\n12 ans et plus<\/p>\n<\/div>\n<\/div><\/div><\/div><\/div><div id=\"pg-11611-1\"  class=\"panel-grid panel-no-style\" ><div id=\"pgc-11611-1-0\"  class=\"panel-grid-cell\" ><div id=\"panel-11611-1-0-0\" class=\"so-panel widget widget_sow-editor panel-first-child panel-last-child\" data-index=\"3\" ><div\n\t\t\t\n\t\t\tclass=\"so-widget-sow-editor so-widget-sow-editor-base\"\n\t\t\t\n\t\t>\n<div class=\"siteorigin-widget-tinymce textwidget\">\n\t<p style=\"text-align: center;\"><strong>Auteur(s) :<br \/>\n<\/strong><span class=\"data-siloing\" title=\"D\u00e9couvrez tous ces jeux\" data-siloing=\"https:\/\/www.philibertnet.com\/fr\/recherche?feature=31&amp;feature_value=Shei S\">Shei Santos<br \/>\n<\/span> <span class=\"data-siloing\" title=\"Voir tous les jeux\" data-siloing=\"https:\/\/www.philibertnet.com\/fr\/recherche?feature=31&amp;feature_value=Isra C\">Israel Cendrero<\/span><\/p>\n<\/div>\n<\/div><\/div><\/div><div id=\"pgc-11611-1-1\"  class=\"panel-grid-cell\" ><div id=\"panel-11611-1-1-0\" class=\"so-panel widget widget_sow-editor panel-first-child panel-last-child\" data-index=\"4\" ><div\n\t\t\t\n\t\t\tclass=\"so-widget-sow-editor so-widget-sow-editor-base\"\n\t\t\t\n\t\t>\n<div class=\"siteorigin-widget-tinymce textwidget\">\n\t<p style=\"text-align: center;\"><strong>Illustrations :<\/strong><br \/>\n<span class=\"data-siloing\" title=\"D\u00e9couvrez tous ces jeux\" data-siloing=\"https:\/\/www.philibertnet.com\/fr\/recherche?feature=41&amp;feature_value=Joan Guardiet\">Joan Guardiet<\/span><\/p>\n<\/div>\n<\/div><\/div><\/div><div id=\"pgc-11611-1-2\"  class=\"panel-grid-cell\" ><div id=\"panel-11611-1-2-0\" class=\"so-panel widget widget_sow-editor panel-first-child panel-last-child\" data-index=\"5\" ><div\n\t\t\t\n\t\t\tclass=\"so-widget-sow-editor so-widget-sow-editor-base\"\n\t\t\t\n\t\t>\n<div class=\"siteorigin-widget-tinymce textwidget\">\n\t<p style=\"text-align: center;\"><strong>\u00c9dition :<\/strong><br \/>\nIello<br \/>\n2023<\/p>\n<\/div>\n<\/div><\/div><\/div><div id=\"pgc-11611-1-3\"  class=\"panel-grid-cell\" ><div id=\"panel-11611-1-3-0\" class=\"so-panel widget widget_sow-editor panel-first-child panel-last-child\" data-index=\"6\" ><div\n\t\t\t\n\t\t\tclass=\"so-widget-sow-editor so-widget-sow-editor-base\"\n\t\t\t\n\t\t>\n<div class=\"siteorigin-widget-tinymce textwidget\">\n\t<p style=\"text-align: center;\"><strong>Version :<\/strong><br \/>\nFran\u00e7aise<\/p>\n<\/div>\n<\/div><\/div><\/div><\/div><div id=\"pg-11611-2\"  class=\"panel-grid panel-no-style\" ><div id=\"pgc-11611-2-0\"  class=\"panel-grid-cell\" ><div id=\"panel-11611-2-0-0\" class=\"so-panel widget widget_sow-editor panel-first-child panel-last-child\" data-index=\"7\" ><div\n\t\t\t\n\t\t\tclass=\"so-widget-sow-editor so-widget-sow-editor-base\"\n\t\t\t\n\t\t>\n<div class=\"siteorigin-widget-tinymce textwidget\">\n\t<hr \/>\n<p><em>Japon, 1791 : province de Harima.<br \/>\nLe daimoy Sakai Tadazumi, l'un des conseillers les plus importants du shogunat d'Edo, gouverne la r\u00e9gion depuis le ch\u00e2teau de Himeji. Les diff\u00e9rents clans locaux ont donc tout int\u00e9r\u00eat \u00e0 s'attirer les faveurs du clan Sakai.<br \/>\nPour accro\u00eetre leur influence, ils doivent placer des membres de leur famille \u00e0 tous les niveaux de la vie du Ch\u00e2teau Blanc, des r\u00f4les politiques aux positions militaires, jusqu'aux plus humbles ouvriers paysagistes qui agencent les jardins du palis dans les moindres d\u00e9tails.<\/em><\/p>\n<p>&nbsp;<\/p>\n<p>Dans le Ch\u00e2teau Blanc, les joueurs endossent le r\u00f4le de chefs de clans mineurs qui se disputent leur position et l'avenir de leur clan \u00e0 la cour du H\u00e9ron blanc. La gestion astucieuse et opportune des ressources et le placement des membres de la famille au sein du ch\u00e2teau de Himeji seront la cl\u00e9 de votre victoire !<\/p>\n<\/div>\n<\/div><\/div><\/div><\/div><div id=\"pg-11611-3\"  class=\"panel-grid panel-no-style\" ><div id=\"pgc-11611-3-0\"  class=\"panel-grid-cell\" ><div id=\"panel-11611-3-0-0\" class=\"so-panel widget widget_sow-editor panel-first-child panel-last-child\" data-index=\"8\" ><div\n\t\t\t\n\t\t\tclass=\"so-widget-sow-editor so-widget-sow-editor-base\"\n\t\t\t\n\t\t>\n<div class=\"siteorigin-widget-tinymce textwidget\">\n\t<hr \/>\n<h3 style=\"text-align: center;\">En vid\u00e9o<\/h3>\n<\/div>\n<\/div><\/div><\/div><\/div><div id=\"pg-11611-4\"  class=\"panel-grid panel-no-style\" ><div id=\"pgc-11611-4-0\"  class=\"panel-grid-cell\" ><div id=\"panel-11611-4-0-0\" class=\"so-panel widget widget_sow-editor panel-first-child panel-last-child\" data-index=\"9\" ><div\n\t\t\t\n\t\t\tclass=\"so-widget-sow-editor so-widget-sow-editor-base\"\n\t\t\t\n\t\t>\n<div class=\"siteorigin-widget-tinymce textwidget\">\n\t<hr \/>\n<h3 style=\"text-align: center;\">Extension(s)<\/h3>\n<style type='text\/css' media='all'>#rt-tpg-container-1398207575 .read-more a{border-radius:px;}#rt-tpg-container-1398207575 .rt-img-holder img.rt-img-responsive,#rt-tpg-container-1398207575 .rt-img-holder,\n\t\t\t\t\t#rt-tpg-container-1398207575 .rt-post-overlay .post-img,\n\t\t\t\t\t#rt-tpg-container-1398207575 .post-sm .post-img,\n\t\t\t\t\t#rt-tpg-container-1398207575 .rt-post-grid .post-img,\n\t\t\t\t\t#rt-tpg-container-1398207575 .post-img img {border-radius:px;}#rt-tpg-container-1398207575 .layout9 .rt-holder h2.entry-title,\n\t\t\t\t\t#rt-tpg-container-1398207575 .layout9 .rt-holder h3.entry-title,\n\t\t\t\t\t#rt-tpg-container-1398207575 .layout9 .rt-holder h4.entry-title,\n\t\t\t\t\t#rt-tpg-container-1398207575 .layout9 .rt-holder h2.entry-title a,\n\t\t\t\t\t#rt-tpg-container-1398207575 .layout9 .rt-holder h3.entry-title a,\n\t\t\t\t\t#rt-tpg-container-1398207575 .layout9 .rt-holder h4.entry-title a,\n\t\t\t\t\t#rt-tpg-container-1398207575 .rt-holder .rt-woo-info h2 a,\n\t\t\t\t\t#rt-tpg-container-1398207575 .rt-holder .rt-woo-info h3 a,\n\t\t\t\t\t#rt-tpg-container-1398207575 .rt-holder .rt-woo-info h4 a,\n\t\t\t\t\t#rt-tpg-container-1398207575 .post-content .post-title,\n\t\t\t\t\t#rt-tpg-container-1398207575 .rt-post-grid .post-title,\n\t\t\t\t\t#rt-tpg-container-1398207575 .rt-post-grid .post-title a,\n\t\t\t\t\t#rt-tpg-container-1398207575 .post-content .post-title a,\n\t\t\t\t\t#rt-tpg-container-1398207575 .rt-holder .rt-woo-info h2,\n\t\t\t\t\t#rt-tpg-container-1398207575 .rt-holder .rt-woo-info h3,\n\t\t\t\t\t#rt-tpg-container-1398207575 .rt-holder .rt-woo-info h4{font-size:16px;line-height:26px;font-weight:normal;text-align:center;}#rt-tpg-container-1398207575 .post-grid-lg-style-1 .post-title,\n\t\t\t\t\t\t#rt-tpg-container-1398207575 .post-grid-lg-style-1 .post-title a,\n\t\t\t\t\t\t#rt-tpg-container-1398207575 .big-layout .post-title,\n\t\t\t\t\t\t#rt-tpg-container-1398207575 .big-layout .post-title a,\n\t\t\t\t\t\t#rt-tpg-container-1398207575 .post-grid-lg-style-1 .post-title,\n\t\t\t\t\t\t#rt-tpg-container-1398207575 .post-grid-lg-style-1 .post-title a {font-size:24px;line-height:34px;}<\/style><div class='rt-container-fluid rt-tpg-container tpg-shortcode-main-wrapper ' id='rt-tpg-container-1398207575'   data-layout='layout9' data-grid-style='masonry' data-desktop-col='3'  data-tab-col='2'  data-mobile-col='1' data-sc-id='13081'><div data-title='Loading ...' class='rt-row rt-content-loader   layout9 tpg-masonry '><div class=\"rt-col-md-4 rt-col-sm-6 rt-col-xs-12 masonry-grid-item rt-grid-item img_zoom_in\" data-id=\"13082\"><div class=\"rt-holder\"><div class='overlay'><a data-id='13082' class=' tpg-single-popup' href='https:\/\/meeplendice.net\/?page_id=13082'><img loading=\"lazy\" decoding=\"async\" width=\"350\" height=\"350\" src=\"https:\/\/meeplendice.net\/wp-content\/uploads\/2025\/01\/Chateau_Blanc_Matcha.png\" class=\"rt-img-responsive \" alt=\"\" \/><\/a><\/div><div class='post-info'><h3 class=\"entry-title\"><a data-id=\"13082\" class=\" tpg-single-popup\" href=\"https:\/\/meeplendice.net\/?page_id=13082\">Matcha<\/a><\/h3><div class='post-meta-user '><\/div><\/div><\/div><\/div><\/div><div class='rt-pagination-wrap' data-total-pages='1' data-posts-per-page='3' data-type='pagination_ajax'  ><div class='rt-page-numbers'><\/div><\/div><\/div>\n<\/div>\n<\/div><\/div><\/div><\/div><div id=\"pg-11611-5\"  class=\"panel-grid panel-no-style\" ><div id=\"pgc-11611-5-0\"  class=\"panel-grid-cell\" ><div id=\"panel-11611-5-0-0\" class=\"so-panel widget widget_sow-editor panel-first-child panel-last-child\" data-index=\"10\" ><div\n\t\t\t\n\t\t\tclass=\"so-widget-sow-editor so-widget-sow-editor-base\"\n\t\t\t\n\t\t>\n<div class=\"siteorigin-widget-tinymce textwidget\">\n\t<hr \/>\n<h3 style=\"text-align: center;\">Pour aller plus loin<\/h3>\n<\/div>\n<\/div><\/div><\/div><\/div><\/div>","protected":false},"excerpt":{"rendered":"<p>Nombre de joueurs : 1 &#8211; 4 Dur\u00e9e moyenne : 80 min Age : 12 ans et plus Auteur(s) : Shei Santos Israel Cendrero Illustrations : Joan Guardiet \u00c9dition : Iello 2023 Version : Fran\u00e7aise<\/p>\n","protected":false},"author":2,"featured_media":11586,"parent":0,"menu_order":0,"comment_status":"closed","ping_status":"closed","template":"","meta":{"footnotes":""},"class_list":["post-11611","page","type-page","status-publish","has-post-thumbnail","hentry"],"acf":[],"rttpg_featured_image_url":{"full":["https:\/\/meeplendice.net\/wp-content\/uploads\/2023\/12\/Le_Chateau_Blanc.png",350,350,false],"landscape":["https:\/\/meeplendice.net\/wp-content\/uploads\/2023\/12\/Le_Chateau_Blanc.png",350,350,false],"portraits":["https:\/\/meeplendice.net\/wp-content\/uploads\/2023\/12\/Le_Chateau_Blanc.png",350,350,false],"thumbnail":["https:\/\/meeplendice.net\/wp-content\/uploads\/2023\/12\/Le_Chateau_Blanc-150x150.png",150,150,true],"medium":["https:\/\/meeplendice.net\/wp-content\/uploads\/2023\/12\/Le_Chateau_Blanc-300x300.png",300,300,true],"large":["https:\/\/meeplendice.net\/wp-content\/uploads\/2023\/12\/Le_Chateau_Blanc.png",350,350,false],"ug_big":["https:\/\/meeplendice.net\/wp-content\/uploads\/2023\/12\/Le_Chateau_Blanc.png",350,350,false],"1536x1536":["https:\/\/meeplendice.net\/wp-content\/uploads\/2023\/12\/Le_Chateau_Blanc.png",350,350,false],"2048x2048":["https:\/\/meeplendice.net\/wp-content\/uploads\/2023\/12\/Le_Chateau_Blanc.png",350,350,false],"ashe-slider-grid-thumbnail":["https:\/\/meeplendice.net\/wp-content\/uploads\/2023\/12\/Le_Chateau_Blanc.png",350,350,false],"ashe-full-thumbnail":["https:\/\/meeplendice.net\/wp-content\/uploads\/2023\/12\/Le_Chateau_Blanc.png",350,350,false],"ashe-grid-thumbnail":["https:\/\/meeplendice.net\/wp-content\/uploads\/2023\/12\/Le_Chateau_Blanc-350x330.png",350,330,true],"ashe-list-thumbnail":["https:\/\/meeplendice.net\/wp-content\/uploads\/2023\/12\/Le_Chateau_Blanc-300x300.png",300,300,true],"ashe-single-navigation":["https:\/\/meeplendice.net\/wp-content\/uploads\/2023\/12\/Le_Chateau_Blanc-75x75.png",75,75,true],"mailpoet_newsletter_max":["https:\/\/meeplendice.net\/wp-content\/uploads\/2023\/12\/Le_Chateau_Blanc.png",350,350,false],"rpwe-thumbnail":["https:\/\/meeplendice.net\/wp-content\/uploads\/2023\/12\/Le_Chateau_Blanc-45x45.png",45,45,true],"sow-carousel-default":["https:\/\/meeplendice.net\/wp-content\/uploads\/2023\/12\/Le_Chateau_Blanc-272x182.png",272,182,true],"rt_custom":["https:\/\/meeplendice.net\/wp-content\/uploads\/2023\/12\/Le_Chateau_Blanc.png",350,350,false]},"rttpg_author":{"display_name":"Karnby","author_link":"https:\/\/meeplendice.net\/?author=2"},"rttpg_comment":0,"rttpg_category":null,"rttpg_excerpt":"Nombre de joueurs : 1 - 4 Dur\u00e9e moyenne : 80 min Age : 12 ans et plus Auteur(s) : Shei Santos Israel Cendrero Illustrations : Joan Guardiet \u00c9dition : Iello 2023 Version : Fran\u00e7aise","_links":{"self":[{"href":"https:\/\/meeplendice.net\/index.php?rest_route=\/wp\/v2\/pages\/11611","targetHints":{"allow":["GET"]}}],"collection":[{"href":"https:\/\/meeplendice.net\/index.php?rest_route=\/wp\/v2\/pages"}],"about":[{"href":"https:\/\/meeplendice.net\/index.php?rest_route=\/wp\/v2\/types\/page"}],"author":[{"embeddable":true,"href":"https:\/\/meeplendice.net\/index.php?rest_route=\/wp\/v2\/users\/2"}],"replies":[{"embeddable":true,"href":"https:\/\/meeplendice.net\/index.php?rest_route=%2Fwp%2Fv2%2Fcomments&post=11611"}],"version-history":[{"count":8,"href":"https:\/\/meeplendice.net\/index.php?rest_route=\/wp\/v2\/pages\/11611\/revisions"}],"predecessor-version":[{"id":13532,"href":"https:\/\/meeplendice.net\/index.php?rest_route=\/wp\/v2\/pages\/11611\/revisions\/13532"}],"wp:featuredmedia":[{"embeddable":true,"href":"https:\/\/meeplendice.net\/index.php?rest_route=\/wp\/v2\/media\/11586"}],"wp:attachment":[{"href":"https:\/\/meeplendice.net\/index.php?rest_route=%2Fwp%2Fv2%2Fmedia&parent=11611"}],"curies":[{"name":"wp","href":"https:\/\/api.w.org\/{rel}","templated":true}]}}