{"id":11617,"date":"2023-12-05T16:51:07","date_gmt":"2023-12-05T15:51:07","guid":{"rendered":"https:\/\/meeplendice.net\/?page_id=11617"},"modified":"2024-11-25T11:44:16","modified_gmt":"2024-11-25T09:44:16","slug":"sky-team","status":"publish","type":"page","link":"https:\/\/meeplendice.net\/?page_id=11617","title":{"rendered":"Sky Team"},"content":{"rendered":"<div id=\"pl-11617\"  class=\"panel-layout\" ><div id=\"pg-11617-0\"  class=\"panel-grid panel-no-style\" ><div id=\"pgc-11617-0-0\"  class=\"panel-grid-cell\" ><div id=\"panel-11617-0-0-0\" class=\"so-panel widget widget_sow-editor panel-first-child panel-last-child\" data-index=\"0\" ><div\n\t\t\t\n\t\t\tclass=\"so-widget-sow-editor so-widget-sow-editor-base\"\n\t\t\t\n\t\t>\n<div class=\"siteorigin-widget-tinymce textwidget\">\n\t<p style=\"text-align: center;\"><strong>Nombre de joueurs :<\/strong><br \/>\n2 - 2<\/p>\n<\/div>\n<\/div><\/div><\/div><div id=\"pgc-11617-0-1\"  class=\"panel-grid-cell\" ><div id=\"panel-11617-0-1-0\" class=\"so-panel widget widget_sow-editor panel-first-child panel-last-child\" data-index=\"1\" ><div\n\t\t\t\n\t\t\tclass=\"so-widget-sow-editor so-widget-sow-editor-base\"\n\t\t\t\n\t\t>\n<div class=\"siteorigin-widget-tinymce textwidget\">\n\t<p style=\"text-align: center;\"><strong>Dur\u00e9e moyenne :<\/strong><br \/>\n20 min<\/p>\n<\/div>\n<\/div><\/div><\/div><div id=\"pgc-11617-0-2\"  class=\"panel-grid-cell\" ><div id=\"panel-11617-0-2-0\" class=\"so-panel widget widget_sow-editor panel-first-child panel-last-child\" data-index=\"2\" ><div\n\t\t\t\n\t\t\tclass=\"so-widget-sow-editor so-widget-sow-editor-base\"\n\t\t\t\n\t\t>\n<div class=\"siteorigin-widget-tinymce textwidget\">\n\t<p style=\"text-align: center;\"><strong>Age :<\/strong><br \/>\n14 ans et plus<\/p>\n<\/div>\n<\/div><\/div><\/div><\/div><div id=\"pg-11617-1\"  class=\"panel-grid panel-no-style\" ><div id=\"pgc-11617-1-0\"  class=\"panel-grid-cell\" ><div id=\"panel-11617-1-0-0\" class=\"so-panel widget widget_sow-editor panel-first-child panel-last-child\" data-index=\"3\" ><div\n\t\t\t\n\t\t\tclass=\"so-widget-sow-editor so-widget-sow-editor-base\"\n\t\t\t\n\t\t>\n<div class=\"siteorigin-widget-tinymce textwidget\">\n\t<p style=\"text-align: center;\"><strong>Auteur(s) :<br \/>\n<\/strong><span class=\"data-siloing\" title=\"D\u00e9couvrez tous ces jeux\" data-siloing=\"https:\/\/www.philibertnet.com\/fr\/recherche?feature=31&amp;feature_value=Th\u00e9o Riviere\">Luc R\u00e9mond<\/span><\/p>\n<\/div>\n<\/div><\/div><\/div><div id=\"pgc-11617-1-1\"  class=\"panel-grid-cell\" ><div id=\"panel-11617-1-1-0\" class=\"so-panel widget widget_sow-editor panel-first-child panel-last-child\" data-index=\"4\" ><div\n\t\t\t\n\t\t\tclass=\"so-widget-sow-editor so-widget-sow-editor-base\"\n\t\t\t\n\t\t>\n<div class=\"siteorigin-widget-tinymce textwidget\">\n\t<p style=\"text-align: center;\"><strong>Illustrations :<\/strong><br \/>\n<span class=\"data-siloing\" title=\"D\u00e9couvrez tous ces jeux\" data-siloing=\"https:\/\/www.philibertnet.com\/fr\/recherche?feature=41&amp;feature_value=Eric Hibbeler. Adrien Rives\">Eric Hibbeler<br \/>\nAdrien Rives<\/span><\/p>\n<\/div>\n<\/div><\/div><\/div><div id=\"pgc-11617-1-2\"  class=\"panel-grid-cell\" ><div id=\"panel-11617-1-2-0\" class=\"so-panel widget widget_sow-editor panel-first-child panel-last-child\" data-index=\"5\" ><div\n\t\t\t\n\t\t\tclass=\"so-widget-sow-editor so-widget-sow-editor-base\"\n\t\t\t\n\t\t>\n<div class=\"siteorigin-widget-tinymce textwidget\">\n\t<p style=\"text-align: center;\"><strong>\u00c9dition :<\/strong><br \/>\n<span class=\"data-siloing\" data-siloing=\"\n\n                                                            https:\/\/www.philibertnet.com\/fr\/2044_scorpion-masque\n\n                            \">Scorpion Masqu\u00e9<\/span><br \/>\n2023<\/p>\n<\/div>\n<\/div><\/div><\/div><div id=\"pgc-11617-1-3\"  class=\"panel-grid-cell\" ><div id=\"panel-11617-1-3-0\" class=\"so-panel widget widget_sow-editor panel-first-child panel-last-child\" data-index=\"6\" ><div\n\t\t\t\n\t\t\tclass=\"so-widget-sow-editor so-widget-sow-editor-base\"\n\t\t\t\n\t\t>\n<div class=\"siteorigin-widget-tinymce textwidget\">\n\t<p style=\"text-align: center;\"><strong>Version :<\/strong><br \/>\nFran\u00e7aise<\/p>\n<\/div>\n<\/div><\/div><\/div><\/div><div id=\"pg-11617-2\"  class=\"panel-grid panel-no-style\" ><div id=\"pgc-11617-2-0\"  class=\"panel-grid-cell\" ><div id=\"panel-11617-2-0-0\" class=\"so-panel widget widget_sow-editor panel-first-child panel-last-child\" data-index=\"7\" ><div\n\t\t\t\n\t\t\tclass=\"so-widget-sow-editor so-widget-sow-editor-base\"\n\t\t\t\n\t\t>\n<div class=\"siteorigin-widget-tinymce textwidget\">\n\t<hr \/>\n<p><em>Pr\u00e9parez-vous \u00e0 l'atterrissage !<\/em><\/p>\n<p><em>Prenez les commandes d'un avion de ligne et incarnez une \u00e9quipe de pilotes ! <\/em><br \/>\n<em>Coordonnez vos efforts et tentez de poser votre appareil avec succ\u00e8s. Ressentez toute la tension depuis l'int\u00e9rieur de la cabine de pilotage.<\/em><\/p>\n<p><em>De Montr\u00e9al \u00e0 Tokyo, d\u00e9couvrez 11 a\u00e9roports et 21 sc\u00e9narios excitants inspir\u00e9s des vraies conditions d'atterrissage. Vent, fuite de k\u00e9ros\u00e8ne, trafic, glace... Chaque a\u00e9roport propose son lot de d\u00e9fis<\/em> <em>!<\/em><\/p>\n<p><em>Sky Team <\/em>est un jeu coop\u00e9ratif \u00e0 communication limit\u00e9e, exclusivement pour 2 joueurs, dans lequel vous incarnez un pilote et un copilote aux commandes d'un avion de ligne. Votre objectif est de travailler en \u00e9quipe pour faire atterrir votre avion dans diff\u00e9rents a\u00e9roports du monde.<\/p>\n<p>Pour faire atterrir votre avion, vous devrez assigner silencieusement vos d\u00e9s aux bons emplacements dans votre cockpit pour \u00e9quilibrer l'axe de votre avion, contr\u00f4ler sa vitesse, d\u00e9ployer les volets, sortir le train d'atterrissage, contacter la tour de contr\u00f4le pour d\u00e9gager votre trajectoire, et m\u00eame boire un peu de caf\u00e9 pour am\u00e9liorer votre concentration suffisamment pour changer la valeur de vos d\u00e9s.<\/p>\n<p>Vous perdrez si l'avion s'incline trop et d\u00e9croche, d\u00e9passe l'a\u00e9roport ou entre en collision avec un autre avion.<\/p>\n<p>De Montr\u00e9al \u00e0 Tokyo, chaque a\u00e9roport offre son lot de d\u00e9fis. Attention aux turbulences, le voyage risque d'\u00eatre mouvement\u00e9 !<\/p>\n<\/div>\n<\/div><\/div><\/div><\/div><div id=\"pg-11617-3\"  class=\"panel-grid panel-no-style\" ><div id=\"pgc-11617-3-0\"  class=\"panel-grid-cell\" ><div id=\"panel-11617-3-0-0\" class=\"so-panel widget widget_sow-editor panel-first-child panel-last-child\" data-index=\"8\" ><div\n\t\t\t\n\t\t\tclass=\"so-widget-sow-editor so-widget-sow-editor-base\"\n\t\t\t\n\t\t>\n<div class=\"siteorigin-widget-tinymce textwidget\">\n\t<hr \/>\n<h3 style=\"text-align: center;\">En vid\u00e9o<\/h3>\n<p><a href=\"https:\/\/www.youtube.com\/watch?v=UJBIRVK46VI&amp;t=3s&amp;ab_channel=ScorpionMasqu%C3%A9\" target=\"_blank\" rel=\"noopener\"><img loading=\"lazy\" decoding=\"async\" class=\"alignnone size-full wp-image-9090\" src=\"https:\/\/meeplendice.net\/wp-content\/uploads\/2022\/01\/Link_CJ_v2.png\" alt=\"\" width=\"200\" height=\"170\" \/><\/a><\/p>\n<\/div>\n<\/div><\/div><\/div><\/div><div id=\"pg-11617-4\"  class=\"panel-grid panel-no-style\" ><div id=\"pgc-11617-4-0\"  class=\"panel-grid-cell\" ><div id=\"panel-11617-4-0-0\" class=\"so-panel widget widget_sow-editor panel-first-child panel-last-child\" data-index=\"9\" ><div\n\t\t\t\n\t\t\tclass=\"so-widget-sow-editor so-widget-sow-editor-base\"\n\t\t\t\n\t\t>\n<div class=\"siteorigin-widget-tinymce textwidget\">\n\t<hr \/>\n<h3 style=\"text-align: center;\">Extension(s)<\/h3>\n<style type='text\/css' media='all'>#rt-tpg-container-321443223 .read-more a{border-radius:px;}#rt-tpg-container-321443223 .rt-img-holder img.rt-img-responsive,#rt-tpg-container-321443223 .rt-img-holder,\n\t\t\t\t\t#rt-tpg-container-321443223 .rt-post-overlay .post-img,\n\t\t\t\t\t#rt-tpg-container-321443223 .post-sm .post-img,\n\t\t\t\t\t#rt-tpg-container-321443223 .rt-post-grid .post-img,\n\t\t\t\t\t#rt-tpg-container-321443223 .post-img img {border-radius:px;}#rt-tpg-container-321443223 .layout9 .rt-holder h2.entry-title,\n\t\t\t\t\t#rt-tpg-container-321443223 .layout9 .rt-holder h3.entry-title,\n\t\t\t\t\t#rt-tpg-container-321443223 .layout9 .rt-holder h4.entry-title,\n\t\t\t\t\t#rt-tpg-container-321443223 .layout9 .rt-holder h2.entry-title a,\n\t\t\t\t\t#rt-tpg-container-321443223 .layout9 .rt-holder h3.entry-title a,\n\t\t\t\t\t#rt-tpg-container-321443223 .layout9 .rt-holder h4.entry-title a,\n\t\t\t\t\t#rt-tpg-container-321443223 .rt-holder .rt-woo-info h2 a,\n\t\t\t\t\t#rt-tpg-container-321443223 .rt-holder .rt-woo-info h3 a,\n\t\t\t\t\t#rt-tpg-container-321443223 .rt-holder .rt-woo-info h4 a,\n\t\t\t\t\t#rt-tpg-container-321443223 .post-content .post-title,\n\t\t\t\t\t#rt-tpg-container-321443223 .rt-post-grid .post-title,\n\t\t\t\t\t#rt-tpg-container-321443223 .rt-post-grid .post-title a,\n\t\t\t\t\t#rt-tpg-container-321443223 .post-content .post-title a,\n\t\t\t\t\t#rt-tpg-container-321443223 .rt-holder .rt-woo-info h2,\n\t\t\t\t\t#rt-tpg-container-321443223 .rt-holder .rt-woo-info h3,\n\t\t\t\t\t#rt-tpg-container-321443223 .rt-holder .rt-woo-info h4{font-size:16px;line-height:26px;font-weight:normal;text-align:center;}#rt-tpg-container-321443223 .post-grid-lg-style-1 .post-title,\n\t\t\t\t\t\t#rt-tpg-container-321443223 .post-grid-lg-style-1 .post-title a,\n\t\t\t\t\t\t#rt-tpg-container-321443223 .big-layout .post-title,\n\t\t\t\t\t\t#rt-tpg-container-321443223 .big-layout .post-title a,\n\t\t\t\t\t\t#rt-tpg-container-321443223 .post-grid-lg-style-1 .post-title,\n\t\t\t\t\t\t#rt-tpg-container-321443223 .post-grid-lg-style-1 .post-title a {font-size:24px;line-height:34px;}<\/style><div class='rt-container-fluid rt-tpg-container tpg-shortcode-main-wrapper ' id='rt-tpg-container-321443223'   data-layout='layout9' data-grid-style='masonry' data-desktop-col='3'  data-tab-col='2'  data-mobile-col='1' data-sc-id='13002'><div data-title='Loading ...' class='rt-row rt-content-loader   layout9 tpg-masonry '><div class=\"rt-col-md-4 rt-col-sm-6 rt-col-xs-12 masonry-grid-item rt-grid-item img_zoom_in\" data-id=\"12999\"><div class=\"rt-holder\"><div class='overlay'><a data-id='12999' class=' tpg-single-popup' href='https:\/\/meeplendice.net\/?page_id=12999'><img loading=\"lazy\" decoding=\"async\" width=\"350\" height=\"350\" src=\"https:\/\/meeplendice.net\/wp-content\/uploads\/2024\/11\/ST_Turbulences.png\" class=\"rt-img-responsive \" alt=\"\" \/><\/a><\/div><div class='post-info'><h3 class=\"entry-title\"><a data-id=\"12999\" class=\" tpg-single-popup\" href=\"https:\/\/meeplendice.net\/?page_id=12999\">Turbulences<\/a><\/h3><div class='post-meta-user '><\/div><\/div><\/div><\/div><\/div><div class='rt-pagination-wrap' data-total-pages='1' data-posts-per-page='3' data-type='pagination_ajax'  ><div class='rt-page-numbers'><\/div><\/div><\/div>\n<\/div>\n<\/div><\/div><\/div><\/div><div id=\"pg-11617-5\"  class=\"panel-grid panel-no-style\" ><div id=\"pgc-11617-5-0\"  class=\"panel-grid-cell\" ><div id=\"panel-11617-5-0-0\" class=\"so-panel widget widget_sow-editor panel-first-child panel-last-child\" data-index=\"10\" ><div\n\t\t\t\n\t\t\tclass=\"so-widget-sow-editor so-widget-sow-editor-base\"\n\t\t\t\n\t\t>\n<div class=\"siteorigin-widget-tinymce textwidget\">\n\t<hr \/>\n<h3 style=\"text-align: center;\">Pour aller plus loin<\/h3>\n<\/div>\n<\/div><\/div><\/div><\/div><\/div>","protected":false},"excerpt":{"rendered":"<p>Nombre de joueurs : 2 &#8211; 2 Dur\u00e9e moyenne : 20 min Age : 14 ans et plus Auteur(s) : Luc R\u00e9mond Illustrations : Eric Hibbeler Adrien Rives \u00c9dition : Scorpion Masqu\u00e9 2023 Version : Fran\u00e7aise<\/p>\n","protected":false},"author":2,"featured_media":11587,"parent":0,"menu_order":0,"comment_status":"closed","ping_status":"closed","template":"","meta":{"footnotes":""},"class_list":["post-11617","page","type-page","status-publish","has-post-thumbnail","hentry"],"acf":[],"rttpg_featured_image_url":{"full":["https:\/\/meeplendice.net\/wp-content\/uploads\/2023\/12\/Sky_Team.png",350,350,false],"landscape":["https:\/\/meeplendice.net\/wp-content\/uploads\/2023\/12\/Sky_Team.png",350,350,false],"portraits":["https:\/\/meeplendice.net\/wp-content\/uploads\/2023\/12\/Sky_Team.png",350,350,false],"thumbnail":["https:\/\/meeplendice.net\/wp-content\/uploads\/2023\/12\/Sky_Team-150x150.png",150,150,true],"medium":["https:\/\/meeplendice.net\/wp-content\/uploads\/2023\/12\/Sky_Team-300x300.png",300,300,true],"large":["https:\/\/meeplendice.net\/wp-content\/uploads\/2023\/12\/Sky_Team.png",350,350,false],"ug_big":["https:\/\/meeplendice.net\/wp-content\/uploads\/2023\/12\/Sky_Team.png",350,350,false],"1536x1536":["https:\/\/meeplendice.net\/wp-content\/uploads\/2023\/12\/Sky_Team.png",350,350,false],"2048x2048":["https:\/\/meeplendice.net\/wp-content\/uploads\/2023\/12\/Sky_Team.png",350,350,false],"ashe-slider-grid-thumbnail":["https:\/\/meeplendice.net\/wp-content\/uploads\/2023\/12\/Sky_Team.png",350,350,false],"ashe-full-thumbnail":["https:\/\/meeplendice.net\/wp-content\/uploads\/2023\/12\/Sky_Team.png",350,350,false],"ashe-grid-thumbnail":["https:\/\/meeplendice.net\/wp-content\/uploads\/2023\/12\/Sky_Team-350x330.png",350,330,true],"ashe-list-thumbnail":["https:\/\/meeplendice.net\/wp-content\/uploads\/2023\/12\/Sky_Team-300x300.png",300,300,true],"ashe-single-navigation":["https:\/\/meeplendice.net\/wp-content\/uploads\/2023\/12\/Sky_Team-75x75.png",75,75,true],"mailpoet_newsletter_max":["https:\/\/meeplendice.net\/wp-content\/uploads\/2023\/12\/Sky_Team.png",350,350,false],"rpwe-thumbnail":["https:\/\/meeplendice.net\/wp-content\/uploads\/2023\/12\/Sky_Team-45x45.png",45,45,true],"sow-carousel-default":["https:\/\/meeplendice.net\/wp-content\/uploads\/2023\/12\/Sky_Team-272x182.png",272,182,true],"rt_custom":["https:\/\/meeplendice.net\/wp-content\/uploads\/2023\/12\/Sky_Team.png",350,350,false]},"rttpg_author":{"display_name":"Karnby","author_link":"https:\/\/meeplendice.net\/?author=2"},"rttpg_comment":0,"rttpg_category":null,"rttpg_excerpt":"Nombre de joueurs : 2 - 2 Dur\u00e9e moyenne : 20 min Age : 14 ans et plus Auteur(s) : Luc R\u00e9mond Illustrations : Eric Hibbeler Adrien Rives \u00c9dition : Scorpion Masqu\u00e9 2023 Version : Fran\u00e7aise","_links":{"self":[{"href":"https:\/\/meeplendice.net\/index.php?rest_route=\/wp\/v2\/pages\/11617","targetHints":{"allow":["GET"]}}],"collection":[{"href":"https:\/\/meeplendice.net\/index.php?rest_route=\/wp\/v2\/pages"}],"about":[{"href":"https:\/\/meeplendice.net\/index.php?rest_route=\/wp\/v2\/types\/page"}],"author":[{"embeddable":true,"href":"https:\/\/meeplendice.net\/index.php?rest_route=\/wp\/v2\/users\/2"}],"replies":[{"embeddable":true,"href":"https:\/\/meeplendice.net\/index.php?rest_route=%2Fwp%2Fv2%2Fcomments&post=11617"}],"version-history":[{"count":6,"href":"https:\/\/meeplendice.net\/index.php?rest_route=\/wp\/v2\/pages\/11617\/revisions"}],"predecessor-version":[{"id":13003,"href":"https:\/\/meeplendice.net\/index.php?rest_route=\/wp\/v2\/pages\/11617\/revisions\/13003"}],"wp:featuredmedia":[{"embeddable":true,"href":"https:\/\/meeplendice.net\/index.php?rest_route=\/wp\/v2\/media\/11587"}],"wp:attachment":[{"href":"https:\/\/meeplendice.net\/index.php?rest_route=%2Fwp%2Fv2%2Fmedia&parent=11617"}],"curies":[{"name":"wp","href":"https:\/\/api.w.org\/{rel}","templated":true}]}}