{"id":11618,"date":"2023-12-05T16:51:38","date_gmt":"2023-12-05T15:51:38","guid":{"rendered":"https:\/\/meeplendice.net\/?page_id=11618"},"modified":"2023-12-23T19:07:57","modified_gmt":"2023-12-23T18:07:57","slug":"traitres-a-bord","status":"publish","type":"page","link":"https:\/\/meeplendice.net\/?page_id=11618","title":{"rendered":"Traitres \u00e0 Bord !"},"content":{"rendered":"<div id=\"pl-11618\"  class=\"panel-layout\" ><div id=\"pg-11618-0\"  class=\"panel-grid panel-no-style\" ><div id=\"pgc-11618-0-0\"  class=\"panel-grid-cell\" ><div id=\"panel-11618-0-0-0\" class=\"so-panel widget widget_sow-editor panel-first-child panel-last-child\" data-index=\"0\" ><div\n\t\t\t\n\t\t\tclass=\"so-widget-sow-editor so-widget-sow-editor-base\"\n\t\t\t\n\t\t>\n<div class=\"siteorigin-widget-tinymce textwidget\">\n\t<p style=\"text-align: center;\"><strong>Nombre de joueurs :<\/strong><br \/>\n3 - 8<\/p>\n<\/div>\n<\/div><\/div><\/div><div id=\"pgc-11618-0-1\"  class=\"panel-grid-cell\" ><div id=\"panel-11618-0-1-0\" class=\"so-panel widget widget_sow-editor panel-first-child panel-last-child\" data-index=\"1\" ><div\n\t\t\t\n\t\t\tclass=\"so-widget-sow-editor so-widget-sow-editor-base\"\n\t\t\t\n\t\t>\n<div class=\"siteorigin-widget-tinymce textwidget\">\n\t<p style=\"text-align: center;\"><strong>Dur\u00e9e moyenne :<\/strong><br \/>\n20 min<\/p>\n<\/div>\n<\/div><\/div><\/div><div id=\"pgc-11618-0-2\"  class=\"panel-grid-cell\" ><div id=\"panel-11618-0-2-0\" class=\"so-panel widget widget_sow-editor panel-first-child panel-last-child\" data-index=\"2\" ><div\n\t\t\t\n\t\t\tclass=\"so-widget-sow-editor so-widget-sow-editor-base\"\n\t\t\t\n\t\t>\n<div class=\"siteorigin-widget-tinymce textwidget\">\n\t<p style=\"text-align: center;\"><strong>Age :<\/strong><br \/>\n10 ans et plus<\/p>\n<\/div>\n<\/div><\/div><\/div><\/div><div id=\"pg-11618-1\"  class=\"panel-grid panel-no-style\" ><div id=\"pgc-11618-1-0\"  class=\"panel-grid-cell\" ><div id=\"panel-11618-1-0-0\" class=\"so-panel widget widget_sow-editor panel-first-child panel-last-child\" data-index=\"3\" ><div\n\t\t\t\n\t\t\tclass=\"so-widget-sow-editor so-widget-sow-editor-base\"\n\t\t\t\n\t\t>\n<div class=\"siteorigin-widget-tinymce textwidget\">\n\t<p style=\"text-align: center;\"><strong>Auteur(s) :<br \/>\n<\/strong><span class=\"data-siloing\" title=\"D\u00e9couvrez tous ces jeux\" data-siloing=\"https:\/\/www.philibertnet.com\/fr\/recherche?feature=31&amp;feature_value=Jean-Xia CHOU\">Jean-Xia Chou<\/span><\/p>\n<\/div>\n<\/div><\/div><\/div><div id=\"pgc-11618-1-1\"  class=\"panel-grid-cell\" ><div id=\"panel-11618-1-1-0\" class=\"so-panel widget widget_sow-editor panel-first-child panel-last-child\" data-index=\"4\" ><div\n\t\t\t\n\t\t\tclass=\"so-widget-sow-editor so-widget-sow-editor-base\"\n\t\t\t\n\t\t>\n<div class=\"siteorigin-widget-tinymce textwidget\">\n\t<p style=\"text-align: center;\"><strong>Illustrations :<\/strong><br \/>\n<span class=\"data-siloing\" title=\"D\u00e9couvrez tous ces jeux\" data-siloing=\"https:\/\/www.philibertnet.com\/fr\/recherche?feature=41&amp;feature_value=Laura BAZZONI\">Laura Bazzoni<\/span><\/p>\n<\/div>\n<\/div><\/div><\/div><div id=\"pgc-11618-1-2\"  class=\"panel-grid-cell\" ><div id=\"panel-11618-1-2-0\" class=\"so-panel widget widget_sow-editor panel-first-child panel-last-child\" data-index=\"5\" ><div\n\t\t\t\n\t\t\tclass=\"so-widget-sow-editor so-widget-sow-editor-base\"\n\t\t\t\n\t\t>\n<div class=\"siteorigin-widget-tinymce textwidget\">\n\t<p style=\"text-align: center;\"><strong>\u00c9dition :<\/strong><br \/>\nSavana<br \/>\n2023<\/p>\n<\/div>\n<\/div><\/div><\/div><div id=\"pgc-11618-1-3\"  class=\"panel-grid-cell\" ><div id=\"panel-11618-1-3-0\" class=\"so-panel widget widget_sow-editor panel-first-child panel-last-child\" data-index=\"6\" ><div\n\t\t\t\n\t\t\tclass=\"so-widget-sow-editor so-widget-sow-editor-base\"\n\t\t\t\n\t\t>\n<div class=\"siteorigin-widget-tinymce textwidget\">\n\t<p style=\"text-align: center;\"><strong>Version :<\/strong><br \/>\nFran\u00e7aise<\/p>\n<\/div>\n<\/div><\/div><\/div><\/div><div id=\"pg-11618-2\"  class=\"panel-grid panel-no-style\" ><div id=\"pgc-11618-2-0\"  class=\"panel-grid-cell\" ><div id=\"panel-11618-2-0-0\" class=\"so-panel widget widget_sow-editor panel-first-child panel-last-child\" data-index=\"7\" ><div\n\t\t\t\n\t\t\tclass=\"so-widget-sow-editor so-widget-sow-editor-base\"\n\t\t\t\n\t\t>\n<div class=\"siteorigin-widget-tinymce textwidget\">\n\t<hr \/>\n<p><em>Aujourd'hui c'est jour de paie !<\/em><\/p>\n<p><em>Des mutins, un groupe de pirates rebelles, ont subtilement renvers\u00e9 le coffre qui contenait le tr\u00e9sor de guerre de leur \u00e9quipage afin d'emp\u00eacher le partage du butin ! Les pirates, impatients de r\u00e9cup\u00e9rer ce qui leur a \u00e9t\u00e9 promis, tenteront de remplir le coffre, tans que les mutins feront tout pour les en emp\u00eacher et semer le chaos au sein du navire : la mutinerie est proche !<\/em><\/p>\n<p>&nbsp;<\/p>\n<p>Coop\u00e9rez ou bluffez... a r\u00f4le cach\u00e9 !<br \/>\nDans <em>Traitres \u00e0 bords<\/em>, vous incarnerez soit un Pirate d\u00e9termin\u00e9 \u00e0 remplir le coffre de l'\u00e9quipage, soit un Mutin rus\u00e9 cherchant \u00e0 semer le chaos et \u00e0 saboter la collecte. Le navire deviendra le th\u00e9\u00e2tre d'une confrontation passionnante entre les deux camps .<\/p>\n<\/div>\n<\/div><\/div><\/div><\/div><div id=\"pg-11618-3\"  class=\"panel-grid panel-no-style\" ><div id=\"pgc-11618-3-0\"  class=\"panel-grid-cell\" ><div id=\"panel-11618-3-0-0\" class=\"so-panel widget widget_sow-editor panel-first-child panel-last-child\" data-index=\"8\" ><div\n\t\t\t\n\t\t\tclass=\"so-widget-sow-editor so-widget-sow-editor-base\"\n\t\t\t\n\t\t>\n<div class=\"siteorigin-widget-tinymce textwidget\">\n\t<hr \/>\n<h3 style=\"text-align: center;\">En vid\u00e9o<\/h3>\n<p><a href=\"https:\/\/cdn.shopify.com\/videos\/c\/vp\/e72d4e627a464b139bdbe588159543eb\/e72d4e627a464b139bdbe588159543eb.HD-1080p-7.2Mbps-18403228.mp4\" target=\"_blank\" rel=\"noopener\"><img loading=\"lazy\" decoding=\"async\" class=\"alignnone size-full wp-image-9090\" src=\"https:\/\/meeplendice.net\/wp-content\/uploads\/2022\/01\/Link_CJ_v2.png\" alt=\"\" width=\"200\" height=\"170\" \/><\/a><\/p>\n<\/div>\n<\/div><\/div><\/div><\/div><div id=\"pg-11618-4\"  class=\"panel-grid panel-no-style\" ><div id=\"pgc-11618-4-0\"  class=\"panel-grid-cell\" ><div id=\"panel-11618-4-0-0\" class=\"so-panel widget widget_sow-editor panel-first-child panel-last-child\" data-index=\"9\" ><div\n\t\t\t\n\t\t\tclass=\"so-widget-sow-editor so-widget-sow-editor-base\"\n\t\t\t\n\t\t>\n<div class=\"siteorigin-widget-tinymce textwidget\">\n\t<hr \/>\n<h3 style=\"text-align: center;\">Pour aller plus loin<\/h3>\n<\/div>\n<\/div><\/div><\/div><\/div><\/div>","protected":false},"excerpt":{"rendered":"<p>Nombre de joueurs : 3 &#8211; 8 Dur\u00e9e moyenne : 20 min Age : 10 ans et plus Auteur(s) : Jean-Xia Chou Illustrations : Laura Bazzoni \u00c9dition : Savana 2023 Version : Fran\u00e7aise<\/p>\n","protected":false},"author":2,"featured_media":11588,"parent":0,"menu_order":0,"comment_status":"closed","ping_status":"closed","template":"","meta":{"footnotes":""},"class_list":["post-11618","page","type-page","status-publish","has-post-thumbnail","hentry"],"acf":[],"rttpg_featured_image_url":{"full":["https:\/\/meeplendice.net\/wp-content\/uploads\/2023\/12\/Traitresabord.png",350,350,false],"landscape":["https:\/\/meeplendice.net\/wp-content\/uploads\/2023\/12\/Traitresabord.png",350,350,false],"portraits":["https:\/\/meeplendice.net\/wp-content\/uploads\/2023\/12\/Traitresabord.png",350,350,false],"thumbnail":["https:\/\/meeplendice.net\/wp-content\/uploads\/2023\/12\/Traitresabord-150x150.png",150,150,true],"medium":["https:\/\/meeplendice.net\/wp-content\/uploads\/2023\/12\/Traitresabord-300x300.png",300,300,true],"large":["https:\/\/meeplendice.net\/wp-content\/uploads\/2023\/12\/Traitresabord.png",350,350,false],"ug_big":["https:\/\/meeplendice.net\/wp-content\/uploads\/2023\/12\/Traitresabord.png",350,350,false],"1536x1536":["https:\/\/meeplendice.net\/wp-content\/uploads\/2023\/12\/Traitresabord.png",350,350,false],"2048x2048":["https:\/\/meeplendice.net\/wp-content\/uploads\/2023\/12\/Traitresabord.png",350,350,false],"ashe-slider-grid-thumbnail":["https:\/\/meeplendice.net\/wp-content\/uploads\/2023\/12\/Traitresabord.png",350,350,false],"ashe-full-thumbnail":["https:\/\/meeplendice.net\/wp-content\/uploads\/2023\/12\/Traitresabord.png",350,350,false],"ashe-grid-thumbnail":["https:\/\/meeplendice.net\/wp-content\/uploads\/2023\/12\/Traitresabord-350x330.png",350,330,true],"ashe-list-thumbnail":["https:\/\/meeplendice.net\/wp-content\/uploads\/2023\/12\/Traitresabord-300x300.png",300,300,true],"ashe-single-navigation":["https:\/\/meeplendice.net\/wp-content\/uploads\/2023\/12\/Traitresabord-75x75.png",75,75,true],"mailpoet_newsletter_max":["https:\/\/meeplendice.net\/wp-content\/uploads\/2023\/12\/Traitresabord.png",350,350,false],"rpwe-thumbnail":["https:\/\/meeplendice.net\/wp-content\/uploads\/2023\/12\/Traitresabord-45x45.png",45,45,true],"sow-carousel-default":["https:\/\/meeplendice.net\/wp-content\/uploads\/2023\/12\/Traitresabord-272x182.png",272,182,true],"rt_custom":["https:\/\/meeplendice.net\/wp-content\/uploads\/2023\/12\/Traitresabord.png",350,350,false]},"rttpg_author":{"display_name":"Karnby","author_link":"https:\/\/meeplendice.net\/?author=2"},"rttpg_comment":0,"rttpg_category":null,"rttpg_excerpt":"Nombre de joueurs : 3 - 8 Dur\u00e9e moyenne : 20 min Age : 10 ans et plus Auteur(s) : Jean-Xia Chou Illustrations : Laura Bazzoni \u00c9dition : Savana 2023 Version : Fran\u00e7aise","_links":{"self":[{"href":"https:\/\/meeplendice.net\/index.php?rest_route=\/wp\/v2\/pages\/11618","targetHints":{"allow":["GET"]}}],"collection":[{"href":"https:\/\/meeplendice.net\/index.php?rest_route=\/wp\/v2\/pages"}],"about":[{"href":"https:\/\/meeplendice.net\/index.php?rest_route=\/wp\/v2\/types\/page"}],"author":[{"embeddable":true,"href":"https:\/\/meeplendice.net\/index.php?rest_route=\/wp\/v2\/users\/2"}],"replies":[{"embeddable":true,"href":"https:\/\/meeplendice.net\/index.php?rest_route=%2Fwp%2Fv2%2Fcomments&post=11618"}],"version-history":[{"count":6,"href":"https:\/\/meeplendice.net\/index.php?rest_route=\/wp\/v2\/pages\/11618\/revisions"}],"predecessor-version":[{"id":11710,"href":"https:\/\/meeplendice.net\/index.php?rest_route=\/wp\/v2\/pages\/11618\/revisions\/11710"}],"wp:featuredmedia":[{"embeddable":true,"href":"https:\/\/meeplendice.net\/index.php?rest_route=\/wp\/v2\/media\/11588"}],"wp:attachment":[{"href":"https:\/\/meeplendice.net\/index.php?rest_route=%2Fwp%2Fv2%2Fmedia&parent=11618"}],"curies":[{"name":"wp","href":"https:\/\/api.w.org\/{rel}","templated":true}]}}