{"id":11622,"date":"2023-12-05T16:54:37","date_gmt":"2023-12-05T15:54:37","guid":{"rendered":"https:\/\/meeplendice.net\/?page_id=11622"},"modified":"2023-12-24T17:16:29","modified_gmt":"2023-12-24T16:16:29","slug":"waterfall-park","status":"publish","type":"page","link":"https:\/\/meeplendice.net\/?page_id=11622","title":{"rendered":"Waterfall Park"},"content":{"rendered":"<div id=\"pl-11622\"  class=\"panel-layout\" ><div id=\"pg-11622-0\"  class=\"panel-grid panel-no-style\" ><div id=\"pgc-11622-0-0\"  class=\"panel-grid-cell\" ><div id=\"panel-11622-0-0-0\" class=\"so-panel widget widget_sow-editor panel-first-child panel-last-child\" data-index=\"0\" ><div\n\t\t\t\n\t\t\tclass=\"so-widget-sow-editor so-widget-sow-editor-base\"\n\t\t\t\n\t\t>\n<div class=\"siteorigin-widget-tinymce textwidget\">\n\t<p style=\"text-align: center;\"><strong>Nombre de joueurs :<\/strong><br \/>\n3 - 5<\/p>\n<\/div>\n<\/div><\/div><\/div><div id=\"pgc-11622-0-1\"  class=\"panel-grid-cell\" ><div id=\"panel-11622-0-1-0\" class=\"so-panel widget widget_sow-editor panel-first-child panel-last-child\" data-index=\"1\" ><div\n\t\t\t\n\t\t\tclass=\"so-widget-sow-editor so-widget-sow-editor-base\"\n\t\t\t\n\t\t>\n<div class=\"siteorigin-widget-tinymce textwidget\">\n\t<p style=\"text-align: center;\"><strong>Dur\u00e9e moyenne :<\/strong><br \/>\n45 min<\/p>\n<\/div>\n<\/div><\/div><\/div><div id=\"pgc-11622-0-2\"  class=\"panel-grid-cell\" ><div id=\"panel-11622-0-2-0\" class=\"so-panel widget widget_sow-editor panel-first-child panel-last-child\" data-index=\"2\" ><div\n\t\t\t\n\t\t\tclass=\"so-widget-sow-editor so-widget-sow-editor-base\"\n\t\t\t\n\t\t>\n<div class=\"siteorigin-widget-tinymce textwidget\">\n\t<p style=\"text-align: center;\"><strong>Age :<\/strong><br \/>\n10 ans et plus<\/p>\n<\/div>\n<\/div><\/div><\/div><\/div><div id=\"pg-11622-1\"  class=\"panel-grid panel-no-style\" ><div id=\"pgc-11622-1-0\"  class=\"panel-grid-cell\" ><div id=\"panel-11622-1-0-0\" class=\"so-panel widget widget_sow-editor panel-first-child panel-last-child\" data-index=\"3\" ><div\n\t\t\t\n\t\t\tclass=\"so-widget-sow-editor so-widget-sow-editor-base\"\n\t\t\t\n\t\t>\n<div class=\"siteorigin-widget-tinymce textwidget\">\n\t<p style=\"text-align: center;\"><strong>Auteur(s) :<br \/>\n<\/strong><span class=\"data-siloing\" title=\"Voir tous les jeux\" data-siloing=\"https:\/\/www.philibertnet.com\/fr\/recherche?feature=31&amp;feature_value=Corentin Lebrat\"><span class=\"data-siloing\" title=\"D\u00e9couvrez tous ces jeux\" data-siloing=\"https:\/\/www.philibertnet.com\/fr\/recherche?feature=31&amp;feature_value=Karsten Hartwig\">Karsten Hartwig<\/span><\/span><\/p>\n<\/div>\n<\/div><\/div><\/div><div id=\"pgc-11622-1-1\"  class=\"panel-grid-cell\" ><div id=\"panel-11622-1-1-0\" class=\"so-panel widget widget_sow-editor panel-first-child panel-last-child\" data-index=\"4\" ><div\n\t\t\t\n\t\t\tclass=\"so-widget-sow-editor so-widget-sow-editor-base\"\n\t\t\t\n\t\t>\n<div class=\"siteorigin-widget-tinymce textwidget\">\n\t<p style=\"text-align: center;\"><strong>Illustrations :<\/strong><br \/>\n<span class=\"data-siloing\" title=\"D\u00e9couvrez tous ces jeux\" data-siloing=\"https:\/\/www.philibertnet.com\/fr\/recherche?feature=41&amp;feature_value=Umeshu lovers\">Umeshu Lovers<\/span><\/p>\n<\/div>\n<\/div><\/div><\/div><div id=\"pgc-11622-1-2\"  class=\"panel-grid-cell\" ><div id=\"panel-11622-1-2-0\" class=\"so-panel widget widget_sow-editor panel-first-child panel-last-child\" data-index=\"5\" ><div\n\t\t\t\n\t\t\tclass=\"so-widget-sow-editor so-widget-sow-editor-base\"\n\t\t\t\n\t\t>\n<div class=\"siteorigin-widget-tinymce textwidget\">\n\t<p style=\"text-align: center;\"><strong>\u00c9dition :<\/strong><br \/>\n<span class=\"data-siloing\" data-siloing=\"\n\n                                                            https:\/\/www.philibertnet.com\/fr\/88_repos-production\n\n                            \">Repos Production<\/span><br \/>\n2023<\/p>\n<\/div>\n<\/div><\/div><\/div><div id=\"pgc-11622-1-3\"  class=\"panel-grid-cell\" ><div id=\"panel-11622-1-3-0\" class=\"so-panel widget widget_sow-editor panel-first-child panel-last-child\" data-index=\"6\" ><div\n\t\t\t\n\t\t\tclass=\"so-widget-sow-editor so-widget-sow-editor-base\"\n\t\t\t\n\t\t>\n<div class=\"siteorigin-widget-tinymce textwidget\">\n\t<p style=\"text-align: center;\"><strong>Version :<\/strong><br \/>\nFran\u00e7aise<\/p>\n<\/div>\n<\/div><\/div><\/div><\/div><div id=\"pg-11622-2\"  class=\"panel-grid panel-no-style\" ><div id=\"pgc-11622-2-0\"  class=\"panel-grid-cell\" ><div id=\"panel-11622-2-0-0\" class=\"so-panel widget widget_sow-editor panel-first-child panel-last-child\" data-index=\"7\" ><div\n\t\t\t\n\t\t\tclass=\"so-widget-sow-editor so-widget-sow-editor-base\"\n\t\t\t\n\t\t>\n<div class=\"siteorigin-widget-tinymce textwidget\">\n\t<hr \/>\n<p><em>Bienvenue \u00e0 Waterfall Park ! <\/em><\/p>\n<p><em>Vous avez \u00e9t\u00e9 engag\u00e9 pour d\u00e9velopper les attractions du parc de loisirs le plus extraordinaire jamais cr\u00e9e !<br \/>\n<\/em><em>Vous \u00eates pr\u00eat \u00e0 installer vos d\u00e9cors, mais y a-t-il assez de place pour vos ambitions ? D\u00e9veloppez vos installations en \u00e9changeant des emplacements, des attractions ou de l'argent...<\/em><\/p>\n<p><em>Tout est n\u00e9gociable pour arriver \u00e0 vos fins !<br \/>\n<\/em><\/p>\n<p>Dans <em>Waterfall Par<\/em>l, nouvelle \u00e9dition de <em>Chinatown<\/em>, c\u00e9l\u00e8bre jeu de n\u00e9gociation, le but du jeu est de commercer et d'\u00e9changer des attractions pour construire le plus grand parc d'attractions du monde. La particularit\u00e9 de ce parc est qu'il est construit verticalement sur d'immenses tours au milieu de l'oc\u00e9an.<\/p>\n<p>Concevez vos installations en changeant d'emplacement, de man\u00e8ges ou d'argent...<br \/>\nLorsqu'il s'agit de construire votre r\u00eave, tout est n\u00e9gociable !<\/p>\n<\/div>\n<\/div><\/div><\/div><\/div><div id=\"pg-11622-3\"  class=\"panel-grid panel-no-style\" ><div id=\"pgc-11622-3-0\"  class=\"panel-grid-cell\" ><div id=\"panel-11622-3-0-0\" class=\"so-panel widget widget_sow-editor panel-first-child panel-last-child\" data-index=\"8\" ><div\n\t\t\t\n\t\t\tclass=\"so-widget-sow-editor so-widget-sow-editor-base\"\n\t\t\t\n\t\t>\n<div class=\"siteorigin-widget-tinymce textwidget\">\n\t<hr \/>\n<h3 style=\"text-align: center;\">En vid\u00e9o<\/h3>\n<p><a href=\"https:\/\/www.youtube.com\/watch?v=Ju9LqWkPj1U&amp;ab_channel=UnMondedejeux\" target=\"_blank\" rel=\"noopener\"><img loading=\"lazy\" decoding=\"async\" class=\"alignnone size-full wp-image-9090\" src=\"https:\/\/meeplendice.net\/wp-content\/uploads\/2022\/01\/Link_CJ_v2.png\" alt=\"\" width=\"200\" height=\"170\" \/><\/a><\/p>\n<\/div>\n<\/div><\/div><\/div><\/div><div id=\"pg-11622-4\"  class=\"panel-grid panel-no-style\" ><div id=\"pgc-11622-4-0\"  class=\"panel-grid-cell\" ><div id=\"panel-11622-4-0-0\" class=\"so-panel widget widget_sow-editor panel-first-child panel-last-child\" data-index=\"9\" ><div\n\t\t\t\n\t\t\tclass=\"so-widget-sow-editor so-widget-sow-editor-base\"\n\t\t\t\n\t\t>\n<div class=\"siteorigin-widget-tinymce textwidget\">\n\t<hr \/>\n<h3 style=\"text-align: center;\">Pour aller plus loin<\/h3>\n<\/div>\n<\/div><\/div><\/div><\/div><\/div>","protected":false},"excerpt":{"rendered":"<p>Nombre de joueurs : 3 &#8211; 5 Dur\u00e9e moyenne : 45 min Age : 10 ans et plus Auteur(s) : Karsten Hartwig Illustrations : Umeshu Lovers \u00c9dition : Repos Production 2023 Version : Fran\u00e7aise<\/p>\n","protected":false},"author":2,"featured_media":11592,"parent":0,"menu_order":0,"comment_status":"closed","ping_status":"closed","template":"","meta":{"footnotes":""},"class_list":["post-11622","page","type-page","status-publish","has-post-thumbnail","hentry"],"acf":[],"rttpg_featured_image_url":{"full":["https:\/\/meeplendice.net\/wp-content\/uploads\/2023\/12\/Waterfall_Park.png",350,350,false],"landscape":["https:\/\/meeplendice.net\/wp-content\/uploads\/2023\/12\/Waterfall_Park.png",350,350,false],"portraits":["https:\/\/meeplendice.net\/wp-content\/uploads\/2023\/12\/Waterfall_Park.png",350,350,false],"thumbnail":["https:\/\/meeplendice.net\/wp-content\/uploads\/2023\/12\/Waterfall_Park-150x150.png",150,150,true],"medium":["https:\/\/meeplendice.net\/wp-content\/uploads\/2023\/12\/Waterfall_Park-300x300.png",300,300,true],"large":["https:\/\/meeplendice.net\/wp-content\/uploads\/2023\/12\/Waterfall_Park.png",350,350,false],"ug_big":["https:\/\/meeplendice.net\/wp-content\/uploads\/2023\/12\/Waterfall_Park.png",350,350,false],"1536x1536":["https:\/\/meeplendice.net\/wp-content\/uploads\/2023\/12\/Waterfall_Park.png",350,350,false],"2048x2048":["https:\/\/meeplendice.net\/wp-content\/uploads\/2023\/12\/Waterfall_Park.png",350,350,false],"ashe-slider-grid-thumbnail":["https:\/\/meeplendice.net\/wp-content\/uploads\/2023\/12\/Waterfall_Park.png",350,350,false],"ashe-full-thumbnail":["https:\/\/meeplendice.net\/wp-content\/uploads\/2023\/12\/Waterfall_Park.png",350,350,false],"ashe-grid-thumbnail":["https:\/\/meeplendice.net\/wp-content\/uploads\/2023\/12\/Waterfall_Park-350x330.png",350,330,true],"ashe-list-thumbnail":["https:\/\/meeplendice.net\/wp-content\/uploads\/2023\/12\/Waterfall_Park-300x300.png",300,300,true],"ashe-single-navigation":["https:\/\/meeplendice.net\/wp-content\/uploads\/2023\/12\/Waterfall_Park-75x75.png",75,75,true],"mailpoet_newsletter_max":["https:\/\/meeplendice.net\/wp-content\/uploads\/2023\/12\/Waterfall_Park.png",350,350,false],"rpwe-thumbnail":["https:\/\/meeplendice.net\/wp-content\/uploads\/2023\/12\/Waterfall_Park-45x45.png",45,45,true],"sow-carousel-default":["https:\/\/meeplendice.net\/wp-content\/uploads\/2023\/12\/Waterfall_Park-272x182.png",272,182,true],"rt_custom":["https:\/\/meeplendice.net\/wp-content\/uploads\/2023\/12\/Waterfall_Park.png",350,350,false]},"rttpg_author":{"display_name":"Karnby","author_link":"https:\/\/meeplendice.net\/?author=2"},"rttpg_comment":0,"rttpg_category":null,"rttpg_excerpt":"Nombre de joueurs : 3 - 5 Dur\u00e9e moyenne : 45 min Age : 10 ans et plus Auteur(s) : Karsten Hartwig Illustrations : Umeshu Lovers \u00c9dition : Repos Production 2023 Version : Fran\u00e7aise","_links":{"self":[{"href":"https:\/\/meeplendice.net\/index.php?rest_route=\/wp\/v2\/pages\/11622","targetHints":{"allow":["GET"]}}],"collection":[{"href":"https:\/\/meeplendice.net\/index.php?rest_route=\/wp\/v2\/pages"}],"about":[{"href":"https:\/\/meeplendice.net\/index.php?rest_route=\/wp\/v2\/types\/page"}],"author":[{"embeddable":true,"href":"https:\/\/meeplendice.net\/index.php?rest_route=\/wp\/v2\/users\/2"}],"replies":[{"embeddable":true,"href":"https:\/\/meeplendice.net\/index.php?rest_route=%2Fwp%2Fv2%2Fcomments&post=11622"}],"version-history":[{"count":4,"href":"https:\/\/meeplendice.net\/index.php?rest_route=\/wp\/v2\/pages\/11622\/revisions"}],"predecessor-version":[{"id":11765,"href":"https:\/\/meeplendice.net\/index.php?rest_route=\/wp\/v2\/pages\/11622\/revisions\/11765"}],"wp:featuredmedia":[{"embeddable":true,"href":"https:\/\/meeplendice.net\/index.php?rest_route=\/wp\/v2\/media\/11592"}],"wp:attachment":[{"href":"https:\/\/meeplendice.net\/index.php?rest_route=%2Fwp%2Fv2%2Fmedia&parent=11622"}],"curies":[{"name":"wp","href":"https:\/\/api.w.org\/{rel}","templated":true}]}}