{"id":11623,"date":"2023-12-05T16:55:05","date_gmt":"2023-12-05T15:55:05","guid":{"rendered":"https:\/\/meeplendice.net\/?page_id=11623"},"modified":"2023-12-23T19:53:06","modified_gmt":"2023-12-23T18:53:06","slug":"the-great-split","status":"publish","type":"page","link":"https:\/\/meeplendice.net\/?page_id=11623","title":{"rendered":"The Great Split"},"content":{"rendered":"<div id=\"pl-11623\"  class=\"panel-layout\" ><div id=\"pg-11623-0\"  class=\"panel-grid panel-no-style\" ><div id=\"pgc-11623-0-0\"  class=\"panel-grid-cell\" ><div id=\"panel-11623-0-0-0\" class=\"so-panel widget widget_sow-editor panel-first-child panel-last-child\" data-index=\"0\" ><div\n\t\t\t\n\t\t\tclass=\"so-widget-sow-editor so-widget-sow-editor-base\"\n\t\t\t\n\t\t>\n<div class=\"siteorigin-widget-tinymce textwidget\">\n\t<p style=\"text-align: center;\"><strong>Nombre de joueurs :<\/strong><br \/>\n2 - 7<\/p>\n<\/div>\n<\/div><\/div><\/div><div id=\"pgc-11623-0-1\"  class=\"panel-grid-cell\" ><div id=\"panel-11623-0-1-0\" class=\"so-panel widget widget_sow-editor panel-first-child panel-last-child\" data-index=\"1\" ><div\n\t\t\t\n\t\t\tclass=\"so-widget-sow-editor so-widget-sow-editor-base\"\n\t\t\t\n\t\t>\n<div class=\"siteorigin-widget-tinymce textwidget\">\n\t<p style=\"text-align: center;\"><strong>Dur\u00e9e moyenne :<\/strong><br \/>\n45 min<\/p>\n<\/div>\n<\/div><\/div><\/div><div id=\"pgc-11623-0-2\"  class=\"panel-grid-cell\" ><div id=\"panel-11623-0-2-0\" class=\"so-panel widget widget_sow-editor panel-first-child panel-last-child\" data-index=\"2\" ><div\n\t\t\t\n\t\t\tclass=\"so-widget-sow-editor so-widget-sow-editor-base\"\n\t\t\t\n\t\t>\n<div class=\"siteorigin-widget-tinymce textwidget\">\n\t<p style=\"text-align: center;\"><strong>Age :<\/strong><br \/>\n8 ans et plus<\/p>\n<\/div>\n<\/div><\/div><\/div><\/div><div id=\"pg-11623-1\"  class=\"panel-grid panel-no-style\" ><div id=\"pgc-11623-1-0\"  class=\"panel-grid-cell\" ><div id=\"panel-11623-1-0-0\" class=\"so-panel widget widget_sow-editor panel-first-child panel-last-child\" data-index=\"3\" ><div\n\t\t\t\n\t\t\tclass=\"so-widget-sow-editor so-widget-sow-editor-base\"\n\t\t\t\n\t\t>\n<div class=\"siteorigin-widget-tinymce textwidget\">\n\t<p style=\"text-align: center;\"><strong>Auteur(s) :<br \/>\n<\/strong>Hjalmar Hach<br \/>\nLorenzo Silva<\/p>\n<\/div>\n<\/div><\/div><\/div><div id=\"pgc-11623-1-1\"  class=\"panel-grid-cell\" ><div id=\"panel-11623-1-1-0\" class=\"so-panel widget widget_sow-editor panel-first-child panel-last-child\" data-index=\"4\" ><div\n\t\t\t\n\t\t\tclass=\"so-widget-sow-editor so-widget-sow-editor-base\"\n\t\t\t\n\t\t>\n<div class=\"siteorigin-widget-tinymce textwidget\">\n\t<p style=\"text-align: center;\"><strong>Illustrations :<\/strong><br \/>\n<span class=\"data-siloing\" title=\"D\u00e9couvrez tous ces jeux\" data-siloing=\"https:\/\/www.philibertnet.com\/fr\/recherche?feature=41&amp;feature_value=Weberson Santiago\">Weberson Santiago<\/span><\/p>\n<\/div>\n<\/div><\/div><\/div><div id=\"pgc-11623-1-2\"  class=\"panel-grid-cell\" ><div id=\"panel-11623-1-2-0\" class=\"so-panel widget widget_sow-editor panel-first-child panel-last-child\" data-index=\"5\" ><div\n\t\t\t\n\t\t\tclass=\"so-widget-sow-editor so-widget-sow-editor-base\"\n\t\t\t\n\t\t>\n<div class=\"siteorigin-widget-tinymce textwidget\">\n\t<p style=\"text-align: center;\"><strong>\u00c9dition :<\/strong><br \/>\nIello<br \/>\n2023<\/p>\n<\/div>\n<\/div><\/div><\/div><div id=\"pgc-11623-1-3\"  class=\"panel-grid-cell\" ><div id=\"panel-11623-1-3-0\" class=\"so-panel widget widget_sow-editor panel-first-child panel-last-child\" data-index=\"6\" ><div\n\t\t\t\n\t\t\tclass=\"so-widget-sow-editor so-widget-sow-editor-base\"\n\t\t\t\n\t\t>\n<div class=\"siteorigin-widget-tinymce textwidget\">\n\t<p style=\"text-align: center;\"><strong>Version :<\/strong><br \/>\nFran\u00e7aise<\/p>\n<\/div>\n<\/div><\/div><\/div><\/div><div id=\"pg-11623-2\"  class=\"panel-grid panel-no-style\" ><div id=\"pgc-11623-2-0\"  class=\"panel-grid-cell\" ><div id=\"panel-11623-2-0-0\" class=\"so-panel widget widget_sow-editor panel-first-child panel-last-child\" data-index=\"7\" ><div\n\t\t\t\n\t\t\tclass=\"so-widget-sow-editor so-widget-sow-editor-base\"\n\t\t\t\n\t\t>\n<div class=\"siteorigin-widget-tinymce textwidget\">\n\t<hr \/>\n<p><em>Bienvenue \u00e0 la soir\u00e9e de gala la plus hupp\u00e9e de l'ann\u00e9e !<br \/>\nLes plus grands amateurs de luxe sont d\u00e9j\u00e0 arriv\u00e9s, impatients de se faire des offres irr\u00e9sistibles... et de s\u2019escroquer joyeusement. Car tous n'ont qu'une seule id\u00e9e en t\u00eate : constituer la plus belles des collections. Maintenant que vous \u00eates l\u00e0, nous pouvons lancer le grand partage !<\/em><\/p>\n<p>&nbsp;<\/p>\n<p><em>The Great Split <\/em>est un jeu de draft de 2 \u00e0 7 joueurs dans lequel vous devez constituer une prestigieuse collection de richesses. A chaque tour, tous les joueurs \u00e9changent simultan\u00e9ment leurs cartes. Commencez par diviser vos cartes en 2 groupes, puis passez le portefeuille o\u00f9 ils auront \u00e9t\u00e9 gliss\u00e9s au joueur \u00e0 votre gauche pour qu'il en choisisse un.<br \/>\nPendant que votre adversaire \u00e9tudiera votre partage, vous recevrez \u00e9galement une offre de ce type de la part du joueur \u00e0 votre droite. A vous d'\u00e9lire judicieusement, car lorsque votre voisin vous aura restitu\u00e9 le groupe de cartes dont il ne veux pas, votre main sera scell\u00e9e !<\/p>\n<p>Prenez donc le temps d'\u00e9valuer les collections de vos adversaires pour comprendre les richesses qu'ils convoitent, puis faites-leur une offre qu'ils ne pourront refuser... vous laissant ainsi le butin le plus savoureux !<\/p>\n<\/div>\n<\/div><\/div><\/div><\/div><div id=\"pg-11623-3\"  class=\"panel-grid panel-no-style\" ><div id=\"pgc-11623-3-0\"  class=\"panel-grid-cell\" ><div id=\"panel-11623-3-0-0\" class=\"so-panel widget widget_sow-editor panel-first-child panel-last-child\" data-index=\"8\" ><div\n\t\t\t\n\t\t\tclass=\"so-widget-sow-editor so-widget-sow-editor-base\"\n\t\t\t\n\t\t>\n<div class=\"siteorigin-widget-tinymce textwidget\">\n\t<hr \/>\n<h3 style=\"text-align: center;\">En vid\u00e9o<\/h3>\n<p><a href=\"https:\/\/www.youtube.com\/watch?v=P62rM4yJPOg&amp;ab_channel=UnMondedejeux\" target=\"_blank\" rel=\"noopener\"><img loading=\"lazy\" decoding=\"async\" class=\"alignnone size-full wp-image-9090\" src=\"https:\/\/meeplendice.net\/wp-content\/uploads\/2022\/01\/Link_CJ_v2.png\" alt=\"\" width=\"200\" height=\"170\" \/><\/a><\/p>\n<\/div>\n<\/div><\/div><\/div><\/div><div id=\"pg-11623-4\"  class=\"panel-grid panel-no-style\" ><div id=\"pgc-11623-4-0\"  class=\"panel-grid-cell\" ><div id=\"panel-11623-4-0-0\" class=\"so-panel widget widget_sow-editor panel-first-child panel-last-child\" data-index=\"9\" ><div\n\t\t\t\n\t\t\tclass=\"so-widget-sow-editor so-widget-sow-editor-base\"\n\t\t\t\n\t\t>\n<div class=\"siteorigin-widget-tinymce textwidget\">\n\t<hr \/>\n<h3 style=\"text-align: center;\">Pour aller plus loin<\/h3>\n<\/div>\n<\/div><\/div><\/div><\/div><\/div>","protected":false},"excerpt":{"rendered":"<p>Nombre de joueurs : 2 &#8211; 7 Dur\u00e9e moyenne : 45 min Age : 8 ans et plus Auteur(s) : Hjalmar Hach Lorenzo Silva Illustrations : Weberson Santiago \u00c9dition : Iello 2023 Version : Fran\u00e7aise<\/p>\n","protected":false},"author":2,"featured_media":11593,"parent":0,"menu_order":0,"comment_status":"closed","ping_status":"closed","template":"","meta":{"footnotes":""},"class_list":["post-11623","page","type-page","status-publish","has-post-thumbnail","hentry"],"acf":[],"rttpg_featured_image_url":{"full":["https:\/\/meeplendice.net\/wp-content\/uploads\/2023\/12\/The_Great_Split.png",350,350,false],"landscape":["https:\/\/meeplendice.net\/wp-content\/uploads\/2023\/12\/The_Great_Split.png",350,350,false],"portraits":["https:\/\/meeplendice.net\/wp-content\/uploads\/2023\/12\/The_Great_Split.png",350,350,false],"thumbnail":["https:\/\/meeplendice.net\/wp-content\/uploads\/2023\/12\/The_Great_Split-150x150.png",150,150,true],"medium":["https:\/\/meeplendice.net\/wp-content\/uploads\/2023\/12\/The_Great_Split-300x300.png",300,300,true],"large":["https:\/\/meeplendice.net\/wp-content\/uploads\/2023\/12\/The_Great_Split.png",350,350,false],"ug_big":["https:\/\/meeplendice.net\/wp-content\/uploads\/2023\/12\/The_Great_Split.png",350,350,false],"1536x1536":["https:\/\/meeplendice.net\/wp-content\/uploads\/2023\/12\/The_Great_Split.png",350,350,false],"2048x2048":["https:\/\/meeplendice.net\/wp-content\/uploads\/2023\/12\/The_Great_Split.png",350,350,false],"ashe-slider-grid-thumbnail":["https:\/\/meeplendice.net\/wp-content\/uploads\/2023\/12\/The_Great_Split.png",350,350,false],"ashe-full-thumbnail":["https:\/\/meeplendice.net\/wp-content\/uploads\/2023\/12\/The_Great_Split.png",350,350,false],"ashe-grid-thumbnail":["https:\/\/meeplendice.net\/wp-content\/uploads\/2023\/12\/The_Great_Split-350x330.png",350,330,true],"ashe-list-thumbnail":["https:\/\/meeplendice.net\/wp-content\/uploads\/2023\/12\/The_Great_Split-300x300.png",300,300,true],"ashe-single-navigation":["https:\/\/meeplendice.net\/wp-content\/uploads\/2023\/12\/The_Great_Split-75x75.png",75,75,true],"mailpoet_newsletter_max":["https:\/\/meeplendice.net\/wp-content\/uploads\/2023\/12\/The_Great_Split.png",350,350,false],"rpwe-thumbnail":["https:\/\/meeplendice.net\/wp-content\/uploads\/2023\/12\/The_Great_Split-45x45.png",45,45,true],"sow-carousel-default":["https:\/\/meeplendice.net\/wp-content\/uploads\/2023\/12\/The_Great_Split-272x182.png",272,182,true],"rt_custom":["https:\/\/meeplendice.net\/wp-content\/uploads\/2023\/12\/The_Great_Split.png",350,350,false]},"rttpg_author":{"display_name":"Karnby","author_link":"https:\/\/meeplendice.net\/?author=2"},"rttpg_comment":0,"rttpg_category":null,"rttpg_excerpt":"Nombre de joueurs : 2 - 7 Dur\u00e9e moyenne : 45 min Age : 8 ans et plus Auteur(s) : Hjalmar Hach Lorenzo Silva Illustrations : Weberson Santiago \u00c9dition : Iello 2023 Version : Fran\u00e7aise","_links":{"self":[{"href":"https:\/\/meeplendice.net\/index.php?rest_route=\/wp\/v2\/pages\/11623","targetHints":{"allow":["GET"]}}],"collection":[{"href":"https:\/\/meeplendice.net\/index.php?rest_route=\/wp\/v2\/pages"}],"about":[{"href":"https:\/\/meeplendice.net\/index.php?rest_route=\/wp\/v2\/types\/page"}],"author":[{"embeddable":true,"href":"https:\/\/meeplendice.net\/index.php?rest_route=\/wp\/v2\/users\/2"}],"replies":[{"embeddable":true,"href":"https:\/\/meeplendice.net\/index.php?rest_route=%2Fwp%2Fv2%2Fcomments&post=11623"}],"version-history":[{"count":7,"href":"https:\/\/meeplendice.net\/index.php?rest_route=\/wp\/v2\/pages\/11623\/revisions"}],"predecessor-version":[{"id":11723,"href":"https:\/\/meeplendice.net\/index.php?rest_route=\/wp\/v2\/pages\/11623\/revisions\/11723"}],"wp:featuredmedia":[{"embeddable":true,"href":"https:\/\/meeplendice.net\/index.php?rest_route=\/wp\/v2\/media\/11593"}],"wp:attachment":[{"href":"https:\/\/meeplendice.net\/index.php?rest_route=%2Fwp%2Fv2%2Fmedia&parent=11623"}],"curies":[{"name":"wp","href":"https:\/\/api.w.org\/{rel}","templated":true}]}}