{"id":11624,"date":"2023-12-05T16:55:40","date_gmt":"2023-12-05T15:55:40","guid":{"rendered":"https:\/\/meeplendice.net\/?page_id=11624"},"modified":"2023-12-28T21:04:09","modified_gmt":"2023-12-28T20:04:09","slug":"origins-first-builders","status":"publish","type":"page","link":"https:\/\/meeplendice.net\/?page_id=11624","title":{"rendered":"Origins : First Builders"},"content":{"rendered":"<div id=\"pl-11624\"  class=\"panel-layout\" ><div id=\"pg-11624-0\"  class=\"panel-grid panel-no-style\" ><div id=\"pgc-11624-0-0\"  class=\"panel-grid-cell\" ><div id=\"panel-11624-0-0-0\" class=\"so-panel widget widget_sow-editor panel-first-child panel-last-child\" data-index=\"0\" ><div\n\t\t\t\n\t\t\tclass=\"so-widget-sow-editor so-widget-sow-editor-base\"\n\t\t\t\n\t\t>\n<div class=\"siteorigin-widget-tinymce textwidget\">\n\t<p style=\"text-align: center;\"><strong>Nombre de joueurs :<\/strong><br \/>\n1 - 4<\/p>\n<\/div>\n<\/div><\/div><\/div><div id=\"pgc-11624-0-1\"  class=\"panel-grid-cell\" ><div id=\"panel-11624-0-1-0\" class=\"so-panel widget widget_sow-editor panel-first-child panel-last-child\" data-index=\"1\" ><div\n\t\t\t\n\t\t\tclass=\"so-widget-sow-editor so-widget-sow-editor-base\"\n\t\t\t\n\t\t>\n<div class=\"siteorigin-widget-tinymce textwidget\">\n\t<p style=\"text-align: center;\"><strong>Dur\u00e9e moyenne :<\/strong><br \/>\n120 min<\/p>\n<\/div>\n<\/div><\/div><\/div><div id=\"pgc-11624-0-2\"  class=\"panel-grid-cell\" ><div id=\"panel-11624-0-2-0\" class=\"so-panel widget widget_sow-editor panel-first-child panel-last-child\" data-index=\"2\" ><div\n\t\t\t\n\t\t\tclass=\"so-widget-sow-editor so-widget-sow-editor-base\"\n\t\t\t\n\t\t>\n<div class=\"siteorigin-widget-tinymce textwidget\">\n\t<p style=\"text-align: center;\"><strong>Age :<\/strong><br \/>\n14 ans et plus<\/p>\n<\/div>\n<\/div><\/div><\/div><\/div><div id=\"pg-11624-1\"  class=\"panel-grid panel-no-style\" ><div id=\"pgc-11624-1-0\"  class=\"panel-grid-cell\" ><div id=\"panel-11624-1-0-0\" class=\"so-panel widget widget_sow-editor panel-first-child panel-last-child\" data-index=\"3\" ><div\n\t\t\t\n\t\t\tclass=\"so-widget-sow-editor so-widget-sow-editor-base\"\n\t\t\t\n\t\t>\n<div class=\"siteorigin-widget-tinymce textwidget\">\n\t<p style=\"text-align: center;\"><strong>Auteur(s) :<br \/>\n<\/strong><span class=\"data-siloing\" title=\"D\u00e9couvrez tous ces jeux\" data-siloing=\"https:\/\/www.philibertnet.com\/fr\/recherche?feature=31&amp;feature_value=Adam Kwapi\u0144ski\">Adam Kwapi\u0144ski<\/span><\/p>\n<\/div>\n<\/div><\/div><\/div><div id=\"pgc-11624-1-1\"  class=\"panel-grid-cell\" ><div id=\"panel-11624-1-1-0\" class=\"so-panel widget widget_sow-editor panel-first-child panel-last-child\" data-index=\"4\" ><div\n\t\t\t\n\t\t\tclass=\"so-widget-sow-editor so-widget-sow-editor-base\"\n\t\t\t\n\t\t>\n<div class=\"siteorigin-widget-tinymce textwidget\">\n\t<p style=\"text-align: center;\"><strong>Illustrations :<\/strong><br \/>\n<span class=\"data-siloing\" title=\"D\u00e9couvrez tous ces jeux\" data-siloing=\"https:\/\/www.philibertnet.com\/fr\/recherche?feature=41&amp;feature_value=Zbigniew Umgelter\">Zbigniew Umgelter<br \/>\n<\/span><span class=\"data-siloing\" title=\"Voir tous les jeux\" data-siloing=\"https:\/\/www.philibertnet.com\/fr\/recherche?feature=41&amp;feature_value=Aleksander Zawada\">Aleksander Zawada<\/span><\/p>\n<\/div>\n<\/div><\/div><\/div><div id=\"pgc-11624-1-2\"  class=\"panel-grid-cell\" ><div id=\"panel-11624-1-2-0\" class=\"so-panel widget widget_sow-editor panel-first-child panel-last-child\" data-index=\"5\" ><div\n\t\t\t\n\t\t\tclass=\"so-widget-sow-editor so-widget-sow-editor-base\"\n\t\t\t\n\t\t>\n<div class=\"siteorigin-widget-tinymce textwidget\">\n\t<p style=\"text-align: center;\"><strong>\u00c9dition :<\/strong><br \/>\n<span class=\"data-siloing\" data-siloing=\"\n\n                                                            https:\/\/www.philibertnet.com\/fr\/1298_pixie-games\n\n                            \">Pixie Games<\/span><br \/>\n2021<\/p>\n<\/div>\n<\/div><\/div><\/div><div id=\"pgc-11624-1-3\"  class=\"panel-grid-cell\" ><div id=\"panel-11624-1-3-0\" class=\"so-panel widget widget_sow-editor panel-first-child panel-last-child\" data-index=\"6\" ><div\n\t\t\t\n\t\t\tclass=\"so-widget-sow-editor so-widget-sow-editor-base\"\n\t\t\t\n\t\t>\n<div class=\"siteorigin-widget-tinymce textwidget\">\n\t<p style=\"text-align: center;\"><strong>Version :<\/strong><br \/>\nFran\u00e7aise<\/p>\n<\/div>\n<\/div><\/div><\/div><\/div><div id=\"pg-11624-2\"  class=\"panel-grid panel-no-style\" ><div id=\"pgc-11624-2-0\"  class=\"panel-grid-cell\" ><div id=\"panel-11624-2-0-0\" class=\"so-panel widget widget_sow-editor panel-first-child panel-last-child\" data-index=\"7\" ><div\n\t\t\t\n\t\t\tclass=\"so-widget-sow-editor so-widget-sow-editor-base\"\n\t\t\t\n\t\t>\n<div class=\"siteorigin-widget-tinymce textwidget\">\n\t<hr \/>\n<p><em>Ils sont venus sur cette plan\u00e8te, et c'est vous qu'ils ont choisi.<br \/>\nIls ont \u00e9duqu\u00e9 votre peuple, et ils vous ont promis la prosp\u00e9rit\u00e9.<br \/>\nIls vous ont transmis leur sagesse et vous ont fourni les ressources pour \u00e9lever des cit\u00e9s jusqu'au cieux.<br \/>\nIls vous ont montr\u00e9 la voie de la culture et de la science, et vous ont enseign\u00e9 l'art de la guerre.<br \/>\nIls ont promis la connaissance \u00e0 tous ceux d\u00e9sireux d'apprendre.<\/em><\/p>\n<p><em>Venez, Archontes, guidez vos citoyens vers la victoire, sous le regard attentif des B\u00e2tisseurs, nos bienfaiteurs venus d'au-del\u00e0 des cieux.<\/em><\/p>\n<p><em>Origin : First Builder <\/em>est un jeu de strat\u00e9gie, combinant le d\u00e9veloppement d'une cit\u00e9 et le placement d'ouvriers.<br \/>\nLes actions principales et les actions bonus, dispos\u00e9es al\u00e9atoirement \u00e0 chaque partie, favorisent des strat\u00e9gies vari\u00e9es et de puissantes combinaisons.<\/p>\n<p>Devenez le leader d'une Cit\u00e9 \u00e0 l'aube de l'Humanit\u00e9. Sollicitez les aliens bienfaiteurs pour d\u00e9velopper votre peuple, \u00e9tendre votre cit\u00e9, construire des monuments, gravir les marches des Temple du Zodiaque, et devenez le plus grand leader de l'histoire !<\/p>\n<\/div>\n<\/div><\/div><\/div><\/div><div id=\"pg-11624-3\"  class=\"panel-grid panel-no-style\" ><div id=\"pgc-11624-3-0\"  class=\"panel-grid-cell\" ><div id=\"panel-11624-3-0-0\" class=\"so-panel widget widget_sow-editor panel-first-child panel-last-child\" data-index=\"8\" ><div\n\t\t\t\n\t\t\tclass=\"so-widget-sow-editor so-widget-sow-editor-base\"\n\t\t\t\n\t\t>\n<div class=\"siteorigin-widget-tinymce textwidget\">\n\t<hr \/>\n<h3 style=\"text-align: center;\">En vid\u00e9o<\/h3>\n<p><a href=\"https:\/\/www.youtube.com\/watch?v=4mdFXXHb9w0&amp;ab_channel=Pardieu-ExpertGamer\" target=\"_blank\" rel=\"noopener\"><img loading=\"lazy\" decoding=\"async\" class=\"alignnone size-full wp-image-9090\" src=\"https:\/\/meeplendice.net\/wp-content\/uploads\/2022\/01\/Link_CJ_v2.png\" alt=\"\" width=\"200\" height=\"170\" \/><\/a><\/p>\n<\/div>\n<\/div><\/div><\/div><\/div><div id=\"pg-11624-4\"  class=\"panel-grid panel-no-style\" ><div id=\"pgc-11624-4-0\"  class=\"panel-grid-cell\" ><div id=\"panel-11624-4-0-0\" class=\"so-panel widget widget_sow-editor panel-first-child panel-last-child\" data-index=\"9\" ><div\n\t\t\t\n\t\t\tclass=\"so-widget-sow-editor so-widget-sow-editor-base\"\n\t\t\t\n\t\t>\n<div class=\"siteorigin-widget-tinymce textwidget\">\n\t<hr \/>\n<h3 style=\"text-align: center;\">Extension(s)<\/h3>\n<p style=\"text-align: center;\"><style type='text\/css' media='all'>#rt-tpg-container-801975473 .read-more a{border-radius:px;}#rt-tpg-container-801975473 .rt-img-holder img.rt-img-responsive,#rt-tpg-container-801975473 .rt-img-holder,\n\t\t\t\t\t#rt-tpg-container-801975473 .rt-post-overlay .post-img,\n\t\t\t\t\t#rt-tpg-container-801975473 .post-sm .post-img,\n\t\t\t\t\t#rt-tpg-container-801975473 .rt-post-grid .post-img,\n\t\t\t\t\t#rt-tpg-container-801975473 .post-img img {border-radius:px;}#rt-tpg-container-801975473 .layout9 .rt-holder h2.entry-title,\n\t\t\t\t\t#rt-tpg-container-801975473 .layout9 .rt-holder h3.entry-title,\n\t\t\t\t\t#rt-tpg-container-801975473 .layout9 .rt-holder h4.entry-title,\n\t\t\t\t\t#rt-tpg-container-801975473 .layout9 .rt-holder h2.entry-title a,\n\t\t\t\t\t#rt-tpg-container-801975473 .layout9 .rt-holder h3.entry-title a,\n\t\t\t\t\t#rt-tpg-container-801975473 .layout9 .rt-holder h4.entry-title a,\n\t\t\t\t\t#rt-tpg-container-801975473 .rt-holder .rt-woo-info h2 a,\n\t\t\t\t\t#rt-tpg-container-801975473 .rt-holder .rt-woo-info h3 a,\n\t\t\t\t\t#rt-tpg-container-801975473 .rt-holder .rt-woo-info h4 a,\n\t\t\t\t\t#rt-tpg-container-801975473 .post-content .post-title,\n\t\t\t\t\t#rt-tpg-container-801975473 .rt-post-grid .post-title,\n\t\t\t\t\t#rt-tpg-container-801975473 .rt-post-grid .post-title a,\n\t\t\t\t\t#rt-tpg-container-801975473 .post-content .post-title a,\n\t\t\t\t\t#rt-tpg-container-801975473 .rt-holder .rt-woo-info h2,\n\t\t\t\t\t#rt-tpg-container-801975473 .rt-holder .rt-woo-info h3,\n\t\t\t\t\t#rt-tpg-container-801975473 .rt-holder .rt-woo-info h4{font-size:16px;line-height:26px;font-weight:normal;text-align:center;}#rt-tpg-container-801975473 .post-grid-lg-style-1 .post-title,\n\t\t\t\t\t\t#rt-tpg-container-801975473 .post-grid-lg-style-1 .post-title a,\n\t\t\t\t\t\t#rt-tpg-container-801975473 .big-layout .post-title,\n\t\t\t\t\t\t#rt-tpg-container-801975473 .big-layout .post-title a,\n\t\t\t\t\t\t#rt-tpg-container-801975473 .post-grid-lg-style-1 .post-title,\n\t\t\t\t\t\t#rt-tpg-container-801975473 .post-grid-lg-style-1 .post-title a {font-size:24px;line-height:34px;}<\/style><div class='rt-container-fluid rt-tpg-container tpg-shortcode-main-wrapper ' id='rt-tpg-container-801975473'   data-layout='layout9' data-grid-style='even' data-desktop-col='3'  data-tab-col='2'  data-mobile-col='1' data-sc-id='11793'><div data-title='Loading ...' class='rt-row rt-content-loader   layout9 tpg-even '><div class=\"rt-col-md-4 rt-col-sm-6 rt-col-xs-12 even-grid-item rt-grid-item img_zoom_in\" data-id=\"11740\"><div class=\"rt-holder\"><div class='overlay'><a data-id='11740' class=' tpg-single-popup' href='https:\/\/meeplendice.net\/?page_id=11740'><img loading=\"lazy\" decoding=\"async\" width=\"350\" height=\"350\" src=\"https:\/\/meeplendice.net\/wp-content\/uploads\/2023\/12\/Origins_AW.png\" class=\"rt-img-responsive \" alt=\"\" \/><\/a><\/div><div class='post-info'><h2 class=\"entry-title\"><a data-id=\"11740\" class=\" tpg-single-popup\" href=\"https:\/\/meeplendice.net\/?page_id=11740\">Ancient Wonders<\/a><\/h2><div class='post-meta-user '><\/div><\/div><\/div><\/div><\/div><div class='rt-pagination-wrap' data-total-pages='1' data-posts-per-page='3' data-type='pagination_ajax'  ><div class='rt-page-numbers'><\/div><\/div><\/div><\/p>\n<\/div>\n<\/div><\/div><\/div><\/div><div id=\"pg-11624-5\"  class=\"panel-grid panel-no-style\" ><div id=\"pgc-11624-5-0\"  class=\"panel-grid-cell\" ><div id=\"panel-11624-5-0-0\" class=\"so-panel widget widget_sow-editor panel-first-child panel-last-child\" data-index=\"10\" ><div\n\t\t\t\n\t\t\tclass=\"so-widget-sow-editor so-widget-sow-editor-base\"\n\t\t\t\n\t\t>\n<div class=\"siteorigin-widget-tinymce textwidget\">\n\t<hr \/>\n<h3 style=\"text-align: center;\">Pour aller plus loin<\/h3>\n<\/div>\n<\/div><\/div><\/div><\/div><\/div>","protected":false},"excerpt":{"rendered":"<p>Nombre de joueurs : 1 &#8211; 4 Dur\u00e9e moyenne : 120 min Age : 14 ans et plus Auteur(s) : Adam Kwapi\u0144ski Illustrations : Zbigniew Umgelter Aleksander Zawada \u00c9dition : Pixie Games 2021 Version : Fran\u00e7aise<\/p>\n","protected":false},"author":2,"featured_media":11594,"parent":0,"menu_order":0,"comment_status":"closed","ping_status":"closed","template":"","meta":{"footnotes":""},"class_list":["post-11624","page","type-page","status-publish","has-post-thumbnail","hentry"],"acf":[],"rttpg_featured_image_url":{"full":["https:\/\/meeplendice.net\/wp-content\/uploads\/2023\/12\/Origins.png",350,350,false],"landscape":["https:\/\/meeplendice.net\/wp-content\/uploads\/2023\/12\/Origins.png",350,350,false],"portraits":["https:\/\/meeplendice.net\/wp-content\/uploads\/2023\/12\/Origins.png",350,350,false],"thumbnail":["https:\/\/meeplendice.net\/wp-content\/uploads\/2023\/12\/Origins-150x150.png",150,150,true],"medium":["https:\/\/meeplendice.net\/wp-content\/uploads\/2023\/12\/Origins-300x300.png",300,300,true],"large":["https:\/\/meeplendice.net\/wp-content\/uploads\/2023\/12\/Origins.png",350,350,false],"ug_big":["https:\/\/meeplendice.net\/wp-content\/uploads\/2023\/12\/Origins.png",350,350,false],"1536x1536":["https:\/\/meeplendice.net\/wp-content\/uploads\/2023\/12\/Origins.png",350,350,false],"2048x2048":["https:\/\/meeplendice.net\/wp-content\/uploads\/2023\/12\/Origins.png",350,350,false],"ashe-slider-grid-thumbnail":["https:\/\/meeplendice.net\/wp-content\/uploads\/2023\/12\/Origins.png",350,350,false],"ashe-full-thumbnail":["https:\/\/meeplendice.net\/wp-content\/uploads\/2023\/12\/Origins.png",350,350,false],"ashe-grid-thumbnail":["https:\/\/meeplendice.net\/wp-content\/uploads\/2023\/12\/Origins-350x330.png",350,330,true],"ashe-list-thumbnail":["https:\/\/meeplendice.net\/wp-content\/uploads\/2023\/12\/Origins-300x300.png",300,300,true],"ashe-single-navigation":["https:\/\/meeplendice.net\/wp-content\/uploads\/2023\/12\/Origins-75x75.png",75,75,true],"mailpoet_newsletter_max":["https:\/\/meeplendice.net\/wp-content\/uploads\/2023\/12\/Origins.png",350,350,false],"rpwe-thumbnail":["https:\/\/meeplendice.net\/wp-content\/uploads\/2023\/12\/Origins-45x45.png",45,45,true],"sow-carousel-default":["https:\/\/meeplendice.net\/wp-content\/uploads\/2023\/12\/Origins-272x182.png",272,182,true],"rt_custom":["https:\/\/meeplendice.net\/wp-content\/uploads\/2023\/12\/Origins.png",350,350,false]},"rttpg_author":{"display_name":"Karnby","author_link":"https:\/\/meeplendice.net\/?author=2"},"rttpg_comment":0,"rttpg_category":null,"rttpg_excerpt":"Nombre de joueurs : 1 - 4 Dur\u00e9e moyenne : 120 min Age : 14 ans et plus Auteur(s) : Adam Kwapi\u0144ski Illustrations : Zbigniew Umgelter Aleksander Zawada \u00c9dition : Pixie Games 2021 Version : Fran\u00e7aise","_links":{"self":[{"href":"https:\/\/meeplendice.net\/index.php?rest_route=\/wp\/v2\/pages\/11624","targetHints":{"allow":["GET"]}}],"collection":[{"href":"https:\/\/meeplendice.net\/index.php?rest_route=\/wp\/v2\/pages"}],"about":[{"href":"https:\/\/meeplendice.net\/index.php?rest_route=\/wp\/v2\/types\/page"}],"author":[{"embeddable":true,"href":"https:\/\/meeplendice.net\/index.php?rest_route=\/wp\/v2\/users\/2"}],"replies":[{"embeddable":true,"href":"https:\/\/meeplendice.net\/index.php?rest_route=%2Fwp%2Fv2%2Fcomments&post=11624"}],"version-history":[{"count":5,"href":"https:\/\/meeplendice.net\/index.php?rest_route=\/wp\/v2\/pages\/11624\/revisions"}],"predecessor-version":[{"id":11795,"href":"https:\/\/meeplendice.net\/index.php?rest_route=\/wp\/v2\/pages\/11624\/revisions\/11795"}],"wp:featuredmedia":[{"embeddable":true,"href":"https:\/\/meeplendice.net\/index.php?rest_route=\/wp\/v2\/media\/11594"}],"wp:attachment":[{"href":"https:\/\/meeplendice.net\/index.php?rest_route=%2Fwp%2Fv2%2Fmedia&parent=11624"}],"curies":[{"name":"wp","href":"https:\/\/api.w.org\/{rel}","templated":true}]}}