{"id":11643,"date":"2023-12-05T17:00:34","date_gmt":"2023-12-05T16:00:34","guid":{"rendered":"https:\/\/meeplendice.net\/?page_id=11643"},"modified":"2024-11-25T11:35:19","modified_gmt":"2024-11-25T09:35:19","slug":"ancient-knowledge","status":"publish","type":"page","link":"https:\/\/meeplendice.net\/?page_id=11643","title":{"rendered":"Ancient Knowledge"},"content":{"rendered":"<div id=\"pl-11643\"  class=\"panel-layout\" ><div id=\"pg-11643-0\"  class=\"panel-grid panel-no-style\" ><div id=\"pgc-11643-0-0\"  class=\"panel-grid-cell\" ><div id=\"panel-11643-0-0-0\" class=\"so-panel widget widget_sow-editor panel-first-child panel-last-child\" data-index=\"0\" ><div\n\t\t\t\n\t\t\tclass=\"so-widget-sow-editor so-widget-sow-editor-base\"\n\t\t\t\n\t\t>\n<div class=\"siteorigin-widget-tinymce textwidget\">\n\t<p style=\"text-align: center;\"><strong>Nombre de joueurs :<\/strong><br \/>\n2 - 4<\/p>\n<\/div>\n<\/div><\/div><\/div><div id=\"pgc-11643-0-1\"  class=\"panel-grid-cell\" ><div id=\"panel-11643-0-1-0\" class=\"so-panel widget widget_sow-editor panel-first-child panel-last-child\" data-index=\"1\" ><div\n\t\t\t\n\t\t\tclass=\"so-widget-sow-editor so-widget-sow-editor-base\"\n\t\t\t\n\t\t>\n<div class=\"siteorigin-widget-tinymce textwidget\">\n\t<p style=\"text-align: center;\"><strong>Dur\u00e9e moyenne :<\/strong><br \/>\n120 min<\/p>\n<\/div>\n<\/div><\/div><\/div><div id=\"pgc-11643-0-2\"  class=\"panel-grid-cell\" ><div id=\"panel-11643-0-2-0\" class=\"so-panel widget widget_sow-editor panel-first-child panel-last-child\" data-index=\"2\" ><div\n\t\t\t\n\t\t\tclass=\"so-widget-sow-editor so-widget-sow-editor-base\"\n\t\t\t\n\t\t>\n<div class=\"siteorigin-widget-tinymce textwidget\">\n\t<p style=\"text-align: center;\"><strong>Age :<\/strong><br \/>\n14 ans et plus<\/p>\n<\/div>\n<\/div><\/div><\/div><\/div><div id=\"pg-11643-1\"  class=\"panel-grid panel-no-style\" ><div id=\"pgc-11643-1-0\"  class=\"panel-grid-cell\" ><div id=\"panel-11643-1-0-0\" class=\"so-panel widget widget_sow-editor panel-first-child panel-last-child\" data-index=\"3\" ><div\n\t\t\t\n\t\t\tclass=\"so-widget-sow-editor so-widget-sow-editor-base\"\n\t\t\t\n\t\t>\n<div class=\"siteorigin-widget-tinymce textwidget\">\n\t<p style=\"text-align: center;\"><strong>Auteur(s) :<br \/>\n<\/strong><span class=\"data-siloing\" title=\"D\u00e9couvrez tous ces jeux\" data-siloing=\"https:\/\/www.philibertnet.com\/fr\/recherche?feature=31&amp;feature_value=R\u00e9mi Mathieu\">R\u00e9mi Mathieu<\/span><\/p>\n<\/div>\n<\/div><\/div><\/div><div id=\"pgc-11643-1-1\"  class=\"panel-grid-cell\" ><div id=\"panel-11643-1-1-0\" class=\"so-panel widget widget_sow-editor panel-first-child panel-last-child\" data-index=\"4\" ><div\n\t\t\t\n\t\t\tclass=\"so-widget-sow-editor so-widget-sow-editor-base\"\n\t\t\t\n\t\t>\n<div class=\"siteorigin-widget-tinymce textwidget\">\n\t<p style=\"text-align: center;\"><strong>Illustrations :<\/strong><br \/>\n<span class=\"data-siloing\" title=\"D\u00e9couvrez tous ces jeux\" data-siloing=\"https:\/\/www.philibertnet.com\/fr\/recherche?feature=41&amp;feature_value=Pierre Ples. Adrien Rives. Emilien Rotival\">Ples<br \/>\nAdrien Rives<br \/>\nEmilien Rotival<\/span><\/p>\n<\/div>\n<\/div><\/div><\/div><div id=\"pgc-11643-1-2\"  class=\"panel-grid-cell\" ><div id=\"panel-11643-1-2-0\" class=\"so-panel widget widget_sow-editor panel-first-child panel-last-child\" data-index=\"5\" ><div\n\t\t\t\n\t\t\tclass=\"so-widget-sow-editor so-widget-sow-editor-base\"\n\t\t\t\n\t\t>\n<div class=\"siteorigin-widget-tinymce textwidget\">\n\t<p style=\"text-align: center;\"><strong>\u00c9dition :<\/strong><br \/>\nIello<br \/>\n2023<\/p>\n<\/div>\n<\/div><\/div><\/div><div id=\"pgc-11643-1-3\"  class=\"panel-grid-cell\" ><div id=\"panel-11643-1-3-0\" class=\"so-panel widget widget_sow-editor panel-first-child panel-last-child\" data-index=\"6\" ><div\n\t\t\t\n\t\t\tclass=\"so-widget-sow-editor so-widget-sow-editor-base\"\n\t\t\t\n\t\t>\n<div class=\"siteorigin-widget-tinymce textwidget\">\n\t<p style=\"text-align: center;\"><strong>Version :<\/strong><br \/>\nFran\u00e7aise<\/p>\n<\/div>\n<\/div><\/div><\/div><\/div><div id=\"pg-11643-2\"  class=\"panel-grid panel-no-style\" ><div id=\"pgc-11643-2-0\"  class=\"panel-grid-cell\" ><div id=\"panel-11643-2-0-0\" class=\"so-panel widget widget_sow-editor panel-first-child panel-last-child\" data-index=\"7\" ><div\n\t\t\t\n\t\t\tclass=\"so-widget-sow-editor so-widget-sow-editor-base\"\n\t\t\t\n\t\t>\n<div class=\"siteorigin-widget-tinymce textwidget\">\n\t<hr \/>\n<p><em>Vous \u00eates les anciens b\u00e2tisseurs de ce monde, les derniers survivants de la civilisation ayant pr\u00e9c\u00e9d\u00e9 la n\u00f4tre. d\u00e9tenteurs d'un savoir plurimill\u00e9naire, vous en \u00eates les seuls garants. Faites perdurer votre grandeur dans la pierre, dans les traditions, et prot\u00e9gez le savoir des anciens.<\/em><\/p>\n<p><em>Ancient Knowledge <\/em>est un jeu de carte strat\u00e9gique dans lequel vous \u00e9rigez des monuments et construisez des artefacts afin de transmettre votre savoir. Le temps rendra vos constructions \u00e9ph\u00e9m\u00e8res, alors prenez les bonnes d\u00e9cisions et combinez au mieux les nombreuses cartes \u00e0 votre disposition, car toute connaissance est vou\u00e9e \u00e0 dispara\u00eetre...<\/p>\n<p>Prouvez \u00e0 vos adversaire que vous \u00eates le digne repr\u00e9sentant de votre h\u00e9ritage !<\/p>\n<\/div>\n<\/div><\/div><\/div><\/div><div id=\"pg-11643-3\"  class=\"panel-grid panel-no-style\" ><div id=\"pgc-11643-3-0\"  class=\"panel-grid-cell\" ><div id=\"panel-11643-3-0-0\" class=\"so-panel widget widget_sow-editor panel-first-child panel-last-child\" data-index=\"8\" ><div\n\t\t\t\n\t\t\tclass=\"so-widget-sow-editor so-widget-sow-editor-base\"\n\t\t\t\n\t\t>\n<div class=\"siteorigin-widget-tinymce textwidget\">\n\t<hr \/>\n<h3 style=\"text-align: center;\">En vid\u00e9o<\/h3>\n<p><a href=\"https:\/\/www.youtube.com\/watch?v=4bsDIV9jJTM&amp;ab_channel=UnMondedejeux\" target=\"_blank\" rel=\"noopener\"><img loading=\"lazy\" decoding=\"async\" class=\"alignnone size-full wp-image-9090\" src=\"https:\/\/meeplendice.net\/wp-content\/uploads\/2022\/01\/Link_CJ_v2.png\" alt=\"\" width=\"200\" height=\"170\" \/><\/a><\/p>\n<\/div>\n<\/div><\/div><\/div><\/div><div id=\"pg-11643-4\"  class=\"panel-grid panel-no-style\" ><div id=\"pgc-11643-4-0\"  class=\"panel-grid-cell\" ><div id=\"panel-11643-4-0-0\" class=\"so-panel widget widget_sow-editor panel-first-child panel-last-child\" data-index=\"9\" ><div\n\t\t\t\n\t\t\tclass=\"so-widget-sow-editor so-widget-sow-editor-base\"\n\t\t\t\n\t\t>\n<div class=\"siteorigin-widget-tinymce textwidget\">\n\t<hr \/>\n<h3 style=\"text-align: center;\">Extension(s)<\/h3>\n<style type='text\/css' media='all'>#rt-tpg-container-3718718690 .read-more a{border-radius:px;}#rt-tpg-container-3718718690 .rt-img-holder img.rt-img-responsive,#rt-tpg-container-3718718690 .rt-img-holder,\n\t\t\t\t\t#rt-tpg-container-3718718690 .rt-post-overlay .post-img,\n\t\t\t\t\t#rt-tpg-container-3718718690 .post-sm .post-img,\n\t\t\t\t\t#rt-tpg-container-3718718690 .rt-post-grid .post-img,\n\t\t\t\t\t#rt-tpg-container-3718718690 .post-img img {border-radius:px;}#rt-tpg-container-3718718690 .layout9 .rt-holder h2.entry-title,\n\t\t\t\t\t#rt-tpg-container-3718718690 .layout9 .rt-holder h3.entry-title,\n\t\t\t\t\t#rt-tpg-container-3718718690 .layout9 .rt-holder h4.entry-title,\n\t\t\t\t\t#rt-tpg-container-3718718690 .layout9 .rt-holder h2.entry-title a,\n\t\t\t\t\t#rt-tpg-container-3718718690 .layout9 .rt-holder h3.entry-title a,\n\t\t\t\t\t#rt-tpg-container-3718718690 .layout9 .rt-holder h4.entry-title a,\n\t\t\t\t\t#rt-tpg-container-3718718690 .rt-holder .rt-woo-info h2 a,\n\t\t\t\t\t#rt-tpg-container-3718718690 .rt-holder .rt-woo-info h3 a,\n\t\t\t\t\t#rt-tpg-container-3718718690 .rt-holder .rt-woo-info h4 a,\n\t\t\t\t\t#rt-tpg-container-3718718690 .post-content .post-title,\n\t\t\t\t\t#rt-tpg-container-3718718690 .rt-post-grid .post-title,\n\t\t\t\t\t#rt-tpg-container-3718718690 .rt-post-grid .post-title a,\n\t\t\t\t\t#rt-tpg-container-3718718690 .post-content .post-title a,\n\t\t\t\t\t#rt-tpg-container-3718718690 .rt-holder .rt-woo-info h2,\n\t\t\t\t\t#rt-tpg-container-3718718690 .rt-holder .rt-woo-info h3,\n\t\t\t\t\t#rt-tpg-container-3718718690 .rt-holder .rt-woo-info h4{font-size:16px;line-height:26px;font-weight:normal;text-align:center;}#rt-tpg-container-3718718690 .post-grid-lg-style-1 .post-title,\n\t\t\t\t\t\t#rt-tpg-container-3718718690 .post-grid-lg-style-1 .post-title a,\n\t\t\t\t\t\t#rt-tpg-container-3718718690 .big-layout .post-title,\n\t\t\t\t\t\t#rt-tpg-container-3718718690 .big-layout .post-title a,\n\t\t\t\t\t\t#rt-tpg-container-3718718690 .post-grid-lg-style-1 .post-title,\n\t\t\t\t\t\t#rt-tpg-container-3718718690 .post-grid-lg-style-1 .post-title a {font-size:24px;line-height:34px;}<\/style><div class='rt-container-fluid rt-tpg-container tpg-shortcode-main-wrapper ' id='rt-tpg-container-3718718690'   data-layout='layout9' data-grid-style='masonry' data-desktop-col='3'  data-tab-col='2'  data-mobile-col='1' data-sc-id='12997'><div data-title='Loading ...' class='rt-row rt-content-loader   layout9 tpg-masonry '><div class=\"rt-col-md-4 rt-col-sm-6 rt-col-xs-12 masonry-grid-item rt-grid-item img_zoom_in\" data-id=\"12993\"><div class=\"rt-holder\"><div class='overlay'><a data-id='12993' class=' tpg-single-popup' href='https:\/\/meeplendice.net\/?page_id=12993'><img loading=\"lazy\" decoding=\"async\" width=\"350\" height=\"350\" src=\"https:\/\/meeplendice.net\/wp-content\/uploads\/2024\/11\/AK_Heritage.png\" class=\"rt-img-responsive \" alt=\"\" \/><\/a><\/div><div class='post-info'><h3 class=\"entry-title\"><a data-id=\"12993\" class=\" tpg-single-popup\" href=\"https:\/\/meeplendice.net\/?page_id=12993\">H\u00e9ritage<\/a><\/h3><div class='post-meta-user '><\/div><\/div><\/div><\/div><\/div><div class='rt-pagination-wrap' data-total-pages='1' data-posts-per-page='3' data-type='pagination_ajax'  ><div class='rt-page-numbers'><\/div><\/div><\/div>\n<p>&nbsp;<\/p>\n<\/div>\n<\/div><\/div><\/div><\/div><div id=\"pg-11643-5\"  class=\"panel-grid panel-no-style\" ><div id=\"pgc-11643-5-0\"  class=\"panel-grid-cell\" ><div id=\"panel-11643-5-0-0\" class=\"so-panel widget widget_sow-editor panel-first-child panel-last-child\" data-index=\"10\" ><div\n\t\t\t\n\t\t\tclass=\"so-widget-sow-editor so-widget-sow-editor-base\"\n\t\t\t\n\t\t>\n<div class=\"siteorigin-widget-tinymce textwidget\">\n\t<hr \/>\n<h3 style=\"text-align: center;\">Pour aller plus loin<\/h3>\n<\/div>\n<\/div><\/div><\/div><\/div><\/div>","protected":false},"excerpt":{"rendered":"<p>Nombre de joueurs : 2 &#8211; 4 Dur\u00e9e moyenne : 120 min Age : 14 ans et plus Auteur(s) : R\u00e9mi Mathieu Illustrations : Ples Adrien Rives Emilien Rotival \u00c9dition : Iello 2023 Version : Fran\u00e7aise<\/p>\n","protected":false},"author":2,"featured_media":11600,"parent":0,"menu_order":0,"comment_status":"closed","ping_status":"closed","template":"","meta":{"footnotes":""},"class_list":["post-11643","page","type-page","status-publish","has-post-thumbnail","hentry"],"acf":[],"rttpg_featured_image_url":{"full":["https:\/\/meeplendice.net\/wp-content\/uploads\/2023\/12\/Ancient_Knowledge.png",350,350,false],"landscape":["https:\/\/meeplendice.net\/wp-content\/uploads\/2023\/12\/Ancient_Knowledge.png",350,350,false],"portraits":["https:\/\/meeplendice.net\/wp-content\/uploads\/2023\/12\/Ancient_Knowledge.png",350,350,false],"thumbnail":["https:\/\/meeplendice.net\/wp-content\/uploads\/2023\/12\/Ancient_Knowledge-150x150.png",150,150,true],"medium":["https:\/\/meeplendice.net\/wp-content\/uploads\/2023\/12\/Ancient_Knowledge-300x300.png",300,300,true],"large":["https:\/\/meeplendice.net\/wp-content\/uploads\/2023\/12\/Ancient_Knowledge.png",350,350,false],"ug_big":["https:\/\/meeplendice.net\/wp-content\/uploads\/2023\/12\/Ancient_Knowledge.png",350,350,false],"1536x1536":["https:\/\/meeplendice.net\/wp-content\/uploads\/2023\/12\/Ancient_Knowledge.png",350,350,false],"2048x2048":["https:\/\/meeplendice.net\/wp-content\/uploads\/2023\/12\/Ancient_Knowledge.png",350,350,false],"ashe-slider-grid-thumbnail":["https:\/\/meeplendice.net\/wp-content\/uploads\/2023\/12\/Ancient_Knowledge.png",350,350,false],"ashe-full-thumbnail":["https:\/\/meeplendice.net\/wp-content\/uploads\/2023\/12\/Ancient_Knowledge.png",350,350,false],"ashe-grid-thumbnail":["https:\/\/meeplendice.net\/wp-content\/uploads\/2023\/12\/Ancient_Knowledge-350x330.png",350,330,true],"ashe-list-thumbnail":["https:\/\/meeplendice.net\/wp-content\/uploads\/2023\/12\/Ancient_Knowledge-300x300.png",300,300,true],"ashe-single-navigation":["https:\/\/meeplendice.net\/wp-content\/uploads\/2023\/12\/Ancient_Knowledge-75x75.png",75,75,true],"mailpoet_newsletter_max":["https:\/\/meeplendice.net\/wp-content\/uploads\/2023\/12\/Ancient_Knowledge.png",350,350,false],"rpwe-thumbnail":["https:\/\/meeplendice.net\/wp-content\/uploads\/2023\/12\/Ancient_Knowledge-45x45.png",45,45,true],"sow-carousel-default":["https:\/\/meeplendice.net\/wp-content\/uploads\/2023\/12\/Ancient_Knowledge-272x182.png",272,182,true],"rt_custom":["https:\/\/meeplendice.net\/wp-content\/uploads\/2023\/12\/Ancient_Knowledge.png",350,350,false]},"rttpg_author":{"display_name":"Karnby","author_link":"https:\/\/meeplendice.net\/?author=2"},"rttpg_comment":0,"rttpg_category":null,"rttpg_excerpt":"Nombre de joueurs : 2 - 4 Dur\u00e9e moyenne : 120 min Age : 14 ans et plus Auteur(s) : R\u00e9mi Mathieu Illustrations : Ples Adrien Rives Emilien Rotival \u00c9dition : Iello 2023 Version : Fran\u00e7aise","_links":{"self":[{"href":"https:\/\/meeplendice.net\/index.php?rest_route=\/wp\/v2\/pages\/11643","targetHints":{"allow":["GET"]}}],"collection":[{"href":"https:\/\/meeplendice.net\/index.php?rest_route=\/wp\/v2\/pages"}],"about":[{"href":"https:\/\/meeplendice.net\/index.php?rest_route=\/wp\/v2\/types\/page"}],"author":[{"embeddable":true,"href":"https:\/\/meeplendice.net\/index.php?rest_route=\/wp\/v2\/users\/2"}],"replies":[{"embeddable":true,"href":"https:\/\/meeplendice.net\/index.php?rest_route=%2Fwp%2Fv2%2Fcomments&post=11643"}],"version-history":[{"count":4,"href":"https:\/\/meeplendice.net\/index.php?rest_route=\/wp\/v2\/pages\/11643\/revisions"}],"predecessor-version":[{"id":12998,"href":"https:\/\/meeplendice.net\/index.php?rest_route=\/wp\/v2\/pages\/11643\/revisions\/12998"}],"wp:featuredmedia":[{"embeddable":true,"href":"https:\/\/meeplendice.net\/index.php?rest_route=\/wp\/v2\/media\/11600"}],"wp:attachment":[{"href":"https:\/\/meeplendice.net\/index.php?rest_route=%2Fwp%2Fv2%2Fmedia&parent=11643"}],"curies":[{"name":"wp","href":"https:\/\/api.w.org\/{rel}","templated":true}]}}