{"id":11649,"date":"2023-12-05T17:01:51","date_gmt":"2023-12-05T16:01:51","guid":{"rendered":"https:\/\/meeplendice.net\/?page_id=11649"},"modified":"2024-10-02T22:42:04","modified_gmt":"2024-10-02T20:42:04","slug":"00_template_page-2","status":"publish","type":"page","link":"https:\/\/meeplendice.net\/?page_id=11649","title":{"rendered":"Redwood"},"content":{"rendered":"<div id=\"pl-11649\"  class=\"panel-layout\" ><div id=\"pg-11649-0\"  class=\"panel-grid panel-no-style\" ><div id=\"pgc-11649-0-0\"  class=\"panel-grid-cell\" ><div id=\"panel-11649-0-0-0\" class=\"so-panel widget widget_sow-editor panel-first-child panel-last-child\" data-index=\"0\" ><div\n\t\t\t\n\t\t\tclass=\"so-widget-sow-editor so-widget-sow-editor-base\"\n\t\t\t\n\t\t>\n<div class=\"siteorigin-widget-tinymce textwidget\">\n\t<p style=\"text-align: center;\"><strong>Nombre de joueurs :<\/strong><br \/>\n1 - 4<\/p>\n<\/div>\n<\/div><\/div><\/div><div id=\"pgc-11649-0-1\"  class=\"panel-grid-cell\" ><div id=\"panel-11649-0-1-0\" class=\"so-panel widget widget_sow-editor panel-first-child panel-last-child\" data-index=\"1\" ><div\n\t\t\t\n\t\t\tclass=\"so-widget-sow-editor so-widget-sow-editor-base\"\n\t\t\t\n\t\t>\n<div class=\"siteorigin-widget-tinymce textwidget\">\n\t<p style=\"text-align: center;\"><strong>Dur\u00e9e moyenne :<\/strong><br \/>\n45 min<\/p>\n<\/div>\n<\/div><\/div><\/div><div id=\"pgc-11649-0-2\"  class=\"panel-grid-cell\" ><div id=\"panel-11649-0-2-0\" class=\"so-panel widget widget_sow-editor panel-first-child panel-last-child\" data-index=\"2\" ><div\n\t\t\t\n\t\t\tclass=\"so-widget-sow-editor so-widget-sow-editor-base\"\n\t\t\t\n\t\t>\n<div class=\"siteorigin-widget-tinymce textwidget\">\n\t<p style=\"text-align: center;\"><strong>Age :<\/strong><br \/>\n10 ans et plus<\/p>\n<\/div>\n<\/div><\/div><\/div><\/div><div id=\"pg-11649-1\"  class=\"panel-grid panel-no-style\" ><div id=\"pgc-11649-1-0\"  class=\"panel-grid-cell\" ><div id=\"panel-11649-1-0-0\" class=\"so-panel widget widget_sow-editor panel-first-child panel-last-child\" data-index=\"3\" ><div\n\t\t\t\n\t\t\tclass=\"so-widget-sow-editor so-widget-sow-editor-base\"\n\t\t\t\n\t\t>\n<div class=\"siteorigin-widget-tinymce textwidget\">\n\t<p style=\"text-align: center;\"><strong>Auteur(s) :<br \/>\n<\/strong><span class=\"data-siloing\" title=\"D\u00e9couvrez tous ces jeux\" data-siloing=\"https:\/\/www.philibertnet.com\/fr\/recherche?feature=31&amp;feature_value=Th\u00e9o Riviere\">Christophe Raimbault<br \/>\n<\/span><\/p>\n<\/div>\n<\/div><\/div><\/div><div id=\"pgc-11649-1-1\"  class=\"panel-grid-cell\" ><div id=\"panel-11649-1-1-0\" class=\"so-panel widget widget_sow-editor panel-first-child panel-last-child\" data-index=\"4\" ><div\n\t\t\t\n\t\t\tclass=\"so-widget-sow-editor so-widget-sow-editor-base\"\n\t\t\t\n\t\t>\n<div class=\"siteorigin-widget-tinymce textwidget\">\n\t<p style=\"text-align: center;\"><strong>Illustrations :<\/strong><br \/>\n<span class=\"data-siloing\" title=\"D\u00e9couvrez tous ces jeux\" data-siloing=\"https:\/\/www.philibertnet.com\/fr\/recherche?feature=41&amp;feature_value=Jiahui Eva Gao\">Edu Valls<\/span><\/p>\n<\/div>\n<\/div><\/div><\/div><div id=\"pgc-11649-1-2\"  class=\"panel-grid-cell\" ><div id=\"panel-11649-1-2-0\" class=\"so-panel widget widget_sow-editor panel-first-child panel-last-child\" data-index=\"5\" ><div\n\t\t\t\n\t\t\tclass=\"so-widget-sow-editor so-widget-sow-editor-base\"\n\t\t\t\n\t\t>\n<div class=\"siteorigin-widget-tinymce textwidget\">\n\t<p style=\"text-align: center;\"><strong>\u00c9dition :<\/strong><br \/>\nSit Down!<br \/>\n2023<\/p>\n<\/div>\n<\/div><\/div><\/div><div id=\"pgc-11649-1-3\"  class=\"panel-grid-cell\" ><div id=\"panel-11649-1-3-0\" class=\"so-panel widget widget_sow-editor panel-first-child panel-last-child\" data-index=\"6\" ><div\n\t\t\t\n\t\t\tclass=\"so-widget-sow-editor so-widget-sow-editor-base\"\n\t\t\t\n\t\t>\n<div class=\"siteorigin-widget-tinymce textwidget\">\n\t<p style=\"text-align: center;\"><strong>Version :<\/strong><br \/>\nFran\u00e7aise<\/p>\n<\/div>\n<\/div><\/div><\/div><\/div><div id=\"pg-11649-2\"  class=\"panel-grid panel-no-style\" ><div id=\"pgc-11649-2-0\"  class=\"panel-grid-cell\" ><div id=\"panel-11649-2-0-0\" class=\"so-panel widget widget_sow-editor panel-first-child panel-last-child\" data-index=\"7\" ><div\n\t\t\t\n\t\t\tclass=\"so-widget-sow-editor so-widget-sow-editor-base\"\n\t\t\t\n\t\t>\n<div class=\"siteorigin-widget-tinymce textwidget\">\n\t<hr \/>\n<p><em>Aux confins d'un paysage sauvage, des photographes amoureux de la nature parcourent de grandes distances et font preuve d'une patience infinie pour immortaliser les animaux dans leur milieu naturel.<br \/>\nA la recherche d'harmonie, ces baroudeurs composent de somptueux clich\u00e9s montant les merveilles rencontr\u00e9es au gr\u00e9 de leurs p\u00e9r\u00e9grinations.<\/em><\/p>\n<p><em>Redwood <\/em>est un jeu d'estimation, d'optimisation et de composition photographique. \u00c9blouissez votre public en d\u00e9montant vos talents de photographe naturaliste. R\u00e9alisez un magnifique panorama ; exprimez votre art au travers d'une grande diversit\u00e9 dans la faune et la flore expos\u00e9es sur vos clich\u00e9s et, au terme de la partie, soyez le joueur ayant remport\u00e9 le plus de points d'harmonie.<\/p>\n<\/div>\n<\/div><\/div><\/div><\/div><div id=\"pg-11649-3\"  class=\"panel-grid panel-no-style\" ><div id=\"pgc-11649-3-0\"  class=\"panel-grid-cell\" ><div id=\"panel-11649-3-0-0\" class=\"so-panel widget widget_sow-editor panel-first-child panel-last-child\" data-index=\"8\" ><div\n\t\t\t\n\t\t\tclass=\"so-widget-sow-editor so-widget-sow-editor-base\"\n\t\t\t\n\t\t>\n<div class=\"siteorigin-widget-tinymce textwidget\">\n\t<hr \/>\n<h3 style=\"text-align: center;\">En vid\u00e9o<\/h3>\n<p><a href=\"https:\/\/www.youtube.com\/watch?v=JB9lHDWOYng&amp;ab_channel=SitDown%21\" target=\"_blank\" rel=\"noopener\"><img loading=\"lazy\" decoding=\"async\" class=\"alignnone size-full wp-image-9090\" src=\"https:\/\/meeplendice.net\/wp-content\/uploads\/2022\/01\/Link_CJ_v2.png\" alt=\"\" width=\"200\" height=\"170\" \/><\/a><\/p>\n<\/div>\n<\/div><\/div><\/div><\/div><div id=\"pg-11649-4\"  class=\"panel-grid panel-no-style\" ><div id=\"pgc-11649-4-0\"  class=\"panel-grid-cell\" ><div id=\"panel-11649-4-0-0\" class=\"so-panel widget widget_sow-editor panel-first-child panel-last-child\" data-index=\"9\" ><div\n\t\t\t\n\t\t\tclass=\"so-widget-sow-editor so-widget-sow-editor-base\"\n\t\t\t\n\t\t>\n<div class=\"siteorigin-widget-tinymce textwidget\">\n\t<hr \/>\n<h3 style=\"text-align: center;\">Extension(s)<\/h3>\n<p style=\"text-align: center;\"><style type='text\/css' media='all'>#rt-tpg-container-3165637810 .read-more a{border-radius:px;}#rt-tpg-container-3165637810 .rt-img-holder img.rt-img-responsive,#rt-tpg-container-3165637810 .rt-img-holder,\n\t\t\t\t\t#rt-tpg-container-3165637810 .rt-post-overlay .post-img,\n\t\t\t\t\t#rt-tpg-container-3165637810 .post-sm .post-img,\n\t\t\t\t\t#rt-tpg-container-3165637810 .rt-post-grid .post-img,\n\t\t\t\t\t#rt-tpg-container-3165637810 .post-img img {border-radius:px;}#rt-tpg-container-3165637810 .layout9 .rt-holder h2.entry-title,\n\t\t\t\t\t#rt-tpg-container-3165637810 .layout9 .rt-holder h3.entry-title,\n\t\t\t\t\t#rt-tpg-container-3165637810 .layout9 .rt-holder h4.entry-title,\n\t\t\t\t\t#rt-tpg-container-3165637810 .layout9 .rt-holder h2.entry-title a,\n\t\t\t\t\t#rt-tpg-container-3165637810 .layout9 .rt-holder h3.entry-title a,\n\t\t\t\t\t#rt-tpg-container-3165637810 .layout9 .rt-holder h4.entry-title a,\n\t\t\t\t\t#rt-tpg-container-3165637810 .rt-holder .rt-woo-info h2 a,\n\t\t\t\t\t#rt-tpg-container-3165637810 .rt-holder .rt-woo-info h3 a,\n\t\t\t\t\t#rt-tpg-container-3165637810 .rt-holder .rt-woo-info h4 a,\n\t\t\t\t\t#rt-tpg-container-3165637810 .post-content .post-title,\n\t\t\t\t\t#rt-tpg-container-3165637810 .rt-post-grid .post-title,\n\t\t\t\t\t#rt-tpg-container-3165637810 .rt-post-grid .post-title a,\n\t\t\t\t\t#rt-tpg-container-3165637810 .post-content .post-title a,\n\t\t\t\t\t#rt-tpg-container-3165637810 .rt-holder .rt-woo-info h2,\n\t\t\t\t\t#rt-tpg-container-3165637810 .rt-holder .rt-woo-info h3,\n\t\t\t\t\t#rt-tpg-container-3165637810 .rt-holder .rt-woo-info h4{font-size:16px;line-height:26px;font-weight:normal;text-align:center;}#rt-tpg-container-3165637810 .post-grid-lg-style-1 .post-title,\n\t\t\t\t\t\t#rt-tpg-container-3165637810 .post-grid-lg-style-1 .post-title a,\n\t\t\t\t\t\t#rt-tpg-container-3165637810 .big-layout .post-title,\n\t\t\t\t\t\t#rt-tpg-container-3165637810 .big-layout .post-title a,\n\t\t\t\t\t\t#rt-tpg-container-3165637810 .post-grid-lg-style-1 .post-title,\n\t\t\t\t\t\t#rt-tpg-container-3165637810 .post-grid-lg-style-1 .post-title a {font-size:24px;line-height:34px;}<\/style><div class='rt-container-fluid rt-tpg-container tpg-shortcode-main-wrapper ' id='rt-tpg-container-3165637810'   data-layout='layout9' data-grid-style='masonry' data-desktop-col='3'  data-tab-col='2'  data-mobile-col='1' data-sc-id='12697'><div data-title='Loading ...' class='rt-row rt-content-loader   layout9 tpg-masonry '><div class=\"rt-col-md-4 rt-col-sm-6 rt-col-xs-12 masonry-grid-item rt-grid-item img_zoom_in\" data-id=\"12699\"><div class=\"rt-holder\"><div class='overlay'><a data-id='12699' class=' tpg-single-popup' href='https:\/\/meeplendice.net\/?page_id=12699'><img loading=\"lazy\" decoding=\"async\" width=\"350\" height=\"350\" src=\"https:\/\/meeplendice.net\/wp-content\/uploads\/2024\/10\/Redwood_Into.png\" class=\"rt-img-responsive \" alt=\"\" \/><\/a><\/div><div class='post-info'><h3 class=\"entry-title\"><a data-id=\"12699\" class=\" tpg-single-popup\" href=\"https:\/\/meeplendice.net\/?page_id=12699\">Into the Wild<\/a><\/h3><div class='post-meta-user '><\/div><\/div><\/div><\/div><\/div><div class='rt-pagination-wrap' data-total-pages='1' data-posts-per-page='3' data-type='pagination_ajax'  ><div class='rt-page-numbers'><\/div><\/div><\/div><\/p>\n<\/div>\n<\/div><\/div><\/div><\/div><div id=\"pg-11649-5\"  class=\"panel-grid panel-no-style\" ><div id=\"pgc-11649-5-0\"  class=\"panel-grid-cell\" ><div id=\"panel-11649-5-0-0\" class=\"so-panel widget widget_sow-editor panel-first-child panel-last-child\" data-index=\"10\" ><div\n\t\t\t\n\t\t\tclass=\"so-widget-sow-editor so-widget-sow-editor-base\"\n\t\t\t\n\t\t>\n<div class=\"siteorigin-widget-tinymce textwidget\">\n\t<hr \/>\n<h3 style=\"text-align: center;\">Pour aller plus loin<\/h3>\n<\/div>\n<\/div><\/div><\/div><\/div><\/div>","protected":false},"excerpt":{"rendered":"<p>Nombre de joueurs : 1 &#8211; 4 Dur\u00e9e moyenne : 45 min Age : 10 ans et plus Auteur(s) : Christophe Raimbault Illustrations : Edu Valls \u00c9dition : Sit Down! 2023 Version : Fran\u00e7aise<\/p>\n","protected":false},"author":2,"featured_media":12640,"parent":0,"menu_order":0,"comment_status":"closed","ping_status":"closed","template":"","meta":{"footnotes":""},"class_list":["post-11649","page","type-page","status-publish","has-post-thumbnail","hentry"],"acf":[],"rttpg_featured_image_url":{"full":["https:\/\/meeplendice.net\/wp-content\/uploads\/2024\/09\/Redwood.png",350,350,false],"landscape":["https:\/\/meeplendice.net\/wp-content\/uploads\/2024\/09\/Redwood.png",350,350,false],"portraits":["https:\/\/meeplendice.net\/wp-content\/uploads\/2024\/09\/Redwood.png",350,350,false],"thumbnail":["https:\/\/meeplendice.net\/wp-content\/uploads\/2024\/09\/Redwood-150x150.png",150,150,true],"medium":["https:\/\/meeplendice.net\/wp-content\/uploads\/2024\/09\/Redwood-300x300.png",300,300,true],"large":["https:\/\/meeplendice.net\/wp-content\/uploads\/2024\/09\/Redwood.png",350,350,false],"ug_big":["https:\/\/meeplendice.net\/wp-content\/uploads\/2024\/09\/Redwood.png",350,350,false],"1536x1536":["https:\/\/meeplendice.net\/wp-content\/uploads\/2024\/09\/Redwood.png",350,350,false],"2048x2048":["https:\/\/meeplendice.net\/wp-content\/uploads\/2024\/09\/Redwood.png",350,350,false],"ashe-slider-grid-thumbnail":["https:\/\/meeplendice.net\/wp-content\/uploads\/2024\/09\/Redwood.png",350,350,false],"ashe-full-thumbnail":["https:\/\/meeplendice.net\/wp-content\/uploads\/2024\/09\/Redwood.png",350,350,false],"ashe-grid-thumbnail":["https:\/\/meeplendice.net\/wp-content\/uploads\/2024\/09\/Redwood-350x330.png",350,330,true],"ashe-list-thumbnail":["https:\/\/meeplendice.net\/wp-content\/uploads\/2024\/09\/Redwood-300x300.png",300,300,true],"ashe-single-navigation":["https:\/\/meeplendice.net\/wp-content\/uploads\/2024\/09\/Redwood-75x75.png",75,75,true],"mailpoet_newsletter_max":["https:\/\/meeplendice.net\/wp-content\/uploads\/2024\/09\/Redwood.png",350,350,false],"rpwe-thumbnail":["https:\/\/meeplendice.net\/wp-content\/uploads\/2024\/09\/Redwood-45x45.png",45,45,true],"sow-carousel-default":["https:\/\/meeplendice.net\/wp-content\/uploads\/2024\/09\/Redwood-272x182.png",272,182,true],"rt_custom":["https:\/\/meeplendice.net\/wp-content\/uploads\/2024\/09\/Redwood.png",350,350,false]},"rttpg_author":{"display_name":"Karnby","author_link":"https:\/\/meeplendice.net\/?author=2"},"rttpg_comment":0,"rttpg_category":null,"rttpg_excerpt":"Nombre de joueurs : 1 - 4 Dur\u00e9e moyenne : 45 min Age : 10 ans et plus Auteur(s) : Christophe Raimbault Illustrations : Edu Valls \u00c9dition : Sit Down! 2023 Version : Fran\u00e7aise","_links":{"self":[{"href":"https:\/\/meeplendice.net\/index.php?rest_route=\/wp\/v2\/pages\/11649","targetHints":{"allow":["GET"]}}],"collection":[{"href":"https:\/\/meeplendice.net\/index.php?rest_route=\/wp\/v2\/pages"}],"about":[{"href":"https:\/\/meeplendice.net\/index.php?rest_route=\/wp\/v2\/types\/page"}],"author":[{"embeddable":true,"href":"https:\/\/meeplendice.net\/index.php?rest_route=\/wp\/v2\/users\/2"}],"replies":[{"embeddable":true,"href":"https:\/\/meeplendice.net\/index.php?rest_route=%2Fwp%2Fv2%2Fcomments&post=11649"}],"version-history":[{"count":6,"href":"https:\/\/meeplendice.net\/index.php?rest_route=\/wp\/v2\/pages\/11649\/revisions"}],"predecessor-version":[{"id":12704,"href":"https:\/\/meeplendice.net\/index.php?rest_route=\/wp\/v2\/pages\/11649\/revisions\/12704"}],"wp:featuredmedia":[{"embeddable":true,"href":"https:\/\/meeplendice.net\/index.php?rest_route=\/wp\/v2\/media\/12640"}],"wp:attachment":[{"href":"https:\/\/meeplendice.net\/index.php?rest_route=%2Fwp%2Fv2%2Fmedia&parent=11649"}],"curies":[{"name":"wp","href":"https:\/\/api.w.org\/{rel}","templated":true}]}}