{"id":11741,"date":"2023-12-24T16:16:35","date_gmt":"2023-12-24T15:16:35","guid":{"rendered":"https:\/\/meeplendice.net\/?page_id=11741"},"modified":"2023-12-24T16:22:47","modified_gmt":"2023-12-24T15:22:47","slug":"mondes-marins","status":"publish","type":"page","link":"https:\/\/meeplendice.net\/?page_id=11741","title":{"rendered":"Mondes Marins"},"content":{"rendered":"<p><em>Avec cette extension pour Ark Nova, les animaux marins font leur entr\u00e9e dans votre zoo ; \u00e0 vous de les loger dans vos nouveaux aquariums !<\/em><\/p>\n<p>Un nouveau type d\u2019universit\u00e9 vous permet d\u2019obtenir une ic\u00f4ne Animal suppl\u00e9mentaire de votre choix. Chaque carte Action se d\u00e9cline d\u00e9sormais en 4 versions alternatives avec des bonus sp\u00e9cifiques qui rendent le jeu encore plus asym\u00e9trique. De nouvelles cartes Zoo, D\u00e9compte Final, Tuiles Bonus, marqueurs sp\u00e9cifiques et pions Animal viennent compl\u00e9ter cette extension pour un plaisir de jeu toujours renouvel\u00e9.<\/p>\n<p>&nbsp;<\/p>\n<p style=\"text-align: justify;\"><span id=\"result_box\" class=\"\" lang=\"fr\"><span class=\"\">\u00a0<\/span><\/span><\/p>\n","protected":false},"excerpt":{"rendered":"<p>Avec cette extension pour Ark Nova, les animaux marins font leur entr\u00e9e dans votre zoo ; \u00e0 vous de les loger dans vos nouveaux aquariums ! Un nouveau type d\u2019universit\u00e9 vous permet d\u2019obtenir une ic\u00f4ne Animal suppl\u00e9mentaire de votre choix. Chaque carte Action se d\u00e9cline d\u00e9sormais en 4 versions alternatives avec des bonus sp\u00e9cifiques qui rendent le jeu encore plus asym\u00e9trique. De nouvelles cartes Zoo, D\u00e9compte Final, Tuiles Bonus, marqueurs sp\u00e9cifiques et pions Animal viennent compl\u00e9ter cette extension pour un plaisir de jeu toujours renouvel\u00e9. &nbsp; \u00a0<\/p>\n","protected":false},"author":2,"featured_media":11606,"parent":9798,"menu_order":2,"comment_status":"closed","ping_status":"closed","template":"","meta":{"footnotes":""},"class_list":["post-11741","page","type-page","status-publish","has-post-thumbnail","hentry"],"acf":[],"rttpg_featured_image_url":{"full":["https:\/\/meeplendice.net\/wp-content\/uploads\/2023\/12\/ArkNova_MM.png",350,350,false],"landscape":["https:\/\/meeplendice.net\/wp-content\/uploads\/2023\/12\/ArkNova_MM.png",350,350,false],"portraits":["https:\/\/meeplendice.net\/wp-content\/uploads\/2023\/12\/ArkNova_MM.png",350,350,false],"thumbnail":["https:\/\/meeplendice.net\/wp-content\/uploads\/2023\/12\/ArkNova_MM-150x150.png",150,150,true],"medium":["https:\/\/meeplendice.net\/wp-content\/uploads\/2023\/12\/ArkNova_MM-300x300.png",300,300,true],"large":["https:\/\/meeplendice.net\/wp-content\/uploads\/2023\/12\/ArkNova_MM.png",350,350,false],"ug_big":["https:\/\/meeplendice.net\/wp-content\/uploads\/2023\/12\/ArkNova_MM.png",350,350,false],"1536x1536":["https:\/\/meeplendice.net\/wp-content\/uploads\/2023\/12\/ArkNova_MM.png",350,350,false],"2048x2048":["https:\/\/meeplendice.net\/wp-content\/uploads\/2023\/12\/ArkNova_MM.png",350,350,false],"ashe-slider-grid-thumbnail":["https:\/\/meeplendice.net\/wp-content\/uploads\/2023\/12\/ArkNova_MM.png",350,350,false],"ashe-full-thumbnail":["https:\/\/meeplendice.net\/wp-content\/uploads\/2023\/12\/ArkNova_MM.png",350,350,false],"ashe-grid-thumbnail":["https:\/\/meeplendice.net\/wp-content\/uploads\/2023\/12\/ArkNova_MM-350x330.png",350,330,true],"ashe-list-thumbnail":["https:\/\/meeplendice.net\/wp-content\/uploads\/2023\/12\/ArkNova_MM-300x300.png",300,300,true],"ashe-single-navigation":["https:\/\/meeplendice.net\/wp-content\/uploads\/2023\/12\/ArkNova_MM-75x75.png",75,75,true],"mailpoet_newsletter_max":["https:\/\/meeplendice.net\/wp-content\/uploads\/2023\/12\/ArkNova_MM.png",350,350,false],"rpwe-thumbnail":["https:\/\/meeplendice.net\/wp-content\/uploads\/2023\/12\/ArkNova_MM-45x45.png",45,45,true],"sow-carousel-default":["https:\/\/meeplendice.net\/wp-content\/uploads\/2023\/12\/ArkNova_MM-272x182.png",272,182,true],"rt_custom":["https:\/\/meeplendice.net\/wp-content\/uploads\/2023\/12\/ArkNova_MM.png",350,350,false]},"rttpg_author":{"display_name":"Karnby","author_link":"https:\/\/meeplendice.net\/?author=2"},"rttpg_comment":0,"rttpg_category":null,"rttpg_excerpt":"Avec cette extension pour Ark Nova, les animaux marins font leur entr\u00e9e dans votre zoo ; \u00e0 vous de les loger dans vos nouveaux aquariums ! Un nouveau type d\u2019universit\u00e9 vous permet d\u2019obtenir une ic\u00f4ne Animal suppl\u00e9mentaire de votre choix. Chaque carte Action se d\u00e9cline d\u00e9sormais en 4 versions alternatives avec des bonus sp\u00e9cifiques qui\u2026","_links":{"self":[{"href":"https:\/\/meeplendice.net\/index.php?rest_route=\/wp\/v2\/pages\/11741","targetHints":{"allow":["GET"]}}],"collection":[{"href":"https:\/\/meeplendice.net\/index.php?rest_route=\/wp\/v2\/pages"}],"about":[{"href":"https:\/\/meeplendice.net\/index.php?rest_route=\/wp\/v2\/types\/page"}],"author":[{"embeddable":true,"href":"https:\/\/meeplendice.net\/index.php?rest_route=\/wp\/v2\/users\/2"}],"replies":[{"embeddable":true,"href":"https:\/\/meeplendice.net\/index.php?rest_route=%2Fwp%2Fv2%2Fcomments&post=11741"}],"version-history":[{"count":3,"href":"https:\/\/meeplendice.net\/index.php?rest_route=\/wp\/v2\/pages\/11741\/revisions"}],"predecessor-version":[{"id":11744,"href":"https:\/\/meeplendice.net\/index.php?rest_route=\/wp\/v2\/pages\/11741\/revisions\/11744"}],"up":[{"embeddable":true,"href":"https:\/\/meeplendice.net\/index.php?rest_route=\/wp\/v2\/pages\/9798"}],"wp:featuredmedia":[{"embeddable":true,"href":"https:\/\/meeplendice.net\/index.php?rest_route=\/wp\/v2\/media\/11606"}],"wp:attachment":[{"href":"https:\/\/meeplendice.net\/index.php?rest_route=%2Fwp%2Fv2%2Fmedia&parent=11741"}],"curies":[{"name":"wp","href":"https:\/\/api.w.org\/{rel}","templated":true}]}}