{"id":11752,"date":"2023-12-24T16:35:43","date_gmt":"2023-12-24T15:35:43","guid":{"rendered":"https:\/\/meeplendice.net\/?page_id=11752"},"modified":"2023-12-24T16:43:53","modified_gmt":"2023-12-24T15:43:53","slug":"syntyma","status":"publish","type":"page","link":"https:\/\/meeplendice.net\/?page_id=11752","title":{"rendered":"Syntym\u00e4"},"content":{"rendered":"<p><em>De minuscules cr\u00e9atures tapies dans les ombre ou le fond des lacs, apparaissent.<br \/>\nDe nouveaux cultes \u00e9mergent, associ\u00e9s aux Biomes et \u00e0 la faune nouvellement apparue.<br \/>\n<\/em><\/p>\n<p>D\u00e9couvrez les cartes Chaman qui vous ouvrent de nouvelles possibilit\u00e9s.<br \/>\nVariez vos parties et vos strat\u00e9gies avec 7 nouvelles Entit\u00e9s Divines.<\/p>\n<p>&nbsp;<\/p>\n<p style=\"text-align: justify;\"><span id=\"result_box\" class=\"\" lang=\"fr\"><span class=\"\">\u00a0<\/span><\/span><\/p>\n","protected":false},"excerpt":{"rendered":"<p>De minuscules cr\u00e9atures tapies dans les ombre ou le fond des lacs, apparaissent. De nouveaux cultes \u00e9mergent, associ\u00e9s aux Biomes et \u00e0 la faune nouvellement apparue. D\u00e9couvrez les cartes Chaman qui vous ouvrent de nouvelles possibilit\u00e9s. Variez vos parties et vos strat\u00e9gies avec 7 nouvelles Entit\u00e9s Divines. &nbsp; \u00a0<\/p>\n","protected":false},"author":2,"featured_media":11603,"parent":10898,"menu_order":1,"comment_status":"closed","ping_status":"closed","template":"","meta":{"footnotes":""},"class_list":["post-11752","page","type-page","status-publish","has-post-thumbnail","hentry"],"acf":[],"rttpg_featured_image_url":{"full":["https:\/\/meeplendice.net\/wp-content\/uploads\/2023\/12\/Rauha_Syntyma.png",350,350,false],"landscape":["https:\/\/meeplendice.net\/wp-content\/uploads\/2023\/12\/Rauha_Syntyma.png",350,350,false],"portraits":["https:\/\/meeplendice.net\/wp-content\/uploads\/2023\/12\/Rauha_Syntyma.png",350,350,false],"thumbnail":["https:\/\/meeplendice.net\/wp-content\/uploads\/2023\/12\/Rauha_Syntyma-150x150.png",150,150,true],"medium":["https:\/\/meeplendice.net\/wp-content\/uploads\/2023\/12\/Rauha_Syntyma-300x300.png",300,300,true],"large":["https:\/\/meeplendice.net\/wp-content\/uploads\/2023\/12\/Rauha_Syntyma.png",350,350,false],"ug_big":["https:\/\/meeplendice.net\/wp-content\/uploads\/2023\/12\/Rauha_Syntyma.png",350,350,false],"1536x1536":["https:\/\/meeplendice.net\/wp-content\/uploads\/2023\/12\/Rauha_Syntyma.png",350,350,false],"2048x2048":["https:\/\/meeplendice.net\/wp-content\/uploads\/2023\/12\/Rauha_Syntyma.png",350,350,false],"ashe-slider-grid-thumbnail":["https:\/\/meeplendice.net\/wp-content\/uploads\/2023\/12\/Rauha_Syntyma.png",350,350,false],"ashe-full-thumbnail":["https:\/\/meeplendice.net\/wp-content\/uploads\/2023\/12\/Rauha_Syntyma.png",350,350,false],"ashe-grid-thumbnail":["https:\/\/meeplendice.net\/wp-content\/uploads\/2023\/12\/Rauha_Syntyma-350x330.png",350,330,true],"ashe-list-thumbnail":["https:\/\/meeplendice.net\/wp-content\/uploads\/2023\/12\/Rauha_Syntyma-300x300.png",300,300,true],"ashe-single-navigation":["https:\/\/meeplendice.net\/wp-content\/uploads\/2023\/12\/Rauha_Syntyma-75x75.png",75,75,true],"mailpoet_newsletter_max":["https:\/\/meeplendice.net\/wp-content\/uploads\/2023\/12\/Rauha_Syntyma.png",350,350,false],"rpwe-thumbnail":["https:\/\/meeplendice.net\/wp-content\/uploads\/2023\/12\/Rauha_Syntyma-45x45.png",45,45,true],"sow-carousel-default":["https:\/\/meeplendice.net\/wp-content\/uploads\/2023\/12\/Rauha_Syntyma-272x182.png",272,182,true],"rt_custom":["https:\/\/meeplendice.net\/wp-content\/uploads\/2023\/12\/Rauha_Syntyma.png",350,350,false]},"rttpg_author":{"display_name":"Karnby","author_link":"https:\/\/meeplendice.net\/?author=2"},"rttpg_comment":0,"rttpg_category":null,"rttpg_excerpt":"De minuscules cr\u00e9atures tapies dans les ombre ou le fond des lacs, apparaissent. De nouveaux cultes \u00e9mergent, associ\u00e9s aux Biomes et \u00e0 la faune nouvellement apparue. D\u00e9couvrez les cartes Chaman qui vous ouvrent de nouvelles possibilit\u00e9s. Variez vos parties et vos strat\u00e9gies avec 7 nouvelles Entit\u00e9s Divines. &nbsp; \u00a0","_links":{"self":[{"href":"https:\/\/meeplendice.net\/index.php?rest_route=\/wp\/v2\/pages\/11752","targetHints":{"allow":["GET"]}}],"collection":[{"href":"https:\/\/meeplendice.net\/index.php?rest_route=\/wp\/v2\/pages"}],"about":[{"href":"https:\/\/meeplendice.net\/index.php?rest_route=\/wp\/v2\/types\/page"}],"author":[{"embeddable":true,"href":"https:\/\/meeplendice.net\/index.php?rest_route=\/wp\/v2\/users\/2"}],"replies":[{"embeddable":true,"href":"https:\/\/meeplendice.net\/index.php?rest_route=%2Fwp%2Fv2%2Fcomments&post=11752"}],"version-history":[{"count":1,"href":"https:\/\/meeplendice.net\/index.php?rest_route=\/wp\/v2\/pages\/11752\/revisions"}],"predecessor-version":[{"id":11753,"href":"https:\/\/meeplendice.net\/index.php?rest_route=\/wp\/v2\/pages\/11752\/revisions\/11753"}],"up":[{"embeddable":true,"href":"https:\/\/meeplendice.net\/index.php?rest_route=\/wp\/v2\/pages\/10898"}],"wp:featuredmedia":[{"embeddable":true,"href":"https:\/\/meeplendice.net\/index.php?rest_route=\/wp\/v2\/media\/11603"}],"wp:attachment":[{"href":"https:\/\/meeplendice.net\/index.php?rest_route=%2Fwp%2Fv2%2Fmedia&parent=11752"}],"curies":[{"name":"wp","href":"https:\/\/api.w.org\/{rel}","templated":true}]}}