{"id":11768,"date":"2023-12-28T16:55:17","date_gmt":"2023-12-28T15:55:17","guid":{"rendered":"https:\/\/meeplendice.net\/?page_id=11768"},"modified":"2025-12-15T18:27:31","modified_gmt":"2025-12-15T16:27:31","slug":"unlock-supernatural-adventures","status":"publish","type":"page","link":"https:\/\/meeplendice.net\/?page_id=11768","title":{"rendered":"Supernatural Adventures"},"content":{"rendered":"<div id=\"pl-11768\"  class=\"panel-layout\" ><div id=\"pg-11768-0\"  class=\"panel-grid panel-no-style\" ><div id=\"pgc-11768-0-0\"  class=\"panel-grid-cell\" ><div id=\"panel-11768-0-0-0\" class=\"so-panel widget widget_sow-editor panel-first-child panel-last-child\" data-index=\"0\" ><div\n\t\t\t\n\t\t\tclass=\"so-widget-sow-editor so-widget-sow-editor-base\"\n\t\t\t\n\t\t>\n<div class=\"siteorigin-widget-tinymce textwidget\">\n\t<p style=\"text-align: center;\"><strong>Auteur(s) :<br \/>\n<\/strong>Cyril Demaegd<strong><br \/>\n<\/strong>Grif Erikson<br \/>\nMathieu Casnin<br \/>\nJeremy Koch<br \/>\nClara Capsmas<\/p>\n<\/div>\n<\/div><\/div><\/div><div id=\"pgc-11768-0-1\"  class=\"panel-grid-cell\" ><div id=\"panel-11768-0-1-0\" class=\"so-panel widget widget_sow-editor panel-first-child panel-last-child\" data-index=\"1\" ><div\n\t\t\t\n\t\t\tclass=\"so-widget-sow-editor so-widget-sow-editor-base\"\n\t\t\t\n\t\t>\n<div class=\"siteorigin-widget-tinymce textwidget\">\n\t<p style=\"text-align: center;\"><strong>Illustrations :<br \/>\n<\/strong>Cyrille Bertin<br \/>\nMasthias Loughlin<br \/>\nNeriac<\/p>\n<\/div>\n<\/div><\/div><\/div><div id=\"pgc-11768-0-2\"  class=\"panel-grid-cell\" ><div id=\"panel-11768-0-2-0\" class=\"so-panel widget widget_sow-editor panel-first-child panel-last-child\" data-index=\"2\" ><div\n\t\t\t\n\t\t\tclass=\"so-widget-sow-editor so-widget-sow-editor-base\"\n\t\t\t\n\t\t>\n<div class=\"siteorigin-widget-tinymce textwidget\">\n\t<p style=\"text-align: center;\"><strong>\u00c9dition :<br \/>\n<\/strong> Space Cowboys<br \/>\n2023<\/p>\n<\/div>\n<\/div><\/div><\/div><div id=\"pgc-11768-0-3\"  class=\"panel-grid-cell\" ><div id=\"panel-11768-0-3-0\" class=\"so-panel widget widget_sow-editor panel-first-child panel-last-child\" data-index=\"3\" ><div\n\t\t\t\n\t\t\tclass=\"so-widget-sow-editor so-widget-sow-editor-base\"\n\t\t\t\n\t\t>\n<div class=\"siteorigin-widget-tinymce textwidget\">\n\t<p style=\"text-align: center;\"><strong>Version :<\/strong><br \/>\nFran\u00e7aise<\/p>\n<\/div>\n<\/div><\/div><\/div><\/div><div id=\"pg-11768-1\"  class=\"panel-grid panel-no-style\" ><div id=\"pgc-11768-1-0\"  class=\"panel-grid-cell\" ><div id=\"panel-11768-1-0-0\" class=\"so-panel widget widget_sow-editor panel-first-child panel-last-child\" data-index=\"4\" ><div\n\t\t\t\n\t\t\tclass=\"so-widget-sow-editor so-widget-sow-editor-base\"\n\t\t\t\n\t\t>\n<div class=\"siteorigin-widget-tinymce textwidget\">\n\t<p>La bo\u00eete <em>Unlock! Supernatural Adventures<\/em> contient trois aventures :<\/p>\n<p><strong><em>Menace sur Nova City<br \/>\n<\/em><\/strong>Combattez le crime et l'injustice gr\u00e2ce \u00e0 vos super-pouvoirs. Saurez-vous contrer les menaces qui planent sur Nova City ?<\/p>\n<p><strong><em>Dia de Los Muertos<br \/>\n<\/em><\/strong>Une fois par an, le monde des morts et celui des vivants s'alignent, l'occasion pour vous de retrouver le talisman perdu de la famille !<\/p>\n<p><em><strong>Ragnar\u00f6k<\/strong><br \/>\n<\/em>Vous \u00eates Lif, un fie guerrier viking en qu\u00eate de renomm\u00e9e. Aventurez-vous sur de nouvelles terres pour briller aux yeux des v\u00f4tres.<\/p>\n<\/div>\n<\/div><\/div><\/div><\/div><\/div>","protected":false},"excerpt":{"rendered":"<p>Auteur(s) : Cyril Demaegd Grif Erikson Mathieu Casnin Jeremy Koch Clara Capsmas Illustrations : Cyrille Bertin Masthias Loughlin Neriac \u00c9dition : Space Cowboys 2023 Version : Fran\u00e7aise La bo\u00eete Unlock! Supernatural Adventures contient trois aventures : Menace sur Nova City Combattez le crime et l&rsquo;injustice gr\u00e2ce \u00e0 vos super-pouvoirs. Saurez-vous contrer les menaces qui planent sur Nova City ? Dia de Los Muertos Une fois par an, le monde des morts et celui des vivants s&rsquo;alignent, l&rsquo;occasion pour vous de retrouver le talisman perdu de la famille ! Ragnar\u00f6k Vous \u00eates Lif, un fie guerrier viking en qu\u00eate de renomm\u00e9e. Aventurez-vous sur de nouvelles terres pour briller aux yeux des v\u00f4tres.<\/p>\n","protected":false},"author":2,"featured_media":13786,"parent":2446,"menu_order":12,"comment_status":"closed","ping_status":"closed","template":"","meta":{"footnotes":""},"class_list":["post-11768","page","type-page","status-publish","has-post-thumbnail","hentry"],"acf":[],"rttpg_featured_image_url":{"full":["https:\/\/meeplendice.net\/wp-content\/uploads\/2025\/12\/Unlock_Supernatural.png",350,350,false],"landscape":["https:\/\/meeplendice.net\/wp-content\/uploads\/2025\/12\/Unlock_Supernatural.png",350,350,false],"portraits":["https:\/\/meeplendice.net\/wp-content\/uploads\/2025\/12\/Unlock_Supernatural.png",350,350,false],"thumbnail":["https:\/\/meeplendice.net\/wp-content\/uploads\/2025\/12\/Unlock_Supernatural-150x150.png",150,150,true],"medium":["https:\/\/meeplendice.net\/wp-content\/uploads\/2025\/12\/Unlock_Supernatural-300x300.png",300,300,true],"large":["https:\/\/meeplendice.net\/wp-content\/uploads\/2025\/12\/Unlock_Supernatural.png",350,350,false],"ug_big":["https:\/\/meeplendice.net\/wp-content\/uploads\/2025\/12\/Unlock_Supernatural.png",350,350,false],"1536x1536":["https:\/\/meeplendice.net\/wp-content\/uploads\/2025\/12\/Unlock_Supernatural.png",350,350,false],"2048x2048":["https:\/\/meeplendice.net\/wp-content\/uploads\/2025\/12\/Unlock_Supernatural.png",350,350,false],"ashe-slider-grid-thumbnail":["https:\/\/meeplendice.net\/wp-content\/uploads\/2025\/12\/Unlock_Supernatural.png",350,350,false],"ashe-full-thumbnail":["https:\/\/meeplendice.net\/wp-content\/uploads\/2025\/12\/Unlock_Supernatural.png",350,350,false],"ashe-grid-thumbnail":["https:\/\/meeplendice.net\/wp-content\/uploads\/2025\/12\/Unlock_Supernatural-350x330.png",350,330,true],"ashe-list-thumbnail":["https:\/\/meeplendice.net\/wp-content\/uploads\/2025\/12\/Unlock_Supernatural-300x300.png",300,300,true],"ashe-single-navigation":["https:\/\/meeplendice.net\/wp-content\/uploads\/2025\/12\/Unlock_Supernatural-75x75.png",75,75,true],"mailpoet_newsletter_max":["https:\/\/meeplendice.net\/wp-content\/uploads\/2025\/12\/Unlock_Supernatural.png",350,350,false],"rpwe-thumbnail":["https:\/\/meeplendice.net\/wp-content\/uploads\/2025\/12\/Unlock_Supernatural-45x45.png",45,45,true],"sow-carousel-default":["https:\/\/meeplendice.net\/wp-content\/uploads\/2025\/12\/Unlock_Supernatural-272x182.png",272,182,true],"rt_custom":["https:\/\/meeplendice.net\/wp-content\/uploads\/2025\/12\/Unlock_Supernatural.png",350,350,false]},"rttpg_author":{"display_name":"Karnby","author_link":"https:\/\/meeplendice.net\/?author=2"},"rttpg_comment":0,"rttpg_category":null,"rttpg_excerpt":"Auteur(s) : Cyril Demaegd Grif Erikson Mathieu Casnin Jeremy Koch Clara Capsmas Illustrations : Cyrille Bertin Masthias Loughlin Neriac \u00c9dition : Space Cowboys 2023 Version : Fran\u00e7aise La bo\u00eete Unlock! Supernatural Adventures contient trois aventures : Menace sur Nova City Combattez le crime et l'injustice gr\u00e2ce \u00e0 vos super-pouvoirs. Saurez-vous contrer les menaces qui planent\u2026","_links":{"self":[{"href":"https:\/\/meeplendice.net\/index.php?rest_route=\/wp\/v2\/pages\/11768","targetHints":{"allow":["GET"]}}],"collection":[{"href":"https:\/\/meeplendice.net\/index.php?rest_route=\/wp\/v2\/pages"}],"about":[{"href":"https:\/\/meeplendice.net\/index.php?rest_route=\/wp\/v2\/types\/page"}],"author":[{"embeddable":true,"href":"https:\/\/meeplendice.net\/index.php?rest_route=\/wp\/v2\/users\/2"}],"replies":[{"embeddable":true,"href":"https:\/\/meeplendice.net\/index.php?rest_route=%2Fwp%2Fv2%2Fcomments&post=11768"}],"version-history":[{"count":4,"href":"https:\/\/meeplendice.net\/index.php?rest_route=\/wp\/v2\/pages\/11768\/revisions"}],"predecessor-version":[{"id":13833,"href":"https:\/\/meeplendice.net\/index.php?rest_route=\/wp\/v2\/pages\/11768\/revisions\/13833"}],"up":[{"embeddable":true,"href":"https:\/\/meeplendice.net\/index.php?rest_route=\/wp\/v2\/pages\/2446"}],"wp:featuredmedia":[{"embeddable":true,"href":"https:\/\/meeplendice.net\/index.php?rest_route=\/wp\/v2\/media\/13786"}],"wp:attachment":[{"href":"https:\/\/meeplendice.net\/index.php?rest_route=%2Fwp%2Fv2%2Fmedia&parent=11768"}],"curies":[{"name":"wp","href":"https:\/\/api.w.org\/{rel}","templated":true}]}}