{"id":11880,"date":"2024-03-29T20:15:20","date_gmt":"2024-03-29T19:15:20","guid":{"rendered":"https:\/\/meeplendice.net\/?page_id=11880"},"modified":"2024-03-29T21:38:27","modified_gmt":"2024-03-29T20:38:27","slug":"boreal-2","status":"publish","type":"page","link":"https:\/\/meeplendice.net\/?page_id=11880","title":{"rendered":"Boreal"},"content":{"rendered":"<div id=\"pl-11880\"  class=\"panel-layout\" ><div id=\"pg-11880-0\"  class=\"panel-grid panel-no-style\" ><div id=\"pgc-11880-0-0\"  class=\"panel-grid-cell\" ><div id=\"panel-11880-0-0-0\" class=\"so-panel widget widget_sow-editor panel-first-child panel-last-child\" data-index=\"0\" ><div\n\t\t\t\n\t\t\tclass=\"so-widget-sow-editor so-widget-sow-editor-base\"\n\t\t\t\n\t\t>\n<div class=\"siteorigin-widget-tinymce textwidget\">\n\t<p style=\"text-align: center;\"><strong>Nombre de joueurs :<\/strong><br \/>\n2 - 2<\/p>\n<\/div>\n<\/div><\/div><\/div><div id=\"pgc-11880-0-1\"  class=\"panel-grid-cell\" ><div id=\"panel-11880-0-1-0\" class=\"so-panel widget widget_sow-editor panel-first-child panel-last-child\" data-index=\"1\" ><div\n\t\t\t\n\t\t\tclass=\"so-widget-sow-editor so-widget-sow-editor-base\"\n\t\t\t\n\t\t>\n<div class=\"siteorigin-widget-tinymce textwidget\">\n\t<p style=\"text-align: center;\"><strong>Dur\u00e9e moyenne :<\/strong><br \/>\n30 min<\/p>\n<\/div>\n<\/div><\/div><\/div><div id=\"pgc-11880-0-2\"  class=\"panel-grid-cell\" ><div id=\"panel-11880-0-2-0\" class=\"so-panel widget widget_sow-editor panel-first-child panel-last-child\" data-index=\"2\" ><div\n\t\t\t\n\t\t\tclass=\"so-widget-sow-editor so-widget-sow-editor-base\"\n\t\t\t\n\t\t>\n<div class=\"siteorigin-widget-tinymce textwidget\">\n\t<p style=\"text-align: center;\"><strong>Age :<\/strong><br \/>\n10 ans et plus<\/p>\n<\/div>\n<\/div><\/div><\/div><\/div><div id=\"pg-11880-1\"  class=\"panel-grid panel-no-style\" ><div id=\"pgc-11880-1-0\"  class=\"panel-grid-cell\" ><div id=\"panel-11880-1-0-0\" class=\"so-panel widget widget_sow-editor panel-first-child panel-last-child\" data-index=\"3\" ><div\n\t\t\t\n\t\t\tclass=\"so-widget-sow-editor so-widget-sow-editor-base\"\n\t\t\t\n\t\t>\n<div class=\"siteorigin-widget-tinymce textwidget\">\n\t<p style=\"text-align: center;\"><strong>Auteur(s) :<br \/>\n<\/strong>Masafumi Mizuno<\/p>\n<\/div>\n<\/div><\/div><\/div><div id=\"pgc-11880-1-1\"  class=\"panel-grid-cell\" ><div id=\"panel-11880-1-1-0\" class=\"so-panel widget widget_sow-editor panel-first-child panel-last-child\" data-index=\"4\" ><div\n\t\t\t\n\t\t\tclass=\"so-widget-sow-editor so-widget-sow-editor-base\"\n\t\t\t\n\t\t>\n<div class=\"siteorigin-widget-tinymce textwidget\">\n\t<p style=\"text-align: center;\"><strong>Illustrations :<\/strong><br \/>\nYuko Iwase<\/p>\n<\/div>\n<\/div><\/div><\/div><div id=\"pgc-11880-1-2\"  class=\"panel-grid-cell\" ><div id=\"panel-11880-1-2-0\" class=\"so-panel widget widget_sow-editor panel-first-child panel-last-child\" data-index=\"5\" ><div\n\t\t\t\n\t\t\tclass=\"so-widget-sow-editor so-widget-sow-editor-base\"\n\t\t\t\n\t\t>\n<div class=\"siteorigin-widget-tinymce textwidget\">\n\t<p style=\"text-align: center;\"><strong>\u00c9dition :<\/strong><br \/>\n<span class=\"data-siloing\" data-siloing=\" https:\/\/www.philibertnet.com\/fr\/2213_gate-on-games \">Spiral Editions<br \/>\n2024<\/span><\/p>\n<\/div>\n<\/div><\/div><\/div><div id=\"pgc-11880-1-3\"  class=\"panel-grid-cell\" ><div id=\"panel-11880-1-3-0\" class=\"so-panel widget widget_sow-editor panel-first-child panel-last-child\" data-index=\"6\" ><div\n\t\t\t\n\t\t\tclass=\"so-widget-sow-editor so-widget-sow-editor-base\"\n\t\t\t\n\t\t>\n<div class=\"siteorigin-widget-tinymce textwidget\">\n\t<p style=\"text-align: center;\"><strong>Version :<\/strong><br \/>\nFran\u00e7aise<\/p>\n<\/div>\n<\/div><\/div><\/div><\/div><div id=\"pg-11880-2\"  class=\"panel-grid panel-no-style\" ><div id=\"pgc-11880-2-0\"  class=\"panel-grid-cell\" ><div id=\"panel-11880-2-0-0\" class=\"so-panel widget widget_sow-editor panel-first-child panel-last-child\" data-index=\"7\" ><div\n\t\t\t\n\t\t\tclass=\"so-widget-sow-editor so-widget-sow-editor-base\"\n\t\t\t\n\t\t>\n<div class=\"siteorigin-widget-tinymce textwidget\">\n\t<hr \/>\n<p><em>Plusieurs si\u00e8cles se sont \u00e9coul\u00e9s depuis la fin du monde d'avant. Les \u00e9crits sont partis en fum\u00e9e et la Nature a reprise possession de ce qui l\u2019humanit\u00e9 lui avait d\u00e9rob\u00e9.<br \/>\n<\/em><\/p>\n<p><em>Vous \u00eates une jeune femme avide de nouvelles connaissances. Vous ne connaissez rien de l'ancien monde. Vos parents vous ont transmis ce qu'eux-m\u00eame avaient entendu de leurs anc\u00eatres. Votre soit de d\u00e9couverte vous pousse \u00e0 fouiller les vestiges qui d\u00e9bordent encore parmi la v\u00e9g\u00e9tation, \u00e0 errer au c\u0153ur des ruines afin de mieux concevoir ce qui \u00e9tait l\u00e0 avant. Votre meilleur amie, tout aussi curieuse et intr\u00e9pide, se lance \u00e9galement dans cette aventures.<\/em><\/p>\n<p><em>Qu'allez vous trouver chacune de votre c\u00f4t\u00e9 ? De lieu en lieu, vous essayez de d\u00e9terrer les souvenirs et le savoir d'un mande qui n'est plus.<\/em><\/p>\n<p>Dans<em> Boreal<\/em> vous \u00eates ces jeunes exploratrices en qu\u00eate de d\u00e9couvertes. Essayez de faire preuve d'ing\u00e9niosit\u00e9 et choisissez les chemins qui vous m\u00e8neront vers les lieux les plus embl\u00e9matiques.<br \/>\nChaque lieu d\u00e9couvert vous apportera du savoir mais sera aussi le meilleur moyens d'aff\u00fbter vos comp\u00e9tences d'exploration.<\/p>\n<\/div>\n<\/div><\/div><\/div><\/div><div id=\"pg-11880-3\"  class=\"panel-grid panel-no-style\" ><div id=\"pgc-11880-3-0\"  class=\"panel-grid-cell\" ><div id=\"panel-11880-3-0-0\" class=\"so-panel widget widget_sow-editor panel-first-child panel-last-child\" data-index=\"8\" ><div\n\t\t\t\n\t\t\tclass=\"so-widget-sow-editor so-widget-sow-editor-base\"\n\t\t\t\n\t\t>\n<div class=\"siteorigin-widget-tinymce textwidget\">\n\t<hr \/>\n<h3 style=\"text-align: center;\">En vid\u00e9o<\/h3>\n<p><a href=\"https:\/\/www.youtube.com\/watch?v=ePiZBBk7rEc&amp;t=24s&amp;ab_channel=UnMondedejeux\" target=\"_blank\" rel=\"noopener\"><img loading=\"lazy\" decoding=\"async\" class=\"alignnone size-full wp-image-9090\" src=\"https:\/\/meeplendice.net\/wp-content\/uploads\/2022\/01\/Link_CJ_v2.png\" alt=\"\" width=\"200\" height=\"170\" \/><\/a><\/p>\n<\/div>\n<\/div><\/div><\/div><\/div><div id=\"pg-11880-4\"  class=\"panel-grid panel-no-style\" ><div id=\"pgc-11880-4-0\"  class=\"panel-grid-cell\" ><div id=\"panel-11880-4-0-0\" class=\"so-panel widget widget_sow-editor panel-first-child panel-last-child\" data-index=\"9\" ><div\n\t\t\t\n\t\t\tclass=\"so-widget-sow-editor so-widget-sow-editor-base\"\n\t\t\t\n\t\t>\n<div class=\"siteorigin-widget-tinymce textwidget\">\n\t<hr \/>\n<h3 style=\"text-align: center;\">Pour aller plus loin<\/h3>\n<\/div>\n<\/div><\/div><\/div><\/div><\/div>","protected":false},"excerpt":{"rendered":"<p>Nombre de joueurs : 2 &#8211; 2 Dur\u00e9e moyenne : 30 min Age : 10 ans et plus Auteur(s) : Masafumi Mizuno Illustrations : Yuko Iwase \u00c9dition : Spiral Editions 2024 Version : Fran\u00e7aise<\/p>\n","protected":false},"author":2,"featured_media":11868,"parent":0,"menu_order":0,"comment_status":"closed","ping_status":"closed","template":"","meta":{"footnotes":""},"class_list":["post-11880","page","type-page","status-publish","has-post-thumbnail","hentry"],"acf":[],"rttpg_featured_image_url":{"full":["https:\/\/meeplendice.net\/wp-content\/uploads\/2024\/03\/Boreal.png",350,350,false],"landscape":["https:\/\/meeplendice.net\/wp-content\/uploads\/2024\/03\/Boreal.png",350,350,false],"portraits":["https:\/\/meeplendice.net\/wp-content\/uploads\/2024\/03\/Boreal.png",350,350,false],"thumbnail":["https:\/\/meeplendice.net\/wp-content\/uploads\/2024\/03\/Boreal-150x150.png",150,150,true],"medium":["https:\/\/meeplendice.net\/wp-content\/uploads\/2024\/03\/Boreal-300x300.png",300,300,true],"large":["https:\/\/meeplendice.net\/wp-content\/uploads\/2024\/03\/Boreal.png",350,350,false],"ug_big":["https:\/\/meeplendice.net\/wp-content\/uploads\/2024\/03\/Boreal.png",350,350,false],"1536x1536":["https:\/\/meeplendice.net\/wp-content\/uploads\/2024\/03\/Boreal.png",350,350,false],"2048x2048":["https:\/\/meeplendice.net\/wp-content\/uploads\/2024\/03\/Boreal.png",350,350,false],"ashe-slider-grid-thumbnail":["https:\/\/meeplendice.net\/wp-content\/uploads\/2024\/03\/Boreal.png",350,350,false],"ashe-full-thumbnail":["https:\/\/meeplendice.net\/wp-content\/uploads\/2024\/03\/Boreal.png",350,350,false],"ashe-grid-thumbnail":["https:\/\/meeplendice.net\/wp-content\/uploads\/2024\/03\/Boreal-350x330.png",350,330,true],"ashe-list-thumbnail":["https:\/\/meeplendice.net\/wp-content\/uploads\/2024\/03\/Boreal-300x300.png",300,300,true],"ashe-single-navigation":["https:\/\/meeplendice.net\/wp-content\/uploads\/2024\/03\/Boreal-75x75.png",75,75,true],"mailpoet_newsletter_max":["https:\/\/meeplendice.net\/wp-content\/uploads\/2024\/03\/Boreal.png",350,350,false],"rpwe-thumbnail":["https:\/\/meeplendice.net\/wp-content\/uploads\/2024\/03\/Boreal-45x45.png",45,45,true],"sow-carousel-default":["https:\/\/meeplendice.net\/wp-content\/uploads\/2024\/03\/Boreal-272x182.png",272,182,true],"rt_custom":["https:\/\/meeplendice.net\/wp-content\/uploads\/2024\/03\/Boreal.png",350,350,false]},"rttpg_author":{"display_name":"Karnby","author_link":"https:\/\/meeplendice.net\/?author=2"},"rttpg_comment":0,"rttpg_category":null,"rttpg_excerpt":"Nombre de joueurs : 2 - 2 Dur\u00e9e moyenne : 30 min Age : 10 ans et plus Auteur(s) : Masafumi Mizuno Illustrations : Yuko Iwase \u00c9dition : Spiral Editions 2024 Version : Fran\u00e7aise","_links":{"self":[{"href":"https:\/\/meeplendice.net\/index.php?rest_route=\/wp\/v2\/pages\/11880","targetHints":{"allow":["GET"]}}],"collection":[{"href":"https:\/\/meeplendice.net\/index.php?rest_route=\/wp\/v2\/pages"}],"about":[{"href":"https:\/\/meeplendice.net\/index.php?rest_route=\/wp\/v2\/types\/page"}],"author":[{"embeddable":true,"href":"https:\/\/meeplendice.net\/index.php?rest_route=\/wp\/v2\/users\/2"}],"replies":[{"embeddable":true,"href":"https:\/\/meeplendice.net\/index.php?rest_route=%2Fwp%2Fv2%2Fcomments&post=11880"}],"version-history":[{"count":3,"href":"https:\/\/meeplendice.net\/index.php?rest_route=\/wp\/v2\/pages\/11880\/revisions"}],"predecessor-version":[{"id":11883,"href":"https:\/\/meeplendice.net\/index.php?rest_route=\/wp\/v2\/pages\/11880\/revisions\/11883"}],"wp:featuredmedia":[{"embeddable":true,"href":"https:\/\/meeplendice.net\/index.php?rest_route=\/wp\/v2\/media\/11868"}],"wp:attachment":[{"href":"https:\/\/meeplendice.net\/index.php?rest_route=%2Fwp%2Fv2%2Fmedia&parent=11880"}],"curies":[{"name":"wp","href":"https:\/\/api.w.org\/{rel}","templated":true}]}}