{"id":11887,"date":"2024-03-29T21:44:25","date_gmt":"2024-03-29T20:44:25","guid":{"rendered":"https:\/\/meeplendice.net\/?page_id=11887"},"modified":"2024-03-29T22:01:47","modified_gmt":"2024-03-29T21:01:47","slug":"dracula-vs-van-helsing","status":"publish","type":"page","link":"https:\/\/meeplendice.net\/?page_id=11887","title":{"rendered":"Dracula vs Van Helsing"},"content":{"rendered":"<div id=\"pl-11887\"  class=\"panel-layout\" ><div id=\"pg-11887-0\"  class=\"panel-grid panel-no-style\" ><div id=\"pgc-11887-0-0\"  class=\"panel-grid-cell\" ><div id=\"panel-11887-0-0-0\" class=\"so-panel widget widget_sow-editor panel-first-child panel-last-child\" data-index=\"0\" ><div\n\t\t\t\n\t\t\tclass=\"so-widget-sow-editor so-widget-sow-editor-base\"\n\t\t\t\n\t\t>\n<div class=\"siteorigin-widget-tinymce textwidget\">\n\t<p style=\"text-align: center;\"><strong>Nombre de joueurs :<\/strong><br \/>\n2 - 2<\/p>\n<\/div>\n<\/div><\/div><\/div><div id=\"pgc-11887-0-1\"  class=\"panel-grid-cell\" ><div id=\"panel-11887-0-1-0\" class=\"so-panel widget widget_sow-editor panel-first-child panel-last-child\" data-index=\"1\" ><div\n\t\t\t\n\t\t\tclass=\"so-widget-sow-editor so-widget-sow-editor-base\"\n\t\t\t\n\t\t>\n<div class=\"siteorigin-widget-tinymce textwidget\">\n\t<p style=\"text-align: center;\"><strong>Dur\u00e9e moyenne :<\/strong><br \/>\n30 min<\/p>\n<\/div>\n<\/div><\/div><\/div><div id=\"pgc-11887-0-2\"  class=\"panel-grid-cell\" ><div id=\"panel-11887-0-2-0\" class=\"so-panel widget widget_sow-editor panel-first-child panel-last-child\" data-index=\"2\" ><div\n\t\t\t\n\t\t\tclass=\"so-widget-sow-editor so-widget-sow-editor-base\"\n\t\t\t\n\t\t>\n<div class=\"siteorigin-widget-tinymce textwidget\">\n\t<p style=\"text-align: center;\"><strong>Age :<\/strong><br \/>\n10 ans et plus<\/p>\n<\/div>\n<\/div><\/div><\/div><\/div><div id=\"pg-11887-1\"  class=\"panel-grid panel-no-style\" ><div id=\"pgc-11887-1-0\"  class=\"panel-grid-cell\" ><div id=\"panel-11887-1-0-0\" class=\"so-panel widget widget_sow-editor panel-first-child panel-last-child\" data-index=\"3\" ><div\n\t\t\t\n\t\t\tclass=\"so-widget-sow-editor so-widget-sow-editor-base\"\n\t\t\t\n\t\t>\n<div class=\"siteorigin-widget-tinymce textwidget\">\n\t<p style=\"text-align: center;\"><strong>Auteur(s) :<br \/>\n<\/strong><span class=\"data-siloing\" title=\"D\u00e9couvrez tous ces jeux\" data-siloing=\"https:\/\/www.philibertnet.com\/fr\/recherche?feature=31&amp;feature_value=Th\u00e9o Riviere\">Th\u00e9o Riviere<br \/>\n<\/span><span class=\"data-siloing\" title=\"Voir tous les jeux\" data-siloing=\"https:\/\/www.philibertnet.com\/fr\/recherche?feature=31&amp;feature_value=Maxime Rambourg\">Maxime Rambourg<\/span><\/p>\n<\/div>\n<\/div><\/div><\/div><div id=\"pgc-11887-1-1\"  class=\"panel-grid-cell\" ><div id=\"panel-11887-1-1-0\" class=\"so-panel widget widget_sow-editor panel-first-child panel-last-child\" data-index=\"4\" ><div\n\t\t\t\n\t\t\tclass=\"so-widget-sow-editor so-widget-sow-editor-base\"\n\t\t\t\n\t\t>\n<div class=\"siteorigin-widget-tinymce textwidget\">\n\t<p style=\"text-align: center;\"><strong>Illustrations :<\/strong><br \/>\n<span class=\"data-siloing\" title=\"D\u00e9couvrez tous ces jeux\" data-siloing=\"https:\/\/www.philibertnet.com\/fr\/recherche?feature=41&amp;feature_value=Weberson Santiago\">Weberson Santiago<\/span><\/p>\n<\/div>\n<\/div><\/div><\/div><div id=\"pgc-11887-1-2\"  class=\"panel-grid-cell\" ><div id=\"panel-11887-1-2-0\" class=\"so-panel widget widget_sow-editor panel-first-child panel-last-child\" data-index=\"5\" ><div\n\t\t\t\n\t\t\tclass=\"so-widget-sow-editor so-widget-sow-editor-base\"\n\t\t\t\n\t\t>\n<div class=\"siteorigin-widget-tinymce textwidget\">\n\t<p style=\"text-align: center;\"><strong>\u00c9dition :<\/strong><br \/>\n<span class=\"data-siloing\" data-siloing=\" https:\/\/www.philibertnet.com\/fr\/2213_gate-on-games \">Mandoo Games<br \/>\n2023<\/span><\/p>\n<\/div>\n<\/div><\/div><\/div><div id=\"pgc-11887-1-3\"  class=\"panel-grid-cell\" ><div id=\"panel-11887-1-3-0\" class=\"so-panel widget widget_sow-editor panel-first-child panel-last-child\" data-index=\"6\" ><div\n\t\t\t\n\t\t\tclass=\"so-widget-sow-editor so-widget-sow-editor-base\"\n\t\t\t\n\t\t>\n<div class=\"siteorigin-widget-tinymce textwidget\">\n\t<p style=\"text-align: center;\"><strong>Version :<\/strong><br \/>\nFran\u00e7aise<\/p>\n<\/div>\n<\/div><\/div><\/div><\/div><div id=\"pg-11887-2\"  class=\"panel-grid panel-no-style\" ><div id=\"pgc-11887-2-0\"  class=\"panel-grid-cell\" ><div id=\"panel-11887-2-0-0\" class=\"so-panel widget widget_sow-editor panel-first-child panel-last-child\" data-index=\"7\" ><div\n\t\t\t\n\t\t\tclass=\"so-widget-sow-editor so-widget-sow-editor-base\"\n\t\t\t\n\t\t>\n<div class=\"siteorigin-widget-tinymce textwidget\">\n\t<hr \/>\n<p><em>Un jour, longtemps apr\u00e8s l'affrontement entre Dracula et Van Helsing, un bateau s'\u00e9choue sur les c\u00f4tes de Whitby, en Angleterre.<br \/>\nLe bateau - qui ne compte aucun survivant - est macul\u00e9 de taches de sang. Et dans une cabine, on retrouve des caisses de terre... Aucun doute : Dracula est de retour !<br \/>\nLes habitant-e-s de Whitby se tournent alors vers le professeur Van Helsing, c\u00e9l\u00e8bre chasseur de vampires, pour lui demander de l'aide.<\/em><\/p>\n<p><em>C'est ce soir qu'a lieu l\u2019ultime confrontation. Van Helsing parviendra-t-il \u00e0 vaincre Dracula avant que toutes les personnes vivant \u00e0 Whitby ne soient transform\u00e9e en vampires ?.<\/em><\/p>\n<p>Vous incarnez un des protagonistes de l'affrontement : Dracula ou Van Helsing.<br \/>\nVan Helsing remporte la partie s'il parvient \u00e0 tuer Dracula en lui retirant tous ses jetons sant\u00e9. Dracula gagne la partie s'il transforme en vampires les 4 habitant-e-s d'un m\u00eame quartier ou s'il survit jusqu\u2019\u00e0 la fin de la partie.<\/p>\n<\/div>\n<\/div><\/div><\/div><\/div><div id=\"pg-11887-3\"  class=\"panel-grid panel-no-style\" ><div id=\"pgc-11887-3-0\"  class=\"panel-grid-cell\" ><div id=\"panel-11887-3-0-0\" class=\"so-panel widget widget_sow-editor panel-first-child panel-last-child\" data-index=\"8\" ><div\n\t\t\t\n\t\t\tclass=\"so-widget-sow-editor so-widget-sow-editor-base\"\n\t\t\t\n\t\t>\n<div class=\"siteorigin-widget-tinymce textwidget\">\n\t<hr \/>\n<h3 style=\"text-align: center;\">En vid\u00e9o<\/h3>\n<p><a href=\"https:\/\/www.youtube.com\/embed\/AvBV8WYET74\" target=\"_blank\" rel=\"noopener\"><img loading=\"lazy\" decoding=\"async\" class=\"alignnone size-full wp-image-9090\" src=\"https:\/\/meeplendice.net\/wp-content\/uploads\/2022\/01\/Link_CJ_v2.png\" alt=\"\" width=\"200\" height=\"170\" \/><\/a><\/p>\n<\/div>\n<\/div><\/div><\/div><\/div><div id=\"pg-11887-4\"  class=\"panel-grid panel-no-style\" ><div id=\"pgc-11887-4-0\"  class=\"panel-grid-cell\" ><div id=\"panel-11887-4-0-0\" class=\"so-panel widget widget_sow-editor panel-first-child panel-last-child\" data-index=\"9\" ><div\n\t\t\t\n\t\t\tclass=\"so-widget-sow-editor so-widget-sow-editor-base\"\n\t\t\t\n\t\t>\n<div class=\"siteorigin-widget-tinymce textwidget\">\n\t<hr \/>\n<h3 style=\"text-align: center;\">Pour aller plus loin<\/h3>\n<\/div>\n<\/div><\/div><\/div><\/div><\/div>","protected":false},"excerpt":{"rendered":"<p>Nombre de joueurs : 2 &#8211; 2 Dur\u00e9e moyenne : 30 min Age : 10 ans et plus Auteur(s) : Th\u00e9o Riviere Maxime Rambourg Illustrations : Weberson Santiago \u00c9dition : Mandoo Games 2023 Version : Fran\u00e7aise<\/p>\n","protected":false},"author":2,"featured_media":11867,"parent":0,"menu_order":0,"comment_status":"closed","ping_status":"closed","template":"","meta":{"footnotes":""},"class_list":["post-11887","page","type-page","status-publish","has-post-thumbnail","hentry"],"acf":[],"rttpg_featured_image_url":{"full":["https:\/\/meeplendice.net\/wp-content\/uploads\/2024\/03\/DraculaVSVanHelsing.png",350,350,false],"landscape":["https:\/\/meeplendice.net\/wp-content\/uploads\/2024\/03\/DraculaVSVanHelsing.png",350,350,false],"portraits":["https:\/\/meeplendice.net\/wp-content\/uploads\/2024\/03\/DraculaVSVanHelsing.png",350,350,false],"thumbnail":["https:\/\/meeplendice.net\/wp-content\/uploads\/2024\/03\/DraculaVSVanHelsing-150x150.png",150,150,true],"medium":["https:\/\/meeplendice.net\/wp-content\/uploads\/2024\/03\/DraculaVSVanHelsing-300x300.png",300,300,true],"large":["https:\/\/meeplendice.net\/wp-content\/uploads\/2024\/03\/DraculaVSVanHelsing.png",350,350,false],"ug_big":["https:\/\/meeplendice.net\/wp-content\/uploads\/2024\/03\/DraculaVSVanHelsing.png",350,350,false],"1536x1536":["https:\/\/meeplendice.net\/wp-content\/uploads\/2024\/03\/DraculaVSVanHelsing.png",350,350,false],"2048x2048":["https:\/\/meeplendice.net\/wp-content\/uploads\/2024\/03\/DraculaVSVanHelsing.png",350,350,false],"ashe-slider-grid-thumbnail":["https:\/\/meeplendice.net\/wp-content\/uploads\/2024\/03\/DraculaVSVanHelsing.png",350,350,false],"ashe-full-thumbnail":["https:\/\/meeplendice.net\/wp-content\/uploads\/2024\/03\/DraculaVSVanHelsing.png",350,350,false],"ashe-grid-thumbnail":["https:\/\/meeplendice.net\/wp-content\/uploads\/2024\/03\/DraculaVSVanHelsing-350x330.png",350,330,true],"ashe-list-thumbnail":["https:\/\/meeplendice.net\/wp-content\/uploads\/2024\/03\/DraculaVSVanHelsing-300x300.png",300,300,true],"ashe-single-navigation":["https:\/\/meeplendice.net\/wp-content\/uploads\/2024\/03\/DraculaVSVanHelsing-75x75.png",75,75,true],"mailpoet_newsletter_max":["https:\/\/meeplendice.net\/wp-content\/uploads\/2024\/03\/DraculaVSVanHelsing.png",350,350,false],"rpwe-thumbnail":["https:\/\/meeplendice.net\/wp-content\/uploads\/2024\/03\/DraculaVSVanHelsing-45x45.png",45,45,true],"sow-carousel-default":["https:\/\/meeplendice.net\/wp-content\/uploads\/2024\/03\/DraculaVSVanHelsing-272x182.png",272,182,true],"rt_custom":["https:\/\/meeplendice.net\/wp-content\/uploads\/2024\/03\/DraculaVSVanHelsing.png",350,350,false]},"rttpg_author":{"display_name":"Karnby","author_link":"https:\/\/meeplendice.net\/?author=2"},"rttpg_comment":0,"rttpg_category":null,"rttpg_excerpt":"Nombre de joueurs : 2 - 2 Dur\u00e9e moyenne : 30 min Age : 10 ans et plus Auteur(s) : Th\u00e9o Riviere Maxime Rambourg Illustrations : Weberson Santiago \u00c9dition : Mandoo Games 2023 Version : Fran\u00e7aise","_links":{"self":[{"href":"https:\/\/meeplendice.net\/index.php?rest_route=\/wp\/v2\/pages\/11887","targetHints":{"allow":["GET"]}}],"collection":[{"href":"https:\/\/meeplendice.net\/index.php?rest_route=\/wp\/v2\/pages"}],"about":[{"href":"https:\/\/meeplendice.net\/index.php?rest_route=\/wp\/v2\/types\/page"}],"author":[{"embeddable":true,"href":"https:\/\/meeplendice.net\/index.php?rest_route=\/wp\/v2\/users\/2"}],"replies":[{"embeddable":true,"href":"https:\/\/meeplendice.net\/index.php?rest_route=%2Fwp%2Fv2%2Fcomments&post=11887"}],"version-history":[{"count":3,"href":"https:\/\/meeplendice.net\/index.php?rest_route=\/wp\/v2\/pages\/11887\/revisions"}],"predecessor-version":[{"id":11890,"href":"https:\/\/meeplendice.net\/index.php?rest_route=\/wp\/v2\/pages\/11887\/revisions\/11890"}],"wp:featuredmedia":[{"embeddable":true,"href":"https:\/\/meeplendice.net\/index.php?rest_route=\/wp\/v2\/media\/11867"}],"wp:attachment":[{"href":"https:\/\/meeplendice.net\/index.php?rest_route=%2Fwp%2Fv2%2Fmedia&parent=11887"}],"curies":[{"name":"wp","href":"https:\/\/api.w.org\/{rel}","templated":true}]}}