{"id":11906,"date":"2024-03-30T00:30:06","date_gmt":"2024-03-29T23:30:06","guid":{"rendered":"https:\/\/meeplendice.net\/?page_id=11906"},"modified":"2024-03-30T00:42:08","modified_gmt":"2024-03-29T23:42:08","slug":"unmatched-aventures-chroniques-inouies","status":"publish","type":"page","link":"https:\/\/meeplendice.net\/?page_id=11906","title":{"rendered":"Unmatched Aventures &#8211; Chroniques Inou\u00efes"},"content":{"rendered":"<div id=\"pl-11906\"  class=\"panel-layout\" ><div id=\"pg-11906-0\"  class=\"panel-grid panel-no-style\" ><div id=\"pgc-11906-0-0\"  class=\"panel-grid-cell\" ><div id=\"panel-11906-0-0-0\" class=\"so-panel widget widget_sow-editor panel-first-child panel-last-child\" data-index=\"0\" ><div\n\t\t\t\n\t\t\tclass=\"so-widget-sow-editor so-widget-sow-editor-base\"\n\t\t\t\n\t\t>\n<div class=\"siteorigin-widget-tinymce textwidget\">\n\t<p style=\"text-align: center;\"><strong>Nombre de joueurs :<\/strong><br \/>\n1 - 4<\/p>\n<\/div>\n<\/div><\/div><\/div><div id=\"pgc-11906-0-1\"  class=\"panel-grid-cell\" ><div id=\"panel-11906-0-1-0\" class=\"so-panel widget widget_sow-editor panel-first-child panel-last-child\" data-index=\"1\" ><div\n\t\t\t\n\t\t\tclass=\"so-widget-sow-editor so-widget-sow-editor-base\"\n\t\t\t\n\t\t>\n<div class=\"siteorigin-widget-tinymce textwidget\">\n\t<p style=\"text-align: center;\"><strong>Dur\u00e9e moyenne :<\/strong><br \/>\n60 min<\/p>\n<\/div>\n<\/div><\/div><\/div><div id=\"pgc-11906-0-2\"  class=\"panel-grid-cell\" ><div id=\"panel-11906-0-2-0\" class=\"so-panel widget widget_sow-editor panel-first-child panel-last-child\" data-index=\"2\" ><div\n\t\t\t\n\t\t\tclass=\"so-widget-sow-editor so-widget-sow-editor-base\"\n\t\t\t\n\t\t>\n<div class=\"siteorigin-widget-tinymce textwidget\">\n\t<p style=\"text-align: center;\"><strong>Age :<\/strong><br \/>\n8 ans et plus<\/p>\n<\/div>\n<\/div><\/div><\/div><\/div><div id=\"pg-11906-1\"  class=\"panel-grid panel-no-style\" ><div id=\"pgc-11906-1-0\"  class=\"panel-grid-cell\" ><div id=\"panel-11906-1-0-0\" class=\"so-panel widget widget_sow-editor panel-first-child panel-last-child\" data-index=\"3\" ><div\n\t\t\t\n\t\t\tclass=\"so-widget-sow-editor so-widget-sow-editor-base\"\n\t\t\t\n\t\t>\n<div class=\"siteorigin-widget-tinymce textwidget\">\n\t<p style=\"text-align: center;\"><strong>Auteur(s) :<br \/>\n<\/strong><span class=\"data-siloing\" title=\"D\u00e9couvrez tous ces jeux\" data-siloing=\"https:\/\/www.philibertnet.com\/fr\/recherche?feature=31&amp;feature_value=Darren Reckner\">Darren Reckner<br \/>\n<\/span><span class=\"data-siloing\" title=\"Voir tous les jeux\" data-siloing=\"https:\/\/www.philibertnet.com\/fr\/recherche?feature=31&amp;feature_value=Jason Hager\">Jason Hager<\/span><\/p>\n<\/div>\n<\/div><\/div><\/div><div id=\"pgc-11906-1-1\"  class=\"panel-grid-cell\" ><div id=\"panel-11906-1-1-0\" class=\"so-panel widget widget_sow-editor panel-first-child panel-last-child\" data-index=\"4\" ><div\n\t\t\t\n\t\t\tclass=\"so-widget-sow-editor so-widget-sow-editor-base\"\n\t\t\t\n\t\t>\n<div class=\"siteorigin-widget-tinymce textwidget\">\n\t<p style=\"text-align: center;\"><strong>Illustrations :<\/strong><br \/>\n<span class=\"data-siloing\" title=\"Voir tous les jeux\" data-siloing=\"https:\/\/www.philibertnet.com\/fr\/recherche?feature=41&amp;feature_value=Ian Reed\">Ian Reed<br \/>\n<\/span><span class=\"data-siloing\" title=\"Voir tous les jeux\" data-siloing=\"https:\/\/www.philibertnet.com\/fr\/recherche?feature=41&amp;feature_value=Kwanchai Moriya\">Kwanchai Moriya<br \/>\n<\/span><span class=\"data-siloing\" title=\"Voir tous les jeux\" data-siloing=\"https:\/\/www.philibertnet.com\/fr\/recherche?feature=41&amp;feature_value=Jason Taylor\">Jason Taylor<br \/>\nJason D. Kingsley<br \/>\nLindsay Daviau<br \/>\n<\/span><span class=\"data-siloing\" title=\"Voir tous les jeux\" data-siloing=\"https:\/\/www.philibertnet.com\/fr\/recherche?feature=41&amp;feature_value=JJ Ariosa\">JJ Ariosa<br \/>\n<\/span><span class=\"data-siloing\" title=\"Voir tous les jeux\" data-siloing=\"https:\/\/www.philibertnet.com\/fr\/recherche?feature=41&amp;feature_value=Nastya Lehn\">Nastya Lehn<\/span><\/p>\n<\/div>\n<\/div><\/div><\/div><div id=\"pgc-11906-1-2\"  class=\"panel-grid-cell\" ><div id=\"panel-11906-1-2-0\" class=\"so-panel widget widget_sow-editor panel-first-child panel-last-child\" data-index=\"5\" ><div\n\t\t\t\n\t\t\tclass=\"so-widget-sow-editor so-widget-sow-editor-base\"\n\t\t\t\n\t\t>\n<div class=\"siteorigin-widget-tinymce textwidget\">\n\t<p style=\"text-align: center;\"><strong>\u00c9dition :<\/strong><br \/>\n<span class=\"data-siloing\" data-siloing=\" https:\/\/www.philibertnet.com\/fr\/2213_gate-on-games \">Iello<br \/>\n2023<\/span><\/p>\n<\/div>\n<\/div><\/div><\/div><div id=\"pgc-11906-1-3\"  class=\"panel-grid-cell\" ><div id=\"panel-11906-1-3-0\" class=\"so-panel widget widget_sow-editor panel-first-child panel-last-child\" data-index=\"6\" ><div\n\t\t\t\n\t\t\tclass=\"so-widget-sow-editor so-widget-sow-editor-base\"\n\t\t\t\n\t\t>\n<div class=\"siteorigin-widget-tinymce textwidget\">\n\t<p style=\"text-align: center;\"><strong>Version :<\/strong><br \/>\nFran\u00e7aise<\/p>\n<\/div>\n<\/div><\/div><\/div><\/div><div id=\"pg-11906-2\"  class=\"panel-grid panel-no-style\" ><div id=\"pgc-11906-2-0\"  class=\"panel-grid-cell\" ><div id=\"panel-11906-2-0-0\" class=\"so-panel widget widget_sow-editor panel-first-child panel-last-child\" data-index=\"7\" ><div\n\t\t\t\n\t\t\tclass=\"so-widget-sow-editor so-widget-sow-editor-base\"\n\t\t\t\n\t\t>\n<div class=\"siteorigin-widget-tinymce textwidget\">\n\t<hr \/>\n<p><em>Un super-vilain terrorise et ravage la ville avec l'aide de ses sbires.<br \/>\nUn groupe de h\u00e9ros, plus improbables les uns que les autres, d\u00e9cide alors d'unir ses forces pour combattre cette menace.<\/em><\/p>\n<p><em>Qui l'emportera ??<\/em><\/p>\n<p><em>Chroniques Inou\u00efes r\u00e9unit \u00e0 la fois les grands classiques des pulp magazines et les l\u00e9gendes du folklore am\u00e9ricain.<\/em><br \/>\n<em>Choisissez un super-vilain \u00e0 combattre, choisissiez ses sbires, et tentez de sauvez le monde !<\/em><\/p>\n<p><em>Unmatched Aventures<\/em> est un jeu ind\u00e9pendant qui utilise les r\u00e8gles de base et les h\u00e9ros <em>d'Unmatched<\/em> d'une toute nouvelle mani\u00e8re.<\/p>\n<p>Gr\u00e2ce \u00e0 ses r\u00e8gles coop\u00e9ratives, <em>jusqu\u2019\u00e0<\/em> 4 h\u00e9ros unissent leurs forces pour vaincre le super-vilain contr\u00f4l\u00e9 par le jeu. Vous pouvez utiliser uniquement les h\u00e9ros de cette boite, ou bien les m\u00e9langer \u00e0 ceux des autres boites <em>d'Unmatched<\/em>. Vous pouvez m\u00eame \u00e9galement utiliser les h\u00e9ros de Chroniques Inou\u00efes pour jouer aux parties comp\u00e9titives classiques <em>d'Unmatched<\/em> !<\/p>\n<p><em>Chroniques Inou\u00efes<\/em> comprend 4 nouveaux h\u00e9ros : Nikola Tesla d\u00e9charge ses bobines \u00e9lectrifi\u00e9es pour renforcer ses effets ; Annie Christmas devient plus forte lorsqu'elle se bat par derri\u00e8re ; Golden Bat, le premier super-h\u00e9ros du monde, dispose d'une vari\u00e9t\u00e9 d'effets puissants ; et le Dr Jill Trent, experte en sciences, fait appel \u00e0 une collection de gadgets.<\/p>\n<p>&nbsp;<\/p>\n<\/div>\n<\/div><\/div><\/div><\/div><div id=\"pg-11906-3\"  class=\"panel-grid panel-no-style\" ><div id=\"pgc-11906-3-0\"  class=\"panel-grid-cell\" ><div id=\"panel-11906-3-0-0\" class=\"so-panel widget widget_sow-editor panel-first-child panel-last-child\" data-index=\"8\" ><div\n\t\t\t\n\t\t\tclass=\"so-widget-sow-editor so-widget-sow-editor-base\"\n\t\t\t\n\t\t>\n<div class=\"siteorigin-widget-tinymce textwidget\">\n\t<hr \/>\n<h3 style=\"text-align: center;\">En vid\u00e9o<\/h3>\n<p><a href=\"https:\/\/www.youtube.com\/watch?v=m7_Ubiks1CI&amp;ab_channel=EntreJoueurs\" target=\"_blank\" rel=\"noopener\"><img loading=\"lazy\" decoding=\"async\" class=\"alignnone size-full wp-image-9090\" src=\"https:\/\/meeplendice.net\/wp-content\/uploads\/2022\/01\/Link_CJ_v2.png\" alt=\"\" width=\"200\" height=\"170\" \/><\/a><\/p>\n<\/div>\n<\/div><\/div><\/div><\/div><div id=\"pg-11906-4\"  class=\"panel-grid panel-no-style\" ><div id=\"pgc-11906-4-0\"  class=\"panel-grid-cell\" ><div id=\"panel-11906-4-0-0\" class=\"so-panel widget widget_sow-editor panel-first-child panel-last-child\" data-index=\"9\" ><div\n\t\t\t\n\t\t\tclass=\"so-widget-sow-editor so-widget-sow-editor-base\"\n\t\t\t\n\t\t>\n<div class=\"siteorigin-widget-tinymce textwidget\">\n\t<hr \/>\n<h3 style=\"text-align: center;\">Pour aller plus loin<\/h3>\n<\/div>\n<\/div><\/div><\/div><\/div><\/div>","protected":false},"excerpt":{"rendered":"<p>Nombre de joueurs : 1 &#8211; 4 Dur\u00e9e moyenne : 60 min Age : 8 ans et plus Auteur(s) : Darren Reckner Jason Hager Illustrations : Ian Reed Kwanchai Moriya Jason Taylor Jason D. Kingsley Lindsay Daviau JJ Ariosa Nastya Lehn \u00c9dition : Iello 2023 Version : Fran\u00e7aise<\/p>\n","protected":false},"author":2,"featured_media":11877,"parent":0,"menu_order":0,"comment_status":"closed","ping_status":"closed","template":"","meta":{"footnotes":""},"class_list":["post-11906","page","type-page","status-publish","has-post-thumbnail","hentry"],"acf":[],"rttpg_featured_image_url":{"full":["https:\/\/meeplendice.net\/wp-content\/uploads\/2024\/03\/Unmatched_aventures_chroniques.png",350,350,false],"landscape":["https:\/\/meeplendice.net\/wp-content\/uploads\/2024\/03\/Unmatched_aventures_chroniques.png",350,350,false],"portraits":["https:\/\/meeplendice.net\/wp-content\/uploads\/2024\/03\/Unmatched_aventures_chroniques.png",350,350,false],"thumbnail":["https:\/\/meeplendice.net\/wp-content\/uploads\/2024\/03\/Unmatched_aventures_chroniques-150x150.png",150,150,true],"medium":["https:\/\/meeplendice.net\/wp-content\/uploads\/2024\/03\/Unmatched_aventures_chroniques-300x300.png",300,300,true],"large":["https:\/\/meeplendice.net\/wp-content\/uploads\/2024\/03\/Unmatched_aventures_chroniques.png",350,350,false],"ug_big":["https:\/\/meeplendice.net\/wp-content\/uploads\/2024\/03\/Unmatched_aventures_chroniques.png",350,350,false],"1536x1536":["https:\/\/meeplendice.net\/wp-content\/uploads\/2024\/03\/Unmatched_aventures_chroniques.png",350,350,false],"2048x2048":["https:\/\/meeplendice.net\/wp-content\/uploads\/2024\/03\/Unmatched_aventures_chroniques.png",350,350,false],"ashe-slider-grid-thumbnail":["https:\/\/meeplendice.net\/wp-content\/uploads\/2024\/03\/Unmatched_aventures_chroniques.png",350,350,false],"ashe-full-thumbnail":["https:\/\/meeplendice.net\/wp-content\/uploads\/2024\/03\/Unmatched_aventures_chroniques.png",350,350,false],"ashe-grid-thumbnail":["https:\/\/meeplendice.net\/wp-content\/uploads\/2024\/03\/Unmatched_aventures_chroniques-350x330.png",350,330,true],"ashe-list-thumbnail":["https:\/\/meeplendice.net\/wp-content\/uploads\/2024\/03\/Unmatched_aventures_chroniques-300x300.png",300,300,true],"ashe-single-navigation":["https:\/\/meeplendice.net\/wp-content\/uploads\/2024\/03\/Unmatched_aventures_chroniques-75x75.png",75,75,true],"mailpoet_newsletter_max":["https:\/\/meeplendice.net\/wp-content\/uploads\/2024\/03\/Unmatched_aventures_chroniques.png",350,350,false],"rpwe-thumbnail":["https:\/\/meeplendice.net\/wp-content\/uploads\/2024\/03\/Unmatched_aventures_chroniques-45x45.png",45,45,true],"sow-carousel-default":["https:\/\/meeplendice.net\/wp-content\/uploads\/2024\/03\/Unmatched_aventures_chroniques-272x182.png",272,182,true],"rt_custom":["https:\/\/meeplendice.net\/wp-content\/uploads\/2024\/03\/Unmatched_aventures_chroniques.png",350,350,false]},"rttpg_author":{"display_name":"Karnby","author_link":"https:\/\/meeplendice.net\/?author=2"},"rttpg_comment":0,"rttpg_category":null,"rttpg_excerpt":"Nombre de joueurs : 1 - 4 Dur\u00e9e moyenne : 60 min Age : 8 ans et plus Auteur(s) : Darren Reckner Jason Hager Illustrations : Ian Reed Kwanchai Moriya Jason Taylor Jason D. Kingsley Lindsay Daviau JJ Ariosa Nastya Lehn \u00c9dition : Iello 2023 Version : Fran\u00e7aise","_links":{"self":[{"href":"https:\/\/meeplendice.net\/index.php?rest_route=\/wp\/v2\/pages\/11906","targetHints":{"allow":["GET"]}}],"collection":[{"href":"https:\/\/meeplendice.net\/index.php?rest_route=\/wp\/v2\/pages"}],"about":[{"href":"https:\/\/meeplendice.net\/index.php?rest_route=\/wp\/v2\/types\/page"}],"author":[{"embeddable":true,"href":"https:\/\/meeplendice.net\/index.php?rest_route=\/wp\/v2\/users\/2"}],"replies":[{"embeddable":true,"href":"https:\/\/meeplendice.net\/index.php?rest_route=%2Fwp%2Fv2%2Fcomments&post=11906"}],"version-history":[{"count":4,"href":"https:\/\/meeplendice.net\/index.php?rest_route=\/wp\/v2\/pages\/11906\/revisions"}],"predecessor-version":[{"id":11911,"href":"https:\/\/meeplendice.net\/index.php?rest_route=\/wp\/v2\/pages\/11906\/revisions\/11911"}],"wp:featuredmedia":[{"embeddable":true,"href":"https:\/\/meeplendice.net\/index.php?rest_route=\/wp\/v2\/media\/11877"}],"wp:attachment":[{"href":"https:\/\/meeplendice.net\/index.php?rest_route=%2Fwp%2Fv2%2Fmedia&parent=11906"}],"curies":[{"name":"wp","href":"https:\/\/api.w.org\/{rel}","templated":true}]}}