{"id":11934,"date":"2024-03-31T13:51:39","date_gmt":"2024-03-31T12:51:39","guid":{"rendered":"https:\/\/meeplendice.net\/?page_id=11934"},"modified":"2024-03-31T13:57:20","modified_gmt":"2024-03-31T12:57:20","slug":"planet-b","status":"publish","type":"page","link":"https:\/\/meeplendice.net\/?page_id=11934","title":{"rendered":"Planet B"},"content":{"rendered":"<div id=\"pl-11934\"  class=\"panel-layout\" ><div id=\"pg-11934-0\"  class=\"panel-grid panel-no-style\" ><div id=\"pgc-11934-0-0\"  class=\"panel-grid-cell\" ><div id=\"panel-11934-0-0-0\" class=\"so-panel widget widget_sow-editor panel-first-child panel-last-child\" data-index=\"0\" ><div\n\t\t\t\n\t\t\tclass=\"so-widget-sow-editor so-widget-sow-editor-base\"\n\t\t\t\n\t\t>\n<div class=\"siteorigin-widget-tinymce textwidget\">\n\t<p style=\"text-align: center;\"><strong>Nombre de joueurs :<\/strong><br \/>\n2 - 4<\/p>\n<\/div>\n<\/div><\/div><\/div><div id=\"pgc-11934-0-1\"  class=\"panel-grid-cell\" ><div id=\"panel-11934-0-1-0\" class=\"so-panel widget widget_sow-editor panel-first-child panel-last-child\" data-index=\"1\" ><div\n\t\t\t\n\t\t\tclass=\"so-widget-sow-editor so-widget-sow-editor-base\"\n\t\t\t\n\t\t>\n<div class=\"siteorigin-widget-tinymce textwidget\">\n\t<p style=\"text-align: center;\"><strong>Dur\u00e9e moyenne :<\/strong><br \/>\n240 min<\/p>\n<\/div>\n<\/div><\/div><\/div><div id=\"pgc-11934-0-2\"  class=\"panel-grid-cell\" ><div id=\"panel-11934-0-2-0\" class=\"so-panel widget widget_sow-editor panel-first-child panel-last-child\" data-index=\"2\" ><div\n\t\t\t\n\t\t\tclass=\"so-widget-sow-editor so-widget-sow-editor-base\"\n\t\t\t\n\t\t>\n<div class=\"siteorigin-widget-tinymce textwidget\">\n\t<p style=\"text-align: center;\"><strong>Age :<\/strong><br \/>\n14 ans et plus<\/p>\n<\/div>\n<\/div><\/div><\/div><\/div><div id=\"pg-11934-1\"  class=\"panel-grid panel-no-style\" ><div id=\"pgc-11934-1-0\"  class=\"panel-grid-cell\" ><div id=\"panel-11934-1-0-0\" class=\"so-panel widget widget_sow-editor panel-first-child panel-last-child\" data-index=\"3\" ><div\n\t\t\t\n\t\t\tclass=\"so-widget-sow-editor so-widget-sow-editor-base\"\n\t\t\t\n\t\t>\n<div class=\"siteorigin-widget-tinymce textwidget\">\n\t<p style=\"text-align: center;\"><strong>Auteur(s) :<br \/>\n<\/strong><span class=\"data-siloing\" title=\"D\u00e9couvrez tous ces jeux\" data-siloing=\"https:\/\/www.philibertnet.com\/fr\/recherche?feature=31&amp;feature_value=Johannes Natterer\">Johannes Natterer<\/span><\/p>\n<\/div>\n<\/div><\/div><\/div><div id=\"pgc-11934-1-1\"  class=\"panel-grid-cell\" ><div id=\"panel-11934-1-1-0\" class=\"so-panel widget widget_sow-editor panel-first-child panel-last-child\" data-index=\"4\" ><div\n\t\t\t\n\t\t\tclass=\"so-widget-sow-editor so-widget-sow-editor-base\"\n\t\t\t\n\t\t>\n<div class=\"siteorigin-widget-tinymce textwidget\">\n\t<p style=\"text-align: center;\"><strong>Illustrations :<\/strong><br \/>\n<span class=\"data-siloing\" title=\"D\u00e9couvrez tous ces jeux\" data-siloing=\"https:\/\/www.philibertnet.com\/fr\/recherche?feature=41&amp;feature_value=Ingram Schell\">Ingram Schell<br \/>\n<\/span><span class=\"data-siloing\" title=\"Voir tous les jeux\" data-siloing=\"https:\/\/www.philibertnet.com\/fr\/recherche?feature=41&amp;feature_value=Marcel Gr\u00f6berDennis Lohausen\">Marcel Gr\u00f6ber<br \/>\nFelicia Fuchs<br \/>\nDennis Lohausen<br \/>\nFranz-Georg St\u00e4mmele<\/span><\/p>\n<\/div>\n<\/div><\/div><\/div><div id=\"pgc-11934-1-2\"  class=\"panel-grid-cell\" ><div id=\"panel-11934-1-2-0\" class=\"so-panel widget widget_sow-editor panel-first-child panel-last-child\" data-index=\"5\" ><div\n\t\t\t\n\t\t\tclass=\"so-widget-sow-editor so-widget-sow-editor-base\"\n\t\t\t\n\t\t>\n<div class=\"siteorigin-widget-tinymce textwidget\">\n\t<p style=\"text-align: center;\"><strong>\u00c9dition :<\/strong><br \/>\n<span class=\"data-siloing\" data-siloing=\" https:\/\/www.philibertnet.com\/fr\/2213_gate-on-games \">Hans im gluck<br \/>\n2022<\/span><\/p>\n<\/div>\n<\/div><\/div><\/div><div id=\"pgc-11934-1-3\"  class=\"panel-grid-cell\" ><div id=\"panel-11934-1-3-0\" class=\"so-panel widget widget_sow-editor panel-first-child panel-last-child\" data-index=\"6\" ><div\n\t\t\t\n\t\t\tclass=\"so-widget-sow-editor so-widget-sow-editor-base\"\n\t\t\t\n\t\t>\n<div class=\"siteorigin-widget-tinymce textwidget\">\n\t<p style=\"text-align: center;\"><strong>Version :<\/strong><br \/>\nFran\u00e7aise<\/p>\n<\/div>\n<\/div><\/div><\/div><\/div><div id=\"pg-11934-2\"  class=\"panel-grid panel-no-style\" ><div id=\"pgc-11934-2-0\"  class=\"panel-grid-cell\" ><div id=\"panel-11934-2-0-0\" class=\"so-panel widget widget_sow-editor panel-first-child panel-last-child\" data-index=\"7\" ><div\n\t\t\t\n\t\t\tclass=\"so-widget-sow-editor so-widget-sow-editor-base\"\n\t\t\t\n\t\t>\n<div class=\"siteorigin-widget-tinymce textwidget\">\n\t<hr \/>\n<p><em>La Terre, notre plan\u00e8te d'origine, fait partie de l'histoire ancienne.<\/em><\/p>\n<p><em>Les premi\u00e8res \u00e9preuves auxquelles nous d\u00fbmes faire face lors de l'installation de nos colonies sur Plane B aussi. Seul le Lama, compagnon id\u00e9al dans ce monde aride, nous rappelle les difficiles premiers pas de ce nouveau d\u00e9part.<\/em><\/p>\n<p><em>Nous avons atterri sur cette plan\u00e8te avec l'envie de b\u00e2tir un monde nouveau, plus \u00e9quitable que l'ancien. Secteurs \u00e9conomiques efficients, b\u00e2timents modernes et d\u00e9mocratie quasi-totale devaient en \u00eatre les piliers. Le Dodo n'\u00e9tait pas seulement le symbole du renouveau mais aussi celui d'une vie meilleure.<\/em><\/p>\n<p><em>Afin d'atteindre plus rapidement cette Age d'or, nous avons achet\u00e9 nos postes de gouverneurs. Mais nous avons malheureusement perdu de vue notre objectif id\u00e9aliste en cours de route et sommes devenus avides. D\u00e9sormais, les seuls int\u00e9r\u00eats qui nous passionnent sont ceux de nos comptes bancaires et l'accumulation toujours plus de pouvoir politique est devenue une fin en soir. Nous essayons de bien \u00e9videmment, de dissimuler cette r\u00e9alit\u00e9 \u00e0 nos concitoyens, car ce que nous voulons au fond, c'est obtenir le pouvoir ultime, celui de la Pr\u00e9sidence.<\/em><\/p>\n<p>Dans <em>Planet B, <\/em>vous incarnez des gouverneurs corrompus. Vous conclurez des accords tordus avec des multinationales afin d'imposer vos propres int\u00e9r\u00eats. Vous d\u00e9velopperez votre ville afin que la population soit ravie de travailler pour vous. Vous gagnerez l'estime des partis politiques, contr\u00f4lerez les m\u00e9dias, bref tout ce qui caract\u00e9rise une soci\u00e9t\u00e9 \u00e9panouie.<\/p>\n<p>Bien s\u00fbr, tout cela co\u00fbte cher, tr\u00e8s cher ! Dans la course aux \u00e9lections pr\u00e9sidentielles, il faudra vous assurer un maximum d'\u00e9lecteurs. Comme toujours, une seule chose compte vraiment : comment r\u00e9ussir \u00e0 empocher le plus d'argent public ?<\/p>\n<\/div>\n<\/div><\/div><\/div><\/div><div id=\"pg-11934-3\"  class=\"panel-grid panel-no-style\" ><div id=\"pgc-11934-3-0\"  class=\"panel-grid-cell\" ><div id=\"panel-11934-3-0-0\" class=\"so-panel widget widget_sow-editor panel-first-child panel-last-child\" data-index=\"8\" ><div\n\t\t\t\n\t\t\tclass=\"so-widget-sow-editor so-widget-sow-editor-base\"\n\t\t\t\n\t\t>\n<div class=\"siteorigin-widget-tinymce textwidget\">\n\t<hr \/>\n<h3 style=\"text-align: center;\">En vid\u00e9o<\/h3>\n<\/div>\n<\/div><\/div><\/div><\/div><div id=\"pg-11934-4\"  class=\"panel-grid panel-no-style\" ><div id=\"pgc-11934-4-0\"  class=\"panel-grid-cell\" ><div id=\"panel-11934-4-0-0\" class=\"so-panel widget widget_sow-editor panel-first-child panel-last-child\" data-index=\"9\" ><div\n\t\t\t\n\t\t\tclass=\"so-widget-sow-editor so-widget-sow-editor-base\"\n\t\t\t\n\t\t>\n<div class=\"siteorigin-widget-tinymce textwidget\">\n\t<hr \/>\n<h3 style=\"text-align: center;\">Pour aller plus loin<\/h3>\n<\/div>\n<\/div><\/div><\/div><\/div><\/div>","protected":false},"excerpt":{"rendered":"<p>Nombre de joueurs : 2 &#8211; 4 Dur\u00e9e moyenne : 240 min Age : 14 ans et plus Auteur(s) : Johannes Natterer Illustrations : Ingram Schell Marcel Gr\u00f6ber Felicia Fuchs Dennis Lohausen Franz-Georg St\u00e4mmele \u00c9dition : Hans im gluck 2022 Version : Fran\u00e7aise<\/p>\n","protected":false},"author":2,"featured_media":11871,"parent":0,"menu_order":0,"comment_status":"closed","ping_status":"closed","template":"","meta":{"footnotes":""},"class_list":["post-11934","page","type-page","status-publish","has-post-thumbnail","hentry"],"acf":[],"rttpg_featured_image_url":{"full":["https:\/\/meeplendice.net\/wp-content\/uploads\/2024\/03\/PlanetB.png",350,350,false],"landscape":["https:\/\/meeplendice.net\/wp-content\/uploads\/2024\/03\/PlanetB.png",350,350,false],"portraits":["https:\/\/meeplendice.net\/wp-content\/uploads\/2024\/03\/PlanetB.png",350,350,false],"thumbnail":["https:\/\/meeplendice.net\/wp-content\/uploads\/2024\/03\/PlanetB-150x150.png",150,150,true],"medium":["https:\/\/meeplendice.net\/wp-content\/uploads\/2024\/03\/PlanetB-300x300.png",300,300,true],"large":["https:\/\/meeplendice.net\/wp-content\/uploads\/2024\/03\/PlanetB.png",350,350,false],"ug_big":["https:\/\/meeplendice.net\/wp-content\/uploads\/2024\/03\/PlanetB.png",350,350,false],"1536x1536":["https:\/\/meeplendice.net\/wp-content\/uploads\/2024\/03\/PlanetB.png",350,350,false],"2048x2048":["https:\/\/meeplendice.net\/wp-content\/uploads\/2024\/03\/PlanetB.png",350,350,false],"ashe-slider-grid-thumbnail":["https:\/\/meeplendice.net\/wp-content\/uploads\/2024\/03\/PlanetB.png",350,350,false],"ashe-full-thumbnail":["https:\/\/meeplendice.net\/wp-content\/uploads\/2024\/03\/PlanetB.png",350,350,false],"ashe-grid-thumbnail":["https:\/\/meeplendice.net\/wp-content\/uploads\/2024\/03\/PlanetB-350x330.png",350,330,true],"ashe-list-thumbnail":["https:\/\/meeplendice.net\/wp-content\/uploads\/2024\/03\/PlanetB-300x300.png",300,300,true],"ashe-single-navigation":["https:\/\/meeplendice.net\/wp-content\/uploads\/2024\/03\/PlanetB-75x75.png",75,75,true],"mailpoet_newsletter_max":["https:\/\/meeplendice.net\/wp-content\/uploads\/2024\/03\/PlanetB.png",350,350,false],"rpwe-thumbnail":["https:\/\/meeplendice.net\/wp-content\/uploads\/2024\/03\/PlanetB-45x45.png",45,45,true],"sow-carousel-default":["https:\/\/meeplendice.net\/wp-content\/uploads\/2024\/03\/PlanetB-272x182.png",272,182,true],"rt_custom":["https:\/\/meeplendice.net\/wp-content\/uploads\/2024\/03\/PlanetB.png",350,350,false]},"rttpg_author":{"display_name":"Karnby","author_link":"https:\/\/meeplendice.net\/?author=2"},"rttpg_comment":0,"rttpg_category":null,"rttpg_excerpt":"Nombre de joueurs : 2 - 4 Dur\u00e9e moyenne : 240 min Age : 14 ans et plus Auteur(s) : Johannes Natterer Illustrations : Ingram Schell Marcel Gr\u00f6ber Felicia Fuchs Dennis Lohausen Franz-Georg St\u00e4mmele \u00c9dition : Hans im gluck 2022 Version : Fran\u00e7aise","_links":{"self":[{"href":"https:\/\/meeplendice.net\/index.php?rest_route=\/wp\/v2\/pages\/11934","targetHints":{"allow":["GET"]}}],"collection":[{"href":"https:\/\/meeplendice.net\/index.php?rest_route=\/wp\/v2\/pages"}],"about":[{"href":"https:\/\/meeplendice.net\/index.php?rest_route=\/wp\/v2\/types\/page"}],"author":[{"embeddable":true,"href":"https:\/\/meeplendice.net\/index.php?rest_route=\/wp\/v2\/users\/2"}],"replies":[{"embeddable":true,"href":"https:\/\/meeplendice.net\/index.php?rest_route=%2Fwp%2Fv2%2Fcomments&post=11934"}],"version-history":[{"count":2,"href":"https:\/\/meeplendice.net\/index.php?rest_route=\/wp\/v2\/pages\/11934\/revisions"}],"predecessor-version":[{"id":11936,"href":"https:\/\/meeplendice.net\/index.php?rest_route=\/wp\/v2\/pages\/11934\/revisions\/11936"}],"wp:featuredmedia":[{"embeddable":true,"href":"https:\/\/meeplendice.net\/index.php?rest_route=\/wp\/v2\/media\/11871"}],"wp:attachment":[{"href":"https:\/\/meeplendice.net\/index.php?rest_route=%2Fwp%2Fv2%2Fmedia&parent=11934"}],"curies":[{"name":"wp","href":"https:\/\/api.w.org\/{rel}","templated":true}]}}