{"id":11966,"date":"2024-03-31T16:45:37","date_gmt":"2024-03-31T15:45:37","guid":{"rendered":"https:\/\/meeplendice.net\/?page_id=11966"},"modified":"2025-12-02T18:32:58","modified_gmt":"2025-12-02T16:32:58","slug":"mycelia","status":"publish","type":"page","link":"https:\/\/meeplendice.net\/?page_id=11966","title":{"rendered":"Mycelia"},"content":{"rendered":"<div id=\"pl-11966\"  class=\"panel-layout\" ><div id=\"pg-11966-0\"  class=\"panel-grid panel-no-style\" ><div id=\"pgc-11966-0-0\"  class=\"panel-grid-cell\" ><div id=\"panel-11966-0-0-0\" class=\"so-panel widget widget_sow-editor panel-first-child panel-last-child\" data-index=\"0\" ><div\n\t\t\t\n\t\t\tclass=\"so-widget-sow-editor so-widget-sow-editor-base\"\n\t\t\t\n\t\t>\n<div class=\"siteorigin-widget-tinymce textwidget\">\n\t<p style=\"text-align: center;\"><strong>Nombre de joueurs :<\/strong><br \/>\n1 - 4<\/p>\n<\/div>\n<\/div><\/div><\/div><div id=\"pgc-11966-0-1\"  class=\"panel-grid-cell\" ><div id=\"panel-11966-0-1-0\" class=\"so-panel widget widget_sow-editor panel-first-child panel-last-child\" data-index=\"1\" ><div\n\t\t\t\n\t\t\tclass=\"so-widget-sow-editor so-widget-sow-editor-base\"\n\t\t\t\n\t\t>\n<div class=\"siteorigin-widget-tinymce textwidget\">\n\t<p style=\"text-align: center;\"><strong>Dur\u00e9e moyenne :<\/strong><br \/>\n60 min<\/p>\n<\/div>\n<\/div><\/div><\/div><div id=\"pgc-11966-0-2\"  class=\"panel-grid-cell\" ><div id=\"panel-11966-0-2-0\" class=\"so-panel widget widget_sow-editor panel-first-child panel-last-child\" data-index=\"2\" ><div\n\t\t\t\n\t\t\tclass=\"so-widget-sow-editor so-widget-sow-editor-base\"\n\t\t\t\n\t\t>\n<div class=\"siteorigin-widget-tinymce textwidget\">\n\t<p style=\"text-align: center;\"><strong>Age :<\/strong><br \/>\n9 ans et plus<\/p>\n<\/div>\n<\/div><\/div><\/div><\/div><div id=\"pg-11966-1\"  class=\"panel-grid panel-no-style\" ><div id=\"pgc-11966-1-0\"  class=\"panel-grid-cell\" ><div id=\"panel-11966-1-0-0\" class=\"so-panel widget widget_sow-editor panel-first-child panel-last-child\" data-index=\"3\" ><div\n\t\t\t\n\t\t\tclass=\"so-widget-sow-editor so-widget-sow-editor-base\"\n\t\t\t\n\t\t>\n<div class=\"siteorigin-widget-tinymce textwidget\">\n\t<p style=\"text-align: center;\"><strong>Auteur(s) :<br \/>\n<\/strong><span class=\"data-siloing\" title=\"D\u00e9couvrez tous ces jeux\" data-siloing=\"https:\/\/www.philibertnet.com\/fr\/recherche?feature=31&amp;feature_value=Daniel Greiner\">Daniel Greiner<\/span><\/p>\n<\/div>\n<\/div><\/div><\/div><div id=\"pgc-11966-1-1\"  class=\"panel-grid-cell\" ><div id=\"panel-11966-1-1-0\" class=\"so-panel widget widget_sow-editor panel-first-child panel-last-child\" data-index=\"4\" ><div\n\t\t\t\n\t\t\tclass=\"so-widget-sow-editor so-widget-sow-editor-base\"\n\t\t\t\n\t\t>\n<div class=\"siteorigin-widget-tinymce textwidget\">\n\t<p style=\"text-align: center;\"><strong>Illustrations :<\/strong><br \/>\n<span class=\"data-siloing\" title=\"D\u00e9couvrez tous ces jeux\" data-siloing=\"https:\/\/www.philibertnet.com\/fr\/recherche?feature=41&amp;feature_value=Justin Chan\">Justin Chan<\/span><\/p>\n<\/div>\n<\/div><\/div><\/div><div id=\"pgc-11966-1-2\"  class=\"panel-grid-cell\" ><div id=\"panel-11966-1-2-0\" class=\"so-panel widget widget_sow-editor panel-first-child panel-last-child\" data-index=\"5\" ><div\n\t\t\t\n\t\t\tclass=\"so-widget-sow-editor so-widget-sow-editor-base\"\n\t\t\t\n\t\t>\n<div class=\"siteorigin-widget-tinymce textwidget\">\n\t<p style=\"text-align: center;\"><strong>\u00c9dition :<\/strong><br \/>\n<span class=\"data-siloing\" data-siloing=\" https:\/\/www.philibertnet.com\/fr\/2213_gate-on-games \">Ravensburger<br \/>\n2023<\/span><\/p>\n<\/div>\n<\/div><\/div><\/div><div id=\"pgc-11966-1-3\"  class=\"panel-grid-cell\" ><div id=\"panel-11966-1-3-0\" class=\"so-panel widget widget_sow-editor panel-first-child panel-last-child\" data-index=\"6\" ><div\n\t\t\t\n\t\t\tclass=\"so-widget-sow-editor so-widget-sow-editor-base\"\n\t\t\t\n\t\t>\n<div class=\"siteorigin-widget-tinymce textwidget\">\n\t<p style=\"text-align: center;\"><strong>Version :<\/strong><br \/>\nFran\u00e7aise<\/p>\n<\/div>\n<\/div><\/div><\/div><\/div><div id=\"pg-11966-2\"  class=\"panel-grid panel-no-style\" ><div id=\"pgc-11966-2-0\"  class=\"panel-grid-cell\" ><div id=\"panel-11966-2-0-0\" class=\"so-panel widget widget_sow-editor panel-first-child panel-last-child\" data-index=\"7\" ><div\n\t\t\t\n\t\t\tclass=\"so-widget-sow-editor so-widget-sow-editor-base\"\n\t\t\t\n\t\t>\n<div class=\"siteorigin-widget-tinymce textwidget\">\n\t<hr \/>\n<p>Plongez dans le monde fantastique de Mycelia.<\/p>\n<p>Apportez les gouttes de ros\u00e9e de votre for\u00eat jusqu'au Sanctuaire de la Vie et obtenez la protection de la d\u00e9esse des Bois.<br \/>\nQui remplira sa mission le premier ?<\/p>\n<p>Pour cela, il vous faut obtenir l'aide des myst\u00e9rieux et h\u00e9ro\u00efques \u00eatres de la for\u00eat, qui, sous la forme de cartes, vous aideront \u00e0 am\u00e9liorer votre deck et \u00e0 ainsi b\u00e9n\u00e9ficier de meilleures capacit\u00e9s personnelles.<\/p>\n<p>Le premier d'entre vous qui r\u00e9ussira \u00e0 vider enti\u00e8rement son plateau de ses gouttes de ros\u00e9e gagnera la b\u00e9n\u00e9diction de la d\u00e9esse es Bois... et la partie.<\/p>\n<\/div>\n<\/div><\/div><\/div><\/div><div id=\"pg-11966-3\"  class=\"panel-grid panel-no-style\" ><div id=\"pgc-11966-3-0\"  class=\"panel-grid-cell\" ><div id=\"panel-11966-3-0-0\" class=\"so-panel widget widget_sow-editor panel-first-child panel-last-child\" data-index=\"8\" ><div\n\t\t\t\n\t\t\tclass=\"so-widget-sow-editor so-widget-sow-editor-base\"\n\t\t\t\n\t\t>\n<div class=\"siteorigin-widget-tinymce textwidget\">\n\t<hr \/>\n<h3 style=\"text-align: center;\">En vid\u00e9o<\/h3>\n<p><a href=\"https:\/\/www.youtube.com\/watch?v=tj16K-LoelU&amp;ab_channel=TUJOUESOUQUOI%21%21%21\" target=\"_blank\" rel=\"noopener\"><img loading=\"lazy\" decoding=\"async\" class=\"alignnone size-full wp-image-9090\" src=\"https:\/\/meeplendice.net\/wp-content\/uploads\/2022\/01\/Link_CJ_v2.png\" alt=\"\" width=\"200\" height=\"170\" \/><\/a><\/p>\n<\/div>\n<\/div><\/div><\/div><\/div><div id=\"pg-11966-4\"  class=\"panel-grid panel-no-style\" ><div id=\"pgc-11966-4-0\"  class=\"panel-grid-cell\" ><div id=\"panel-11966-4-0-0\" class=\"so-panel widget widget_sow-editor panel-first-child panel-last-child\" data-index=\"9\" ><div\n\t\t\t\n\t\t\tclass=\"so-widget-sow-editor so-widget-sow-editor-base\"\n\t\t\t\n\t\t>\n<div class=\"siteorigin-widget-tinymce textwidget\">\n\t<hr \/>\n<h3 style=\"text-align: center;\">Extension(s)<\/h3>\n<style type='text\/css' media='all'>#rt-tpg-container-2540090047 .read-more a{border-radius:px;}#rt-tpg-container-2540090047 .rt-img-holder img.rt-img-responsive,#rt-tpg-container-2540090047 .rt-img-holder,\n\t\t\t\t\t#rt-tpg-container-2540090047 .rt-post-overlay .post-img,\n\t\t\t\t\t#rt-tpg-container-2540090047 .post-sm .post-img,\n\t\t\t\t\t#rt-tpg-container-2540090047 .rt-post-grid .post-img,\n\t\t\t\t\t#rt-tpg-container-2540090047 .post-img img {border-radius:px;}#rt-tpg-container-2540090047 .layout9 .rt-holder h2.entry-title,\n\t\t\t\t\t#rt-tpg-container-2540090047 .layout9 .rt-holder h3.entry-title,\n\t\t\t\t\t#rt-tpg-container-2540090047 .layout9 .rt-holder h4.entry-title,\n\t\t\t\t\t#rt-tpg-container-2540090047 .layout9 .rt-holder h2.entry-title a,\n\t\t\t\t\t#rt-tpg-container-2540090047 .layout9 .rt-holder h3.entry-title a,\n\t\t\t\t\t#rt-tpg-container-2540090047 .layout9 .rt-holder h4.entry-title a,\n\t\t\t\t\t#rt-tpg-container-2540090047 .rt-holder .rt-woo-info h2 a,\n\t\t\t\t\t#rt-tpg-container-2540090047 .rt-holder .rt-woo-info h3 a,\n\t\t\t\t\t#rt-tpg-container-2540090047 .rt-holder .rt-woo-info h4 a,\n\t\t\t\t\t#rt-tpg-container-2540090047 .post-content .post-title,\n\t\t\t\t\t#rt-tpg-container-2540090047 .rt-post-grid .post-title,\n\t\t\t\t\t#rt-tpg-container-2540090047 .rt-post-grid .post-title a,\n\t\t\t\t\t#rt-tpg-container-2540090047 .post-content .post-title a,\n\t\t\t\t\t#rt-tpg-container-2540090047 .rt-holder .rt-woo-info h2,\n\t\t\t\t\t#rt-tpg-container-2540090047 .rt-holder .rt-woo-info h3,\n\t\t\t\t\t#rt-tpg-container-2540090047 .rt-holder .rt-woo-info h4{font-size:16px;line-height:26px;font-weight:normal;text-align:center;}#rt-tpg-container-2540090047 .post-grid-lg-style-1 .post-title,\n\t\t\t\t\t\t#rt-tpg-container-2540090047 .post-grid-lg-style-1 .post-title a,\n\t\t\t\t\t\t#rt-tpg-container-2540090047 .big-layout .post-title,\n\t\t\t\t\t\t#rt-tpg-container-2540090047 .big-layout .post-title a,\n\t\t\t\t\t\t#rt-tpg-container-2540090047 .post-grid-lg-style-1 .post-title,\n\t\t\t\t\t\t#rt-tpg-container-2540090047 .post-grid-lg-style-1 .post-title a {font-size:24px;line-height:34px;}<\/style><div class='rt-container-fluid rt-tpg-container tpg-shortcode-main-wrapper ' id='rt-tpg-container-2540090047'   data-layout='layout9' data-grid-style='masonry' data-desktop-col='3'  data-tab-col='2'  data-mobile-col='1' data-sc-id='13580'><div data-title='Loading ...' class='rt-row rt-content-loader   layout9 tpg-masonry '><div class=\"rt-col-md-4 rt-col-sm-6 rt-col-xs-12 masonry-grid-item rt-grid-item img_zoom_in\" data-id=\"13577\"><div class=\"rt-holder\"><div class='overlay'><a data-id='13577' class=' tpg-single-popup' href='https:\/\/meeplendice.net\/?page_id=13577'><img loading=\"lazy\" decoding=\"async\" width=\"350\" height=\"350\" src=\"https:\/\/meeplendice.net\/wp-content\/uploads\/2025\/12\/Mycelia_Prisma.png\" class=\"rt-img-responsive \" alt=\"\" \/><\/a><\/div><div class='post-info'><h3 class=\"entry-title\"><a data-id=\"13577\" class=\" tpg-single-popup\" href=\"https:\/\/meeplendice.net\/?page_id=13577\">Prisma<\/a><\/h3><div class='post-meta-user '><\/div><\/div><\/div><\/div><\/div><div class='rt-pagination-wrap' data-total-pages='1' data-posts-per-page='3' data-type='pagination_ajax'  ><div class='rt-page-numbers'><\/div><\/div><\/div>\n<p>&nbsp;<\/p>\n<\/div>\n<\/div><\/div><\/div><\/div><div id=\"pg-11966-5\"  class=\"panel-grid panel-no-style\" ><div id=\"pgc-11966-5-0\"  class=\"panel-grid-cell\" ><div id=\"panel-11966-5-0-0\" class=\"so-panel widget widget_sow-editor panel-first-child panel-last-child\" data-index=\"10\" ><div\n\t\t\t\n\t\t\tclass=\"so-widget-sow-editor so-widget-sow-editor-base\"\n\t\t\t\n\t\t>\n<div class=\"siteorigin-widget-tinymce textwidget\">\n\t<hr \/>\n<h3 style=\"text-align: center;\">Pour aller plus loin<\/h3>\n<\/div>\n<\/div><\/div><\/div><\/div><\/div>","protected":false},"excerpt":{"rendered":"<p>Nombre de joueurs : 1 &#8211; 4 Dur\u00e9e moyenne : 60 min Age : 9 ans et plus Auteur(s) : Daniel Greiner Illustrations : Justin Chan \u00c9dition : Ravensburger 2023 Version : Fran\u00e7aise<\/p>\n","protected":false},"author":2,"featured_media":11950,"parent":0,"menu_order":0,"comment_status":"closed","ping_status":"closed","template":"","meta":{"footnotes":""},"class_list":["post-11966","page","type-page","status-publish","has-post-thumbnail","hentry"],"acf":[],"rttpg_featured_image_url":{"full":["https:\/\/meeplendice.net\/wp-content\/uploads\/2024\/03\/Mycelia.png",350,350,false],"landscape":["https:\/\/meeplendice.net\/wp-content\/uploads\/2024\/03\/Mycelia.png",350,350,false],"portraits":["https:\/\/meeplendice.net\/wp-content\/uploads\/2024\/03\/Mycelia.png",350,350,false],"thumbnail":["https:\/\/meeplendice.net\/wp-content\/uploads\/2024\/03\/Mycelia-150x150.png",150,150,true],"medium":["https:\/\/meeplendice.net\/wp-content\/uploads\/2024\/03\/Mycelia-300x300.png",300,300,true],"large":["https:\/\/meeplendice.net\/wp-content\/uploads\/2024\/03\/Mycelia.png",350,350,false],"ug_big":["https:\/\/meeplendice.net\/wp-content\/uploads\/2024\/03\/Mycelia.png",350,350,false],"1536x1536":["https:\/\/meeplendice.net\/wp-content\/uploads\/2024\/03\/Mycelia.png",350,350,false],"2048x2048":["https:\/\/meeplendice.net\/wp-content\/uploads\/2024\/03\/Mycelia.png",350,350,false],"ashe-slider-grid-thumbnail":["https:\/\/meeplendice.net\/wp-content\/uploads\/2024\/03\/Mycelia.png",350,350,false],"ashe-full-thumbnail":["https:\/\/meeplendice.net\/wp-content\/uploads\/2024\/03\/Mycelia.png",350,350,false],"ashe-grid-thumbnail":["https:\/\/meeplendice.net\/wp-content\/uploads\/2024\/03\/Mycelia-350x330.png",350,330,true],"ashe-list-thumbnail":["https:\/\/meeplendice.net\/wp-content\/uploads\/2024\/03\/Mycelia-300x300.png",300,300,true],"ashe-single-navigation":["https:\/\/meeplendice.net\/wp-content\/uploads\/2024\/03\/Mycelia-75x75.png",75,75,true],"mailpoet_newsletter_max":["https:\/\/meeplendice.net\/wp-content\/uploads\/2024\/03\/Mycelia.png",350,350,false],"rpwe-thumbnail":["https:\/\/meeplendice.net\/wp-content\/uploads\/2024\/03\/Mycelia-45x45.png",45,45,true],"sow-carousel-default":["https:\/\/meeplendice.net\/wp-content\/uploads\/2024\/03\/Mycelia-272x182.png",272,182,true],"rt_custom":["https:\/\/meeplendice.net\/wp-content\/uploads\/2024\/03\/Mycelia.png",350,350,false]},"rttpg_author":{"display_name":"Karnby","author_link":"https:\/\/meeplendice.net\/?author=2"},"rttpg_comment":0,"rttpg_category":null,"rttpg_excerpt":"Nombre de joueurs : 1 - 4 Dur\u00e9e moyenne : 60 min Age : 9 ans et plus Auteur(s) : Daniel Greiner Illustrations : Justin Chan \u00c9dition : Ravensburger 2023 Version : Fran\u00e7aise","_links":{"self":[{"href":"https:\/\/meeplendice.net\/index.php?rest_route=\/wp\/v2\/pages\/11966","targetHints":{"allow":["GET"]}}],"collection":[{"href":"https:\/\/meeplendice.net\/index.php?rest_route=\/wp\/v2\/pages"}],"about":[{"href":"https:\/\/meeplendice.net\/index.php?rest_route=\/wp\/v2\/types\/page"}],"author":[{"embeddable":true,"href":"https:\/\/meeplendice.net\/index.php?rest_route=\/wp\/v2\/users\/2"}],"replies":[{"embeddable":true,"href":"https:\/\/meeplendice.net\/index.php?rest_route=%2Fwp%2Fv2%2Fcomments&post=11966"}],"version-history":[{"count":4,"href":"https:\/\/meeplendice.net\/index.php?rest_route=\/wp\/v2\/pages\/11966\/revisions"}],"predecessor-version":[{"id":13582,"href":"https:\/\/meeplendice.net\/index.php?rest_route=\/wp\/v2\/pages\/11966\/revisions\/13582"}],"wp:featuredmedia":[{"embeddable":true,"href":"https:\/\/meeplendice.net\/index.php?rest_route=\/wp\/v2\/media\/11950"}],"wp:attachment":[{"href":"https:\/\/meeplendice.net\/index.php?rest_route=%2Fwp%2Fv2%2Fmedia&parent=11966"}],"curies":[{"name":"wp","href":"https:\/\/api.w.org\/{rel}","templated":true}]}}