{"id":11979,"date":"2024-03-31T18:29:43","date_gmt":"2024-03-31T17:29:43","guid":{"rendered":"https:\/\/meeplendice.net\/?page_id=11979"},"modified":"2024-03-31T19:51:14","modified_gmt":"2024-03-31T18:51:14","slug":"tiny-epic-vikings","status":"publish","type":"page","link":"https:\/\/meeplendice.net\/?page_id=11979","title":{"rendered":"Tiny Epic Vikings"},"content":{"rendered":"<div id=\"pl-11979\"  class=\"panel-layout\" ><div id=\"pg-11979-0\"  class=\"panel-grid panel-no-style\" ><div id=\"pgc-11979-0-0\"  class=\"panel-grid-cell\" ><div id=\"panel-11979-0-0-0\" class=\"so-panel widget widget_sow-editor panel-first-child panel-last-child\" data-index=\"0\" ><div\n\t\t\t\n\t\t\tclass=\"so-widget-sow-editor so-widget-sow-editor-base\"\n\t\t\t\n\t\t>\n<div class=\"siteorigin-widget-tinymce textwidget\">\n\t<p style=\"text-align: center;\"><strong>Nombre de joueurs :<\/strong><br \/>\n1 - 4<\/p>\n<\/div>\n<\/div><\/div><\/div><div id=\"pgc-11979-0-1\"  class=\"panel-grid-cell\" ><div id=\"panel-11979-0-1-0\" class=\"so-panel widget widget_sow-editor panel-first-child panel-last-child\" data-index=\"1\" ><div\n\t\t\t\n\t\t\tclass=\"so-widget-sow-editor so-widget-sow-editor-base\"\n\t\t\t\n\t\t>\n<div class=\"siteorigin-widget-tinymce textwidget\">\n\t<p style=\"text-align: center;\"><strong>Dur\u00e9e moyenne :<\/strong><br \/>\n60 min<\/p>\n<\/div>\n<\/div><\/div><\/div><div id=\"pgc-11979-0-2\"  class=\"panel-grid-cell\" ><div id=\"panel-11979-0-2-0\" class=\"so-panel widget widget_sow-editor panel-first-child panel-last-child\" data-index=\"2\" ><div\n\t\t\t\n\t\t\tclass=\"so-widget-sow-editor so-widget-sow-editor-base\"\n\t\t\t\n\t\t>\n<div class=\"siteorigin-widget-tinymce textwidget\">\n\t<p style=\"text-align: center;\"><strong>Age :<\/strong><br \/>\n14 ans et plus<\/p>\n<\/div>\n<\/div><\/div><\/div><\/div><div id=\"pg-11979-1\"  class=\"panel-grid panel-no-style\" ><div id=\"pgc-11979-1-0\"  class=\"panel-grid-cell\" ><div id=\"panel-11979-1-0-0\" class=\"so-panel widget widget_sow-editor panel-first-child panel-last-child\" data-index=\"3\" ><div\n\t\t\t\n\t\t\tclass=\"so-widget-sow-editor so-widget-sow-editor-base\"\n\t\t\t\n\t\t>\n<div class=\"siteorigin-widget-tinymce textwidget\">\n\t<p style=\"text-align: center;\"><strong>Auteur(s) :<br \/>\n<\/strong>Scott Almes<\/p>\n<\/div>\n<\/div><\/div><\/div><div id=\"pgc-11979-1-1\"  class=\"panel-grid-cell\" ><div id=\"panel-11979-1-1-0\" class=\"so-panel widget widget_sow-editor panel-first-child panel-last-child\" data-index=\"4\" ><div\n\t\t\t\n\t\t\tclass=\"so-widget-sow-editor so-widget-sow-editor-base\"\n\t\t\t\n\t\t>\n<div class=\"siteorigin-widget-tinymce textwidget\">\n\t<p style=\"text-align: center;\"><strong>Illustrations :<\/strong><br \/>\n<span class=\"data-siloing\" title=\"Voir tous les jeux\" data-siloing=\"https:\/\/www.philibertnet.com\/fr\/recherche?feature=41&amp;feature_value=Nikoletta Vaszi\">Nikoletta Vaszi<\/span><\/p>\n<\/div>\n<\/div><\/div><\/div><div id=\"pgc-11979-1-2\"  class=\"panel-grid-cell\" ><div id=\"panel-11979-1-2-0\" class=\"so-panel widget widget_sow-editor panel-first-child panel-last-child\" data-index=\"5\" ><div\n\t\t\t\n\t\t\tclass=\"so-widget-sow-editor so-widget-sow-editor-base\"\n\t\t\t\n\t\t>\n<div class=\"siteorigin-widget-tinymce textwidget\">\n\t<p style=\"text-align: center;\"><strong>\u00c9dition :<\/strong><br \/>\nPixie Games<br \/>\n2023<\/p>\n<\/div>\n<\/div><\/div><\/div><div id=\"pgc-11979-1-3\"  class=\"panel-grid-cell\" ><div id=\"panel-11979-1-3-0\" class=\"so-panel widget widget_sow-editor panel-first-child panel-last-child\" data-index=\"6\" ><div\n\t\t\t\n\t\t\tclass=\"so-widget-sow-editor so-widget-sow-editor-base\"\n\t\t\t\n\t\t>\n<div class=\"siteorigin-widget-tinymce textwidget\">\n\t<p style=\"text-align: center;\"><strong>Version :<\/strong><br \/>\nFran\u00e7aise<\/p>\n<\/div>\n<\/div><\/div><\/div><\/div><div id=\"pg-11979-2\"  class=\"panel-grid panel-no-style\" ><div id=\"pgc-11979-2-0\"  class=\"panel-grid-cell\" ><div id=\"panel-11979-2-0-0\" class=\"so-panel widget widget_sow-editor panel-first-child panel-last-child\" data-index=\"7\" ><div\n\t\t\t\n\t\t\tclass=\"so-widget-sow-editor so-widget-sow-editor-base\"\n\t\t\t\n\t\t>\n<div class=\"siteorigin-widget-tinymce textwidget\">\n\t<hr \/>\n<p><em>Dans les impitoyables Iles Runiques, les Vikings r\u00e8gnent en ma\u00eetre. Ces explorateurs d\u00e9termin\u00e9s naviguent au coeur des fjords glac\u00e9s, \u00e9tablissent des Colonies fertiles sur les escarpements rocheux et se battent pour la gloire de leurs clans dans le sang et pour l'acier. <\/em><\/p>\n<p><em>Seuls les Dieux sont au-dessus d'eux et le r\u00eave de chaque Viking est de servir sa divinit\u00e9 dans l'au-del\u00e0, le Valhalla.<\/em><\/p>\n<p>Dans <em>Tiny Epic Vikings,<\/em> prenez la t\u00eate d'un clan de Vikings et, au travers de 3 \u00e8res, nourrissez l'espoir d'assoir votre autorit\u00e9 sur les terres glac\u00e9es. Les cartes Viking repr\u00e9sentent les Jarls successifs de votre clan : jouez-les en choisissant les meilleurs b\u00e2tisseurs, r\u00e9colteurs, explorateurs et guerriers. Partez \u00e0 la conqu\u00eate des \u00eeles en les pillant avec vos Colons, construisez des Drakkars et des Temples pour gagner en influence et combattez pour obtenir la faveur des Dieux !<\/p>\n<\/div>\n<\/div><\/div><\/div><\/div><div id=\"pg-11979-3\"  class=\"panel-grid panel-no-style\" ><div id=\"pgc-11979-3-0\"  class=\"panel-grid-cell\" ><div id=\"panel-11979-3-0-0\" class=\"so-panel widget widget_sow-editor panel-first-child panel-last-child\" data-index=\"8\" ><div\n\t\t\t\n\t\t\tclass=\"so-widget-sow-editor so-widget-sow-editor-base\"\n\t\t\t\n\t\t>\n<div class=\"siteorigin-widget-tinymce textwidget\">\n\t<hr \/>\n<h3 style=\"text-align: center;\">En vid\u00e9o<\/h3>\n<\/div>\n<\/div><\/div><\/div><\/div><div id=\"pg-11979-4\"  class=\"panel-grid panel-no-style\" ><div id=\"pgc-11979-4-0\"  class=\"panel-grid-cell\" ><div id=\"panel-11979-4-0-0\" class=\"so-panel widget widget_sow-editor panel-first-child panel-last-child\" data-index=\"9\" ><div\n\t\t\t\n\t\t\tclass=\"so-widget-sow-editor so-widget-sow-editor-base\"\n\t\t\t\n\t\t>\n<div class=\"siteorigin-widget-tinymce textwidget\">\n\t<hr \/>\n<h3 style=\"text-align: center;\">Extension(s)<\/h3>\n<p style=\"text-align: center;\"><style type='text\/css' media='all'>#rt-tpg-container-2937139287 .read-more a{border-radius:px;}#rt-tpg-container-2937139287 .rt-img-holder img.rt-img-responsive,#rt-tpg-container-2937139287 .rt-img-holder,\n\t\t\t\t\t#rt-tpg-container-2937139287 .rt-post-overlay .post-img,\n\t\t\t\t\t#rt-tpg-container-2937139287 .post-sm .post-img,\n\t\t\t\t\t#rt-tpg-container-2937139287 .rt-post-grid .post-img,\n\t\t\t\t\t#rt-tpg-container-2937139287 .post-img img {border-radius:px;}#rt-tpg-container-2937139287 .layout9 .rt-holder h2.entry-title,\n\t\t\t\t\t#rt-tpg-container-2937139287 .layout9 .rt-holder h3.entry-title,\n\t\t\t\t\t#rt-tpg-container-2937139287 .layout9 .rt-holder h4.entry-title,\n\t\t\t\t\t#rt-tpg-container-2937139287 .layout9 .rt-holder h2.entry-title a,\n\t\t\t\t\t#rt-tpg-container-2937139287 .layout9 .rt-holder h3.entry-title a,\n\t\t\t\t\t#rt-tpg-container-2937139287 .layout9 .rt-holder h4.entry-title a,\n\t\t\t\t\t#rt-tpg-container-2937139287 .rt-holder .rt-woo-info h2 a,\n\t\t\t\t\t#rt-tpg-container-2937139287 .rt-holder .rt-woo-info h3 a,\n\t\t\t\t\t#rt-tpg-container-2937139287 .rt-holder .rt-woo-info h4 a,\n\t\t\t\t\t#rt-tpg-container-2937139287 .post-content .post-title,\n\t\t\t\t\t#rt-tpg-container-2937139287 .rt-post-grid .post-title,\n\t\t\t\t\t#rt-tpg-container-2937139287 .rt-post-grid .post-title a,\n\t\t\t\t\t#rt-tpg-container-2937139287 .post-content .post-title a,\n\t\t\t\t\t#rt-tpg-container-2937139287 .rt-holder .rt-woo-info h2,\n\t\t\t\t\t#rt-tpg-container-2937139287 .rt-holder .rt-woo-info h3,\n\t\t\t\t\t#rt-tpg-container-2937139287 .rt-holder .rt-woo-info h4{font-size:16px;line-height:26px;font-weight:normal;text-align:center;}#rt-tpg-container-2937139287 .post-grid-lg-style-1 .post-title,\n\t\t\t\t\t\t#rt-tpg-container-2937139287 .post-grid-lg-style-1 .post-title a,\n\t\t\t\t\t\t#rt-tpg-container-2937139287 .big-layout .post-title,\n\t\t\t\t\t\t#rt-tpg-container-2937139287 .big-layout .post-title a,\n\t\t\t\t\t\t#rt-tpg-container-2937139287 .post-grid-lg-style-1 .post-title,\n\t\t\t\t\t\t#rt-tpg-container-2937139287 .post-grid-lg-style-1 .post-title a {font-size:24px;line-height:34px;}<\/style><div class='rt-container-fluid rt-tpg-container tpg-shortcode-main-wrapper ' id='rt-tpg-container-2937139287'   data-layout='layout9' data-grid-style='masonry' data-desktop-col='3'  data-tab-col='2'  data-mobile-col='1' data-sc-id='12001'><div data-title='Loading ...' class='rt-row rt-content-loader   layout9 tpg-masonry '><div class=\"rt-col-md-4 rt-col-sm-6 rt-col-xs-12 masonry-grid-item rt-grid-item img_zoom_in\" data-id=\"11982\"><div class=\"rt-holder\"><div class='overlay'><a data-id='11982' class=' tpg-single-popup' href='https:\/\/meeplendice.net\/?page_id=11982'><img loading=\"lazy\" decoding=\"async\" width=\"350\" height=\"350\" src=\"https:\/\/meeplendice.net\/wp-content\/uploads\/2024\/03\/TEV_Ragnarok.png\" class=\"rt-img-responsive \" alt=\"\" \/><\/a><\/div><div class='post-info'><h3 class=\"entry-title\"><a data-id=\"11982\" class=\" tpg-single-popup\" href=\"https:\/\/meeplendice.net\/?page_id=11982\">Ragnarok<\/a><\/h3><div class='post-meta-user '><\/div><\/div><\/div><\/div><\/div><div class='rt-pagination-wrap' data-total-pages='1' data-posts-per-page='3' data-type='pagination_ajax'  ><div class='rt-page-numbers'><\/div><\/div><\/div><\/p>\n<\/div>\n<\/div><\/div><\/div><\/div><div id=\"pg-11979-5\"  class=\"panel-grid panel-no-style\" ><div id=\"pgc-11979-5-0\"  class=\"panel-grid-cell\" ><div id=\"panel-11979-5-0-0\" class=\"so-panel widget widget_sow-editor panel-first-child panel-last-child\" data-index=\"10\" ><div\n\t\t\t\n\t\t\tclass=\"so-widget-sow-editor so-widget-sow-editor-base\"\n\t\t\t\n\t\t>\n<div class=\"siteorigin-widget-tinymce textwidget\">\n\t<hr \/>\n<h3 style=\"text-align: center;\">Pour aller plus loin<\/h3>\n<p style=\"text-align: center;\">\n<\/div>\n<\/div><\/div><\/div><\/div><\/div>","protected":false},"excerpt":{"rendered":"<p>Nombre de joueurs : 1 &#8211; 4 Dur\u00e9e moyenne : 60 min Age : 14 ans et plus Auteur(s) : Scott Almes Illustrations : Nikoletta Vaszi \u00c9dition : Pixie Games 2023 Version : Fran\u00e7aise<\/p>\n","protected":false},"author":2,"featured_media":11862,"parent":0,"menu_order":0,"comment_status":"closed","ping_status":"closed","template":"","meta":{"footnotes":""},"class_list":["post-11979","page","type-page","status-publish","has-post-thumbnail","hentry"],"acf":[],"rttpg_featured_image_url":{"full":["https:\/\/meeplendice.net\/wp-content\/uploads\/2024\/03\/Tinyepicvikings.png",350,350,false],"landscape":["https:\/\/meeplendice.net\/wp-content\/uploads\/2024\/03\/Tinyepicvikings.png",350,350,false],"portraits":["https:\/\/meeplendice.net\/wp-content\/uploads\/2024\/03\/Tinyepicvikings.png",350,350,false],"thumbnail":["https:\/\/meeplendice.net\/wp-content\/uploads\/2024\/03\/Tinyepicvikings-150x150.png",150,150,true],"medium":["https:\/\/meeplendice.net\/wp-content\/uploads\/2024\/03\/Tinyepicvikings-300x300.png",300,300,true],"large":["https:\/\/meeplendice.net\/wp-content\/uploads\/2024\/03\/Tinyepicvikings.png",350,350,false],"ug_big":["https:\/\/meeplendice.net\/wp-content\/uploads\/2024\/03\/Tinyepicvikings.png",350,350,false],"1536x1536":["https:\/\/meeplendice.net\/wp-content\/uploads\/2024\/03\/Tinyepicvikings.png",350,350,false],"2048x2048":["https:\/\/meeplendice.net\/wp-content\/uploads\/2024\/03\/Tinyepicvikings.png",350,350,false],"ashe-slider-grid-thumbnail":["https:\/\/meeplendice.net\/wp-content\/uploads\/2024\/03\/Tinyepicvikings.png",350,350,false],"ashe-full-thumbnail":["https:\/\/meeplendice.net\/wp-content\/uploads\/2024\/03\/Tinyepicvikings.png",350,350,false],"ashe-grid-thumbnail":["https:\/\/meeplendice.net\/wp-content\/uploads\/2024\/03\/Tinyepicvikings-350x330.png",350,330,true],"ashe-list-thumbnail":["https:\/\/meeplendice.net\/wp-content\/uploads\/2024\/03\/Tinyepicvikings-300x300.png",300,300,true],"ashe-single-navigation":["https:\/\/meeplendice.net\/wp-content\/uploads\/2024\/03\/Tinyepicvikings-75x75.png",75,75,true],"mailpoet_newsletter_max":["https:\/\/meeplendice.net\/wp-content\/uploads\/2024\/03\/Tinyepicvikings.png",350,350,false],"rpwe-thumbnail":["https:\/\/meeplendice.net\/wp-content\/uploads\/2024\/03\/Tinyepicvikings-45x45.png",45,45,true],"sow-carousel-default":["https:\/\/meeplendice.net\/wp-content\/uploads\/2024\/03\/Tinyepicvikings-272x182.png",272,182,true],"rt_custom":["https:\/\/meeplendice.net\/wp-content\/uploads\/2024\/03\/Tinyepicvikings.png",350,350,false]},"rttpg_author":{"display_name":"Karnby","author_link":"https:\/\/meeplendice.net\/?author=2"},"rttpg_comment":0,"rttpg_category":null,"rttpg_excerpt":"Nombre de joueurs : 1 - 4 Dur\u00e9e moyenne : 60 min Age : 14 ans et plus Auteur(s) : Scott Almes Illustrations : Nikoletta Vaszi \u00c9dition : Pixie Games 2023 Version : Fran\u00e7aise","_links":{"self":[{"href":"https:\/\/meeplendice.net\/index.php?rest_route=\/wp\/v2\/pages\/11979","targetHints":{"allow":["GET"]}}],"collection":[{"href":"https:\/\/meeplendice.net\/index.php?rest_route=\/wp\/v2\/pages"}],"about":[{"href":"https:\/\/meeplendice.net\/index.php?rest_route=\/wp\/v2\/types\/page"}],"author":[{"embeddable":true,"href":"https:\/\/meeplendice.net\/index.php?rest_route=\/wp\/v2\/users\/2"}],"replies":[{"embeddable":true,"href":"https:\/\/meeplendice.net\/index.php?rest_route=%2Fwp%2Fv2%2Fcomments&post=11979"}],"version-history":[{"count":5,"href":"https:\/\/meeplendice.net\/index.php?rest_route=\/wp\/v2\/pages\/11979\/revisions"}],"predecessor-version":[{"id":12002,"href":"https:\/\/meeplendice.net\/index.php?rest_route=\/wp\/v2\/pages\/11979\/revisions\/12002"}],"wp:featuredmedia":[{"embeddable":true,"href":"https:\/\/meeplendice.net\/index.php?rest_route=\/wp\/v2\/media\/11862"}],"wp:attachment":[{"href":"https:\/\/meeplendice.net\/index.php?rest_route=%2Fwp%2Fv2%2Fmedia&parent=11979"}],"curies":[{"name":"wp","href":"https:\/\/api.w.org\/{rel}","templated":true}]}}