{"id":11982,"date":"2024-03-31T18:36:15","date_gmt":"2024-03-31T17:36:15","guid":{"rendered":"https:\/\/meeplendice.net\/?page_id=11982"},"modified":"2024-03-31T19:40:22","modified_gmt":"2024-03-31T18:40:22","slug":"ragnarok","status":"publish","type":"page","link":"https:\/\/meeplendice.net\/?page_id=11982","title":{"rendered":"Ragnarok"},"content":{"rendered":"<p>Il s&rsquo;agit bien de la fin du monde, le \u00a0\u00bb Ragnarok \u00a0\u00bb !<br \/>\nLa mer dans le Nord Mordant est totalement prise par les glaces et les G\u00e9ants de J\u00f6tunheim d\u00e9vastent les Iles Runiques. Le pouvoir des Dieux s&rsquo;amenuise et ils sont pour le moins&#8230; furieux.<\/p>\n<p>Dans un ultime effort, ils ont d\u00e9ploy\u00e9 leurs Valkyries, les guerri\u00e8res ail\u00e9es d&rsquo;Asgard, pour aider les Vikings, simples mortels, \u00e0 exterminer le fl\u00e9au que repr\u00e9sentent les G\u00e9ants. Chaque vrai Viking sait que donner sa vie pour abattre un G\u00e9ant honore son clan.<\/p>\n","protected":false},"excerpt":{"rendered":"<p>Il s&rsquo;agit bien de la fin du monde, le \u00a0\u00bb Ragnarok \u00a0\u00bb ! La mer dans le Nord Mordant est totalement prise par les glaces et les G\u00e9ants de J\u00f6tunheim d\u00e9vastent les Iles Runiques. Le pouvoir des Dieux s&rsquo;amenuise et ils sont pour le moins&#8230; furieux. Dans un ultime effort, ils ont d\u00e9ploy\u00e9 leurs Valkyries, les guerri\u00e8res ail\u00e9es d&rsquo;Asgard, pour aider les Vikings, simples mortels, \u00e0 exterminer le fl\u00e9au que repr\u00e9sentent les G\u00e9ants. Chaque vrai Viking sait que donner sa vie pour abattre un G\u00e9ant honore son clan.<\/p>\n","protected":false},"author":2,"featured_media":11992,"parent":11979,"menu_order":1,"comment_status":"closed","ping_status":"closed","template":"","meta":{"footnotes":""},"class_list":["post-11982","page","type-page","status-publish","has-post-thumbnail","hentry"],"acf":[],"rttpg_featured_image_url":{"full":["https:\/\/meeplendice.net\/wp-content\/uploads\/2024\/03\/TEV_Ragnarok.png",350,350,false],"landscape":["https:\/\/meeplendice.net\/wp-content\/uploads\/2024\/03\/TEV_Ragnarok.png",350,350,false],"portraits":["https:\/\/meeplendice.net\/wp-content\/uploads\/2024\/03\/TEV_Ragnarok.png",350,350,false],"thumbnail":["https:\/\/meeplendice.net\/wp-content\/uploads\/2024\/03\/TEV_Ragnarok-150x150.png",150,150,true],"medium":["https:\/\/meeplendice.net\/wp-content\/uploads\/2024\/03\/TEV_Ragnarok-300x300.png",300,300,true],"large":["https:\/\/meeplendice.net\/wp-content\/uploads\/2024\/03\/TEV_Ragnarok.png",350,350,false],"ug_big":["https:\/\/meeplendice.net\/wp-content\/uploads\/2024\/03\/TEV_Ragnarok.png",350,350,false],"1536x1536":["https:\/\/meeplendice.net\/wp-content\/uploads\/2024\/03\/TEV_Ragnarok.png",350,350,false],"2048x2048":["https:\/\/meeplendice.net\/wp-content\/uploads\/2024\/03\/TEV_Ragnarok.png",350,350,false],"ashe-slider-grid-thumbnail":["https:\/\/meeplendice.net\/wp-content\/uploads\/2024\/03\/TEV_Ragnarok.png",350,350,false],"ashe-full-thumbnail":["https:\/\/meeplendice.net\/wp-content\/uploads\/2024\/03\/TEV_Ragnarok.png",350,350,false],"ashe-grid-thumbnail":["https:\/\/meeplendice.net\/wp-content\/uploads\/2024\/03\/TEV_Ragnarok-350x330.png",350,330,true],"ashe-list-thumbnail":["https:\/\/meeplendice.net\/wp-content\/uploads\/2024\/03\/TEV_Ragnarok-300x300.png",300,300,true],"ashe-single-navigation":["https:\/\/meeplendice.net\/wp-content\/uploads\/2024\/03\/TEV_Ragnarok-75x75.png",75,75,true],"mailpoet_newsletter_max":["https:\/\/meeplendice.net\/wp-content\/uploads\/2024\/03\/TEV_Ragnarok.png",350,350,false],"rpwe-thumbnail":["https:\/\/meeplendice.net\/wp-content\/uploads\/2024\/03\/TEV_Ragnarok-45x45.png",45,45,true],"sow-carousel-default":["https:\/\/meeplendice.net\/wp-content\/uploads\/2024\/03\/TEV_Ragnarok-272x182.png",272,182,true],"rt_custom":["https:\/\/meeplendice.net\/wp-content\/uploads\/2024\/03\/TEV_Ragnarok.png",350,350,false]},"rttpg_author":{"display_name":"Karnby","author_link":"https:\/\/meeplendice.net\/?author=2"},"rttpg_comment":0,"rttpg_category":null,"rttpg_excerpt":"Il s&rsquo;agit bien de la fin du monde, le \u00a0\u00bb Ragnarok \u00a0\u00bb ! La mer dans le Nord Mordant est totalement prise par les glaces et les G\u00e9ants de J\u00f6tunheim d\u00e9vastent les Iles Runiques. Le pouvoir des Dieux s&rsquo;amenuise et ils sont pour le moins&#8230; furieux. Dans un ultime effort, ils ont d\u00e9ploy\u00e9 leurs Valkyries,\u2026","_links":{"self":[{"href":"https:\/\/meeplendice.net\/index.php?rest_route=\/wp\/v2\/pages\/11982","targetHints":{"allow":["GET"]}}],"collection":[{"href":"https:\/\/meeplendice.net\/index.php?rest_route=\/wp\/v2\/pages"}],"about":[{"href":"https:\/\/meeplendice.net\/index.php?rest_route=\/wp\/v2\/types\/page"}],"author":[{"embeddable":true,"href":"https:\/\/meeplendice.net\/index.php?rest_route=\/wp\/v2\/users\/2"}],"replies":[{"embeddable":true,"href":"https:\/\/meeplendice.net\/index.php?rest_route=%2Fwp%2Fv2%2Fcomments&post=11982"}],"version-history":[{"count":1,"href":"https:\/\/meeplendice.net\/index.php?rest_route=\/wp\/v2\/pages\/11982\/revisions"}],"predecessor-version":[{"id":11986,"href":"https:\/\/meeplendice.net\/index.php?rest_route=\/wp\/v2\/pages\/11982\/revisions\/11986"}],"up":[{"embeddable":true,"href":"https:\/\/meeplendice.net\/index.php?rest_route=\/wp\/v2\/pages\/11979"}],"wp:featuredmedia":[{"embeddable":true,"href":"https:\/\/meeplendice.net\/index.php?rest_route=\/wp\/v2\/media\/11992"}],"wp:attachment":[{"href":"https:\/\/meeplendice.net\/index.php?rest_route=%2Fwp%2Fv2%2Fmedia&parent=11982"}],"curies":[{"name":"wp","href":"https:\/\/api.w.org\/{rel}","templated":true}]}}