{"id":12005,"date":"2024-03-31T22:13:48","date_gmt":"2024-03-31T21:13:48","guid":{"rendered":"https:\/\/meeplendice.net\/?page_id=12005"},"modified":"2024-03-31T22:13:48","modified_gmt":"2024-03-31T21:13:48","slug":"akebono","status":"publish","type":"page","link":"https:\/\/meeplendice.net\/?page_id=12005","title":{"rendered":"Akebono"},"content":{"rendered":"<p><em>Le premier pont de Nihonbashi fut construit en 1603, ann\u00e9e o\u00f9 Tokugawa Leyasu devins shogun. La rivi\u00e8re Nihonbashi et les foss\u00e9s construits aux alentours \u00e9taient utilis\u00e9s pour le d\u00e9placement des bateaux. Des marchands aux activit\u00e9s vari\u00e9&amp;es et originaires de tout le pays se d\u00e9pla\u00e7aient dans ce quartier, faisant de celui-ci le plus grand centre commercial et culturel du Japon. La p\u00e9riode Edo fut une p\u00e9riode de paix et de prosp\u00e9rit\u00e9 qui dura pendant 260 ans.<\/em><\/p>\n<p>L&rsquo;extension Akebono vous propose de d\u00e9couvrir le pont de Nihonbashi en y construisant des bateaux et en y rencontrant des c\u00e9l\u00e9brit\u00e9s de la p\u00e9riode Edo. Vous aurez \u00e9galement l&rsquo;opportunit\u00e9 de recruter de nouveaux personnages et de construire de nouveaux b\u00e2timents afin d&rsquo;en connaitre un peu plus sur la notion d&rsquo;Iki&#8230;<\/p>\n","protected":false},"excerpt":{"rendered":"<p>Le premier pont de Nihonbashi fut construit en 1603, ann\u00e9e o\u00f9 Tokugawa Leyasu devins shogun. La rivi\u00e8re Nihonbashi et les foss\u00e9s construits aux alentours \u00e9taient utilis\u00e9s pour le d\u00e9placement des bateaux. Des marchands aux activit\u00e9s vari\u00e9&amp;es et originaires de tout le pays se d\u00e9pla\u00e7aient dans ce quartier, faisant de celui-ci le plus grand centre commercial et culturel du Japon. La p\u00e9riode Edo fut une p\u00e9riode de paix et de prosp\u00e9rit\u00e9 qui dura pendant 260 ans. L&rsquo;extension Akebono vous propose de d\u00e9couvrir le pont de Nihonbashi en y construisant des bateaux et en y rencontrant des c\u00e9l\u00e9brit\u00e9s de la p\u00e9riode Edo. Vous aurez \u00e9galement l&rsquo;opportunit\u00e9 de recruter de nouveaux personnages et de construire de nouveaux b\u00e2timents afin d&rsquo;en connaitre un peu plus sur la notion d&rsquo;Iki&#8230;<\/p>\n","protected":false},"author":2,"featured_media":11998,"parent":9265,"menu_order":1,"comment_status":"closed","ping_status":"closed","template":"","meta":{"footnotes":""},"class_list":["post-12005","page","type-page","status-publish","has-post-thumbnail","hentry"],"acf":[],"rttpg_featured_image_url":{"full":["https:\/\/meeplendice.net\/wp-content\/uploads\/2024\/03\/IKI_Akebono.png",350,350,false],"landscape":["https:\/\/meeplendice.net\/wp-content\/uploads\/2024\/03\/IKI_Akebono.png",350,350,false],"portraits":["https:\/\/meeplendice.net\/wp-content\/uploads\/2024\/03\/IKI_Akebono.png",350,350,false],"thumbnail":["https:\/\/meeplendice.net\/wp-content\/uploads\/2024\/03\/IKI_Akebono-150x150.png",150,150,true],"medium":["https:\/\/meeplendice.net\/wp-content\/uploads\/2024\/03\/IKI_Akebono-300x300.png",300,300,true],"large":["https:\/\/meeplendice.net\/wp-content\/uploads\/2024\/03\/IKI_Akebono.png",350,350,false],"ug_big":["https:\/\/meeplendice.net\/wp-content\/uploads\/2024\/03\/IKI_Akebono.png",350,350,false],"1536x1536":["https:\/\/meeplendice.net\/wp-content\/uploads\/2024\/03\/IKI_Akebono.png",350,350,false],"2048x2048":["https:\/\/meeplendice.net\/wp-content\/uploads\/2024\/03\/IKI_Akebono.png",350,350,false],"ashe-slider-grid-thumbnail":["https:\/\/meeplendice.net\/wp-content\/uploads\/2024\/03\/IKI_Akebono.png",350,350,false],"ashe-full-thumbnail":["https:\/\/meeplendice.net\/wp-content\/uploads\/2024\/03\/IKI_Akebono.png",350,350,false],"ashe-grid-thumbnail":["https:\/\/meeplendice.net\/wp-content\/uploads\/2024\/03\/IKI_Akebono-350x330.png",350,330,true],"ashe-list-thumbnail":["https:\/\/meeplendice.net\/wp-content\/uploads\/2024\/03\/IKI_Akebono-300x300.png",300,300,true],"ashe-single-navigation":["https:\/\/meeplendice.net\/wp-content\/uploads\/2024\/03\/IKI_Akebono-75x75.png",75,75,true],"mailpoet_newsletter_max":["https:\/\/meeplendice.net\/wp-content\/uploads\/2024\/03\/IKI_Akebono.png",350,350,false],"rpwe-thumbnail":["https:\/\/meeplendice.net\/wp-content\/uploads\/2024\/03\/IKI_Akebono-45x45.png",45,45,true],"sow-carousel-default":["https:\/\/meeplendice.net\/wp-content\/uploads\/2024\/03\/IKI_Akebono-272x182.png",272,182,true],"rt_custom":["https:\/\/meeplendice.net\/wp-content\/uploads\/2024\/03\/IKI_Akebono.png",350,350,false]},"rttpg_author":{"display_name":"Karnby","author_link":"https:\/\/meeplendice.net\/?author=2"},"rttpg_comment":0,"rttpg_category":null,"rttpg_excerpt":"Le premier pont de Nihonbashi fut construit en 1603, ann\u00e9e o\u00f9 Tokugawa Leyasu devins shogun. La rivi\u00e8re Nihonbashi et les foss\u00e9s construits aux alentours \u00e9taient utilis\u00e9s pour le d\u00e9placement des bateaux. Des marchands aux activit\u00e9s vari\u00e9&amp;es et originaires de tout le pays se d\u00e9pla\u00e7aient dans ce quartier, faisant de celui-ci le plus grand centre commercial\u2026","_links":{"self":[{"href":"https:\/\/meeplendice.net\/index.php?rest_route=\/wp\/v2\/pages\/12005","targetHints":{"allow":["GET"]}}],"collection":[{"href":"https:\/\/meeplendice.net\/index.php?rest_route=\/wp\/v2\/pages"}],"about":[{"href":"https:\/\/meeplendice.net\/index.php?rest_route=\/wp\/v2\/types\/page"}],"author":[{"embeddable":true,"href":"https:\/\/meeplendice.net\/index.php?rest_route=\/wp\/v2\/users\/2"}],"replies":[{"embeddable":true,"href":"https:\/\/meeplendice.net\/index.php?rest_route=%2Fwp%2Fv2%2Fcomments&post=12005"}],"version-history":[{"count":1,"href":"https:\/\/meeplendice.net\/index.php?rest_route=\/wp\/v2\/pages\/12005\/revisions"}],"predecessor-version":[{"id":12007,"href":"https:\/\/meeplendice.net\/index.php?rest_route=\/wp\/v2\/pages\/12005\/revisions\/12007"}],"up":[{"embeddable":true,"href":"https:\/\/meeplendice.net\/index.php?rest_route=\/wp\/v2\/pages\/9265"}],"wp:featuredmedia":[{"embeddable":true,"href":"https:\/\/meeplendice.net\/index.php?rest_route=\/wp\/v2\/media\/11998"}],"wp:attachment":[{"href":"https:\/\/meeplendice.net\/index.php?rest_route=%2Fwp%2Fv2%2Fmedia&parent=12005"}],"curies":[{"name":"wp","href":"https:\/\/api.w.org\/{rel}","templated":true}]}}