{"id":12010,"date":"2024-03-31T22:20:47","date_gmt":"2024-03-31T21:20:47","guid":{"rendered":"https:\/\/meeplendice.net\/?page_id=12010"},"modified":"2024-03-31T22:20:47","modified_gmt":"2024-03-31T21:20:47","slug":"sapins-cactus","status":"publish","type":"page","link":"https:\/\/meeplendice.net\/?page_id=12010","title":{"rendered":"Sapins &#038; Cactus"},"content":{"rendered":"<p>D\u00e9couvrez de nouvelles fa\u00e7ons d&rsquo;interagir avec l&rsquo;ombre et la lumi\u00e8re et planifiez le d\u00e9veloppement de votre for\u00eat avec deux nouveaux types de plantes : Les sapins et les cactus !<\/p>\n","protected":false},"excerpt":{"rendered":"<p>D\u00e9couvrez de nouvelles fa\u00e7ons d&rsquo;interagir avec l&rsquo;ombre et la lumi\u00e8re et planifiez le d\u00e9veloppement de votre for\u00eat avec deux nouveaux types de plantes : Les sapins et les cactus !<\/p>\n","protected":false},"author":2,"featured_media":11995,"parent":11033,"menu_order":1,"comment_status":"closed","ping_status":"closed","template":"","meta":{"footnotes":""},"class_list":["post-12010","page","type-page","status-publish","has-post-thumbnail","hentry"],"acf":[],"rttpg_featured_image_url":{"full":["https:\/\/meeplendice.net\/wp-content\/uploads\/2024\/03\/Evergreen_SC.png",350,350,false],"landscape":["https:\/\/meeplendice.net\/wp-content\/uploads\/2024\/03\/Evergreen_SC.png",350,350,false],"portraits":["https:\/\/meeplendice.net\/wp-content\/uploads\/2024\/03\/Evergreen_SC.png",350,350,false],"thumbnail":["https:\/\/meeplendice.net\/wp-content\/uploads\/2024\/03\/Evergreen_SC-150x150.png",150,150,true],"medium":["https:\/\/meeplendice.net\/wp-content\/uploads\/2024\/03\/Evergreen_SC-300x300.png",300,300,true],"large":["https:\/\/meeplendice.net\/wp-content\/uploads\/2024\/03\/Evergreen_SC.png",350,350,false],"ug_big":["https:\/\/meeplendice.net\/wp-content\/uploads\/2024\/03\/Evergreen_SC.png",350,350,false],"1536x1536":["https:\/\/meeplendice.net\/wp-content\/uploads\/2024\/03\/Evergreen_SC.png",350,350,false],"2048x2048":["https:\/\/meeplendice.net\/wp-content\/uploads\/2024\/03\/Evergreen_SC.png",350,350,false],"ashe-slider-grid-thumbnail":["https:\/\/meeplendice.net\/wp-content\/uploads\/2024\/03\/Evergreen_SC.png",350,350,false],"ashe-full-thumbnail":["https:\/\/meeplendice.net\/wp-content\/uploads\/2024\/03\/Evergreen_SC.png",350,350,false],"ashe-grid-thumbnail":["https:\/\/meeplendice.net\/wp-content\/uploads\/2024\/03\/Evergreen_SC-350x330.png",350,330,true],"ashe-list-thumbnail":["https:\/\/meeplendice.net\/wp-content\/uploads\/2024\/03\/Evergreen_SC-300x300.png",300,300,true],"ashe-single-navigation":["https:\/\/meeplendice.net\/wp-content\/uploads\/2024\/03\/Evergreen_SC-75x75.png",75,75,true],"mailpoet_newsletter_max":["https:\/\/meeplendice.net\/wp-content\/uploads\/2024\/03\/Evergreen_SC.png",350,350,false],"rpwe-thumbnail":["https:\/\/meeplendice.net\/wp-content\/uploads\/2024\/03\/Evergreen_SC-45x45.png",45,45,true],"sow-carousel-default":["https:\/\/meeplendice.net\/wp-content\/uploads\/2024\/03\/Evergreen_SC-272x182.png",272,182,true],"rt_custom":["https:\/\/meeplendice.net\/wp-content\/uploads\/2024\/03\/Evergreen_SC.png",350,350,false]},"rttpg_author":{"display_name":"Karnby","author_link":"https:\/\/meeplendice.net\/?author=2"},"rttpg_comment":0,"rttpg_category":null,"rttpg_excerpt":"D\u00e9couvrez de nouvelles fa\u00e7ons d&rsquo;interagir avec l&rsquo;ombre et la lumi\u00e8re et planifiez le d\u00e9veloppement de votre for\u00eat avec deux nouveaux types de plantes : Les sapins et les cactus !","_links":{"self":[{"href":"https:\/\/meeplendice.net\/index.php?rest_route=\/wp\/v2\/pages\/12010","targetHints":{"allow":["GET"]}}],"collection":[{"href":"https:\/\/meeplendice.net\/index.php?rest_route=\/wp\/v2\/pages"}],"about":[{"href":"https:\/\/meeplendice.net\/index.php?rest_route=\/wp\/v2\/types\/page"}],"author":[{"embeddable":true,"href":"https:\/\/meeplendice.net\/index.php?rest_route=\/wp\/v2\/users\/2"}],"replies":[{"embeddable":true,"href":"https:\/\/meeplendice.net\/index.php?rest_route=%2Fwp%2Fv2%2Fcomments&post=12010"}],"version-history":[{"count":1,"href":"https:\/\/meeplendice.net\/index.php?rest_route=\/wp\/v2\/pages\/12010\/revisions"}],"predecessor-version":[{"id":12011,"href":"https:\/\/meeplendice.net\/index.php?rest_route=\/wp\/v2\/pages\/12010\/revisions\/12011"}],"up":[{"embeddable":true,"href":"https:\/\/meeplendice.net\/index.php?rest_route=\/wp\/v2\/pages\/11033"}],"wp:featuredmedia":[{"embeddable":true,"href":"https:\/\/meeplendice.net\/index.php?rest_route=\/wp\/v2\/media\/11995"}],"wp:attachment":[{"href":"https:\/\/meeplendice.net\/index.php?rest_route=%2Fwp%2Fv2%2Fmedia&parent=12010"}],"curies":[{"name":"wp","href":"https:\/\/api.w.org\/{rel}","templated":true}]}}