{"id":12014,"date":"2024-03-31T22:24:57","date_gmt":"2024-03-31T21:24:57","guid":{"rendered":"https:\/\/meeplendice.net\/?page_id=12014"},"modified":"2024-03-31T22:24:57","modified_gmt":"2024-03-31T21:24:57","slug":"entreprises","status":"publish","type":"page","link":"https:\/\/meeplendice.net\/?page_id=12014","title":{"rendered":"Entreprises"},"content":{"rendered":"<p><em>SpaceCorp : Entreprises<\/em> est la premi\u00e8re extension pour <em>SpaceCorp : 2025-2300<\/em>, le jeu d\u2019exploration et de d\u00e9veloppement du syst\u00e8me solaire (et au-del\u00e0). Cette extension introduit des entreprises uniques via 14 QG diff\u00e9rents, chacun vous pla\u00e7ant aux contr\u00f4les d\u2019une corporation, d\u2019une agence ou d\u2019une institution diff\u00e9rente avec ses propres capacit\u00e9s et missions.<\/p>\n","protected":false},"excerpt":{"rendered":"<p>SpaceCorp : Entreprises est la premi\u00e8re extension pour SpaceCorp : 2025-2300, le jeu d\u2019exploration et de d\u00e9veloppement du syst\u00e8me solaire (et au-del\u00e0). Cette extension introduit des entreprises uniques via 14 QG diff\u00e9rents, chacun vous pla\u00e7ant aux contr\u00f4les d\u2019une corporation, d\u2019une agence ou d\u2019une institution diff\u00e9rente avec ses propres capacit\u00e9s et missions.<\/p>\n","protected":false},"author":2,"featured_media":11997,"parent":7863,"menu_order":1,"comment_status":"closed","ping_status":"closed","template":"","meta":{"footnotes":""},"class_list":["post-12014","page","type-page","status-publish","has-post-thumbnail","hentry"],"acf":[],"rttpg_featured_image_url":{"full":["https:\/\/meeplendice.net\/wp-content\/uploads\/2024\/03\/SpaceCorp_Entreprises.png",350,350,false],"landscape":["https:\/\/meeplendice.net\/wp-content\/uploads\/2024\/03\/SpaceCorp_Entreprises.png",350,350,false],"portraits":["https:\/\/meeplendice.net\/wp-content\/uploads\/2024\/03\/SpaceCorp_Entreprises.png",350,350,false],"thumbnail":["https:\/\/meeplendice.net\/wp-content\/uploads\/2024\/03\/SpaceCorp_Entreprises-150x150.png",150,150,true],"medium":["https:\/\/meeplendice.net\/wp-content\/uploads\/2024\/03\/SpaceCorp_Entreprises-300x300.png",300,300,true],"large":["https:\/\/meeplendice.net\/wp-content\/uploads\/2024\/03\/SpaceCorp_Entreprises.png",350,350,false],"ug_big":["https:\/\/meeplendice.net\/wp-content\/uploads\/2024\/03\/SpaceCorp_Entreprises.png",350,350,false],"1536x1536":["https:\/\/meeplendice.net\/wp-content\/uploads\/2024\/03\/SpaceCorp_Entreprises.png",350,350,false],"2048x2048":["https:\/\/meeplendice.net\/wp-content\/uploads\/2024\/03\/SpaceCorp_Entreprises.png",350,350,false],"ashe-slider-grid-thumbnail":["https:\/\/meeplendice.net\/wp-content\/uploads\/2024\/03\/SpaceCorp_Entreprises.png",350,350,false],"ashe-full-thumbnail":["https:\/\/meeplendice.net\/wp-content\/uploads\/2024\/03\/SpaceCorp_Entreprises.png",350,350,false],"ashe-grid-thumbnail":["https:\/\/meeplendice.net\/wp-content\/uploads\/2024\/03\/SpaceCorp_Entreprises-350x330.png",350,330,true],"ashe-list-thumbnail":["https:\/\/meeplendice.net\/wp-content\/uploads\/2024\/03\/SpaceCorp_Entreprises-300x300.png",300,300,true],"ashe-single-navigation":["https:\/\/meeplendice.net\/wp-content\/uploads\/2024\/03\/SpaceCorp_Entreprises-75x75.png",75,75,true],"mailpoet_newsletter_max":["https:\/\/meeplendice.net\/wp-content\/uploads\/2024\/03\/SpaceCorp_Entreprises.png",350,350,false],"rpwe-thumbnail":["https:\/\/meeplendice.net\/wp-content\/uploads\/2024\/03\/SpaceCorp_Entreprises-45x45.png",45,45,true],"sow-carousel-default":["https:\/\/meeplendice.net\/wp-content\/uploads\/2024\/03\/SpaceCorp_Entreprises-272x182.png",272,182,true],"rt_custom":["https:\/\/meeplendice.net\/wp-content\/uploads\/2024\/03\/SpaceCorp_Entreprises.png",350,350,false]},"rttpg_author":{"display_name":"Karnby","author_link":"https:\/\/meeplendice.net\/?author=2"},"rttpg_comment":0,"rttpg_category":null,"rttpg_excerpt":"SpaceCorp : Entreprises est la premi\u00e8re extension pour SpaceCorp : 2025-2300, le jeu d\u2019exploration et de d\u00e9veloppement du syst\u00e8me solaire (et au-del\u00e0). Cette extension introduit des entreprises uniques via 14 QG diff\u00e9rents, chacun vous pla\u00e7ant aux contr\u00f4les d\u2019une corporation, d\u2019une agence ou d\u2019une institution diff\u00e9rente avec ses propres capacit\u00e9s et missions.","_links":{"self":[{"href":"https:\/\/meeplendice.net\/index.php?rest_route=\/wp\/v2\/pages\/12014","targetHints":{"allow":["GET"]}}],"collection":[{"href":"https:\/\/meeplendice.net\/index.php?rest_route=\/wp\/v2\/pages"}],"about":[{"href":"https:\/\/meeplendice.net\/index.php?rest_route=\/wp\/v2\/types\/page"}],"author":[{"embeddable":true,"href":"https:\/\/meeplendice.net\/index.php?rest_route=\/wp\/v2\/users\/2"}],"replies":[{"embeddable":true,"href":"https:\/\/meeplendice.net\/index.php?rest_route=%2Fwp%2Fv2%2Fcomments&post=12014"}],"version-history":[{"count":1,"href":"https:\/\/meeplendice.net\/index.php?rest_route=\/wp\/v2\/pages\/12014\/revisions"}],"predecessor-version":[{"id":12015,"href":"https:\/\/meeplendice.net\/index.php?rest_route=\/wp\/v2\/pages\/12014\/revisions\/12015"}],"up":[{"embeddable":true,"href":"https:\/\/meeplendice.net\/index.php?rest_route=\/wp\/v2\/pages\/7863"}],"wp:featuredmedia":[{"embeddable":true,"href":"https:\/\/meeplendice.net\/index.php?rest_route=\/wp\/v2\/media\/11997"}],"wp:attachment":[{"href":"https:\/\/meeplendice.net\/index.php?rest_route=%2Fwp%2Fv2%2Fmedia&parent=12014"}],"curies":[{"name":"wp","href":"https:\/\/api.w.org\/{rel}","templated":true}]}}