{"id":12019,"date":"2024-03-31T22:31:08","date_gmt":"2024-03-31T21:31:08","guid":{"rendered":"https:\/\/meeplendice.net\/?page_id=12019"},"modified":"2024-03-31T22:31:08","modified_gmt":"2024-03-31T21:31:08","slug":"satellites-commandants","status":"publish","type":"page","link":"https:\/\/meeplendice.net\/?page_id=12019","title":{"rendered":"Satellites &#038; Commandants"},"content":{"rendered":"<p><em>La course pour le d\u00e9veloppement d\u2019Europe bat son plein. Vos \u00e9quipes techniques ont d\u00e9voil\u00e9 de nouvelles plateformes g\u00e9osynchrones : les Chariots. Ils gravitent autour de la lune gel\u00e9e et sont accessibles via des Satellites \u00e0 orbite rapide. Au sol, des meneurs s\u2019\u00e9l\u00e8vent parmi vos colons, forg\u00e9s \u00e0 la dure par l\u2019environnement hostile qui les entoure. Ils luttent pour se voir d\u00e9cerner le titre de Commandant, un statut qui offre une flexibilit\u00e9 et l\u2019acc\u00e8s au pouvoir. Avec ces nouveaux \u00e9l\u00e9ments, une lutte sans merci vous attend pour \u00e9tablir la colonie la plus prosp\u00e8re de la lune de Jupiter.<\/em><\/p>\n<p><em>The Artemis Project : Satellites &amp; Commandants<\/em> est une extension qui vous propose de nouvelles opportunit\u00e9s strat\u00e9giques \u00e0 ajouter \u00e0 votre jeu de base !<\/p>\n<p>&nbsp;<\/p>\n","protected":false},"excerpt":{"rendered":"<p>La course pour le d\u00e9veloppement d\u2019Europe bat son plein. Vos \u00e9quipes techniques ont d\u00e9voil\u00e9 de nouvelles plateformes g\u00e9osynchrones : les Chariots. Ils gravitent autour de la lune gel\u00e9e et sont accessibles via des Satellites \u00e0 orbite rapide. Au sol, des meneurs s\u2019\u00e9l\u00e8vent parmi vos colons, forg\u00e9s \u00e0 la dure par l\u2019environnement hostile qui les entoure. Ils luttent pour se voir d\u00e9cerner le titre de Commandant, un statut qui offre une flexibilit\u00e9 et l\u2019acc\u00e8s au pouvoir. Avec ces nouveaux \u00e9l\u00e9ments, une lutte sans merci vous attend pour \u00e9tablir la colonie la plus prosp\u00e8re de la lune de Jupiter. The Artemis Project : Satellites &amp; Commandants est une extension qui vous propose de nouvelles opportunit\u00e9s strat\u00e9giques \u00e0 ajouter \u00e0 votre jeu de base ! &nbsp;<\/p>\n","protected":false},"author":2,"featured_media":11994,"parent":7867,"menu_order":1,"comment_status":"closed","ping_status":"closed","template":"","meta":{"footnotes":""},"class_list":["post-12019","page","type-page","status-publish","has-post-thumbnail","hentry"],"acf":[],"rttpg_featured_image_url":{"full":["https:\/\/meeplendice.net\/wp-content\/uploads\/2024\/03\/TAP_SC.png",350,350,false],"landscape":["https:\/\/meeplendice.net\/wp-content\/uploads\/2024\/03\/TAP_SC.png",350,350,false],"portraits":["https:\/\/meeplendice.net\/wp-content\/uploads\/2024\/03\/TAP_SC.png",350,350,false],"thumbnail":["https:\/\/meeplendice.net\/wp-content\/uploads\/2024\/03\/TAP_SC-150x150.png",150,150,true],"medium":["https:\/\/meeplendice.net\/wp-content\/uploads\/2024\/03\/TAP_SC-300x300.png",300,300,true],"large":["https:\/\/meeplendice.net\/wp-content\/uploads\/2024\/03\/TAP_SC.png",350,350,false],"ug_big":["https:\/\/meeplendice.net\/wp-content\/uploads\/2024\/03\/TAP_SC.png",350,350,false],"1536x1536":["https:\/\/meeplendice.net\/wp-content\/uploads\/2024\/03\/TAP_SC.png",350,350,false],"2048x2048":["https:\/\/meeplendice.net\/wp-content\/uploads\/2024\/03\/TAP_SC.png",350,350,false],"ashe-slider-grid-thumbnail":["https:\/\/meeplendice.net\/wp-content\/uploads\/2024\/03\/TAP_SC.png",350,350,false],"ashe-full-thumbnail":["https:\/\/meeplendice.net\/wp-content\/uploads\/2024\/03\/TAP_SC.png",350,350,false],"ashe-grid-thumbnail":["https:\/\/meeplendice.net\/wp-content\/uploads\/2024\/03\/TAP_SC-350x330.png",350,330,true],"ashe-list-thumbnail":["https:\/\/meeplendice.net\/wp-content\/uploads\/2024\/03\/TAP_SC-300x300.png",300,300,true],"ashe-single-navigation":["https:\/\/meeplendice.net\/wp-content\/uploads\/2024\/03\/TAP_SC-75x75.png",75,75,true],"mailpoet_newsletter_max":["https:\/\/meeplendice.net\/wp-content\/uploads\/2024\/03\/TAP_SC.png",350,350,false],"rpwe-thumbnail":["https:\/\/meeplendice.net\/wp-content\/uploads\/2024\/03\/TAP_SC-45x45.png",45,45,true],"sow-carousel-default":["https:\/\/meeplendice.net\/wp-content\/uploads\/2024\/03\/TAP_SC-272x182.png",272,182,true],"rt_custom":["https:\/\/meeplendice.net\/wp-content\/uploads\/2024\/03\/TAP_SC.png",350,350,false]},"rttpg_author":{"display_name":"Karnby","author_link":"https:\/\/meeplendice.net\/?author=2"},"rttpg_comment":0,"rttpg_category":null,"rttpg_excerpt":"La course pour le d\u00e9veloppement d\u2019Europe bat son plein. Vos \u00e9quipes techniques ont d\u00e9voil\u00e9 de nouvelles plateformes g\u00e9osynchrones : les Chariots. Ils gravitent autour de la lune gel\u00e9e et sont accessibles via des Satellites \u00e0 orbite rapide. Au sol, des meneurs s\u2019\u00e9l\u00e8vent parmi vos colons, forg\u00e9s \u00e0 la dure par l\u2019environnement hostile qui les entoure.\u2026","_links":{"self":[{"href":"https:\/\/meeplendice.net\/index.php?rest_route=\/wp\/v2\/pages\/12019","targetHints":{"allow":["GET"]}}],"collection":[{"href":"https:\/\/meeplendice.net\/index.php?rest_route=\/wp\/v2\/pages"}],"about":[{"href":"https:\/\/meeplendice.net\/index.php?rest_route=\/wp\/v2\/types\/page"}],"author":[{"embeddable":true,"href":"https:\/\/meeplendice.net\/index.php?rest_route=\/wp\/v2\/users\/2"}],"replies":[{"embeddable":true,"href":"https:\/\/meeplendice.net\/index.php?rest_route=%2Fwp%2Fv2%2Fcomments&post=12019"}],"version-history":[{"count":1,"href":"https:\/\/meeplendice.net\/index.php?rest_route=\/wp\/v2\/pages\/12019\/revisions"}],"predecessor-version":[{"id":12020,"href":"https:\/\/meeplendice.net\/index.php?rest_route=\/wp\/v2\/pages\/12019\/revisions\/12020"}],"up":[{"embeddable":true,"href":"https:\/\/meeplendice.net\/index.php?rest_route=\/wp\/v2\/pages\/7867"}],"wp:featuredmedia":[{"embeddable":true,"href":"https:\/\/meeplendice.net\/index.php?rest_route=\/wp\/v2\/media\/11994"}],"wp:attachment":[{"href":"https:\/\/meeplendice.net\/index.php?rest_route=%2Fwp%2Fv2%2Fmedia&parent=12019"}],"curies":[{"name":"wp","href":"https:\/\/api.w.org\/{rel}","templated":true}]}}