{"id":12029,"date":"2024-03-31T22:38:55","date_gmt":"2024-03-31T21:38:55","guid":{"rendered":"https:\/\/meeplendice.net\/?page_id=12029"},"modified":"2024-03-31T22:38:55","modified_gmt":"2024-03-31T21:38:55","slug":"dig-in","status":"publish","type":"page","link":"https:\/\/meeplendice.net\/?page_id=12029","title":{"rendered":"Dig In"},"content":{"rendered":"<p>Embauch\u00e9e tout r\u00e9cemment, la terrible directrice arrive \u00e0 la prison de Blackgate pour s\u2019assurer du bon fonctionnement de sa prison. Les joueurs devront faire attention lorsqu&rsquo;ils joueront de ne pas commettre d&rsquo;impairs devant elle, sinon ils fileront directement en isolement\u2026<br \/>\nTentez de faire ami-ami (qui a parl\u00e9 de corruption) avec la directrice et faites d&rsquo;elle une puissante alli\u00e9e ! Une prison qui s&rsquo;agrandit Au mat\u00e9riel d\u00e9j\u00e0 cons\u00e9quent du jeu de base, se rajoutent d\u00e9sormais de nouvelles pi\u00e8ces permettant d&rsquo;agrandir la prison de Blackgate : Biblioth\u00e8que, gymnase, laverie, aile psychiatrique, etc\u2026<br \/>\nAutant de nouveaux lieux qui vous permettront d&rsquo;effectuer de nouvelles actions.<\/p>\n","protected":false},"excerpt":{"rendered":"<p>Embauch\u00e9e tout r\u00e9cemment, la terrible directrice arrive \u00e0 la prison de Blackgate pour s\u2019assurer du bon fonctionnement de sa prison. Les joueurs devront faire attention lorsqu&rsquo;ils joueront de ne pas commettre d&rsquo;impairs devant elle, sinon ils fileront directement en isolement\u2026 Tentez de faire ami-ami (qui a parl\u00e9 de corruption) avec la directrice et faites d&rsquo;elle une puissante alli\u00e9e ! Une prison qui s&rsquo;agrandit Au mat\u00e9riel d\u00e9j\u00e0 cons\u00e9quent du jeu de base, se rajoutent d\u00e9sormais de nouvelles pi\u00e8ces permettant d&rsquo;agrandir la prison de Blackgate : Biblioth\u00e8que, gymnase, laverie, aile psychiatrique, etc\u2026 Autant de nouveaux lieux qui vous permettront d&rsquo;effectuer de nouvelles actions.<\/p>\n","protected":false},"author":2,"featured_media":11999,"parent":6946,"menu_order":1,"comment_status":"closed","ping_status":"closed","template":"","meta":{"footnotes":""},"class_list":["post-12029","page","type-page","status-publish","has-post-thumbnail","hentry"],"acf":[],"rttpg_featured_image_url":{"full":["https:\/\/meeplendice.net\/wp-content\/uploads\/2024\/03\/DYWO_Digin.png",350,350,false],"landscape":["https:\/\/meeplendice.net\/wp-content\/uploads\/2024\/03\/DYWO_Digin.png",350,350,false],"portraits":["https:\/\/meeplendice.net\/wp-content\/uploads\/2024\/03\/DYWO_Digin.png",350,350,false],"thumbnail":["https:\/\/meeplendice.net\/wp-content\/uploads\/2024\/03\/DYWO_Digin.png",150,150,false],"medium":["https:\/\/meeplendice.net\/wp-content\/uploads\/2024\/03\/DYWO_Digin.png",300,300,false],"large":["https:\/\/meeplendice.net\/wp-content\/uploads\/2024\/03\/DYWO_Digin.png",350,350,false],"ug_big":["https:\/\/meeplendice.net\/wp-content\/uploads\/2024\/03\/DYWO_Digin.png",350,350,false],"1536x1536":["https:\/\/meeplendice.net\/wp-content\/uploads\/2024\/03\/DYWO_Digin.png",350,350,false],"2048x2048":["https:\/\/meeplendice.net\/wp-content\/uploads\/2024\/03\/DYWO_Digin.png",350,350,false],"ashe-slider-grid-thumbnail":["https:\/\/meeplendice.net\/wp-content\/uploads\/2024\/03\/DYWO_Digin.png",350,350,false],"ashe-full-thumbnail":["https:\/\/meeplendice.net\/wp-content\/uploads\/2024\/03\/DYWO_Digin.png",350,350,false],"ashe-grid-thumbnail":["https:\/\/meeplendice.net\/wp-content\/uploads\/2024\/03\/DYWO_Digin.png",330,330,false],"ashe-list-thumbnail":["https:\/\/meeplendice.net\/wp-content\/uploads\/2024\/03\/DYWO_Digin.png",300,300,false],"ashe-single-navigation":["https:\/\/meeplendice.net\/wp-content\/uploads\/2024\/03\/DYWO_Digin.png",75,75,false],"mailpoet_newsletter_max":["https:\/\/meeplendice.net\/wp-content\/uploads\/2024\/03\/DYWO_Digin.png",350,350,false],"rpwe-thumbnail":["https:\/\/meeplendice.net\/wp-content\/uploads\/2024\/03\/DYWO_Digin.png",45,45,false],"sow-carousel-default":["https:\/\/meeplendice.net\/wp-content\/uploads\/2024\/03\/DYWO_Digin.png",182,182,false],"rt_custom":["https:\/\/meeplendice.net\/wp-content\/uploads\/2024\/03\/DYWO_Digin.png",350,350,false]},"rttpg_author":{"display_name":"Karnby","author_link":"https:\/\/meeplendice.net\/?author=2"},"rttpg_comment":0,"rttpg_category":null,"rttpg_excerpt":"Embauch\u00e9e tout r\u00e9cemment, la terrible directrice arrive \u00e0 la prison de Blackgate pour s\u2019assurer du bon fonctionnement de sa prison. Les joueurs devront faire attention lorsqu&rsquo;ils joueront de ne pas commettre d&rsquo;impairs devant elle, sinon ils fileront directement en isolement\u2026 Tentez de faire ami-ami (qui a parl\u00e9 de corruption) avec la directrice et faites d&rsquo;elle\u2026","_links":{"self":[{"href":"https:\/\/meeplendice.net\/index.php?rest_route=\/wp\/v2\/pages\/12029","targetHints":{"allow":["GET"]}}],"collection":[{"href":"https:\/\/meeplendice.net\/index.php?rest_route=\/wp\/v2\/pages"}],"about":[{"href":"https:\/\/meeplendice.net\/index.php?rest_route=\/wp\/v2\/types\/page"}],"author":[{"embeddable":true,"href":"https:\/\/meeplendice.net\/index.php?rest_route=\/wp\/v2\/users\/2"}],"replies":[{"embeddable":true,"href":"https:\/\/meeplendice.net\/index.php?rest_route=%2Fwp%2Fv2%2Fcomments&post=12029"}],"version-history":[{"count":1,"href":"https:\/\/meeplendice.net\/index.php?rest_route=\/wp\/v2\/pages\/12029\/revisions"}],"predecessor-version":[{"id":12030,"href":"https:\/\/meeplendice.net\/index.php?rest_route=\/wp\/v2\/pages\/12029\/revisions\/12030"}],"up":[{"embeddable":true,"href":"https:\/\/meeplendice.net\/index.php?rest_route=\/wp\/v2\/pages\/6946"}],"wp:featuredmedia":[{"embeddable":true,"href":"https:\/\/meeplendice.net\/index.php?rest_route=\/wp\/v2\/media\/11999"}],"wp:attachment":[{"href":"https:\/\/meeplendice.net\/index.php?rest_route=%2Fwp%2Fv2%2Fmedia&parent=12029"}],"curies":[{"name":"wp","href":"https:\/\/api.w.org\/{rel}","templated":true}]}}