{"id":12222,"date":"2024-07-13T22:38:42","date_gmt":"2024-07-13T21:38:42","guid":{"rendered":"https:\/\/meeplendice.net\/?page_id=12222"},"modified":"2024-07-13T22:42:32","modified_gmt":"2024-07-13T21:42:32","slug":"eila-et-leclat-de-la-montagne","status":"publish","type":"page","link":"https:\/\/meeplendice.net\/?page_id=12222","title":{"rendered":"Eila et l&rsquo;\u00c9clat de la Montagne"},"content":{"rendered":"<div id=\"pl-12222\"  class=\"panel-layout\" ><div id=\"pg-12222-0\"  class=\"panel-grid panel-no-style\" ><div id=\"pgc-12222-0-0\"  class=\"panel-grid-cell\" ><div id=\"panel-12222-0-0-0\" class=\"so-panel widget widget_sow-editor panel-first-child panel-last-child\" data-index=\"0\" ><div\n\t\t\t\n\t\t\tclass=\"so-widget-sow-editor so-widget-sow-editor-base\"\n\t\t\t\n\t\t>\n<div class=\"siteorigin-widget-tinymce textwidget\">\n\t<p style=\"text-align: center;\"><strong>Nombre de joueurs :<\/strong><br \/>\n1+<\/p>\n<\/div>\n<\/div><\/div><\/div><div id=\"pgc-12222-0-1\"  class=\"panel-grid-cell\" ><div id=\"panel-12222-0-1-0\" class=\"so-panel widget widget_sow-editor panel-first-child panel-last-child\" data-index=\"1\" ><div\n\t\t\t\n\t\t\tclass=\"so-widget-sow-editor so-widget-sow-editor-base\"\n\t\t\t\n\t\t>\n<div class=\"siteorigin-widget-tinymce textwidget\">\n\t<p style=\"text-align: center;\"><strong>Dur\u00e9e moyenne :<\/strong><br \/>\n45 min<\/p>\n<\/div>\n<\/div><\/div><\/div><div id=\"pgc-12222-0-2\"  class=\"panel-grid-cell\" ><div id=\"panel-12222-0-2-0\" class=\"so-panel widget widget_sow-editor panel-first-child panel-last-child\" data-index=\"2\" ><div\n\t\t\t\n\t\t\tclass=\"so-widget-sow-editor so-widget-sow-editor-base\"\n\t\t\t\n\t\t>\n<div class=\"siteorigin-widget-tinymce textwidget\">\n\t<p style=\"text-align: center;\"><strong>Age :<\/strong><br \/>\n12 ans et plus<\/p>\n<\/div>\n<\/div><\/div><\/div><\/div><div id=\"pg-12222-1\"  class=\"panel-grid panel-no-style\" ><div id=\"pgc-12222-1-0\"  class=\"panel-grid-cell\" ><div id=\"panel-12222-1-0-0\" class=\"so-panel widget widget_sow-editor panel-first-child panel-last-child\" data-index=\"3\" ><div\n\t\t\t\n\t\t\tclass=\"so-widget-sow-editor so-widget-sow-editor-base\"\n\t\t\t\n\t\t>\n<div class=\"siteorigin-widget-tinymce textwidget\">\n\t<p style=\"text-align: center;\"><strong>Auteur(s) :<br \/>\n<\/strong><span class=\"data-siloing\" title=\"D\u00e9couvrez tous ces jeux\" data-siloing=\"https:\/\/www.philibertnet.com\/fr\/recherche?feature=31&amp;feature_value=Jeffrey CCH\">Jeffrey CCH<\/span><\/p>\n<\/div>\n<\/div><\/div><\/div><div id=\"pgc-12222-1-1\"  class=\"panel-grid-cell\" ><div id=\"panel-12222-1-1-0\" class=\"so-panel widget widget_sow-editor panel-first-child panel-last-child\" data-index=\"4\" ><div\n\t\t\t\n\t\t\tclass=\"so-widget-sow-editor so-widget-sow-editor-base\"\n\t\t\t\n\t\t>\n<div class=\"siteorigin-widget-tinymce textwidget\">\n\t<p style=\"text-align: center;\"><strong>Illustrations :<\/strong><br \/>\n<span class=\"data-siloing\" title=\"D\u00e9couvrez tous ces jeux\" data-siloing=\"https:\/\/www.philibertnet.com\/fr\/recherche?feature=41&amp;feature_value=Ingrid Desmidt\">Roxy Dai<br \/>\n<\/span><\/p>\n<\/div>\n<\/div><\/div><\/div><div id=\"pgc-12222-1-2\"  class=\"panel-grid-cell\" ><div id=\"panel-12222-1-2-0\" class=\"so-panel widget widget_sow-editor panel-first-child panel-last-child\" data-index=\"5\" ><div\n\t\t\t\n\t\t\tclass=\"so-widget-sow-editor so-widget-sow-editor-base\"\n\t\t\t\n\t\t>\n<div class=\"siteorigin-widget-tinymce textwidget\">\n\t<p style=\"text-align: center;\"><strong>\u00c9dition :<\/strong><br \/>\n<span class=\"data-siloing\" data-siloing=\" https:\/\/www.philibertnet.com\/fr\/2213_gate-on-games \">Iello<br \/>\n2023<\/span><\/p>\n<\/div>\n<\/div><\/div><\/div><div id=\"pgc-12222-1-3\"  class=\"panel-grid-cell\" ><div id=\"panel-12222-1-3-0\" class=\"so-panel widget widget_sow-editor panel-first-child panel-last-child\" data-index=\"6\" ><div\n\t\t\t\n\t\t\tclass=\"so-widget-sow-editor so-widget-sow-editor-base\"\n\t\t\t\n\t\t>\n<div class=\"siteorigin-widget-tinymce textwidget\">\n\t<p style=\"text-align: center;\"><strong>Version :<\/strong><br \/>\nFran\u00e7aise<\/p>\n<\/div>\n<\/div><\/div><\/div><\/div><div id=\"pg-12222-2\"  class=\"panel-grid panel-no-style\" ><div id=\"pgc-12222-2-0\"  class=\"panel-grid-cell\" ><div id=\"panel-12222-2-0-0\" class=\"so-panel widget widget_sow-editor panel-first-child panel-last-child\" data-index=\"7\" ><div\n\t\t\t\n\t\t\tclass=\"so-widget-sow-editor so-widget-sow-editor-base\"\n\t\t\t\n\t\t>\n<div class=\"siteorigin-widget-tinymce textwidget\">\n\t<hr \/>\n<p><em>Au loin, quelque chose brille et vous appelle...<\/em><\/p>\n<p><em>Attir\u00e9e par un \u00e9clat lumineux dans les montagnes, Eila se lance avec passion et courage dans une aventure extraordinaire.<\/em><\/p>\n<p>Eila et l\u2019\u00c9clat de la Montagne est un jeu d'aventure narratif qui vous fera vivre une exp\u00e9rience unique, renforc\u00e9e par les magnifiques illustrations des bandes dessin\u00e9es et des cartes \u00c9v\u00e9nement qui le composent.<\/p>\n<p>Au cours de 6 chapitres, vous y incarnerez Eila, personnage t\u00e9m\u00e9raire aux prises avec des choix difficiles et de redoutables ennemis. Tandis que vous traverserez de p\u00e9rilleux labyrinthes souterrains et parcourrez des terres enneig\u00e9es, vous devrez \u00e9galement g\u00e9rer vos ressources avec sagesse, acqu\u00e9rir de nouveaux talents et r\u00e9cup\u00e9rer de nombreux objets afin de braver les dangers qui se dresseront sur votre chemin.<\/p>\n<p>Chacun de vos choix risque de vous faire emprunter une voie narrative diff\u00e9rente, voir vous mener \u00e0 une fin alternative.<br \/>\nLe destin d'Eila est \u00e0 pr\u00e9sent entre vos mains !<\/p>\n<\/div>\n<\/div><\/div><\/div><\/div><div id=\"pg-12222-3\"  class=\"panel-grid panel-no-style\" ><div id=\"pgc-12222-3-0\"  class=\"panel-grid-cell\" ><div id=\"panel-12222-3-0-0\" class=\"so-panel widget widget_sow-editor panel-first-child panel-last-child\" data-index=\"8\" ><div\n\t\t\t\n\t\t\tclass=\"so-widget-sow-editor so-widget-sow-editor-base\"\n\t\t\t\n\t\t>\n<div class=\"siteorigin-widget-tinymce textwidget\">\n\t<hr \/>\n<h3 style=\"text-align: center;\">En vid\u00e9o<\/h3>\n<\/div>\n<\/div><\/div><\/div><\/div><div id=\"pg-12222-4\"  class=\"panel-grid panel-no-style\" ><div id=\"pgc-12222-4-0\"  class=\"panel-grid-cell\" ><div id=\"panel-12222-4-0-0\" class=\"so-panel widget widget_sow-editor panel-first-child panel-last-child\" data-index=\"9\" ><div\n\t\t\t\n\t\t\tclass=\"so-widget-sow-editor so-widget-sow-editor-base\"\n\t\t\t\n\t\t>\n<div class=\"siteorigin-widget-tinymce textwidget\">\n\t<hr \/>\n<h3 style=\"text-align: center;\">Pour aller plus loin<\/h3>\n<\/div>\n<\/div><\/div><\/div><\/div><\/div>","protected":false},"excerpt":{"rendered":"<p>Nombre de joueurs : 1+ Dur\u00e9e moyenne : 45 min Age : 12 ans et plus Auteur(s) : Jeffrey CCH Illustrations : Roxy Dai \u00c9dition : Iello 2023 Version : Fran\u00e7aise<\/p>\n","protected":false},"author":2,"featured_media":12191,"parent":0,"menu_order":0,"comment_status":"closed","ping_status":"closed","template":"","meta":{"footnotes":""},"class_list":["post-12222","page","type-page","status-publish","has-post-thumbnail","hentry"],"acf":[],"rttpg_featured_image_url":{"full":["https:\/\/meeplendice.net\/wp-content\/uploads\/2024\/07\/Eila_eclatmontagne.png",350,350,false],"landscape":["https:\/\/meeplendice.net\/wp-content\/uploads\/2024\/07\/Eila_eclatmontagne.png",350,350,false],"portraits":["https:\/\/meeplendice.net\/wp-content\/uploads\/2024\/07\/Eila_eclatmontagne.png",350,350,false],"thumbnail":["https:\/\/meeplendice.net\/wp-content\/uploads\/2024\/07\/Eila_eclatmontagne-150x150.png",150,150,true],"medium":["https:\/\/meeplendice.net\/wp-content\/uploads\/2024\/07\/Eila_eclatmontagne-300x300.png",300,300,true],"large":["https:\/\/meeplendice.net\/wp-content\/uploads\/2024\/07\/Eila_eclatmontagne.png",350,350,false],"ug_big":["https:\/\/meeplendice.net\/wp-content\/uploads\/2024\/07\/Eila_eclatmontagne.png",350,350,false],"1536x1536":["https:\/\/meeplendice.net\/wp-content\/uploads\/2024\/07\/Eila_eclatmontagne.png",350,350,false],"2048x2048":["https:\/\/meeplendice.net\/wp-content\/uploads\/2024\/07\/Eila_eclatmontagne.png",350,350,false],"ashe-slider-grid-thumbnail":["https:\/\/meeplendice.net\/wp-content\/uploads\/2024\/07\/Eila_eclatmontagne.png",350,350,false],"ashe-full-thumbnail":["https:\/\/meeplendice.net\/wp-content\/uploads\/2024\/07\/Eila_eclatmontagne.png",350,350,false],"ashe-grid-thumbnail":["https:\/\/meeplendice.net\/wp-content\/uploads\/2024\/07\/Eila_eclatmontagne-350x330.png",350,330,true],"ashe-list-thumbnail":["https:\/\/meeplendice.net\/wp-content\/uploads\/2024\/07\/Eila_eclatmontagne-300x300.png",300,300,true],"ashe-single-navigation":["https:\/\/meeplendice.net\/wp-content\/uploads\/2024\/07\/Eila_eclatmontagne-75x75.png",75,75,true],"mailpoet_newsletter_max":["https:\/\/meeplendice.net\/wp-content\/uploads\/2024\/07\/Eila_eclatmontagne.png",350,350,false],"rpwe-thumbnail":["https:\/\/meeplendice.net\/wp-content\/uploads\/2024\/07\/Eila_eclatmontagne-45x45.png",45,45,true],"sow-carousel-default":["https:\/\/meeplendice.net\/wp-content\/uploads\/2024\/07\/Eila_eclatmontagne-272x182.png",272,182,true],"rt_custom":["https:\/\/meeplendice.net\/wp-content\/uploads\/2024\/07\/Eila_eclatmontagne.png",350,350,false]},"rttpg_author":{"display_name":"Karnby","author_link":"https:\/\/meeplendice.net\/?author=2"},"rttpg_comment":0,"rttpg_category":null,"rttpg_excerpt":"Nombre de joueurs : 1+ Dur\u00e9e moyenne : 45 min Age : 12 ans et plus Auteur(s) : Jeffrey CCH Illustrations : Roxy Dai \u00c9dition : Iello 2023 Version : Fran\u00e7aise","_links":{"self":[{"href":"https:\/\/meeplendice.net\/index.php?rest_route=\/wp\/v2\/pages\/12222","targetHints":{"allow":["GET"]}}],"collection":[{"href":"https:\/\/meeplendice.net\/index.php?rest_route=\/wp\/v2\/pages"}],"about":[{"href":"https:\/\/meeplendice.net\/index.php?rest_route=\/wp\/v2\/types\/page"}],"author":[{"embeddable":true,"href":"https:\/\/meeplendice.net\/index.php?rest_route=\/wp\/v2\/users\/2"}],"replies":[{"embeddable":true,"href":"https:\/\/meeplendice.net\/index.php?rest_route=%2Fwp%2Fv2%2Fcomments&post=12222"}],"version-history":[{"count":3,"href":"https:\/\/meeplendice.net\/index.php?rest_route=\/wp\/v2\/pages\/12222\/revisions"}],"predecessor-version":[{"id":12231,"href":"https:\/\/meeplendice.net\/index.php?rest_route=\/wp\/v2\/pages\/12222\/revisions\/12231"}],"wp:featuredmedia":[{"embeddable":true,"href":"https:\/\/meeplendice.net\/index.php?rest_route=\/wp\/v2\/media\/12191"}],"wp:attachment":[{"href":"https:\/\/meeplendice.net\/index.php?rest_route=%2Fwp%2Fv2%2Fmedia&parent=12222"}],"curies":[{"name":"wp","href":"https:\/\/api.w.org\/{rel}","templated":true}]}}