{"id":12241,"date":"2024-07-14T14:30:42","date_gmt":"2024-07-14T13:30:42","guid":{"rendered":"https:\/\/meeplendice.net\/?page_id=12241"},"modified":"2024-07-14T14:38:08","modified_gmt":"2024-07-14T13:38:08","slug":"from-the-moon","status":"publish","type":"page","link":"https:\/\/meeplendice.net\/?page_id=12241","title":{"rendered":"From the Moon"},"content":{"rendered":"<div id=\"pl-12241\"  class=\"panel-layout\" ><div id=\"pg-12241-0\"  class=\"panel-grid panel-no-style\" ><div id=\"pgc-12241-0-0\"  class=\"panel-grid-cell\" ><div id=\"panel-12241-0-0-0\" class=\"so-panel widget widget_sow-editor panel-first-child panel-last-child\" data-index=\"0\" ><div\n\t\t\t\n\t\t\tclass=\"so-widget-sow-editor so-widget-sow-editor-base\"\n\t\t\t\n\t\t>\n<div class=\"siteorigin-widget-tinymce textwidget\">\n\t<p style=\"text-align: center;\"><strong>Nombre de joueurs :<\/strong><br \/>\n1 - 4<\/p>\n<\/div>\n<\/div><\/div><\/div><div id=\"pgc-12241-0-1\"  class=\"panel-grid-cell\" ><div id=\"panel-12241-0-1-0\" class=\"so-panel widget widget_sow-editor panel-first-child panel-last-child\" data-index=\"1\" ><div\n\t\t\t\n\t\t\tclass=\"so-widget-sow-editor so-widget-sow-editor-base\"\n\t\t\t\n\t\t>\n<div class=\"siteorigin-widget-tinymce textwidget\">\n\t<p style=\"text-align: center;\"><strong>Dur\u00e9e moyenne :<\/strong><br \/>\n90 min<\/p>\n<\/div>\n<\/div><\/div><\/div><div id=\"pgc-12241-0-2\"  class=\"panel-grid-cell\" ><div id=\"panel-12241-0-2-0\" class=\"so-panel widget widget_sow-editor panel-first-child panel-last-child\" data-index=\"2\" ><div\n\t\t\t\n\t\t\tclass=\"so-widget-sow-editor so-widget-sow-editor-base\"\n\t\t\t\n\t\t>\n<div class=\"siteorigin-widget-tinymce textwidget\">\n\t<p style=\"text-align: center;\"><strong>Age :<\/strong><br \/>\n14 ans et plus<\/p>\n<\/div>\n<\/div><\/div><\/div><\/div><div id=\"pg-12241-1\"  class=\"panel-grid panel-no-style\" ><div id=\"pgc-12241-1-0\"  class=\"panel-grid-cell\" ><div id=\"panel-12241-1-0-0\" class=\"so-panel widget widget_sow-editor panel-first-child panel-last-child\" data-index=\"3\" ><div\n\t\t\t\n\t\t\tclass=\"so-widget-sow-editor so-widget-sow-editor-base\"\n\t\t\t\n\t\t>\n<div class=\"siteorigin-widget-tinymce textwidget\">\n\t<p style=\"text-align: center;\"><strong>Auteur(s) :<br \/>\n<\/strong><span class=\"data-siloing\" title=\"Voir tous les jeux\" data-siloing=\"https:\/\/www.philibertnet.com\/fr\/recherche?feature=31&amp;feature_value=Andrea Mainini\"><span class=\"data-siloing\" title=\"D\u00e9couvrez tous ces jeux\" data-siloing=\"https:\/\/www.philibertnet.com\/fr\/recherche?feature=31&amp;feature_value=Johannes Goupy\">Johannes Goupy<br \/>\n<\/span>Gilles Lasfargues<\/span><\/p>\n<\/div>\n<\/div><\/div><\/div><div id=\"pgc-12241-1-1\"  class=\"panel-grid-cell\" ><div id=\"panel-12241-1-1-0\" class=\"so-panel widget widget_sow-editor panel-first-child panel-last-child\" data-index=\"4\" ><div\n\t\t\t\n\t\t\tclass=\"so-widget-sow-editor so-widget-sow-editor-base\"\n\t\t\t\n\t\t>\n<div class=\"siteorigin-widget-tinymce textwidget\">\n\t<p style=\"text-align: center;\"><strong>Illustrations :<\/strong><br \/>\n<span class=\"data-siloing\" title=\"D\u00e9couvrez tous ces jeux\" data-siloing=\"https:\/\/www.philibertnet.com\/fr\/recherche?feature=41&amp;feature_value=Miguel Coimbra\">Miguel Coimbra<\/span><\/p>\n<\/div>\n<\/div><\/div><\/div><div id=\"pgc-12241-1-2\"  class=\"panel-grid-cell\" ><div id=\"panel-12241-1-2-0\" class=\"so-panel widget widget_sow-editor panel-first-child panel-last-child\" data-index=\"5\" ><div\n\t\t\t\n\t\t\tclass=\"so-widget-sow-editor so-widget-sow-editor-base\"\n\t\t\t\n\t\t>\n<div class=\"siteorigin-widget-tinymce textwidget\">\n\t<p style=\"text-align: center;\"><strong>\u00c9dition :<\/strong><br \/>\n<span class=\"data-siloing\" data-siloing=\" https:\/\/www.philibertnet.com\/fr\/2213_gate-on-games \">La Boite de Jeu<br \/>\n2024<\/span><\/p>\n<\/div>\n<\/div><\/div><\/div><div id=\"pgc-12241-1-3\"  class=\"panel-grid-cell\" ><div id=\"panel-12241-1-3-0\" class=\"so-panel widget widget_sow-editor panel-first-child panel-last-child\" data-index=\"6\" ><div\n\t\t\t\n\t\t\tclass=\"so-widget-sow-editor so-widget-sow-editor-base\"\n\t\t\t\n\t\t>\n<div class=\"siteorigin-widget-tinymce textwidget\">\n\t<p style=\"text-align: center;\"><strong>Version :<\/strong><br \/>\nFran\u00e7aise<br \/>\nDeluxe (KS)<\/p>\n<\/div>\n<\/div><\/div><\/div><\/div><div id=\"pg-12241-2\"  class=\"panel-grid panel-no-style\" ><div id=\"pgc-12241-2-0\"  class=\"panel-grid-cell\" ><div id=\"panel-12241-2-0-0\" class=\"so-panel widget widget_sow-editor panel-first-child panel-last-child\" data-index=\"7\" ><div\n\t\t\t\n\t\t\tclass=\"so-widget-sow-editor so-widget-sow-editor-base\"\n\t\t\t\n\t\t>\n<div class=\"siteorigin-widget-tinymce textwidget\">\n\t<hr \/>\n<p><em>Au bord de l'effondrement, l'humanit\u00e9 met ses ultimes ressources dans l'effort de colonisation du syst\u00e8me solaire. La base lunaire est le point de d\u00e9part des missions de colonisation vers Titan, Europe et Mars. <\/em><\/p>\n<p><em>A la t\u00eate d'une faction nouvellement cr\u00e9\u00e9e, recrutez et affectez vos unit\u00e9s afin de r\u00e9colter des ressources lunaires.<br \/>\nParticipez ainsi \u00e0 la pr\u00e9paration et au lancement des 3 missions, tout en vous impliquant dans le d\u00e9veloppement de la base lunaire.<\/em><\/p>\n<p><em>Votre objectif est de prendre la t\u00eate de la future humanit\u00e9, o\u00f9 qu'elle aille.<\/em><\/p>\n<p>Dans le jeu <em><span class=\"style-client-colored-text\">From the Moon<\/span><\/em>, les joueurs repr\u00e9sentent des factions qui tentent d'accomplir des missions spatiales au d\u00e9part de notre Lune afin d'aider l'humanit\u00e9 \u00e0 survivre ailleurs dans la Galaxie. En effet, le sort de la Terre est scell\u00e9 et le temps presse !<\/p>\n<p>L'objectif est de lancer trois missions de survie avant la fin de toute vie sur Terre. Pour ce faire, chaque faction contribue \u00e0 l'effort collectif en construisant des parties de vaisseaux et en d\u00e9veloppant sa base lunaire.<\/p>\n<p><em><span class=\"style-client-colored-text\">From the Moon<\/span><\/em> est un jeu de soci\u00e9t\u00e9 bas\u00e9 sur une m\u00e9canique de \"placement d'ouvrier\", vous devrez recruter de nouveaux astronautes, construire et d\u00e9velopper la base lunaire, effectuer de la recherche scientifique, produire de la nourriture; r\u00e9colter des ressources (eau, polym\u00e8res ou m\u00e9taux) et bien s\u00fbr contribuer aux lancement missions spatiales de survie.<br \/>\nPlus vous aurez pris part au bon d\u00e9roulement du lancement d\u2019un vaisseau, plus vous aurez d\u2019influence dans le nouveau monde sur lequel sa population va s\u2019installer.<\/p>\n<p>Vos choix seront d\u00e9cisifs, et le Temps presse, l\u2019Humanit\u00e9 compte sur vous !<\/p>\n<\/div>\n<\/div><\/div><\/div><\/div><div id=\"pg-12241-3\"  class=\"panel-grid panel-no-style\" ><div id=\"pgc-12241-3-0\"  class=\"panel-grid-cell\" ><div id=\"panel-12241-3-0-0\" class=\"so-panel widget widget_sow-editor panel-first-child panel-last-child\" data-index=\"8\" ><div\n\t\t\t\n\t\t\tclass=\"so-widget-sow-editor so-widget-sow-editor-base\"\n\t\t\t\n\t\t>\n<div class=\"siteorigin-widget-tinymce textwidget\">\n\t<hr \/>\n<h3 style=\"text-align: center;\">En vid\u00e9o<\/h3>\n<p><a href=\"https:\/\/www.youtube.com\/watch?v=LzmqhqNFh80&amp;t=4s&amp;ab_channel=Videoregles.Net\" target=\"_blank\" rel=\"noopener\"><img loading=\"lazy\" decoding=\"async\" class=\"alignnone size-full wp-image-9090\" src=\"https:\/\/meeplendice.net\/wp-content\/uploads\/2022\/01\/Link_CJ_v2.png\" alt=\"\" width=\"200\" height=\"170\" \/><\/a><\/p>\n<\/div>\n<\/div><\/div><\/div><\/div><div id=\"pg-12241-4\"  class=\"panel-grid panel-no-style\" ><div id=\"pgc-12241-4-0\"  class=\"panel-grid-cell\" ><div id=\"panel-12241-4-0-0\" class=\"so-panel widget widget_sow-editor panel-first-child panel-last-child\" data-index=\"9\" ><div\n\t\t\t\n\t\t\tclass=\"so-widget-sow-editor so-widget-sow-editor-base\"\n\t\t\t\n\t\t>\n<div class=\"siteorigin-widget-tinymce textwidget\">\n\t<hr \/>\n<h3 style=\"text-align: center;\">Pour aller plus loin<\/h3>\n<\/div>\n<\/div><\/div><\/div><\/div><\/div>","protected":false},"excerpt":{"rendered":"<p>Nombre de joueurs : 1 &#8211; 4 Dur\u00e9e moyenne : 90 min Age : 14 ans et plus Auteur(s) : Johannes Goupy Gilles Lasfargues Illustrations : Miguel Coimbra \u00c9dition : La Boite de Jeu 2024 Version : Fran\u00e7aise Deluxe (KS)<\/p>\n","protected":false},"author":2,"featured_media":12165,"parent":0,"menu_order":0,"comment_status":"closed","ping_status":"closed","template":"","meta":{"footnotes":""},"class_list":["post-12241","page","type-page","status-publish","has-post-thumbnail","hentry"],"acf":[],"rttpg_featured_image_url":{"full":["https:\/\/meeplendice.net\/wp-content\/uploads\/2024\/07\/From_the_moon.png",350,350,false],"landscape":["https:\/\/meeplendice.net\/wp-content\/uploads\/2024\/07\/From_the_moon.png",350,350,false],"portraits":["https:\/\/meeplendice.net\/wp-content\/uploads\/2024\/07\/From_the_moon.png",350,350,false],"thumbnail":["https:\/\/meeplendice.net\/wp-content\/uploads\/2024\/07\/From_the_moon-150x150.png",150,150,true],"medium":["https:\/\/meeplendice.net\/wp-content\/uploads\/2024\/07\/From_the_moon-300x300.png",300,300,true],"large":["https:\/\/meeplendice.net\/wp-content\/uploads\/2024\/07\/From_the_moon.png",350,350,false],"ug_big":["https:\/\/meeplendice.net\/wp-content\/uploads\/2024\/07\/From_the_moon.png",350,350,false],"1536x1536":["https:\/\/meeplendice.net\/wp-content\/uploads\/2024\/07\/From_the_moon.png",350,350,false],"2048x2048":["https:\/\/meeplendice.net\/wp-content\/uploads\/2024\/07\/From_the_moon.png",350,350,false],"ashe-slider-grid-thumbnail":["https:\/\/meeplendice.net\/wp-content\/uploads\/2024\/07\/From_the_moon.png",350,350,false],"ashe-full-thumbnail":["https:\/\/meeplendice.net\/wp-content\/uploads\/2024\/07\/From_the_moon.png",350,350,false],"ashe-grid-thumbnail":["https:\/\/meeplendice.net\/wp-content\/uploads\/2024\/07\/From_the_moon-350x330.png",350,330,true],"ashe-list-thumbnail":["https:\/\/meeplendice.net\/wp-content\/uploads\/2024\/07\/From_the_moon-300x300.png",300,300,true],"ashe-single-navigation":["https:\/\/meeplendice.net\/wp-content\/uploads\/2024\/07\/From_the_moon-75x75.png",75,75,true],"mailpoet_newsletter_max":["https:\/\/meeplendice.net\/wp-content\/uploads\/2024\/07\/From_the_moon.png",350,350,false],"rpwe-thumbnail":["https:\/\/meeplendice.net\/wp-content\/uploads\/2024\/07\/From_the_moon-45x45.png",45,45,true],"sow-carousel-default":["https:\/\/meeplendice.net\/wp-content\/uploads\/2024\/07\/From_the_moon-272x182.png",272,182,true],"rt_custom":["https:\/\/meeplendice.net\/wp-content\/uploads\/2024\/07\/From_the_moon.png",350,350,false]},"rttpg_author":{"display_name":"Karnby","author_link":"https:\/\/meeplendice.net\/?author=2"},"rttpg_comment":0,"rttpg_category":null,"rttpg_excerpt":"Nombre de joueurs : 1 - 4 Dur\u00e9e moyenne : 90 min Age : 14 ans et plus Auteur(s) : Johannes Goupy Gilles Lasfargues Illustrations : Miguel Coimbra \u00c9dition : La Boite de Jeu 2024 Version : Fran\u00e7aise Deluxe (KS)","_links":{"self":[{"href":"https:\/\/meeplendice.net\/index.php?rest_route=\/wp\/v2\/pages\/12241","targetHints":{"allow":["GET"]}}],"collection":[{"href":"https:\/\/meeplendice.net\/index.php?rest_route=\/wp\/v2\/pages"}],"about":[{"href":"https:\/\/meeplendice.net\/index.php?rest_route=\/wp\/v2\/types\/page"}],"author":[{"embeddable":true,"href":"https:\/\/meeplendice.net\/index.php?rest_route=\/wp\/v2\/users\/2"}],"replies":[{"embeddable":true,"href":"https:\/\/meeplendice.net\/index.php?rest_route=%2Fwp%2Fv2%2Fcomments&post=12241"}],"version-history":[{"count":2,"href":"https:\/\/meeplendice.net\/index.php?rest_route=\/wp\/v2\/pages\/12241\/revisions"}],"predecessor-version":[{"id":12243,"href":"https:\/\/meeplendice.net\/index.php?rest_route=\/wp\/v2\/pages\/12241\/revisions\/12243"}],"wp:featuredmedia":[{"embeddable":true,"href":"https:\/\/meeplendice.net\/index.php?rest_route=\/wp\/v2\/media\/12165"}],"wp:attachment":[{"href":"https:\/\/meeplendice.net\/index.php?rest_route=%2Fwp%2Fv2%2Fmedia&parent=12241"}],"curies":[{"name":"wp","href":"https:\/\/api.w.org\/{rel}","templated":true}]}}