{"id":12245,"date":"2024-07-14T15:19:13","date_gmt":"2024-07-14T14:19:13","guid":{"rendered":"https:\/\/meeplendice.net\/?page_id=12245"},"modified":"2024-07-14T15:19:13","modified_gmt":"2024-07-14T14:19:13","slug":"wyrmspan-2","status":"publish","type":"page","link":"https:\/\/meeplendice.net\/?page_id=12245","title":{"rendered":"Wyrmspan"},"content":{"rendered":"<div id=\"pl-12245\"  class=\"panel-layout\" ><div id=\"pg-12245-0\"  class=\"panel-grid panel-no-style\" ><div id=\"pgc-12245-0-0\"  class=\"panel-grid-cell\" ><div id=\"panel-12245-0-0-0\" class=\"so-panel widget widget_sow-editor panel-first-child panel-last-child\" data-index=\"0\" ><div\n\t\t\t\n\t\t\tclass=\"so-widget-sow-editor so-widget-sow-editor-base\"\n\t\t\t\n\t\t>\n<div class=\"siteorigin-widget-tinymce textwidget\">\n\t<p style=\"text-align: center;\"><strong>Nombre de joueurs :<\/strong><br \/>\n1 - 5<\/p>\n<\/div>\n<\/div><\/div><\/div><div id=\"pgc-12245-0-1\"  class=\"panel-grid-cell\" ><div id=\"panel-12245-0-1-0\" class=\"so-panel widget widget_sow-editor panel-first-child panel-last-child\" data-index=\"1\" ><div\n\t\t\t\n\t\t\tclass=\"so-widget-sow-editor so-widget-sow-editor-base\"\n\t\t\t\n\t\t>\n<div class=\"siteorigin-widget-tinymce textwidget\">\n\t<p style=\"text-align: center;\"><strong>Dur\u00e9e moyenne :<\/strong><br \/>\n90 min<\/p>\n<\/div>\n<\/div><\/div><\/div><div id=\"pgc-12245-0-2\"  class=\"panel-grid-cell\" ><div id=\"panel-12245-0-2-0\" class=\"so-panel widget widget_sow-editor panel-first-child panel-last-child\" data-index=\"2\" ><div\n\t\t\t\n\t\t\tclass=\"so-widget-sow-editor so-widget-sow-editor-base\"\n\t\t\t\n\t\t>\n<div class=\"siteorigin-widget-tinymce textwidget\">\n\t<p style=\"text-align: center;\"><strong>Age :<\/strong><br \/>\n14 ans et plus<\/p>\n<\/div>\n<\/div><\/div><\/div><\/div><div id=\"pg-12245-1\"  class=\"panel-grid panel-no-style\" ><div id=\"pgc-12245-1-0\"  class=\"panel-grid-cell\" ><div id=\"panel-12245-1-0-0\" class=\"so-panel widget widget_sow-editor panel-first-child panel-last-child\" data-index=\"3\" ><div\n\t\t\t\n\t\t\tclass=\"so-widget-sow-editor so-widget-sow-editor-base\"\n\t\t\t\n\t\t>\n<div class=\"siteorigin-widget-tinymce textwidget\">\n\t<p style=\"text-align: center;\"><strong>Auteur(s) :<br \/>\n<\/strong><span class=\"data-siloing\" title=\"D\u00e9couvrez tous ces jeux\" data-siloing=\"https:\/\/www.philibertnet.com\/fr\/recherche?feature=31&amp;feature_value=Connie Vogelmann\">Connie Vogelmann<\/span><\/p>\n<\/div>\n<\/div><\/div><\/div><div id=\"pgc-12245-1-1\"  class=\"panel-grid-cell\" ><div id=\"panel-12245-1-1-0\" class=\"so-panel widget widget_sow-editor panel-first-child panel-last-child\" data-index=\"4\" ><div\n\t\t\t\n\t\t\tclass=\"so-widget-sow-editor so-widget-sow-editor-base\"\n\t\t\t\n\t\t>\n<div class=\"siteorigin-widget-tinymce textwidget\">\n\t<p style=\"text-align: center;\"><strong>Illustrations :<\/strong><br \/>\n<span class=\"data-siloing\" title=\"D\u00e9couvrez tous ces jeux\" data-siloing=\"https:\/\/www.philibertnet.com\/fr\/recherche?feature=41&amp;feature_value=Cl\u00e9mentine Campardou\">Cl\u00e9mentine Campardou<\/span><\/p>\n<\/div>\n<\/div><\/div><\/div><div id=\"pgc-12245-1-2\"  class=\"panel-grid-cell\" ><div id=\"panel-12245-1-2-0\" class=\"so-panel widget widget_sow-editor panel-first-child panel-last-child\" data-index=\"5\" ><div\n\t\t\t\n\t\t\tclass=\"so-widget-sow-editor so-widget-sow-editor-base\"\n\t\t\t\n\t\t>\n<div class=\"siteorigin-widget-tinymce textwidget\">\n\t<p style=\"text-align: center;\"><strong>\u00c9dition :<\/strong><br \/>\n<span class=\"data-siloing\" data-siloing=\" https:\/\/www.philibertnet.com\/fr\/2213_gate-on-games \">Matagot<br \/>\n2024<\/span><\/p>\n<\/div>\n<\/div><\/div><\/div><div id=\"pgc-12245-1-3\"  class=\"panel-grid-cell\" ><div id=\"panel-12245-1-3-0\" class=\"so-panel widget widget_sow-editor panel-first-child panel-last-child\" data-index=\"6\" ><div\n\t\t\t\n\t\t\tclass=\"so-widget-sow-editor so-widget-sow-editor-base\"\n\t\t\t\n\t\t>\n<div class=\"siteorigin-widget-tinymce textwidget\">\n\t<p style=\"text-align: center;\"><strong>Version :<\/strong><br \/>\nFran\u00e7aise<\/p>\n<\/div>\n<\/div><\/div><\/div><\/div><div id=\"pg-12245-2\"  class=\"panel-grid panel-no-style\" ><div id=\"pgc-12245-2-0\"  class=\"panel-grid-cell\" ><div id=\"panel-12245-2-0-0\" class=\"so-panel widget widget_sow-editor panel-first-child panel-last-child\" data-index=\"7\" ><div\n\t\t\t\n\t\t\tclass=\"so-widget-sow-editor so-widget-sow-editor-base\"\n\t\t\t\n\t\t>\n<div class=\"siteorigin-widget-tinymce textwidget\">\n\t<hr \/>\n<p><em>Am\u00e9nagez votre sanctuaire pour y attirer des dragons !<\/em><\/p>\n<p><em>Vous \u00eates un dragonologue amateur dans le monde de Wyrmspan, un monde o\u00f9 les dragons de toutes formes, tailles et couleurs parcourent le ciel. <\/em><br \/>\n<em>Excavez un labyrinthe cach\u00e9 que vous avez r\u00e9cemment d\u00e9couvert sous votre terrain, et attirez ces merveilleuses cr\u00e9atures pour les rassembler dans vos cavernes.<\/em><\/p>\n<p>Pendant une partie de <em>Wyrmspan<\/em>, vous allez construire un v\u00e9ritable sanctuaire pour les dragons. Votre sanctuaire commence avec 3 espaces excav\u00e9s : le plus \u00e0 gauche de votre Caverne cramoisie, de votre Grotte dor\u00e9e et de votre Abysse am\u00e9thyste.<\/p>\n<p>Durant la partie, vous pourrez creuser de nouveaux espaces dans votre sanctuaire pour y accueillir des dragons, utiliser des combinaisons de capacit\u00e9s puissantes, et attirer les faveurs de la Guilde Draconique.<\/p>\n<\/div>\n<\/div><\/div><\/div><\/div><div id=\"pg-12245-3\"  class=\"panel-grid panel-no-style\" ><div id=\"pgc-12245-3-0\"  class=\"panel-grid-cell\" ><div id=\"panel-12245-3-0-0\" class=\"so-panel widget widget_sow-editor panel-first-child panel-last-child\" data-index=\"8\" ><div\n\t\t\t\n\t\t\tclass=\"so-widget-sow-editor so-widget-sow-editor-base\"\n\t\t\t\n\t\t>\n<div class=\"siteorigin-widget-tinymce textwidget\">\n\t<hr \/>\n<h3 style=\"text-align: center;\">En vid\u00e9o<\/h3>\n<p><a href=\"https:\/\/www.youtube.com\/watch?v=aQx6B7mjiV4&amp;ab_channel=Jevousexpliquelesr%C3%A8gles\" target=\"_blank\" rel=\"noopener\"><img loading=\"lazy\" decoding=\"async\" class=\"alignnone size-full wp-image-9090\" src=\"https:\/\/meeplendice.net\/wp-content\/uploads\/2022\/01\/Link_CJ_v2.png\" alt=\"\" width=\"200\" height=\"170\" \/><\/a><\/p>\n<\/div>\n<\/div><\/div><\/div><\/div><div id=\"pg-12245-4\"  class=\"panel-grid panel-no-style\" ><div id=\"pgc-12245-4-0\"  class=\"panel-grid-cell\" ><div id=\"panel-12245-4-0-0\" class=\"so-panel widget widget_sow-editor panel-first-child panel-last-child\" data-index=\"9\" ><div\n\t\t\t\n\t\t\tclass=\"so-widget-sow-editor so-widget-sow-editor-base\"\n\t\t\t\n\t\t>\n<div class=\"siteorigin-widget-tinymce textwidget\">\n\t<hr \/>\n<h3 style=\"text-align: center;\">Pour aller plus loin<\/h3>\n<\/div>\n<\/div><\/div><\/div><\/div><\/div>","protected":false},"excerpt":{"rendered":"<p>Nombre de joueurs : 1 &#8211; 5 Dur\u00e9e moyenne : 90 min Age : 14 ans et plus Auteur(s) : Connie Vogelmann Illustrations : Cl\u00e9mentine Campardou \u00c9dition : Matagot 2024 Version : Fran\u00e7aise<\/p>\n","protected":false},"author":2,"featured_media":12158,"parent":0,"menu_order":0,"comment_status":"closed","ping_status":"closed","template":"","meta":{"footnotes":""},"class_list":["post-12245","page","type-page","status-publish","has-post-thumbnail","hentry"],"acf":[],"rttpg_featured_image_url":{"full":["https:\/\/meeplendice.net\/wp-content\/uploads\/2024\/07\/Wyrmspan.png",350,350,false],"landscape":["https:\/\/meeplendice.net\/wp-content\/uploads\/2024\/07\/Wyrmspan.png",350,350,false],"portraits":["https:\/\/meeplendice.net\/wp-content\/uploads\/2024\/07\/Wyrmspan.png",350,350,false],"thumbnail":["https:\/\/meeplendice.net\/wp-content\/uploads\/2024\/07\/Wyrmspan-150x150.png",150,150,true],"medium":["https:\/\/meeplendice.net\/wp-content\/uploads\/2024\/07\/Wyrmspan-300x300.png",300,300,true],"large":["https:\/\/meeplendice.net\/wp-content\/uploads\/2024\/07\/Wyrmspan.png",350,350,false],"ug_big":["https:\/\/meeplendice.net\/wp-content\/uploads\/2024\/07\/Wyrmspan.png",350,350,false],"1536x1536":["https:\/\/meeplendice.net\/wp-content\/uploads\/2024\/07\/Wyrmspan.png",350,350,false],"2048x2048":["https:\/\/meeplendice.net\/wp-content\/uploads\/2024\/07\/Wyrmspan.png",350,350,false],"ashe-slider-grid-thumbnail":["https:\/\/meeplendice.net\/wp-content\/uploads\/2024\/07\/Wyrmspan.png",350,350,false],"ashe-full-thumbnail":["https:\/\/meeplendice.net\/wp-content\/uploads\/2024\/07\/Wyrmspan.png",350,350,false],"ashe-grid-thumbnail":["https:\/\/meeplendice.net\/wp-content\/uploads\/2024\/07\/Wyrmspan-350x330.png",350,330,true],"ashe-list-thumbnail":["https:\/\/meeplendice.net\/wp-content\/uploads\/2024\/07\/Wyrmspan-300x300.png",300,300,true],"ashe-single-navigation":["https:\/\/meeplendice.net\/wp-content\/uploads\/2024\/07\/Wyrmspan-75x75.png",75,75,true],"mailpoet_newsletter_max":["https:\/\/meeplendice.net\/wp-content\/uploads\/2024\/07\/Wyrmspan.png",350,350,false],"rpwe-thumbnail":["https:\/\/meeplendice.net\/wp-content\/uploads\/2024\/07\/Wyrmspan-45x45.png",45,45,true],"sow-carousel-default":["https:\/\/meeplendice.net\/wp-content\/uploads\/2024\/07\/Wyrmspan-272x182.png",272,182,true],"rt_custom":["https:\/\/meeplendice.net\/wp-content\/uploads\/2024\/07\/Wyrmspan.png",350,350,false]},"rttpg_author":{"display_name":"Karnby","author_link":"https:\/\/meeplendice.net\/?author=2"},"rttpg_comment":0,"rttpg_category":null,"rttpg_excerpt":"Nombre de joueurs : 1 - 5 Dur\u00e9e moyenne : 90 min Age : 14 ans et plus Auteur(s) : Connie Vogelmann Illustrations : Cl\u00e9mentine Campardou \u00c9dition : Matagot 2024 Version : Fran\u00e7aise","_links":{"self":[{"href":"https:\/\/meeplendice.net\/index.php?rest_route=\/wp\/v2\/pages\/12245","targetHints":{"allow":["GET"]}}],"collection":[{"href":"https:\/\/meeplendice.net\/index.php?rest_route=\/wp\/v2\/pages"}],"about":[{"href":"https:\/\/meeplendice.net\/index.php?rest_route=\/wp\/v2\/types\/page"}],"author":[{"embeddable":true,"href":"https:\/\/meeplendice.net\/index.php?rest_route=\/wp\/v2\/users\/2"}],"replies":[{"embeddable":true,"href":"https:\/\/meeplendice.net\/index.php?rest_route=%2Fwp%2Fv2%2Fcomments&post=12245"}],"version-history":[{"count":1,"href":"https:\/\/meeplendice.net\/index.php?rest_route=\/wp\/v2\/pages\/12245\/revisions"}],"predecessor-version":[{"id":12246,"href":"https:\/\/meeplendice.net\/index.php?rest_route=\/wp\/v2\/pages\/12245\/revisions\/12246"}],"wp:featuredmedia":[{"embeddable":true,"href":"https:\/\/meeplendice.net\/index.php?rest_route=\/wp\/v2\/media\/12158"}],"wp:attachment":[{"href":"https:\/\/meeplendice.net\/index.php?rest_route=%2Fwp%2Fv2%2Fmedia&parent=12245"}],"curies":[{"name":"wp","href":"https:\/\/api.w.org\/{rel}","templated":true}]}}