{"id":12248,"date":"2024-07-14T16:58:03","date_gmt":"2024-07-14T15:58:03","guid":{"rendered":"https:\/\/meeplendice.net\/?page_id=12248"},"modified":"2024-07-14T17:58:05","modified_gmt":"2024-07-14T16:58:05","slug":"zhanguo-the-first-empire","status":"publish","type":"page","link":"https:\/\/meeplendice.net\/?page_id=12248","title":{"rendered":"Zhanguo &#8211; The First Empire"},"content":{"rendered":"<div id=\"pl-12248\"  class=\"panel-layout\" ><div id=\"pg-12248-0\"  class=\"panel-grid panel-no-style\" ><div id=\"pgc-12248-0-0\"  class=\"panel-grid-cell\" ><div id=\"panel-12248-0-0-0\" class=\"so-panel widget widget_sow-editor panel-first-child panel-last-child\" data-index=\"0\" ><div\n\t\t\t\n\t\t\tclass=\"so-widget-sow-editor so-widget-sow-editor-base\"\n\t\t\t\n\t\t>\n<div class=\"siteorigin-widget-tinymce textwidget\">\n\t<p style=\"text-align: center;\"><strong>Nombre de joueurs :<\/strong><br \/>\n1 - 4<\/p>\n<\/div>\n<\/div><\/div><\/div><div id=\"pgc-12248-0-1\"  class=\"panel-grid-cell\" ><div id=\"panel-12248-0-1-0\" class=\"so-panel widget widget_sow-editor panel-first-child panel-last-child\" data-index=\"1\" ><div\n\t\t\t\n\t\t\tclass=\"so-widget-sow-editor so-widget-sow-editor-base\"\n\t\t\t\n\t\t>\n<div class=\"siteorigin-widget-tinymce textwidget\">\n\t<p style=\"text-align: center;\"><strong>Dur\u00e9e moyenne :<\/strong><br \/>\n120 min<\/p>\n<\/div>\n<\/div><\/div><\/div><div id=\"pgc-12248-0-2\"  class=\"panel-grid-cell\" ><div id=\"panel-12248-0-2-0\" class=\"so-panel widget widget_sow-editor panel-first-child panel-last-child\" data-index=\"2\" ><div\n\t\t\t\n\t\t\tclass=\"so-widget-sow-editor so-widget-sow-editor-base\"\n\t\t\t\n\t\t>\n<div class=\"siteorigin-widget-tinymce textwidget\">\n\t<p style=\"text-align: center;\"><strong>Age :<\/strong><br \/>\n14 ans et plus<\/p>\n<\/div>\n<\/div><\/div><\/div><\/div><div id=\"pg-12248-1\"  class=\"panel-grid panel-no-style\" ><div id=\"pgc-12248-1-0\"  class=\"panel-grid-cell\" ><div id=\"panel-12248-1-0-0\" class=\"so-panel widget widget_sow-editor panel-first-child panel-last-child\" data-index=\"3\" ><div\n\t\t\t\n\t\t\tclass=\"so-widget-sow-editor so-widget-sow-editor-base\"\n\t\t\t\n\t\t>\n<div class=\"siteorigin-widget-tinymce textwidget\">\n\t<p style=\"text-align: center;\"><strong>Auteur(s) :<br \/>\n<\/strong><span class=\"data-siloing\" title=\"D\u00e9couvrez tous ces jeux\" data-siloing=\"https:\/\/www.philibertnet.com\/fr\/recherche?feature=31&amp;feature_value=Stefania Niccolini\">Stefania Niccolini<br \/>\n<\/span><span class=\"data-siloing\" title=\"Voir tous les jeux\" data-siloing=\"https:\/\/www.philibertnet.com\/fr\/recherche?feature=31&amp;feature_value=Marco Canetta\">Marco Canetta<\/span><\/p>\n<\/div>\n<\/div><\/div><\/div><div id=\"pgc-12248-1-1\"  class=\"panel-grid-cell\" ><div id=\"panel-12248-1-1-0\" class=\"so-panel widget widget_sow-editor panel-first-child panel-last-child\" data-index=\"4\" ><div\n\t\t\t\n\t\t\tclass=\"so-widget-sow-editor so-widget-sow-editor-base\"\n\t\t\t\n\t\t>\n<div class=\"siteorigin-widget-tinymce textwidget\">\n\t<p style=\"text-align: center;\"><strong>Illustrations :<\/strong><br \/>\n<span class=\"data-siloing\" title=\"D\u00e9couvrez tous ces jeux\" data-siloing=\"https:\/\/www.philibertnet.com\/fr\/recherche?feature=41&amp;feature_value=David Sitbon\">David Sitbon<br \/>\n<\/span><span class=\"data-siloing\" title=\"Voir tous les jeux\" data-siloing=\"https:\/\/www.philibertnet.com\/fr\/recherche?feature=41&amp;feature_value=Ulric Maes\">Ulric Maes<\/span><\/p>\n<\/div>\n<\/div><\/div><\/div><div id=\"pgc-12248-1-2\"  class=\"panel-grid-cell\" ><div id=\"panel-12248-1-2-0\" class=\"so-panel widget widget_sow-editor panel-first-child panel-last-child\" data-index=\"5\" ><div\n\t\t\t\n\t\t\tclass=\"so-widget-sow-editor so-widget-sow-editor-base\"\n\t\t\t\n\t\t>\n<div class=\"siteorigin-widget-tinymce textwidget\">\n\t<p style=\"text-align: center;\"><strong>\u00c9dition :<\/strong><br \/>\n<span class=\"data-siloing\" data-siloing=\" https:\/\/www.philibertnet.com\/fr\/2213_gate-on-games \">Sorry we are French<br \/>\n2023<\/span><\/p>\n<\/div>\n<\/div><\/div><\/div><div id=\"pgc-12248-1-3\"  class=\"panel-grid-cell\" ><div id=\"panel-12248-1-3-0\" class=\"so-panel widget widget_sow-editor panel-first-child panel-last-child\" data-index=\"6\" ><div\n\t\t\t\n\t\t\tclass=\"so-widget-sow-editor so-widget-sow-editor-base\"\n\t\t\t\n\t\t>\n<div class=\"siteorigin-widget-tinymce textwidget\">\n\t<p style=\"text-align: center;\"><strong>Version :<\/strong><br \/>\nFran\u00e7aise<\/p>\n<\/div>\n<\/div><\/div><\/div><\/div><div id=\"pg-12248-2\"  class=\"panel-grid panel-no-style\" ><div id=\"pgc-12248-2-0\"  class=\"panel-grid-cell\" ><div id=\"panel-12248-2-0-0\" class=\"so-panel widget widget_sow-editor panel-first-child panel-last-child\" data-index=\"7\" ><div\n\t\t\t\n\t\t\tclass=\"so-widget-sow-editor so-widget-sow-editor-base\"\n\t\t\t\n\t\t>\n<div class=\"siteorigin-widget-tinymce textwidget\">\n\t<hr \/>\n<p><em>221 avant J.C. <\/em><br \/>\n<em>Avec la d\u00e9faite du royaume de Qi, les Royaumes Combattants (en chinois, \"Zhanguo\") sont unifi\u00e9s sous l'\u00e9gide de Ying Zheng, roi de Qin. C'est la naissance du vaste empire de Chine, duquel le roi de Qin se proclame lui-m\u00eame empereur, se choisissant comme nom Qin Shi Huangdi (litt\u00e9ralement, \"le premier empereur de la dynastie Qin\").<\/em><\/p>\n<p><em>Strat\u00e8ge dou\u00e9 et d\u00e9termin\u00e9, mais \u00e9galement gouverneur rus\u00e9, le premier empereur ne gaspille pas de temps et apr\u00e8s avoir unifi\u00e9 son empire militairement, il prend des mesures dont le but est de standardiser tous les \u00e9l\u00e9ments \u00e0 la base de la soci\u00e9t\u00e9 et de la culture chinoise. D'abord, il impose une \u00e9criture unique, afin d'\u00e9liminer les diff\u00e9rentes langues et dialectes des r\u00e9gions de Chine et de permettre une communication claire entre tous les habitants de l'empire. Ensuite, il \u00e9tablit un nouveau syst\u00e8me de lois, \u00e9gales pour tous, gr\u00e2ce auquel, entre autres, il unifie le syst\u00e8me de poids et de mesures.<\/em><\/p>\n<p><em>Il fait construire \u00e9galement des palais, des canaux et des routes, abolit le r\u00e9gime f\u00e9odal et installe des gouverneurs dans les r\u00e9gions pour \u00e9viter tout chaos politique. Mais surtout, il lance les travaux de la plus grande construction humaine jamais r\u00e9alis\u00e9e : la Grande Muraille.<\/em><\/p>\n<p><em>Pour un homme aussi ambitieux, une vie enti\u00e8re ne suffirait pas pour diriger un si vaste empire, si bien qu'il se voit devenir le ma\u00eetre du temps et de l'espace. Ainsi, l'empereur envoie des navires dans des contr\u00e9es \u00e9loign\u00e9es ainf de trouver l'\u00e9lixir de vie. Dans le m\u00eame temps, en pragmatique incertain de la d\u00e9couverte de ce pr\u00e9cieux breuvage, il fait construire un immense mausol\u00e9e symbolisant sont empire, avec des rivi\u00e8res et des mers faites de mercure. Et afin de le d\u00e9fendre pour l'\u00e9ternit\u00e9, il y d\u00e9ploie une immense arm\u00e9e de terre cuite...<\/em><\/p>\n<p><em>Ici prennent fin histoire et l\u00e9gendes, pour laisser place \u00e0 la partie !<\/em><\/p>\n<p>Dans <em><span class=\"style-client-colored-text\">Zhango : The First Empire<\/span><\/em>, votre famille cherche \u00e0 entrer dans la post\u00e9rit\u00e9 en suivant les plans de l'Empereur et en gagnant ses faveurs. Durant toute la partie, vous pouvez partir en qu\u00eate de l\u2019\u00e9lixir d\u2019immortalit\u00e9 via la mer, installer des gouverneurs dans les diff\u00e9rentes r\u00e9gions de la Chine pour renforcer votre influence et y construire de somptueux palais, prendre part \u00e0 l\u2019\u00e9dification de la Grande Muraille, ou ajouter vos propres sculptures au mausol\u00e9e de l\u2019Empereur.<\/p>\n<p>Pour vous aider dans cette t\u00e2che, 6 cartes seront \u00e0 votre disposition \u00e0 chaque manche. Ces cartes repr\u00e9sentent la volont\u00e9 d\u2019unification de l\u2019Empereur dans les domaines de l\u2019\u00e9criture, de la monnaie et de la loi: elles vous apporteront un soutien permanent pour le reste de la partie, \u00e0 moins que vous ne les jouiez \u00e0 la cour de l\u2019Empereur afin d\u2019obtenir son approbation quant \u00e0 vos actions. Lorsque vous serez en pr\u00e9sence de l\u2019Empereur \u00e0 sa Cour, vous devrez savoir comment l\u2019approcher, ou m\u00eame vous en \u00e9loigner, car c\u2019est seulement en vous tenant \u00e0 la distance appropri\u00e9e que vous pourrez obtenir son approbation.<\/p>\n<p>Puis, en fonction des cartes pr\u00e9sentes dans vos r\u00e9gions et de la valeur de la carte jou\u00e9e, vous pourrez effectuer des actions bonus !<br \/>\n\u00c0 la fin de partie, le joueur ayant effectu\u00e9 la plus grande contribution \u00e0 la cause de l\u2019Empereur en marquant le plus de Points de Victoire (PV) sera d\u00e9clar\u00e9 vainqueur.<\/p>\n<\/div>\n<\/div><\/div><\/div><\/div><div id=\"pg-12248-3\"  class=\"panel-grid panel-no-style\" ><div id=\"pgc-12248-3-0\"  class=\"panel-grid-cell\" ><div id=\"panel-12248-3-0-0\" class=\"so-panel widget widget_sow-editor panel-first-child panel-last-child\" data-index=\"8\" ><div\n\t\t\t\n\t\t\tclass=\"so-widget-sow-editor so-widget-sow-editor-base\"\n\t\t\t\n\t\t>\n<div class=\"siteorigin-widget-tinymce textwidget\">\n\t<hr \/>\n<h3 style=\"text-align: center;\">En vid\u00e9o<\/h3>\n<p><a href=\"https:\/\/www.youtube.com\/watch?v=VUH1IN-cwWc&amp;ab_channel=LesJeuxdeChaps\" target=\"_blank\" rel=\"noopener\"><img loading=\"lazy\" decoding=\"async\" class=\"alignnone size-full wp-image-9090\" src=\"https:\/\/meeplendice.net\/wp-content\/uploads\/2022\/01\/Link_CJ_v2.png\" alt=\"\" width=\"200\" height=\"170\" \/><\/a><\/p>\n<\/div>\n<\/div><\/div><\/div><\/div><div id=\"pg-12248-4\"  class=\"panel-grid panel-no-style\" ><div id=\"pgc-12248-4-0\"  class=\"panel-grid-cell\" ><div id=\"panel-12248-4-0-0\" class=\"so-panel widget widget_sow-editor panel-first-child panel-last-child\" data-index=\"9\" ><div\n\t\t\t\n\t\t\tclass=\"so-widget-sow-editor so-widget-sow-editor-base\"\n\t\t\t\n\t\t>\n<div class=\"siteorigin-widget-tinymce textwidget\">\n\t<hr \/>\n<h3 style=\"text-align: center;\">Pour aller plus loin<\/h3>\n<\/div>\n<\/div><\/div><\/div><\/div><\/div>","protected":false},"excerpt":{"rendered":"<p>Nombre de joueurs : 1 &#8211; 4 Dur\u00e9e moyenne : 120 min Age : 14 ans et plus Auteur(s) : Stefania Niccolini Marco Canetta Illustrations : David Sitbon Ulric Maes \u00c9dition : Sorry we are French 2023 Version : Fran\u00e7aise<\/p>\n","protected":false},"author":2,"featured_media":12250,"parent":0,"menu_order":0,"comment_status":"closed","ping_status":"closed","template":"","meta":{"footnotes":""},"class_list":["post-12248","page","type-page","status-publish","has-post-thumbnail","hentry"],"acf":[],"rttpg_featured_image_url":{"full":["https:\/\/meeplendice.net\/wp-content\/uploads\/2024\/07\/Zhanguo.png",350,350,false],"landscape":["https:\/\/meeplendice.net\/wp-content\/uploads\/2024\/07\/Zhanguo.png",350,350,false],"portraits":["https:\/\/meeplendice.net\/wp-content\/uploads\/2024\/07\/Zhanguo.png",350,350,false],"thumbnail":["https:\/\/meeplendice.net\/wp-content\/uploads\/2024\/07\/Zhanguo-150x150.png",150,150,true],"medium":["https:\/\/meeplendice.net\/wp-content\/uploads\/2024\/07\/Zhanguo-300x300.png",300,300,true],"large":["https:\/\/meeplendice.net\/wp-content\/uploads\/2024\/07\/Zhanguo.png",350,350,false],"ug_big":["https:\/\/meeplendice.net\/wp-content\/uploads\/2024\/07\/Zhanguo.png",350,350,false],"1536x1536":["https:\/\/meeplendice.net\/wp-content\/uploads\/2024\/07\/Zhanguo.png",350,350,false],"2048x2048":["https:\/\/meeplendice.net\/wp-content\/uploads\/2024\/07\/Zhanguo.png",350,350,false],"ashe-slider-grid-thumbnail":["https:\/\/meeplendice.net\/wp-content\/uploads\/2024\/07\/Zhanguo.png",350,350,false],"ashe-full-thumbnail":["https:\/\/meeplendice.net\/wp-content\/uploads\/2024\/07\/Zhanguo.png",350,350,false],"ashe-grid-thumbnail":["https:\/\/meeplendice.net\/wp-content\/uploads\/2024\/07\/Zhanguo-350x330.png",350,330,true],"ashe-list-thumbnail":["https:\/\/meeplendice.net\/wp-content\/uploads\/2024\/07\/Zhanguo-300x300.png",300,300,true],"ashe-single-navigation":["https:\/\/meeplendice.net\/wp-content\/uploads\/2024\/07\/Zhanguo-75x75.png",75,75,true],"mailpoet_newsletter_max":["https:\/\/meeplendice.net\/wp-content\/uploads\/2024\/07\/Zhanguo.png",350,350,false],"rpwe-thumbnail":["https:\/\/meeplendice.net\/wp-content\/uploads\/2024\/07\/Zhanguo-45x45.png",45,45,true],"sow-carousel-default":["https:\/\/meeplendice.net\/wp-content\/uploads\/2024\/07\/Zhanguo-272x182.png",272,182,true],"rt_custom":["https:\/\/meeplendice.net\/wp-content\/uploads\/2024\/07\/Zhanguo.png",350,350,false]},"rttpg_author":{"display_name":"Karnby","author_link":"https:\/\/meeplendice.net\/?author=2"},"rttpg_comment":0,"rttpg_category":null,"rttpg_excerpt":"Nombre de joueurs : 1 - 4 Dur\u00e9e moyenne : 120 min Age : 14 ans et plus Auteur(s) : Stefania Niccolini Marco Canetta Illustrations : David Sitbon Ulric Maes \u00c9dition : Sorry we are French 2023 Version : Fran\u00e7aise","_links":{"self":[{"href":"https:\/\/meeplendice.net\/index.php?rest_route=\/wp\/v2\/pages\/12248","targetHints":{"allow":["GET"]}}],"collection":[{"href":"https:\/\/meeplendice.net\/index.php?rest_route=\/wp\/v2\/pages"}],"about":[{"href":"https:\/\/meeplendice.net\/index.php?rest_route=\/wp\/v2\/types\/page"}],"author":[{"embeddable":true,"href":"https:\/\/meeplendice.net\/index.php?rest_route=\/wp\/v2\/users\/2"}],"replies":[{"embeddable":true,"href":"https:\/\/meeplendice.net\/index.php?rest_route=%2Fwp%2Fv2%2Fcomments&post=12248"}],"version-history":[{"count":9,"href":"https:\/\/meeplendice.net\/index.php?rest_route=\/wp\/v2\/pages\/12248\/revisions"}],"predecessor-version":[{"id":12274,"href":"https:\/\/meeplendice.net\/index.php?rest_route=\/wp\/v2\/pages\/12248\/revisions\/12274"}],"wp:featuredmedia":[{"embeddable":true,"href":"https:\/\/meeplendice.net\/index.php?rest_route=\/wp\/v2\/media\/12250"}],"wp:attachment":[{"href":"https:\/\/meeplendice.net\/index.php?rest_route=%2Fwp%2Fv2%2Fmedia&parent=12248"}],"curies":[{"name":"wp","href":"https:\/\/api.w.org\/{rel}","templated":true}]}}