{"id":12278,"date":"2024-07-14T20:30:13","date_gmt":"2024-07-14T19:30:13","guid":{"rendered":"https:\/\/meeplendice.net\/?page_id=12278"},"modified":"2024-07-14T21:24:49","modified_gmt":"2024-07-14T20:24:49","slug":"sandwich-masterclass","status":"publish","type":"page","link":"https:\/\/meeplendice.net\/?page_id=12278","title":{"rendered":"Sandwich &#8211; Masterclass"},"content":{"rendered":"<div id=\"pl-12278\"  class=\"panel-layout\" ><div id=\"pg-12278-0\"  class=\"panel-grid panel-no-style\" ><div id=\"pgc-12278-0-0\"  class=\"panel-grid-cell\" ><div id=\"panel-12278-0-0-0\" class=\"so-panel widget widget_sow-editor panel-first-child panel-last-child\" data-index=\"0\" ><div\n\t\t\t\n\t\t\tclass=\"so-widget-sow-editor so-widget-sow-editor-base\"\n\t\t\t\n\t\t>\n<div class=\"siteorigin-widget-tinymce textwidget\">\n\t<p style=\"text-align: center;\"><strong>Nombre de joueurs :<\/strong><br \/>\n3 - 8<\/p>\n<\/div>\n<\/div><\/div><\/div><div id=\"pgc-12278-0-1\"  class=\"panel-grid-cell\" ><div id=\"panel-12278-0-1-0\" class=\"so-panel widget widget_sow-editor panel-first-child panel-last-child\" data-index=\"1\" ><div\n\t\t\t\n\t\t\tclass=\"so-widget-sow-editor so-widget-sow-editor-base\"\n\t\t\t\n\t\t>\n<div class=\"siteorigin-widget-tinymce textwidget\">\n\t<p style=\"text-align: center;\"><strong>Dur\u00e9e moyenne :<\/strong><br \/>\n20 min<\/p>\n<\/div>\n<\/div><\/div><\/div><div id=\"pgc-12278-0-2\"  class=\"panel-grid-cell\" ><div id=\"panel-12278-0-2-0\" class=\"so-panel widget widget_sow-editor panel-first-child panel-last-child\" data-index=\"2\" ><div\n\t\t\t\n\t\t\tclass=\"so-widget-sow-editor so-widget-sow-editor-base\"\n\t\t\t\n\t\t>\n<div class=\"siteorigin-widget-tinymce textwidget\">\n\t<p style=\"text-align: center;\"><strong>Age :<\/strong><br \/>\n7 ans et plus<\/p>\n<\/div>\n<\/div><\/div><\/div><\/div><div id=\"pg-12278-1\"  class=\"panel-grid panel-no-style\" ><div id=\"pgc-12278-1-0\"  class=\"panel-grid-cell\" ><div id=\"panel-12278-1-0-0\" class=\"so-panel widget widget_sow-editor panel-first-child panel-last-child\" data-index=\"3\" ><div\n\t\t\t\n\t\t\tclass=\"so-widget-sow-editor so-widget-sow-editor-base\"\n\t\t\t\n\t\t>\n<div class=\"siteorigin-widget-tinymce textwidget\">\n\t<p style=\"text-align: center;\"><strong>Auteur(s) :<br \/>\n<\/strong><span class=\"data-siloing\" title=\"D\u00e9couvrez tous ces jeux\" data-siloing=\"https:\/\/www.philibertnet.com\/fr\/recherche?feature=31&amp;feature_value=Christophe Raimbault\">Christophe Raimbault<\/span><\/p>\n<\/div>\n<\/div><\/div><\/div><div id=\"pgc-12278-1-1\"  class=\"panel-grid-cell\" ><div id=\"panel-12278-1-1-0\" class=\"so-panel widget widget_sow-editor panel-first-child panel-last-child\" data-index=\"4\" ><div\n\t\t\t\n\t\t\tclass=\"so-widget-sow-editor so-widget-sow-editor-base\"\n\t\t\t\n\t\t>\n<div class=\"siteorigin-widget-tinymce textwidget\">\n\t<p style=\"text-align: center;\"><strong>Illustrations :<\/strong><br \/>\n<span class=\"data-siloing\" title=\"D\u00e9couvrez tous ces jeux\" data-siloing=\"https:\/\/www.philibertnet.com\/fr\/recherche?feature=41&amp;feature_value=St\u00e9phane Escapa\">St\u00e9phane Escapa<\/span><\/p>\n<\/div>\n<\/div><\/div><\/div><div id=\"pgc-12278-1-2\"  class=\"panel-grid-cell\" ><div id=\"panel-12278-1-2-0\" class=\"so-panel widget widget_sow-editor panel-first-child panel-last-child\" data-index=\"5\" ><div\n\t\t\t\n\t\t\tclass=\"so-widget-sow-editor so-widget-sow-editor-base\"\n\t\t\t\n\t\t>\n<div class=\"siteorigin-widget-tinymce textwidget\">\n\t<p style=\"text-align: center;\"><strong>\u00c9dition :<\/strong><br \/>\n<span class=\"data-siloing\" data-siloing=\" https:\/\/www.philibertnet.com\/fr\/2213_gate-on-games \">Tiki Editions<br \/>\n2021<\/span><\/p>\n<\/div>\n<\/div><\/div><\/div><div id=\"pgc-12278-1-3\"  class=\"panel-grid-cell\" ><div id=\"panel-12278-1-3-0\" class=\"so-panel widget widget_sow-editor panel-first-child panel-last-child\" data-index=\"6\" ><div\n\t\t\t\n\t\t\tclass=\"so-widget-sow-editor so-widget-sow-editor-base\"\n\t\t\t\n\t\t>\n<div class=\"siteorigin-widget-tinymce textwidget\">\n\t<p style=\"text-align: center;\"><strong>Version :<\/strong><br \/>\nFran\u00e7aise<\/p>\n<\/div>\n<\/div><\/div><\/div><\/div><div id=\"pg-12278-2\"  class=\"panel-grid panel-no-style\" ><div id=\"pgc-12278-2-0\"  class=\"panel-grid-cell\" ><div id=\"panel-12278-2-0-0\" class=\"so-panel widget widget_sow-editor panel-first-child panel-last-child\" data-index=\"7\" ><div\n\t\t\t\n\t\t\tclass=\"so-widget-sow-editor so-widget-sow-editor-base\"\n\t\t\t\n\t\t>\n<div class=\"siteorigin-widget-tinymce textwidget\">\n\t<hr \/>\n<p><em>\"Cheffes et Chefs cuisiniers, tr\u00e8s heureux de vous accueillir dans cette nouvelle saison de Sandwich MasterClass !<\/em><\/p>\n<p><em>Aujourd'hui, des \u00e9preuves exceptionnelles vous attendent. Alors, faite honneur \u00e0 cette sp\u00e9cialit\u00e9 en s\u00e9lectionnant les meilleurs ingr\u00e9dients du march\u00e9 pour nous confectionner d'incroyables sandwichs !\"<\/em><\/p>\n<p>Rapidit\u00e9, cr\u00e9ativit\u00e9 et communication seront les cl\u00e9s pour devenir le ou la meilleur(e) Chef(fe) de cette saison de <em>Sandwich MasterClass<\/em> !<\/p>\n<p>Rapidit\u00e9 pour attraper les meilleurs ingr\u00e9dients du garde-manger.<br \/>\nCr\u00e9ativit\u00e9 pour cr\u00e9er des sandwichs incroyables, d\u00e9licieux ou farfelus.<br \/>\nCommunication car vos cr\u00e9ations devront plaire aux autres joueurs !<\/p>\n<\/div>\n<\/div><\/div><\/div><\/div><div id=\"pg-12278-3\"  class=\"panel-grid panel-no-style\" ><div id=\"pgc-12278-3-0\"  class=\"panel-grid-cell\" ><div id=\"panel-12278-3-0-0\" class=\"so-panel widget widget_sow-editor panel-first-child panel-last-child\" data-index=\"8\" ><div\n\t\t\t\n\t\t\tclass=\"so-widget-sow-editor so-widget-sow-editor-base\"\n\t\t\t\n\t\t>\n<div class=\"siteorigin-widget-tinymce textwidget\">\n\t<hr \/>\n<h3 style=\"text-align: center;\">En vid\u00e9o<\/h3>\n<p><a href=\"https:\/\/www.youtube.com\/watch?v=cWnEH_sxSPI&amp;t=6s&amp;ab_channel=MomentLudique\" target=\"_blank\" rel=\"noopener\"><img loading=\"lazy\" decoding=\"async\" class=\"alignnone size-full wp-image-9090\" src=\"https:\/\/meeplendice.net\/wp-content\/uploads\/2022\/01\/Link_CJ_v2.png\" alt=\"\" width=\"200\" height=\"170\" \/><\/a><\/p>\n<\/div>\n<\/div><\/div><\/div><\/div><div id=\"pg-12278-4\"  class=\"panel-grid panel-no-style\" ><div id=\"pgc-12278-4-0\"  class=\"panel-grid-cell\" ><div id=\"panel-12278-4-0-0\" class=\"so-panel widget widget_sow-editor panel-first-child panel-last-child\" data-index=\"9\" ><div\n\t\t\t\n\t\t\tclass=\"so-widget-sow-editor so-widget-sow-editor-base\"\n\t\t\t\n\t\t>\n<div class=\"siteorigin-widget-tinymce textwidget\">\n\t<hr \/>\n<h3 style=\"text-align: center;\">Pour aller plus loin<\/h3>\n<\/div>\n<\/div><\/div><\/div><\/div><\/div>","protected":false},"excerpt":{"rendered":"<p>Nombre de joueurs : 3 &#8211; 8 Dur\u00e9e moyenne : 20 min Age : 7 ans et plus Auteur(s) : Christophe Raimbault Illustrations : St\u00e9phane Escapa \u00c9dition : Tiki Editions 2021 Version : Fran\u00e7aise<\/p>\n","protected":false},"author":2,"featured_media":12157,"parent":0,"menu_order":0,"comment_status":"closed","ping_status":"closed","template":"","meta":{"footnotes":""},"class_list":["post-12278","page","type-page","status-publish","has-post-thumbnail","hentry"],"acf":[],"rttpg_featured_image_url":{"full":["https:\/\/meeplendice.net\/wp-content\/uploads\/2024\/07\/Sandwich_MC.png",350,350,false],"landscape":["https:\/\/meeplendice.net\/wp-content\/uploads\/2024\/07\/Sandwich_MC.png",350,350,false],"portraits":["https:\/\/meeplendice.net\/wp-content\/uploads\/2024\/07\/Sandwich_MC.png",350,350,false],"thumbnail":["https:\/\/meeplendice.net\/wp-content\/uploads\/2024\/07\/Sandwich_MC-150x150.png",150,150,true],"medium":["https:\/\/meeplendice.net\/wp-content\/uploads\/2024\/07\/Sandwich_MC-300x300.png",300,300,true],"large":["https:\/\/meeplendice.net\/wp-content\/uploads\/2024\/07\/Sandwich_MC.png",350,350,false],"ug_big":["https:\/\/meeplendice.net\/wp-content\/uploads\/2024\/07\/Sandwich_MC.png",350,350,false],"1536x1536":["https:\/\/meeplendice.net\/wp-content\/uploads\/2024\/07\/Sandwich_MC.png",350,350,false],"2048x2048":["https:\/\/meeplendice.net\/wp-content\/uploads\/2024\/07\/Sandwich_MC.png",350,350,false],"ashe-slider-grid-thumbnail":["https:\/\/meeplendice.net\/wp-content\/uploads\/2024\/07\/Sandwich_MC.png",350,350,false],"ashe-full-thumbnail":["https:\/\/meeplendice.net\/wp-content\/uploads\/2024\/07\/Sandwich_MC.png",350,350,false],"ashe-grid-thumbnail":["https:\/\/meeplendice.net\/wp-content\/uploads\/2024\/07\/Sandwich_MC-350x330.png",350,330,true],"ashe-list-thumbnail":["https:\/\/meeplendice.net\/wp-content\/uploads\/2024\/07\/Sandwich_MC-300x300.png",300,300,true],"ashe-single-navigation":["https:\/\/meeplendice.net\/wp-content\/uploads\/2024\/07\/Sandwich_MC-75x75.png",75,75,true],"mailpoet_newsletter_max":["https:\/\/meeplendice.net\/wp-content\/uploads\/2024\/07\/Sandwich_MC.png",350,350,false],"rpwe-thumbnail":["https:\/\/meeplendice.net\/wp-content\/uploads\/2024\/07\/Sandwich_MC-45x45.png",45,45,true],"sow-carousel-default":["https:\/\/meeplendice.net\/wp-content\/uploads\/2024\/07\/Sandwich_MC-272x182.png",272,182,true],"rt_custom":["https:\/\/meeplendice.net\/wp-content\/uploads\/2024\/07\/Sandwich_MC.png",350,350,false]},"rttpg_author":{"display_name":"Karnby","author_link":"https:\/\/meeplendice.net\/?author=2"},"rttpg_comment":0,"rttpg_category":null,"rttpg_excerpt":"Nombre de joueurs : 3 - 8 Dur\u00e9e moyenne : 20 min Age : 7 ans et plus Auteur(s) : Christophe Raimbault Illustrations : St\u00e9phane Escapa \u00c9dition : Tiki Editions 2021 Version : Fran\u00e7aise","_links":{"self":[{"href":"https:\/\/meeplendice.net\/index.php?rest_route=\/wp\/v2\/pages\/12278","targetHints":{"allow":["GET"]}}],"collection":[{"href":"https:\/\/meeplendice.net\/index.php?rest_route=\/wp\/v2\/pages"}],"about":[{"href":"https:\/\/meeplendice.net\/index.php?rest_route=\/wp\/v2\/types\/page"}],"author":[{"embeddable":true,"href":"https:\/\/meeplendice.net\/index.php?rest_route=\/wp\/v2\/users\/2"}],"replies":[{"embeddable":true,"href":"https:\/\/meeplendice.net\/index.php?rest_route=%2Fwp%2Fv2%2Fcomments&post=12278"}],"version-history":[{"count":5,"href":"https:\/\/meeplendice.net\/index.php?rest_route=\/wp\/v2\/pages\/12278\/revisions"}],"predecessor-version":[{"id":12283,"href":"https:\/\/meeplendice.net\/index.php?rest_route=\/wp\/v2\/pages\/12278\/revisions\/12283"}],"wp:featuredmedia":[{"embeddable":true,"href":"https:\/\/meeplendice.net\/index.php?rest_route=\/wp\/v2\/media\/12157"}],"wp:attachment":[{"href":"https:\/\/meeplendice.net\/index.php?rest_route=%2Fwp%2Fv2%2Fmedia&parent=12278"}],"curies":[{"name":"wp","href":"https:\/\/api.w.org\/{rel}","templated":true}]}}